{"id":2,"date":"2017-02-13T08:59:57","date_gmt":"2017-02-13T08:59:57","guid":{"rendered":"http:\/\/www.dui.dk\/vuggestue\/?page_id=2"},"modified":"2022-09-22T15:16:51","modified_gmt":"2022-09-22T15:16:51","slug":"eksempel-side","status":"publish","type":"page","link":"https:\/\/www.dui.dk\/vuggestue\/","title":{"rendered":"Forside"},"content":{"rendered":"<p><strong>Velkommen til DUI Vuggestue!<\/strong><br \/>\n<img loading=\"lazy\" decoding=\"async\" class=\"alignright wp-image-82\" src=\"https:\/\/www.dui.dk\/vuggestue\/wp-content\/uploads\/sites\/66\/2017\/02\/retro_hjerter600_72dpi-150x150.gif\" alt=\"retro_hjerter600_72dpi\" width=\"120\" height=\"124\" srcset=\"https:\/\/www.dui.dk\/vuggestue\/wp-content\/uploads\/sites\/66\/2017\/02\/retro_hjerter600_72dpi-289x300.gif 289w, https:\/\/www.dui.dk\/vuggestue\/wp-content\/uploads\/sites\/66\/2017\/02\/retro_hjerter600_72dpi-600x622.gif 600w\" sizes=\"auto, (max-width: 120px) 100vw, 120px\" \/>DUI Vuggestue er en privatejet institution beliggende p\u00e5 \u00d8stre Alle i Aalborg, i og ved foreningen DUI-Leg og Virkes bygning. Herligt centralt placeret i midtbyen \/ \u00d8gadekvarteret \/ Vejgaard, i g\u00e5-afstand til fjord og \u00d8stre Anl\u00e6g.<br \/>\nOffentlig bustransport findes i nem afstand, der er gode parkeringsforhold og sikker cykelsti lige udenfor.<\/p>\n<p>Vuggestuen er normeret til \u00a045 b\u00f8rn fordelt p\u00e5 3 stuer. Vi har masser af udend\u00f8rs legeomr\u00e5de.<br \/>\nVi har madordning, hvor maden prim\u00e6rt tilberedes af \u00f8kologiske r\u00e5varer<br \/>\nVi har et fantastisk udend\u00f8rsomr\u00e5de med rig mulighed for bev\u00e6gelse, leg og l\u00e6ring, samt 2 ladcykler der giver mulighed for at f\u00e5 oplevelser uden for vuggestuen.<\/p>\n<p><a href=\"https:\/\/www.dui.dk\/vuggestue\/kontakt\/\"><strong><span style=\"color: #808000\">Kontakt &gt;<\/span><\/strong><\/a><\/p>\n","protected":false},"excerpt":{"rendered":"<p>Velkommen til DUI Vuggestue! DUI Vuggestue er en privatejet institution beliggende p\u00e5 \u00d8stre Alle i Aalborg, i og ved foreningen DUI-Leg og Virkes bygning. Herligt centralt placeret i midtbyen \/ \u00d8gadekvarteret \/ Vejgaard, i g\u00e5-afstand til fjord og \u00d8stre Anl\u00e6g. Offentlig bustransport findes i nem afstand, der er gode parkeringsforhold og sikker cykelsti lige udenfor. &hellip;<\/p>\n","protected":false},"author":43,"featured_media":424,"parent":0,"menu_order":0,"comment_status":"closed","ping_status":"open","template":"page-front-local.php","meta":{"_acf_changed":false,"footnotes":""},"class_list":["post-2","page","type-page","status-publish","has-post-thumbnail","hentry"],"acf":[],"yoast_head":"<!-- This site is optimized with the Yoast SEO plugin v27.1.1 - https:\/\/yoast.com\/product\/yoast-seo-wordpress\/ -->\n<title>Forside - DUI Vuggestue<\/title>\n<meta name=\"robots\" content=\"index, follow, max-snippet:-1, max-image-preview:large, max-video-preview:-1\" \/>\n<link rel=\"canonical\" href=\"https:\/\/www.dui.dk\/vuggestue\/\" \/>\n<meta property=\"og:locale\" content=\"da_DK\" \/>\n<meta property=\"og:type\" content=\"article\" \/>\n<meta property=\"og:title\" content=\"Forside - DUI Vuggestue\" \/>\n<meta property=\"og:description\" content=\"Velkommen til DUI Vuggestue! DUI Vuggestue er en privatejet institution beliggende p\u00e5 \u00d8stre Alle i Aalborg, i og ved foreningen DUI-Leg og Virkes bygning. Herligt centralt placeret i midtbyen \/ \u00d8gadekvarteret \/ Vejgaard, i g\u00e5-afstand til fjord og \u00d8stre Anl\u00e6g. Offentlig bustransport findes i nem afstand, der er gode parkeringsforhold og sikker cykelsti lige udenfor. &hellip;\" \/>\n<meta property=\"og:url\" content=\"https:\/\/www.dui.dk\/vuggestue\/\" \/>\n<meta property=\"og:site_name\" content=\"DUI Vuggestue\" \/>\n<meta property=\"article:modified_time\" content=\"2022-09-22T15:16:51+00:00\" \/>\n<meta property=\"og:image\" content=\"https:\/\/www.dui.dk\/vuggestue\/wp-content\/uploads\/sites\/66\/2022\/09\/22_top_endegavlen.jpg\" \/>\n\t<meta property=\"og:image:width\" content=\"848\" \/>\n\t<meta property=\"og:image:height\" content=\"216\" \/>\n\t<meta property=\"og:image:type\" content=\"image\/jpeg\" \/>\n<meta name=\"twitter:card\" content=\"summary_large_image\" \/>\n<meta name=\"twitter:label1\" content=\"Estimeret l\u00e6setid\" \/>\n\t<meta name=\"twitter:data1\" content=\"1 minut\" \/>\n<script type=\"application\/ld+json\" class=\"yoast-schema-graph\">{\"@context\":\"https:\/\/schema.org\",\"@graph\":[{\"@type\":\"WebPage\",\"@id\":\"https:\/\/www.dui.dk\/vuggestue\/\",\"url\":\"https:\/\/www.dui.dk\/vuggestue\/\",\"name\":\"Forside - DUI Vuggestue\",\"isPartOf\":{\"@id\":\"https:\/\/www.dui.dk\/vuggestue\/#website\"},\"primaryImageOfPage\":{\"@id\":\"https:\/\/www.dui.dk\/vuggestue\/#primaryimage\"},\"image\":{\"@id\":\"https:\/\/www.dui.dk\/vuggestue\/#primaryimage\"},\"thumbnailUrl\":\"https:\/\/www.dui.dk\/vuggestue\/wp-content\/uploads\/sites\/66\/2022\/09\/22_top_endegavlen.jpg\",\"datePublished\":\"2017-02-13T08:59:57+00:00\",\"dateModified\":\"2022-09-22T15:16:51+00:00\",\"breadcrumb\":{\"@id\":\"https:\/\/www.dui.dk\/vuggestue\/#breadcrumb\"},\"inLanguage\":\"da-DK\",\"potentialAction\":[{\"@type\":\"ReadAction\",\"target\":[\"https:\/\/www.dui.dk\/vuggestue\/\"]}]},{\"@type\":\"ImageObject\",\"inLanguage\":\"da-DK\",\"@id\":\"https:\/\/www.dui.dk\/vuggestue\/#primaryimage\",\"url\":\"https:\/\/www.dui.dk\/vuggestue\/wp-content\/uploads\/sites\/66\/2022\/09\/22_top_endegavlen.jpg\",\"contentUrl\":\"https:\/\/www.dui.dk\/vuggestue\/wp-content\/uploads\/sites\/66\/2022\/09\/22_top_endegavlen.jpg\",\"width\":848,\"height\":216},{\"@type\":\"BreadcrumbList\",\"@id\":\"https:\/\/www.dui.dk\/vuggestue\/#breadcrumb\",\"itemListElement\":[{\"@type\":\"ListItem\",\"position\":1,\"name\":\"Hjem\",\"item\":\"https:\/\/www.dui.dk\/vuggestue\/\"},{\"@type\":\"ListItem\",\"position\":2,\"name\":\"Forside\"}]},{\"@type\":\"WebSite\",\"@id\":\"https:\/\/www.dui.dk\/vuggestue\/#website\",\"url\":\"https:\/\/www.dui.dk\/vuggestue\/\",\"name\":\"DUI Vuggestue\",\"description\":\"DUI Vuggestue\",\"potentialAction\":[{\"@type\":\"SearchAction\",\"target\":{\"@type\":\"EntryPoint\",\"urlTemplate\":\"https:\/\/www.dui.dk\/vuggestue\/?s={search_term_string}\"},\"query-input\":{\"@type\":\"PropertyValueSpecification\",\"valueRequired\":true,\"valueName\":\"search_term_string\"}}],\"inLanguage\":\"da-DK\"}]}<\/script>\n<!-- \/ Yoast SEO plugin. -->","yoast_head_json":{"title":"Forside - DUI Vuggestue","robots":{"index":"index","follow":"follow","max-snippet":"max-snippet:-1","max-image-preview":"max-image-preview:large","max-video-preview":"max-video-preview:-1"},"canonical":"https:\/\/www.dui.dk\/vuggestue\/","og_locale":"da_DK","og_type":"article","og_title":"Forside - DUI Vuggestue","og_description":"Velkommen til DUI Vuggestue! DUI Vuggestue er en privatejet institution beliggende p\u00e5 \u00d8stre Alle i Aalborg, i og ved foreningen DUI-Leg og Virkes bygning. Herligt centralt placeret i midtbyen \/ \u00d8gadekvarteret \/ Vejgaard, i g\u00e5-afstand til fjord og \u00d8stre Anl\u00e6g. Offentlig bustransport findes i nem afstand, der er gode parkeringsforhold og sikker cykelsti lige udenfor. &hellip;","og_url":"https:\/\/www.dui.dk\/vuggestue\/","og_site_name":"DUI Vuggestue","article_modified_time":"2022-09-22T15:16:51+00:00","og_image":[{"width":848,"height":216,"url":"https:\/\/www.dui.dk\/vuggestue\/wp-content\/uploads\/sites\/66\/2022\/09\/22_top_endegavlen.jpg","type":"image\/jpeg"}],"twitter_card":"summary_large_image","twitter_misc":{"Estimeret l\u00e6setid":"1 minut"},"schema":{"@context":"https:\/\/schema.org","@graph":[{"@type":"WebPage","@id":"https:\/\/www.dui.dk\/vuggestue\/","url":"https:\/\/www.dui.dk\/vuggestue\/","name":"Forside - DUI Vuggestue","isPartOf":{"@id":"https:\/\/www.dui.dk\/vuggestue\/#website"},"primaryImageOfPage":{"@id":"https:\/\/www.dui.dk\/vuggestue\/#primaryimage"},"image":{"@id":"https:\/\/www.dui.dk\/vuggestue\/#primaryimage"},"thumbnailUrl":"https:\/\/www.dui.dk\/vuggestue\/wp-content\/uploads\/sites\/66\/2022\/09\/22_top_endegavlen.jpg","datePublished":"2017-02-13T08:59:57+00:00","dateModified":"2022-09-22T15:16:51+00:00","breadcrumb":{"@id":"https:\/\/www.dui.dk\/vuggestue\/#breadcrumb"},"inLanguage":"da-DK","potentialAction":[{"@type":"ReadAction","target":["https:\/\/www.dui.dk\/vuggestue\/"]}]},{"@type":"ImageObject","inLanguage":"da-DK","@id":"https:\/\/www.dui.dk\/vuggestue\/#primaryimage","url":"https:\/\/www.dui.dk\/vuggestue\/wp-content\/uploads\/sites\/66\/2022\/09\/22_top_endegavlen.jpg","contentUrl":"https:\/\/www.dui.dk\/vuggestue\/wp-content\/uploads\/sites\/66\/2022\/09\/22_top_endegavlen.jpg","width":848,"height":216},{"@type":"BreadcrumbList","@id":"https:\/\/www.dui.dk\/vuggestue\/#breadcrumb","itemListElement":[{"@type":"ListItem","position":1,"name":"Hjem","item":"https:\/\/www.dui.dk\/vuggestue\/"},{"@type":"ListItem","position":2,"name":"Forside"}]},{"@type":"WebSite","@id":"https:\/\/www.dui.dk\/vuggestue\/#website","url":"https:\/\/www.dui.dk\/vuggestue\/","name":"DUI Vuggestue","description":"DUI Vuggestue","potentialAction":[{"@type":"SearchAction","target":{"@type":"EntryPoint","urlTemplate":"https:\/\/www.dui.dk\/vuggestue\/?s={search_term_string}"},"query-input":{"@type":"PropertyValueSpecification","valueRequired":true,"valueName":"search_term_string"}}],"inLanguage":"da-DK"}]}},"_links":{"self":[{"href":"https:\/\/www.dui.dk\/vuggestue\/wp-json\/wp\/v2\/pages\/2","targetHints":{"allow":["GET"]}}],"collection":[{"href":"https:\/\/www.dui.dk\/vuggestue\/wp-json\/wp\/v2\/pages"}],"about":[{"href":"https:\/\/www.dui.dk\/vuggestue\/wp-json\/wp\/v2\/types\/page"}],"author":[{"embeddable":true,"href":"https:\/\/www.dui.dk\/vuggestue\/wp-json\/wp\/v2\/users\/43"}],"replies":[{"embeddable":true,"href":"https:\/\/www.dui.dk\/vuggestue\/wp-json\/wp\/v2\/comments?post=2"}],"version-history":[{"count":46,"href":"https:\/\/www.dui.dk\/vuggestue\/wp-json\/wp\/v2\/pages\/2\/revisions"}],"predecessor-version":[{"id":349,"href":"https:\/\/www.dui.dk\/vuggestue\/wp-json\/wp\/v2\/pages\/2\/revisions\/349"}],"wp:featuredmedia":[{"embeddable":true,"href":"https:\/\/www.dui.dk\/vuggestue\/wp-json\/wp\/v2\/media\/424"}],"wp:attachment":[{"href":"https:\/\/www.dui.dk\/vuggestue\/wp-json\/wp\/v2\/media?parent=2"}],"curies":[{"name":"wp","href":"https:\/\/api.w.org\/{rel}","templated":true}]}}