{"id":2,"date":"2016-06-22T13:25:54","date_gmt":"2016-06-22T13:25:54","guid":{"rendered":"http:\/\/dui.demo.supertusch.com\/vangede\/?page_id=2"},"modified":"2025-06-24T19:41:20","modified_gmt":"2025-06-24T19:41:20","slug":"eksempel-side","status":"publish","type":"page","link":"https:\/\/www.dui.dk\/vangede\/","title":{"rendered":"Forsiden"},"content":{"rendered":"<div class=\"wp-block-image is-style-default\">\n<figure class=\"alignleft\"><img loading=\"lazy\" decoding=\"async\" width=\"150\" height=\"105\" src=\"https:\/\/www.dui.dk\/vangede\/wp-content\/uploads\/sites\/43\/2024\/07\/Gitte-Castella-formand-1.jpg\" alt=\"\" class=\"wp-image-98\" \/><\/figure>\n<\/div>\n\n<h3>Formandsskifte i DUI Leg og Virke Vangede<\/h3>\n<p>Gitte Castella afl\u00f8ser Leif Errits\u00f8 p\u00e5 formandsposten i DUI Leg og Virke i Vangede. Gitte har v\u00e6ret medlem af DUI Leg og Virke siden 1997. Gitte er et kendt ansigt i Vangede, bl.a. som bestyrelsesmedlem i Vangedes Venner, medlem af menighedsr\u00e5det i Vangede Kirke og bestyrelsesmedlem i Socialdemokratiet i Gentofte.<\/p>\n<p>Leif har v\u00e6ret formand i DUI Leg og Virke Vangede i 43 \u00e5r. Nu f\u00f8ler han tiden er inde til at drosle ned og hilser med stor gl\u00e6de Gitte velkommen som ny formand. Han forts\u00e6tter naturligvis i DUI som almindeligt medlem.<br \/>Foto: Poul Reinhard<\/p>\n<p>Ved formandsskiftet fik Leif et ord med p\u00e5 vejen fra Gitte og os andre<\/p>\n<p>&#8220;K\u00e6re Leif<br \/>Du er et af de f\u00e5 sj\u00e6ldne mennesker, som kan holde mosten til at v\u00e6re i topform samme sted i over 40 \u00e5r! En indsats, som du med rette skal v\u00e6re stolt over, og som du har lov at prale af! Det har v\u00e6ret fantastisk at arbejde sammen med dig og opleve dit hjerte banke<br \/>s\u00e5 inderligt for DUI\u2019s b\u00f8rn og virke. \u00c5bent hus, fastelavn, loppemarked, Halloween, julemand, juleklip, julebag og meget, meget mere\u2026<br \/>Og vel at m\u00e6rke altid med godt hum\u00f8r og g\u00e5-p\u00e5-mod i sol, regn og snevejr. Men nu er tiden inde til, at familien, L\u00e6s\u00f8 og klimaet skal fylde mere i dit liv. Og det under vi dig gerne, selvom du vil blive savnet her i DUI i hverdagen.&#8221;<\/p>\n<p>Vi er s\u00e5 glade for at Leif forts\u00e6tter i huset som menigt medlem, hvor han kan \u00f8se til os alle af sin mange\u00e5rige erfaring.<\/p>\n<h3>Hvad er DUI-LEG og VIRKE!<\/h3>\n<p>DUI-LEG og VIRKE er en landsd\u00e6kkende organisation for b\u00f8rn, unge og deres familier. Vi giver b\u00f8rn og unge et godt liv gennem et st\u00e6rkt f\u00e6llesskab med aktiviteter p\u00e5 tv\u00e6rs af alle generationer. Vores arbejde tager udgangspunkt i b\u00f8rn og unges rettigheder. Vi t\u00f8r v\u00e6re taler\u00f8ret for b\u00f8rn og unge, n\u00e5r voksne glemmer dem.<\/p>\n<p>Venskaber og relationer er i bund og grund det DUI handler om. Hos DUI knyttes venskaber p\u00e5 tv\u00e6rs af alle de skel, vi ellers m\u00f8der i vores samfund.<\/p>\n<p><strong>DUI-Vangede, har samlingssted i hytten p\u00e5 Horsevej 6, 2820 Gentofte. Her er der \u00e5bent hus hver mandag klokken 18.30-20.30.<\/strong><\/p>\n\n\n<div class=\"wp-block-group\"><div class=\"wp-block-group__inner-container is-layout-constrained wp-block-group-is-layout-constrained\"><\/div><\/div>\n","protected":false},"excerpt":{"rendered":"<p>Formandsskifte i DUI Leg og Virke Vangede Gitte Castella afl\u00f8ser Leif Errits\u00f8 p\u00e5 formandsposten i DUI Leg og Virke i Vangede. Gitte har v\u00e6ret medlem af DUI Leg og Virke siden 1997. Gitte er et kendt ansigt i Vangede, bl.a. som bestyrelsesmedlem i Vangedes Venner, medlem af menighedsr\u00e5det i Vangede Kirke og bestyrelsesmedlem i Socialdemokratiet &hellip;<\/p>\n","protected":false},"author":3,"featured_media":104,"parent":47,"menu_order":0,"comment_status":"closed","ping_status":"open","template":"page-front-local.php","meta":{"_acf_changed":false,"footnotes":""},"class_list":["post-2","page","type-page","status-publish","has-post-thumbnail","hentry"],"acf":[],"yoast_head":"<!-- This site is optimized with the Yoast SEO plugin v27.1.1 - https:\/\/yoast.com\/product\/yoast-seo-wordpress\/ -->\n<title>Forsiden - DUI - Vangede<\/title>\n<meta name=\"robots\" content=\"index, follow, max-snippet:-1, max-image-preview:large, max-video-preview:-1\" \/>\n<link rel=\"canonical\" href=\"https:\/\/www.dui.dk\/vangede\/\" \/>\n<meta property=\"og:locale\" content=\"da_DK\" \/>\n<meta property=\"og:type\" content=\"article\" \/>\n<meta property=\"og:title\" content=\"Forsiden - DUI - Vangede\" \/>\n<meta property=\"og:description\" content=\"Formandsskifte i DUI Leg og Virke Vangede Gitte Castella afl\u00f8ser Leif Errits\u00f8 p\u00e5 formandsposten i DUI Leg og Virke i Vangede. Gitte har v\u00e6ret medlem af DUI Leg og Virke siden 1997. Gitte er et kendt ansigt i Vangede, bl.a. som bestyrelsesmedlem i Vangedes Venner, medlem af menighedsr\u00e5det i Vangede Kirke og bestyrelsesmedlem i Socialdemokratiet &hellip;\" \/>\n<meta property=\"og:url\" content=\"https:\/\/www.dui.dk\/vangede\/\" \/>\n<meta property=\"og:site_name\" content=\"DUI - Vangede\" \/>\n<meta property=\"article:modified_time\" content=\"2025-06-24T19:41:20+00:00\" \/>\n<meta property=\"og:image\" content=\"https:\/\/www.dui.dk\/vangede\/wp-content\/uploads\/sites\/43\/2025\/06\/Bannerbillede-hjemmeside-Vangede.jpg\" \/>\n\t<meta property=\"og:image:width\" content=\"1576\" \/>\n\t<meta property=\"og:image:height\" content=\"451\" \/>\n\t<meta property=\"og:image:type\" content=\"image\/jpeg\" \/>\n<meta name=\"twitter:card\" content=\"summary_large_image\" \/>\n<meta name=\"twitter:label1\" content=\"Estimeret l\u00e6setid\" \/>\n\t<meta name=\"twitter:data1\" content=\"3 minutter\" \/>\n<script type=\"application\/ld+json\" class=\"yoast-schema-graph\">{\"@context\":\"https:\/\/schema.org\",\"@graph\":[{\"@type\":\"WebPage\",\"@id\":\"https:\/\/www.dui.dk\/vangede\/\",\"url\":\"https:\/\/www.dui.dk\/vangede\/\",\"name\":\"Forsiden - DUI - Vangede\",\"isPartOf\":{\"@id\":\"https:\/\/www.dui.dk\/vangede\/#website\"},\"primaryImageOfPage\":{\"@id\":\"https:\/\/www.dui.dk\/vangede\/#primaryimage\"},\"image\":{\"@id\":\"https:\/\/www.dui.dk\/vangede\/#primaryimage\"},\"thumbnailUrl\":\"https:\/\/www.dui.dk\/vangede\/wp-content\/uploads\/sites\/43\/2025\/06\/Bannerbillede-hjemmeside-Vangede.jpg\",\"datePublished\":\"2016-06-22T13:25:54+00:00\",\"dateModified\":\"2025-06-24T19:41:20+00:00\",\"breadcrumb\":{\"@id\":\"https:\/\/www.dui.dk\/vangede\/#breadcrumb\"},\"inLanguage\":\"da-DK\",\"potentialAction\":[{\"@type\":\"ReadAction\",\"target\":[\"https:\/\/www.dui.dk\/vangede\/\"]}]},{\"@type\":\"ImageObject\",\"inLanguage\":\"da-DK\",\"@id\":\"https:\/\/www.dui.dk\/vangede\/#primaryimage\",\"url\":\"https:\/\/www.dui.dk\/vangede\/wp-content\/uploads\/sites\/43\/2025\/06\/Bannerbillede-hjemmeside-Vangede.jpg\",\"contentUrl\":\"https:\/\/www.dui.dk\/vangede\/wp-content\/uploads\/sites\/43\/2025\/06\/Bannerbillede-hjemmeside-Vangede.jpg\",\"width\":1576,\"height\":451},{\"@type\":\"BreadcrumbList\",\"@id\":\"https:\/\/www.dui.dk\/vangede\/#breadcrumb\",\"itemListElement\":[{\"@type\":\"ListItem\",\"position\":1,\"name\":\"Hjem\",\"item\":\"https:\/\/www.dui.dk\/vangede\/\"},{\"@type\":\"ListItem\",\"position\":2,\"name\":\"Arrangementer i DUI-Vangede\",\"item\":\"https:\/\/www.dui.dk\/vangede\/kommende-arrangementer-i-2017\/\"},{\"@type\":\"ListItem\",\"position\":3,\"name\":\"Forsiden\"}]},{\"@type\":\"WebSite\",\"@id\":\"https:\/\/www.dui.dk\/vangede\/#website\",\"url\":\"https:\/\/www.dui.dk\/vangede\/\",\"name\":\"DUI - Vangede\",\"description\":\"DUI - Vangede\",\"potentialAction\":[{\"@type\":\"SearchAction\",\"target\":{\"@type\":\"EntryPoint\",\"urlTemplate\":\"https:\/\/www.dui.dk\/vangede\/?s={search_term_string}\"},\"query-input\":{\"@type\":\"PropertyValueSpecification\",\"valueRequired\":true,\"valueName\":\"search_term_string\"}}],\"inLanguage\":\"da-DK\"}]}<\/script>\n<!-- \/ Yoast SEO plugin. -->","yoast_head_json":{"title":"Forsiden - DUI - Vangede","robots":{"index":"index","follow":"follow","max-snippet":"max-snippet:-1","max-image-preview":"max-image-preview:large","max-video-preview":"max-video-preview:-1"},"canonical":"https:\/\/www.dui.dk\/vangede\/","og_locale":"da_DK","og_type":"article","og_title":"Forsiden - DUI - Vangede","og_description":"Formandsskifte i DUI Leg og Virke Vangede Gitte Castella afl\u00f8ser Leif Errits\u00f8 p\u00e5 formandsposten i DUI Leg og Virke i Vangede. Gitte har v\u00e6ret medlem af DUI Leg og Virke siden 1997. Gitte er et kendt ansigt i Vangede, bl.a. som bestyrelsesmedlem i Vangedes Venner, medlem af menighedsr\u00e5det i Vangede Kirke og bestyrelsesmedlem i Socialdemokratiet &hellip;","og_url":"https:\/\/www.dui.dk\/vangede\/","og_site_name":"DUI - Vangede","article_modified_time":"2025-06-24T19:41:20+00:00","og_image":[{"width":1576,"height":451,"url":"https:\/\/www.dui.dk\/vangede\/wp-content\/uploads\/sites\/43\/2025\/06\/Bannerbillede-hjemmeside-Vangede.jpg","type":"image\/jpeg"}],"twitter_card":"summary_large_image","twitter_misc":{"Estimeret l\u00e6setid":"3 minutter"},"schema":{"@context":"https:\/\/schema.org","@graph":[{"@type":"WebPage","@id":"https:\/\/www.dui.dk\/vangede\/","url":"https:\/\/www.dui.dk\/vangede\/","name":"Forsiden - DUI - Vangede","isPartOf":{"@id":"https:\/\/www.dui.dk\/vangede\/#website"},"primaryImageOfPage":{"@id":"https:\/\/www.dui.dk\/vangede\/#primaryimage"},"image":{"@id":"https:\/\/www.dui.dk\/vangede\/#primaryimage"},"thumbnailUrl":"https:\/\/www.dui.dk\/vangede\/wp-content\/uploads\/sites\/43\/2025\/06\/Bannerbillede-hjemmeside-Vangede.jpg","datePublished":"2016-06-22T13:25:54+00:00","dateModified":"2025-06-24T19:41:20+00:00","breadcrumb":{"@id":"https:\/\/www.dui.dk\/vangede\/#breadcrumb"},"inLanguage":"da-DK","potentialAction":[{"@type":"ReadAction","target":["https:\/\/www.dui.dk\/vangede\/"]}]},{"@type":"ImageObject","inLanguage":"da-DK","@id":"https:\/\/www.dui.dk\/vangede\/#primaryimage","url":"https:\/\/www.dui.dk\/vangede\/wp-content\/uploads\/sites\/43\/2025\/06\/Bannerbillede-hjemmeside-Vangede.jpg","contentUrl":"https:\/\/www.dui.dk\/vangede\/wp-content\/uploads\/sites\/43\/2025\/06\/Bannerbillede-hjemmeside-Vangede.jpg","width":1576,"height":451},{"@type":"BreadcrumbList","@id":"https:\/\/www.dui.dk\/vangede\/#breadcrumb","itemListElement":[{"@type":"ListItem","position":1,"name":"Hjem","item":"https:\/\/www.dui.dk\/vangede\/"},{"@type":"ListItem","position":2,"name":"Arrangementer i DUI-Vangede","item":"https:\/\/www.dui.dk\/vangede\/kommende-arrangementer-i-2017\/"},{"@type":"ListItem","position":3,"name":"Forsiden"}]},{"@type":"WebSite","@id":"https:\/\/www.dui.dk\/vangede\/#website","url":"https:\/\/www.dui.dk\/vangede\/","name":"DUI - Vangede","description":"DUI - Vangede","potentialAction":[{"@type":"SearchAction","target":{"@type":"EntryPoint","urlTemplate":"https:\/\/www.dui.dk\/vangede\/?s={search_term_string}"},"query-input":{"@type":"PropertyValueSpecification","valueRequired":true,"valueName":"search_term_string"}}],"inLanguage":"da-DK"}]}},"_links":{"self":[{"href":"https:\/\/www.dui.dk\/vangede\/wp-json\/wp\/v2\/pages\/2","targetHints":{"allow":["GET"]}}],"collection":[{"href":"https:\/\/www.dui.dk\/vangede\/wp-json\/wp\/v2\/pages"}],"about":[{"href":"https:\/\/www.dui.dk\/vangede\/wp-json\/wp\/v2\/types\/page"}],"author":[{"embeddable":true,"href":"https:\/\/www.dui.dk\/vangede\/wp-json\/wp\/v2\/users\/3"}],"replies":[{"embeddable":true,"href":"https:\/\/www.dui.dk\/vangede\/wp-json\/wp\/v2\/comments?post=2"}],"version-history":[{"count":3,"href":"https:\/\/www.dui.dk\/vangede\/wp-json\/wp\/v2\/pages\/2\/revisions"}],"predecessor-version":[{"id":101,"href":"https:\/\/www.dui.dk\/vangede\/wp-json\/wp\/v2\/pages\/2\/revisions\/101"}],"up":[{"embeddable":true,"href":"https:\/\/www.dui.dk\/vangede\/wp-json\/wp\/v2\/pages\/47"}],"wp:featuredmedia":[{"embeddable":true,"href":"https:\/\/www.dui.dk\/vangede\/wp-json\/wp\/v2\/media\/104"}],"wp:attachment":[{"href":"https:\/\/www.dui.dk\/vangede\/wp-json\/wp\/v2\/media?parent=2"}],"curies":[{"name":"wp","href":"https:\/\/api.w.org\/{rel}","templated":true}]}}