{"id":2,"date":"2016-06-21T13:15:01","date_gmt":"2016-06-21T13:15:01","guid":{"rendered":"http:\/\/dui.demo.supertusch.com\/svendborg\/?page_id=2"},"modified":"2019-03-27T12:30:20","modified_gmt":"2019-03-27T12:30:20","slug":"eksempel-side","status":"publish","type":"page","link":"https:\/\/www.dui.dk\/svendborg\/","title":{"rendered":"Forside"},"content":{"rendered":"<h1>Velkommen<\/h1>\n<p>&nbsp;<\/p>\n<p><img loading=\"lazy\" decoding=\"async\" class=\"alignright size-medium wp-image-12\" src=\"https:\/\/www.dui.dk\/svendborg\/wp-content\/uploads\/sites\/26\/2016\/06\/Hus2-300x199.jpg\" alt=\"Hus2\" width=\"300\" height=\"199\" \/><\/p>\n<p>Vil du v\u00e6re en del af f\u00e6llesskabet i DUI Svendborg?<\/p>\n<p>Det at lege, hygge og\u00a0grine\u00a0sammen, og at blive m\u00f8dt med respekt uanset baggrund, alder eller evner, det\u00a0s\u00e6tter vi stor pris p\u00e5.<\/p>\n<p>Vi har aktiviteter for b\u00f8rn og unge, hvor hele familien kan deltage.<\/p>\n<p>Du\u00a0er velkommen til at ringe\u00a0p\u00e5 23 73 25 41\u00a0og tag en snak med os!<\/p>\n","protected":false},"excerpt":{"rendered":"<p>Velkommen &nbsp; Vil du v\u00e6re en del af f\u00e6llesskabet i DUI Svendborg? Det at lege, hygge og\u00a0grine\u00a0sammen, og at blive m\u00f8dt med respekt uanset baggrund, alder eller evner, det\u00a0s\u00e6tter vi stor pris p\u00e5. Vi har aktiviteter for b\u00f8rn og unge, hvor hele familien kan deltage. Du\u00a0er velkommen til at ringe\u00a0p\u00e5 23 73 25 41\u00a0og tag &hellip;<\/p>\n","protected":false},"author":3,"featured_media":7,"parent":0,"menu_order":0,"comment_status":"closed","ping_status":"open","template":"page-front-local.php","meta":{"_acf_changed":false,"footnotes":""},"class_list":["post-2","page","type-page","status-publish","has-post-thumbnail","hentry"],"acf":[],"yoast_head":"<!-- This site is optimized with the Yoast SEO plugin v27.1.1 - https:\/\/yoast.com\/product\/yoast-seo-wordpress\/ -->\n<title>Forside - DUI - Svendborg<\/title>\n<meta name=\"robots\" content=\"index, follow, max-snippet:-1, max-image-preview:large, max-video-preview:-1\" \/>\n<link rel=\"canonical\" href=\"https:\/\/www.dui.dk\/svendborg\/\" \/>\n<meta property=\"og:locale\" content=\"da_DK\" \/>\n<meta property=\"og:type\" content=\"article\" \/>\n<meta property=\"og:title\" content=\"Forside - DUI - Svendborg\" \/>\n<meta property=\"og:description\" content=\"Velkommen &nbsp; Vil du v\u00e6re en del af f\u00e6llesskabet i DUI Svendborg? Det at lege, hygge og\u00a0grine\u00a0sammen, og at blive m\u00f8dt med respekt uanset baggrund, alder eller evner, det\u00a0s\u00e6tter vi stor pris p\u00e5. Vi har aktiviteter for b\u00f8rn og unge, hvor hele familien kan deltage. Du\u00a0er velkommen til at ringe\u00a0p\u00e5 23 73 25 41\u00a0og tag &hellip;\" \/>\n<meta property=\"og:url\" content=\"https:\/\/www.dui.dk\/svendborg\/\" \/>\n<meta property=\"og:site_name\" content=\"DUI - Svendborg\" \/>\n<meta property=\"article:modified_time\" content=\"2019-03-27T12:30:20+00:00\" \/>\n<meta property=\"og:image\" content=\"https:\/\/www.dui.dk\/svendborg\/wp-content\/uploads\/sites\/26\/2016\/06\/Header.jpg\" \/>\n\t<meta property=\"og:image:width\" content=\"945\" \/>\n\t<meta property=\"og:image:height\" content=\"241\" \/>\n\t<meta property=\"og:image:type\" content=\"image\/jpeg\" \/>\n<meta name=\"twitter:card\" content=\"summary_large_image\" \/>\n<script type=\"application\/ld+json\" class=\"yoast-schema-graph\">{\"@context\":\"https:\/\/schema.org\",\"@graph\":[{\"@type\":\"WebPage\",\"@id\":\"https:\/\/www.dui.dk\/svendborg\/\",\"url\":\"https:\/\/www.dui.dk\/svendborg\/\",\"name\":\"Forside - DUI - Svendborg\",\"isPartOf\":{\"@id\":\"https:\/\/www.dui.dk\/svendborg\/#website\"},\"primaryImageOfPage\":{\"@id\":\"https:\/\/www.dui.dk\/svendborg\/#primaryimage\"},\"image\":{\"@id\":\"https:\/\/www.dui.dk\/svendborg\/#primaryimage\"},\"thumbnailUrl\":\"https:\/\/www.dui.dk\/svendborg\/wp-content\/uploads\/sites\/26\/2016\/06\/Header.jpg\",\"datePublished\":\"2016-06-21T13:15:01+00:00\",\"dateModified\":\"2019-03-27T12:30:20+00:00\",\"breadcrumb\":{\"@id\":\"https:\/\/www.dui.dk\/svendborg\/#breadcrumb\"},\"inLanguage\":\"da-DK\",\"potentialAction\":[{\"@type\":\"ReadAction\",\"target\":[\"https:\/\/www.dui.dk\/svendborg\/\"]}]},{\"@type\":\"ImageObject\",\"inLanguage\":\"da-DK\",\"@id\":\"https:\/\/www.dui.dk\/svendborg\/#primaryimage\",\"url\":\"https:\/\/www.dui.dk\/svendborg\/wp-content\/uploads\/sites\/26\/2016\/06\/Header.jpg\",\"contentUrl\":\"https:\/\/www.dui.dk\/svendborg\/wp-content\/uploads\/sites\/26\/2016\/06\/Header.jpg\",\"width\":945,\"height\":241},{\"@type\":\"BreadcrumbList\",\"@id\":\"https:\/\/www.dui.dk\/svendborg\/#breadcrumb\",\"itemListElement\":[{\"@type\":\"ListItem\",\"position\":1,\"name\":\"Hjem\",\"item\":\"https:\/\/www.dui.dk\/svendborg\/\"},{\"@type\":\"ListItem\",\"position\":2,\"name\":\"Forside\"}]},{\"@type\":\"WebSite\",\"@id\":\"https:\/\/www.dui.dk\/svendborg\/#website\",\"url\":\"https:\/\/www.dui.dk\/svendborg\/\",\"name\":\"DUI - Svendborg\",\"description\":\"DUI - Svendborg\",\"potentialAction\":[{\"@type\":\"SearchAction\",\"target\":{\"@type\":\"EntryPoint\",\"urlTemplate\":\"https:\/\/www.dui.dk\/svendborg\/?s={search_term_string}\"},\"query-input\":{\"@type\":\"PropertyValueSpecification\",\"valueRequired\":true,\"valueName\":\"search_term_string\"}}],\"inLanguage\":\"da-DK\"}]}<\/script>\n<!-- \/ Yoast SEO plugin. -->","yoast_head_json":{"title":"Forside - DUI - Svendborg","robots":{"index":"index","follow":"follow","max-snippet":"max-snippet:-1","max-image-preview":"max-image-preview:large","max-video-preview":"max-video-preview:-1"},"canonical":"https:\/\/www.dui.dk\/svendborg\/","og_locale":"da_DK","og_type":"article","og_title":"Forside - DUI - Svendborg","og_description":"Velkommen &nbsp; Vil du v\u00e6re en del af f\u00e6llesskabet i DUI Svendborg? Det at lege, hygge og\u00a0grine\u00a0sammen, og at blive m\u00f8dt med respekt uanset baggrund, alder eller evner, det\u00a0s\u00e6tter vi stor pris p\u00e5. Vi har aktiviteter for b\u00f8rn og unge, hvor hele familien kan deltage. Du\u00a0er velkommen til at ringe\u00a0p\u00e5 23 73 25 41\u00a0og tag &hellip;","og_url":"https:\/\/www.dui.dk\/svendborg\/","og_site_name":"DUI - Svendborg","article_modified_time":"2019-03-27T12:30:20+00:00","og_image":[{"width":945,"height":241,"url":"https:\/\/www.dui.dk\/svendborg\/wp-content\/uploads\/sites\/26\/2016\/06\/Header.jpg","type":"image\/jpeg"}],"twitter_card":"summary_large_image","schema":{"@context":"https:\/\/schema.org","@graph":[{"@type":"WebPage","@id":"https:\/\/www.dui.dk\/svendborg\/","url":"https:\/\/www.dui.dk\/svendborg\/","name":"Forside - DUI - Svendborg","isPartOf":{"@id":"https:\/\/www.dui.dk\/svendborg\/#website"},"primaryImageOfPage":{"@id":"https:\/\/www.dui.dk\/svendborg\/#primaryimage"},"image":{"@id":"https:\/\/www.dui.dk\/svendborg\/#primaryimage"},"thumbnailUrl":"https:\/\/www.dui.dk\/svendborg\/wp-content\/uploads\/sites\/26\/2016\/06\/Header.jpg","datePublished":"2016-06-21T13:15:01+00:00","dateModified":"2019-03-27T12:30:20+00:00","breadcrumb":{"@id":"https:\/\/www.dui.dk\/svendborg\/#breadcrumb"},"inLanguage":"da-DK","potentialAction":[{"@type":"ReadAction","target":["https:\/\/www.dui.dk\/svendborg\/"]}]},{"@type":"ImageObject","inLanguage":"da-DK","@id":"https:\/\/www.dui.dk\/svendborg\/#primaryimage","url":"https:\/\/www.dui.dk\/svendborg\/wp-content\/uploads\/sites\/26\/2016\/06\/Header.jpg","contentUrl":"https:\/\/www.dui.dk\/svendborg\/wp-content\/uploads\/sites\/26\/2016\/06\/Header.jpg","width":945,"height":241},{"@type":"BreadcrumbList","@id":"https:\/\/www.dui.dk\/svendborg\/#breadcrumb","itemListElement":[{"@type":"ListItem","position":1,"name":"Hjem","item":"https:\/\/www.dui.dk\/svendborg\/"},{"@type":"ListItem","position":2,"name":"Forside"}]},{"@type":"WebSite","@id":"https:\/\/www.dui.dk\/svendborg\/#website","url":"https:\/\/www.dui.dk\/svendborg\/","name":"DUI - Svendborg","description":"DUI - Svendborg","potentialAction":[{"@type":"SearchAction","target":{"@type":"EntryPoint","urlTemplate":"https:\/\/www.dui.dk\/svendborg\/?s={search_term_string}"},"query-input":{"@type":"PropertyValueSpecification","valueRequired":true,"valueName":"search_term_string"}}],"inLanguage":"da-DK"}]}},"_links":{"self":[{"href":"https:\/\/www.dui.dk\/svendborg\/wp-json\/wp\/v2\/pages\/2","targetHints":{"allow":["GET"]}}],"collection":[{"href":"https:\/\/www.dui.dk\/svendborg\/wp-json\/wp\/v2\/pages"}],"about":[{"href":"https:\/\/www.dui.dk\/svendborg\/wp-json\/wp\/v2\/types\/page"}],"author":[{"embeddable":true,"href":"https:\/\/www.dui.dk\/svendborg\/wp-json\/wp\/v2\/users\/3"}],"replies":[{"embeddable":true,"href":"https:\/\/www.dui.dk\/svendborg\/wp-json\/wp\/v2\/comments?post=2"}],"version-history":[{"count":5,"href":"https:\/\/www.dui.dk\/svendborg\/wp-json\/wp\/v2\/pages\/2\/revisions"}],"predecessor-version":[{"id":50,"href":"https:\/\/www.dui.dk\/svendborg\/wp-json\/wp\/v2\/pages\/2\/revisions\/50"}],"wp:featuredmedia":[{"embeddable":true,"href":"https:\/\/www.dui.dk\/svendborg\/wp-json\/wp\/v2\/media\/7"}],"wp:attachment":[{"href":"https:\/\/www.dui.dk\/svendborg\/wp-json\/wp\/v2\/media?parent=2"}],"curies":[{"name":"wp","href":"https:\/\/api.w.org\/{rel}","templated":true}]}}