{"id":2,"date":"2016-07-04T13:09:52","date_gmt":"2016-07-04T13:09:52","guid":{"rendered":"http:\/\/dui.demo.supertusch.com\/osterbro\/?page_id=2"},"modified":"2026-01-06T09:53:56","modified_gmt":"2026-01-06T09:53:56","slug":"eksempel-side","status":"publish","type":"page","link":"https:\/\/www.dui.dk\/osterbro\/","title":{"rendered":"Velkommen til DUI-LEG og VIRKE K\u00f8benhavn"},"content":{"rendered":"<h2 style=\"text-align: center\"><strong>Velkommen til DUI-LEG og VIRKE K\u00f8benhavn\u00a0<\/strong><\/h2>\n<p style=\"text-align: left\">Vi er en b\u00f8rne-og familieorganisation, der laver aktiviteter med fokus p\u00e5 f\u00e6llesskab for b\u00f8rn og deres familier. Vi har forskellige aktiviteter i og omkring K\u00f8benhavn, s\u00e6rligt i vores dejlige hus p\u00e5 Sibeliusgade 41, 2100 K\u00f8benhavn \u00d8. F\u00f8lg med p\u00e5 vores <a href=\"https:\/\/www.facebook.com\/duiosterbro\/\">facebookside: DUI-LEG og VIRKE K\u00f8benhavn.<\/a><\/p>\n<h3 style=\"text-align: center\"><strong>Tilmelding til B\u00f8rn i Bev\u00e6gelse for\u00e5r 2026\u00a0<\/strong><\/h3>\n<p style=\"margin: 0in;font-family: Calibri;font-size: 11.0pt\"><span lang=\"da\">Tilmeldingen til vores aktiviteter for for\u00e5ret 2026 er i gang! Man tilmelder<\/span><span lang=\"da\">\u00a0via NemTilmeld: <\/span><a href=\"https:\/\/dui-osterbro.nemtilmeld.dk\/\"><span lang=\"da\">DUI-LEG og VIRKE K\u00f8benhavn<\/span><\/a><span lang=\"da\">\u00a0<\/span><\/p>\n<p>&nbsp;<\/p>\n<p>I <strong>Husum<\/strong> kan man g\u00e5 til<\/p>\n<ul>\n<li><a href=\"https:\/\/dui-osterbro.nemtilmeld.dk\/431\/\">Tirsdag i EnergiCenter Voldparken: Parkour<\/a><\/li>\n<\/ul>\n<p>&nbsp;<\/p>\n<p>I <strong>Sydhavnen<\/strong> kan man g\u00e5 til<\/p>\n<ul>\n<li><a href=\"https:\/\/dui-osterbro.nemtilmeld.dk\/453\/\">Tirsdag i Kvartershuset Sydhavnen: Familieyoga <\/a><\/li>\n<li><a href=\"https:\/\/dui-osterbro.nemtilmeld.dk\/455\/\">Onsdag i Kvartershuset Sydhavnen: Gymnastik\u00a0<\/a><\/li>\n<\/ul>\n<p>&nbsp;<\/p>\n<p>P\u00e5 <strong>\u00d8sterbro<\/strong> kan man g\u00e5 til<\/p>\n<ul>\n<li><a href=\"https:\/\/dui-osterbro.nemtilmeld.dk\/458\/\">Onsdag p\u00e5 Kildev\u00e6ldsskolen: Springgymnastik <\/a><\/li>\n<li><a href=\"https:\/\/dui-osterbro.nemtilmeld.dk\/457\/\">Torsdag p\u00e5 Kildev\u00e6ldsskolen: Springgymnastik\u00a0<\/a><\/li>\n<li><a href=\"https:\/\/dui-osterbro.nemtilmeld.dk\/459\/\">Torsdag p\u00e5 Rymarksvej 3: Springgymnastik\u00a0<\/a><\/li>\n<li><a href=\"https:\/\/dui-osterbro.nemtilmeld.dk\/460\/\">Torsdag i Kildev\u00e6ld Kulturcenter: MGP-dans for de 6-8 \u00e5rige<\/a><\/li>\n<li><a href=\"https:\/\/dui-osterbro.nemtilmeld.dk\/461\/\">Torsdag i Kildev\u00e6ld Kulturcenter: Dans som p\u00e5 TikTok for de 9-11 \u00e5rige<\/a><\/li>\n<\/ul>\n<p>&nbsp;<\/p>\n<p><strong>Vi gl\u00e6der os til at se jer!<\/strong><\/p>\n<hr \/>\n<p><a href=\"https:\/\/dui-osterbro.nemtilmeld.dk\/\"><img loading=\"lazy\" decoding=\"async\" class=\"alignnone wp-image-11 aligncenter\" src=\"https:\/\/www.dui.dk\/osterbro\/wp-content\/uploads\/sites\/46\/2016\/07\/top500px-300x118.png\" alt=\"\" width=\"445\" height=\"175\" srcset=\"https:\/\/www.dui.dk\/osterbro\/wp-content\/uploads\/sites\/46\/2016\/07\/top500px-300x118.png 300w, https:\/\/www.dui.dk\/osterbro\/wp-content\/uploads\/sites\/46\/2016\/07\/top500px.png 500w\" sizes=\"auto, (max-width: 445px) 100vw, 445px\" \/><\/a><\/p>\n<p style=\"text-align: center\"><span data-contrast=\"none\">B\u00f8rn i Bev\u00e6gelse er ugentlige fritidsaktiviteter for b\u00f8rn i alderen 4-13 \u00e5r.<\/span><span data-ccp-props=\"{&quot;134233117&quot;:false,&quot;134233118&quot;:false,&quot;201341983&quot;:0,&quot;335559738&quot;:0,&quot;335559739&quot;:150,&quot;335559740&quot;:259}\">\u00a0<\/span><\/p>\n<p style=\"text-align: center\"><span data-contrast=\"none\">Her er der plads til alle, og vi l\u00e6gger v\u00e6gt p\u00e5 f\u00e6llesskab frem for konkurrence.<\/span><span data-ccp-props=\"{&quot;134233117&quot;:false,&quot;134233118&quot;:false,&quot;201341983&quot;:0,&quot;335559738&quot;:0,&quot;335559739&quot;:150,&quot;335559740&quot;:259}\">\u00a0<\/span><\/p>\n<p>&nbsp;<\/p>\n<p style=\"text-align: center\"><span data-contrast=\"none\">Vi\u00a0str\u00e6ber efter at skabe underholdende aktiviteter <\/span><span data-contrast=\"none\">der ikke blot bringer gl\u00e6de til b\u00f8rnene, men ogs\u00e5 styrker deres kropsbevidsthed, lyst til bev\u00e6gelse og evne til at deltage i f\u00e6llesskabet. Vores f\u00f8rste B\u00f8rn i Bev\u00e6gelse-hold blev etableret i 2013 p\u00e5 \u00d8sterbro, og siden da har vores aktiviteter spredt sig til flere steder i K\u00f8benhavn.<\/span><span data-ccp-props=\"{&quot;201341983&quot;:0,&quot;335551550&quot;:0,&quot;335551620&quot;:0,&quot;335559739&quot;:160,&quot;335559740&quot;:259}\">\u00a0<\/span><\/p>\n<p>&nbsp;<\/p>\n<p style=\"text-align: center\"><span data-contrast=\"none\">P\u00e5 holdene har vi en r\u00e6kke dygtige instrukt\u00f8rer, som er n\u00f8je udvalgt, s\u00e5 de b\u00e5de har erfaring med at arbejde med b\u00f8rn samt h\u00f8j faglighed inden for den aktivitet, de underviser i.<\/span><span data-ccp-props=\"{&quot;134233117&quot;:false,&quot;134233118&quot;:false,&quot;201341983&quot;:0,&quot;335559738&quot;:0,&quot;335559739&quot;:150,&quot;335559740&quot;:259}\">\u00a0<\/span><\/p>\n<p>&nbsp;<\/p>\n<p style=\"text-align: center\"><span data-contrast=\"none\">P\u00e5 hvert hold er der plads til 15-25 b\u00f8rn med 1-2 instrukt\u00f8rer, alt efter b\u00f8rneantal.\u00a0<\/span><span data-ccp-props=\"{&quot;134233117&quot;:false,&quot;134233118&quot;:false,&quot;201341983&quot;:0,&quot;335559738&quot;:0,&quot;335559739&quot;:150,&quot;335559740&quot;:259}\">\u00a0<\/span><\/p>\n<p style=\"text-align: center\"><span data-contrast=\"none\">P\u00e5 vores B\u00f8rn i Bev\u00e6gelseshold skaber vi ikke blot aktiviteter; vi skaber oplevelser og styrker b\u00f8rns f\u00e6llesskabs\u00e5nd gennem legende og l\u00e6rerige initiativer.<\/span><span data-ccp-props=\"{&quot;201341983&quot;:0,&quot;335559739&quot;:160,&quot;335559740&quot;:259}\">\u00a0<\/span><\/p>\n<p style=\"text-align: center\">Klik p\u00e5 det omr\u00e5de du er interesseret i for at l\u00e6se mere og tilmelde dit barn:<\/p>\n<p style=\"text-align: center\"><a href=\"https:\/\/www.dui.dk\/osterbro\/bib-husum\/\">Husum<\/a><\/p>\n<p style=\"text-align: center\"><a href=\"https:\/\/www.dui.dk\/osterbro\/bib-sydhavnen\/\">Sydhavnen<\/a><\/p>\n<p style=\"text-align: center\"><a href=\"https:\/\/www.dui.dk\/osterbro\/bib-osterbro\/\">\u00d8sterbro\u00a0<\/a><\/p>\n<div>\n<p>&nbsp;<\/p>\n<\/div>\n<p>&nbsp;<\/p>\n<p style=\"text-align: center\">\n","protected":false},"excerpt":{"rendered":"<p>Velkommen til DUI-LEG og VIRKE K\u00f8benhavn\u00a0 Vi er en b\u00f8rne-og familieorganisation, der laver aktiviteter med fokus p\u00e5 f\u00e6llesskab for b\u00f8rn og deres familier. Vi har forskellige aktiviteter i og omkring K\u00f8benhavn, s\u00e6rligt i vores dejlige hus p\u00e5 Sibeliusgade 41, 2100 K\u00f8benhavn \u00d8. F\u00f8lg med p\u00e5 vores facebookside: DUI-LEG og VIRKE K\u00f8benhavn. Tilmelding til B\u00f8rn i &hellip;<\/p>\n","protected":false},"author":4,"featured_media":55,"parent":0,"menu_order":0,"comment_status":"closed","ping_status":"open","template":"page-front-local.php","meta":{"_acf_changed":false,"footnotes":""},"class_list":["post-2","page","type-page","status-publish","has-post-thumbnail","hentry"],"acf":[],"yoast_head":"<!-- This site is optimized with the Yoast SEO plugin v27.1.1 - https:\/\/yoast.com\/product\/yoast-seo-wordpress\/ -->\n<title>Velkommen til DUI-LEG og VIRKE K\u00f8benhavn - DUI - K\u00f8benhavn<\/title>\n<meta name=\"robots\" content=\"index, follow, max-snippet:-1, max-image-preview:large, max-video-preview:-1\" \/>\n<link rel=\"canonical\" href=\"https:\/\/www.dui.dk\/osterbro\/\" \/>\n<meta property=\"og:locale\" content=\"da_DK\" \/>\n<meta property=\"og:type\" content=\"article\" \/>\n<meta property=\"og:title\" content=\"Velkommen til DUI-LEG og VIRKE K\u00f8benhavn - DUI - K\u00f8benhavn\" \/>\n<meta property=\"og:description\" content=\"Velkommen til DUI-LEG og VIRKE K\u00f8benhavn\u00a0 Vi er en b\u00f8rne-og familieorganisation, der laver aktiviteter med fokus p\u00e5 f\u00e6llesskab for b\u00f8rn og deres familier. Vi har forskellige aktiviteter i og omkring K\u00f8benhavn, s\u00e6rligt i vores dejlige hus p\u00e5 Sibeliusgade 41, 2100 K\u00f8benhavn \u00d8. F\u00f8lg med p\u00e5 vores facebookside: DUI-LEG og VIRKE K\u00f8benhavn. Tilmelding til B\u00f8rn i &hellip;\" \/>\n<meta property=\"og:url\" content=\"https:\/\/www.dui.dk\/osterbro\/\" \/>\n<meta property=\"og:site_name\" content=\"DUI - K\u00f8benhavn\" \/>\n<meta property=\"article:modified_time\" content=\"2026-01-06T09:53:56+00:00\" \/>\n<meta property=\"og:image\" content=\"https:\/\/www.dui.dk\/osterbro\/wp-content\/uploads\/sites\/46\/2016\/07\/KidsTop.png\" \/>\n\t<meta property=\"og:image:width\" content=\"945\" \/>\n\t<meta property=\"og:image:height\" content=\"241\" \/>\n\t<meta property=\"og:image:type\" content=\"image\/png\" \/>\n<meta name=\"twitter:card\" content=\"summary_large_image\" \/>\n<meta name=\"twitter:label1\" content=\"Estimeret l\u00e6setid\" \/>\n\t<meta name=\"twitter:data1\" content=\"3 minutter\" \/>\n<script type=\"application\/ld+json\" class=\"yoast-schema-graph\">{\"@context\":\"https:\/\/schema.org\",\"@graph\":[{\"@type\":\"WebPage\",\"@id\":\"https:\/\/www.dui.dk\/osterbro\/\",\"url\":\"https:\/\/www.dui.dk\/osterbro\/\",\"name\":\"Velkommen til DUI-LEG og VIRKE K\u00f8benhavn - DUI - K\u00f8benhavn\",\"isPartOf\":{\"@id\":\"https:\/\/www.dui.dk\/osterbro\/#website\"},\"primaryImageOfPage\":{\"@id\":\"https:\/\/www.dui.dk\/osterbro\/#primaryimage\"},\"image\":{\"@id\":\"https:\/\/www.dui.dk\/osterbro\/#primaryimage\"},\"thumbnailUrl\":\"https:\/\/www.dui.dk\/osterbro\/wp-content\/uploads\/sites\/46\/2016\/07\/KidsTop.png\",\"datePublished\":\"2016-07-04T13:09:52+00:00\",\"dateModified\":\"2026-01-06T09:53:56+00:00\",\"breadcrumb\":{\"@id\":\"https:\/\/www.dui.dk\/osterbro\/#breadcrumb\"},\"inLanguage\":\"da-DK\",\"potentialAction\":[{\"@type\":\"ReadAction\",\"target\":[\"https:\/\/www.dui.dk\/osterbro\/\"]}]},{\"@type\":\"ImageObject\",\"inLanguage\":\"da-DK\",\"@id\":\"https:\/\/www.dui.dk\/osterbro\/#primaryimage\",\"url\":\"https:\/\/www.dui.dk\/osterbro\/wp-content\/uploads\/sites\/46\/2016\/07\/KidsTop.png\",\"contentUrl\":\"https:\/\/www.dui.dk\/osterbro\/wp-content\/uploads\/sites\/46\/2016\/07\/KidsTop.png\",\"width\":945,\"height\":241},{\"@type\":\"BreadcrumbList\",\"@id\":\"https:\/\/www.dui.dk\/osterbro\/#breadcrumb\",\"itemListElement\":[{\"@type\":\"ListItem\",\"position\":1,\"name\":\"Hjem\",\"item\":\"https:\/\/www.dui.dk\/osterbro\/\"},{\"@type\":\"ListItem\",\"position\":2,\"name\":\"Velkommen til DUI-LEG og VIRKE K\u00f8benhavn\"}]},{\"@type\":\"WebSite\",\"@id\":\"https:\/\/www.dui.dk\/osterbro\/#website\",\"url\":\"https:\/\/www.dui.dk\/osterbro\/\",\"name\":\"DUI - K\u00f8benhavn\",\"description\":\"DUI - LEG og VIRKE K\u00f8benhavn\",\"potentialAction\":[{\"@type\":\"SearchAction\",\"target\":{\"@type\":\"EntryPoint\",\"urlTemplate\":\"https:\/\/www.dui.dk\/osterbro\/?s={search_term_string}\"},\"query-input\":{\"@type\":\"PropertyValueSpecification\",\"valueRequired\":true,\"valueName\":\"search_term_string\"}}],\"inLanguage\":\"da-DK\"}]}<\/script>\n<!-- \/ Yoast SEO plugin. -->","yoast_head_json":{"title":"Velkommen til DUI-LEG og VIRKE K\u00f8benhavn - DUI - K\u00f8benhavn","robots":{"index":"index","follow":"follow","max-snippet":"max-snippet:-1","max-image-preview":"max-image-preview:large","max-video-preview":"max-video-preview:-1"},"canonical":"https:\/\/www.dui.dk\/osterbro\/","og_locale":"da_DK","og_type":"article","og_title":"Velkommen til DUI-LEG og VIRKE K\u00f8benhavn - DUI - K\u00f8benhavn","og_description":"Velkommen til DUI-LEG og VIRKE K\u00f8benhavn\u00a0 Vi er en b\u00f8rne-og familieorganisation, der laver aktiviteter med fokus p\u00e5 f\u00e6llesskab for b\u00f8rn og deres familier. Vi har forskellige aktiviteter i og omkring K\u00f8benhavn, s\u00e6rligt i vores dejlige hus p\u00e5 Sibeliusgade 41, 2100 K\u00f8benhavn \u00d8. F\u00f8lg med p\u00e5 vores facebookside: DUI-LEG og VIRKE K\u00f8benhavn. Tilmelding til B\u00f8rn i &hellip;","og_url":"https:\/\/www.dui.dk\/osterbro\/","og_site_name":"DUI - K\u00f8benhavn","article_modified_time":"2026-01-06T09:53:56+00:00","og_image":[{"width":945,"height":241,"url":"https:\/\/www.dui.dk\/osterbro\/wp-content\/uploads\/sites\/46\/2016\/07\/KidsTop.png","type":"image\/png"}],"twitter_card":"summary_large_image","twitter_misc":{"Estimeret l\u00e6setid":"3 minutter"},"schema":{"@context":"https:\/\/schema.org","@graph":[{"@type":"WebPage","@id":"https:\/\/www.dui.dk\/osterbro\/","url":"https:\/\/www.dui.dk\/osterbro\/","name":"Velkommen til DUI-LEG og VIRKE K\u00f8benhavn - DUI - K\u00f8benhavn","isPartOf":{"@id":"https:\/\/www.dui.dk\/osterbro\/#website"},"primaryImageOfPage":{"@id":"https:\/\/www.dui.dk\/osterbro\/#primaryimage"},"image":{"@id":"https:\/\/www.dui.dk\/osterbro\/#primaryimage"},"thumbnailUrl":"https:\/\/www.dui.dk\/osterbro\/wp-content\/uploads\/sites\/46\/2016\/07\/KidsTop.png","datePublished":"2016-07-04T13:09:52+00:00","dateModified":"2026-01-06T09:53:56+00:00","breadcrumb":{"@id":"https:\/\/www.dui.dk\/osterbro\/#breadcrumb"},"inLanguage":"da-DK","potentialAction":[{"@type":"ReadAction","target":["https:\/\/www.dui.dk\/osterbro\/"]}]},{"@type":"ImageObject","inLanguage":"da-DK","@id":"https:\/\/www.dui.dk\/osterbro\/#primaryimage","url":"https:\/\/www.dui.dk\/osterbro\/wp-content\/uploads\/sites\/46\/2016\/07\/KidsTop.png","contentUrl":"https:\/\/www.dui.dk\/osterbro\/wp-content\/uploads\/sites\/46\/2016\/07\/KidsTop.png","width":945,"height":241},{"@type":"BreadcrumbList","@id":"https:\/\/www.dui.dk\/osterbro\/#breadcrumb","itemListElement":[{"@type":"ListItem","position":1,"name":"Hjem","item":"https:\/\/www.dui.dk\/osterbro\/"},{"@type":"ListItem","position":2,"name":"Velkommen til DUI-LEG og VIRKE K\u00f8benhavn"}]},{"@type":"WebSite","@id":"https:\/\/www.dui.dk\/osterbro\/#website","url":"https:\/\/www.dui.dk\/osterbro\/","name":"DUI - K\u00f8benhavn","description":"DUI - LEG og VIRKE K\u00f8benhavn","potentialAction":[{"@type":"SearchAction","target":{"@type":"EntryPoint","urlTemplate":"https:\/\/www.dui.dk\/osterbro\/?s={search_term_string}"},"query-input":{"@type":"PropertyValueSpecification","valueRequired":true,"valueName":"search_term_string"}}],"inLanguage":"da-DK"}]}},"_links":{"self":[{"href":"https:\/\/www.dui.dk\/osterbro\/wp-json\/wp\/v2\/pages\/2","targetHints":{"allow":["GET"]}}],"collection":[{"href":"https:\/\/www.dui.dk\/osterbro\/wp-json\/wp\/v2\/pages"}],"about":[{"href":"https:\/\/www.dui.dk\/osterbro\/wp-json\/wp\/v2\/types\/page"}],"author":[{"embeddable":true,"href":"https:\/\/www.dui.dk\/osterbro\/wp-json\/wp\/v2\/users\/4"}],"replies":[{"embeddable":true,"href":"https:\/\/www.dui.dk\/osterbro\/wp-json\/wp\/v2\/comments?post=2"}],"version-history":[{"count":7,"href":"https:\/\/www.dui.dk\/osterbro\/wp-json\/wp\/v2\/pages\/2\/revisions"}],"predecessor-version":[{"id":1131,"href":"https:\/\/www.dui.dk\/osterbro\/wp-json\/wp\/v2\/pages\/2\/revisions\/1131"}],"wp:featuredmedia":[{"embeddable":true,"href":"https:\/\/www.dui.dk\/osterbro\/wp-json\/wp\/v2\/media\/55"}],"wp:attachment":[{"href":"https:\/\/www.dui.dk\/osterbro\/wp-json\/wp\/v2\/media?parent=2"}],"curies":[{"name":"wp","href":"https:\/\/api.w.org\/{rel}","templated":true}]}}