{"id":1039,"date":"2025-01-30T13:11:12","date_gmt":"2025-01-30T13:11:12","guid":{"rendered":"https:\/\/www.dui.dk\/osterbro\/?page_id=1039"},"modified":"2026-01-06T09:17:47","modified_gmt":"2026-01-06T09:17:47","slug":"fritidstilbud-i-koebenhavn-12-16-aar-bliv-din-egen-cykelsmed","status":"publish","type":"page","link":"https:\/\/www.dui.dk\/osterbro\/fritidstilbud-i-koebenhavn-12-16-aar-bliv-din-egen-cykelsmed\/","title":{"rendered":"Bliv Din Egen Cykelsmed!"},"content":{"rendered":"","protected":false},"excerpt":{"rendered":"","protected":false},"author":102,"featured_media":0,"parent":0,"menu_order":0,"comment_status":"closed","ping_status":"closed","template":"page-content-local.php","meta":{"_acf_changed":false,"footnotes":""},"class_list":["post-1039","page","type-page","status-publish","hentry"],"acf":[],"yoast_head":"<!-- This site is optimized with the Yoast SEO plugin v27.1.1 - https:\/\/yoast.com\/product\/yoast-seo-wordpress\/ -->\n<title>Fritidstilbud i K\u00f8benhavn 12-16 \u00e5r - Bliv Din Egen Cykelsmed!<\/title>\n<meta name=\"description\" content=\"Bliv Din Egen Cykelsmed!\u00a0er et sjovt fritidstilbud i K\u00f8benhavn for 12-16 \u00e5r, hvor unge l\u00e6rer at reparere cykler i hyggelige sociale rammer!\" \/>\n<meta name=\"robots\" content=\"index, follow, max-snippet:-1, max-image-preview:large, max-video-preview:-1\" \/>\n<link rel=\"canonical\" href=\"https:\/\/www.dui.dk\/osterbro\/fritidstilbud-i-koebenhavn-12-16-aar-bliv-din-egen-cykelsmed\/\" \/>\n<meta property=\"og:locale\" content=\"da_DK\" \/>\n<meta property=\"og:type\" content=\"article\" \/>\n<meta property=\"og:title\" content=\"Fritidstilbud i K\u00f8benhavn 12-16 \u00e5r - Bliv Din Egen Cykelsmed!\" \/>\n<meta property=\"og:description\" content=\"Bliv Din Egen Cykelsmed!\u00a0er et sjovt fritidstilbud i K\u00f8benhavn for 12-16 \u00e5r, hvor unge l\u00e6rer at reparere cykler i hyggelige sociale rammer!\" \/>\n<meta property=\"og:url\" content=\"https:\/\/www.dui.dk\/osterbro\/fritidstilbud-i-koebenhavn-12-16-aar-bliv-din-egen-cykelsmed\/\" \/>\n<meta property=\"og:site_name\" content=\"DUI - K\u00f8benhavn\" \/>\n<meta property=\"article:modified_time\" content=\"2026-01-06T09:17:47+00:00\" \/>\n<meta name=\"twitter:card\" content=\"summary_large_image\" \/>\n<script type=\"application\/ld+json\" class=\"yoast-schema-graph\">{\"@context\":\"https:\/\/schema.org\",\"@graph\":[{\"@type\":\"WebPage\",\"@id\":\"https:\/\/www.dui.dk\/osterbro\/fritidstilbud-i-koebenhavn-12-16-aar-bliv-din-egen-cykelsmed\/\",\"url\":\"https:\/\/www.dui.dk\/osterbro\/fritidstilbud-i-koebenhavn-12-16-aar-bliv-din-egen-cykelsmed\/\",\"name\":\"Fritidstilbud i K\u00f8benhavn 12-16 \u00e5r - Bliv Din Egen Cykelsmed!\",\"isPartOf\":{\"@id\":\"https:\/\/www.dui.dk\/osterbro\/#website\"},\"datePublished\":\"2025-01-30T13:11:12+00:00\",\"dateModified\":\"2026-01-06T09:17:47+00:00\",\"description\":\"Bliv Din Egen Cykelsmed!\u00a0er et sjovt fritidstilbud i K\u00f8benhavn for 12-16 \u00e5r, hvor unge l\u00e6rer at reparere cykler i hyggelige sociale rammer!\",\"breadcrumb\":{\"@id\":\"https:\/\/www.dui.dk\/osterbro\/fritidstilbud-i-koebenhavn-12-16-aar-bliv-din-egen-cykelsmed\/#breadcrumb\"},\"inLanguage\":\"da-DK\",\"potentialAction\":[{\"@type\":\"ReadAction\",\"target\":[\"https:\/\/www.dui.dk\/osterbro\/fritidstilbud-i-koebenhavn-12-16-aar-bliv-din-egen-cykelsmed\/\"]}]},{\"@type\":\"BreadcrumbList\",\"@id\":\"https:\/\/www.dui.dk\/osterbro\/fritidstilbud-i-koebenhavn-12-16-aar-bliv-din-egen-cykelsmed\/#breadcrumb\",\"itemListElement\":[{\"@type\":\"ListItem\",\"position\":1,\"name\":\"Hjem\",\"item\":\"https:\/\/www.dui.dk\/osterbro\/\"},{\"@type\":\"ListItem\",\"position\":2,\"name\":\"Bliv Din Egen Cykelsmed!\"}]},{\"@type\":\"WebSite\",\"@id\":\"https:\/\/www.dui.dk\/osterbro\/#website\",\"url\":\"https:\/\/www.dui.dk\/osterbro\/\",\"name\":\"DUI - K\u00f8benhavn\",\"description\":\"DUI - LEG og VIRKE K\u00f8benhavn\",\"potentialAction\":[{\"@type\":\"SearchAction\",\"target\":{\"@type\":\"EntryPoint\",\"urlTemplate\":\"https:\/\/www.dui.dk\/osterbro\/?s={search_term_string}\"},\"query-input\":{\"@type\":\"PropertyValueSpecification\",\"valueRequired\":true,\"valueName\":\"search_term_string\"}}],\"inLanguage\":\"da-DK\"}]}<\/script>\n<!-- \/ Yoast SEO plugin. -->","yoast_head_json":{"title":"Fritidstilbud i K\u00f8benhavn 12-16 \u00e5r - Bliv Din Egen Cykelsmed!","description":"Bliv Din Egen Cykelsmed!\u00a0er et sjovt fritidstilbud i K\u00f8benhavn for 12-16 \u00e5r, hvor unge l\u00e6rer at reparere cykler i hyggelige sociale rammer!","robots":{"index":"index","follow":"follow","max-snippet":"max-snippet:-1","max-image-preview":"max-image-preview:large","max-video-preview":"max-video-preview:-1"},"canonical":"https:\/\/www.dui.dk\/osterbro\/fritidstilbud-i-koebenhavn-12-16-aar-bliv-din-egen-cykelsmed\/","og_locale":"da_DK","og_type":"article","og_title":"Fritidstilbud i K\u00f8benhavn 12-16 \u00e5r - Bliv Din Egen Cykelsmed!","og_description":"Bliv Din Egen Cykelsmed!\u00a0er et sjovt fritidstilbud i K\u00f8benhavn for 12-16 \u00e5r, hvor unge l\u00e6rer at reparere cykler i hyggelige sociale rammer!","og_url":"https:\/\/www.dui.dk\/osterbro\/fritidstilbud-i-koebenhavn-12-16-aar-bliv-din-egen-cykelsmed\/","og_site_name":"DUI - K\u00f8benhavn","article_modified_time":"2026-01-06T09:17:47+00:00","twitter_card":"summary_large_image","schema":{"@context":"https:\/\/schema.org","@graph":[{"@type":"WebPage","@id":"https:\/\/www.dui.dk\/osterbro\/fritidstilbud-i-koebenhavn-12-16-aar-bliv-din-egen-cykelsmed\/","url":"https:\/\/www.dui.dk\/osterbro\/fritidstilbud-i-koebenhavn-12-16-aar-bliv-din-egen-cykelsmed\/","name":"Fritidstilbud i K\u00f8benhavn 12-16 \u00e5r - Bliv Din Egen Cykelsmed!","isPartOf":{"@id":"https:\/\/www.dui.dk\/osterbro\/#website"},"datePublished":"2025-01-30T13:11:12+00:00","dateModified":"2026-01-06T09:17:47+00:00","description":"Bliv Din Egen Cykelsmed!\u00a0er et sjovt fritidstilbud i K\u00f8benhavn for 12-16 \u00e5r, hvor unge l\u00e6rer at reparere cykler i hyggelige sociale rammer!","breadcrumb":{"@id":"https:\/\/www.dui.dk\/osterbro\/fritidstilbud-i-koebenhavn-12-16-aar-bliv-din-egen-cykelsmed\/#breadcrumb"},"inLanguage":"da-DK","potentialAction":[{"@type":"ReadAction","target":["https:\/\/www.dui.dk\/osterbro\/fritidstilbud-i-koebenhavn-12-16-aar-bliv-din-egen-cykelsmed\/"]}]},{"@type":"BreadcrumbList","@id":"https:\/\/www.dui.dk\/osterbro\/fritidstilbud-i-koebenhavn-12-16-aar-bliv-din-egen-cykelsmed\/#breadcrumb","itemListElement":[{"@type":"ListItem","position":1,"name":"Hjem","item":"https:\/\/www.dui.dk\/osterbro\/"},{"@type":"ListItem","position":2,"name":"Bliv Din Egen Cykelsmed!"}]},{"@type":"WebSite","@id":"https:\/\/www.dui.dk\/osterbro\/#website","url":"https:\/\/www.dui.dk\/osterbro\/","name":"DUI - K\u00f8benhavn","description":"DUI - LEG og VIRKE K\u00f8benhavn","potentialAction":[{"@type":"SearchAction","target":{"@type":"EntryPoint","urlTemplate":"https:\/\/www.dui.dk\/osterbro\/?s={search_term_string}"},"query-input":{"@type":"PropertyValueSpecification","valueRequired":true,"valueName":"search_term_string"}}],"inLanguage":"da-DK"}]}},"_links":{"self":[{"href":"https:\/\/www.dui.dk\/osterbro\/wp-json\/wp\/v2\/pages\/1039","targetHints":{"allow":["GET"]}}],"collection":[{"href":"https:\/\/www.dui.dk\/osterbro\/wp-json\/wp\/v2\/pages"}],"about":[{"href":"https:\/\/www.dui.dk\/osterbro\/wp-json\/wp\/v2\/types\/page"}],"author":[{"embeddable":true,"href":"https:\/\/www.dui.dk\/osterbro\/wp-json\/wp\/v2\/users\/102"}],"replies":[{"embeddable":true,"href":"https:\/\/www.dui.dk\/osterbro\/wp-json\/wp\/v2\/comments?post=1039"}],"version-history":[{"count":4,"href":"https:\/\/www.dui.dk\/osterbro\/wp-json\/wp\/v2\/pages\/1039\/revisions"}],"predecessor-version":[{"id":1130,"href":"https:\/\/www.dui.dk\/osterbro\/wp-json\/wp\/v2\/pages\/1039\/revisions\/1130"}],"wp:attachment":[{"href":"https:\/\/www.dui.dk\/osterbro\/wp-json\/wp\/v2\/media?parent=1039"}],"curies":[{"name":"wp","href":"https:\/\/api.w.org\/{rel}","templated":true}]}}