{"id":2,"date":"2016-12-02T10:33:03","date_gmt":"2016-12-02T10:33:03","guid":{"rendered":"http:\/\/www.dui.dk\/nonfirmation-kolding\/?page_id=2"},"modified":"2025-08-27T08:19:40","modified_gmt":"2025-08-27T08:19:40","slug":"forside","status":"publish","type":"page","link":"https:\/\/www.dui.dk\/nonfirmation-kolding\/","title":{"rendered":"Forside"},"content":{"rendered":"<div class=\"embed-container\"><iframe loading=\"lazy\" src=\"https:\/\/www.youtube.com\/embed\/iFvj-4BgBQM?list=PLkqXE8gqjwzsrdi_n6Ab4hyZwU1r1r7q_&amp;showinfo=0\" width=\"560\" height=\"315\" frameborder=\"0\" allowfullscreen=\"allowfullscreen\"><\/iframe><\/div>\n<h1>Nonfirmation i Kolding<\/h1>\n<p><strong>Kommende Nonfirmationer i Kolding<\/strong><br \/>\nL\u00f8rdag d. 2. maj 2026 kl. 11.00.<\/p>\n<p><span style=\"font-size: inherit;\"><strong>Kom med<\/strong><br \/>\nVi vil gerne invitere dig \/ jer til, sammen med andre nonfirmander, at f\u00e5 en mindev\u00e6rdig oplevelse.<\/span><\/p>\n<p>Den l\u00f8rdag hvor vi holder nonfirmation summer det af musik, sang og latter.<\/p>\n<p>Vi synger nogle sange og lytter til et par sp\u00e6ndende taler. Mon ikke alle vil hygge sig, n\u00e5r der bagefter serveres lidt godt til ganen ogs\u00e5?<\/p>\n<p>V\u00e6r opm\u00e6rksom p\u00e5 at deltagelse i Nonfirmation kr\u00e6ver tilmelding &#8211; <a href=\"https:\/\/www.dui.dk\/nonfirmation-kolding\/tilmelding\">l\u00e6s mere her! <\/a><\/p>\n<p>Efter sidste tilmeldingsfrist bliver nonfirmander og for\u00e6ldre inviteret til en orienteringsaften, hvor du dels m\u00f8der de andre nonfirmander, og dels h\u00f8rer lidt mere om arrangementet.<\/p>\n","protected":false},"excerpt":{"rendered":"<p>Nonfirmation i Kolding Kommende Nonfirmationer i Kolding L\u00f8rdag d. 2. maj 2026 kl. 11.00. Kom med Vi vil gerne invitere dig \/ jer til, sammen med andre nonfirmander, at f\u00e5 en mindev\u00e6rdig oplevelse. Den l\u00f8rdag hvor vi holder nonfirmation summer det af musik, sang og latter. Vi synger nogle sange og lytter til et par &hellip;<\/p>\n","protected":false},"author":4,"featured_media":0,"parent":0,"menu_order":0,"comment_status":"closed","ping_status":"open","template":"page-front-local.php","meta":{"_acf_changed":false,"footnotes":""},"class_list":["post-2","page","type-page","status-publish","hentry"],"acf":[],"yoast_head":"<!-- This site is optimized with the Yoast SEO plugin v27.1.1 - https:\/\/yoast.com\/product\/yoast-seo-wordpress\/ -->\n<title>Forside - Nonfirmation i Kolding<\/title>\n<meta name=\"robots\" content=\"index, follow, max-snippet:-1, max-image-preview:large, max-video-preview:-1\" \/>\n<link rel=\"canonical\" href=\"https:\/\/www.dui.dk\/nonfirmation-kolding\/\" \/>\n<meta property=\"og:locale\" content=\"da_DK\" \/>\n<meta property=\"og:type\" content=\"article\" \/>\n<meta property=\"og:title\" content=\"Forside - Nonfirmation i Kolding\" \/>\n<meta property=\"og:description\" content=\"Nonfirmation i Kolding Kommende Nonfirmationer i Kolding L\u00f8rdag d. 2. maj 2026 kl. 11.00. Kom med Vi vil gerne invitere dig \/ jer til, sammen med andre nonfirmander, at f\u00e5 en mindev\u00e6rdig oplevelse. Den l\u00f8rdag hvor vi holder nonfirmation summer det af musik, sang og latter. Vi synger nogle sange og lytter til et par &hellip;\" \/>\n<meta property=\"og:url\" content=\"https:\/\/www.dui.dk\/nonfirmation-kolding\/\" \/>\n<meta property=\"og:site_name\" content=\"Nonfirmation i Kolding\" \/>\n<meta property=\"article:modified_time\" content=\"2025-08-27T08:19:40+00:00\" \/>\n<meta name=\"twitter:card\" content=\"summary_large_image\" \/>\n<meta name=\"twitter:label1\" content=\"Estimeret l\u00e6setid\" \/>\n\t<meta name=\"twitter:data1\" content=\"1 minut\" \/>\n<script type=\"application\/ld+json\" class=\"yoast-schema-graph\">{\"@context\":\"https:\/\/schema.org\",\"@graph\":[{\"@type\":\"WebPage\",\"@id\":\"https:\/\/www.dui.dk\/nonfirmation-kolding\/\",\"url\":\"https:\/\/www.dui.dk\/nonfirmation-kolding\/\",\"name\":\"Forside - Nonfirmation i Kolding\",\"isPartOf\":{\"@id\":\"https:\/\/www.dui.dk\/nonfirmation-kolding\/#website\"},\"datePublished\":\"2016-12-02T10:33:03+00:00\",\"dateModified\":\"2025-08-27T08:19:40+00:00\",\"breadcrumb\":{\"@id\":\"https:\/\/www.dui.dk\/nonfirmation-kolding\/#breadcrumb\"},\"inLanguage\":\"da-DK\",\"potentialAction\":[{\"@type\":\"ReadAction\",\"target\":[\"https:\/\/www.dui.dk\/nonfirmation-kolding\/\"]}]},{\"@type\":\"BreadcrumbList\",\"@id\":\"https:\/\/www.dui.dk\/nonfirmation-kolding\/#breadcrumb\",\"itemListElement\":[{\"@type\":\"ListItem\",\"position\":1,\"name\":\"Hjem\",\"item\":\"https:\/\/www.dui.dk\/nonfirmation-kolding\/\"},{\"@type\":\"ListItem\",\"position\":2,\"name\":\"Forside\"}]},{\"@type\":\"WebSite\",\"@id\":\"https:\/\/www.dui.dk\/nonfirmation-kolding\/#website\",\"url\":\"https:\/\/www.dui.dk\/nonfirmation-kolding\/\",\"name\":\"Nonfirmation i Kolding\",\"description\":\"Bliv nonfirmeret med DUI Kolding\",\"potentialAction\":[{\"@type\":\"SearchAction\",\"target\":{\"@type\":\"EntryPoint\",\"urlTemplate\":\"https:\/\/www.dui.dk\/nonfirmation-kolding\/?s={search_term_string}\"},\"query-input\":{\"@type\":\"PropertyValueSpecification\",\"valueRequired\":true,\"valueName\":\"search_term_string\"}}],\"inLanguage\":\"da-DK\"}]}<\/script>\n<!-- \/ Yoast SEO plugin. -->","yoast_head_json":{"title":"Forside - Nonfirmation i Kolding","robots":{"index":"index","follow":"follow","max-snippet":"max-snippet:-1","max-image-preview":"max-image-preview:large","max-video-preview":"max-video-preview:-1"},"canonical":"https:\/\/www.dui.dk\/nonfirmation-kolding\/","og_locale":"da_DK","og_type":"article","og_title":"Forside - Nonfirmation i Kolding","og_description":"Nonfirmation i Kolding Kommende Nonfirmationer i Kolding L\u00f8rdag d. 2. maj 2026 kl. 11.00. Kom med Vi vil gerne invitere dig \/ jer til, sammen med andre nonfirmander, at f\u00e5 en mindev\u00e6rdig oplevelse. Den l\u00f8rdag hvor vi holder nonfirmation summer det af musik, sang og latter. Vi synger nogle sange og lytter til et par &hellip;","og_url":"https:\/\/www.dui.dk\/nonfirmation-kolding\/","og_site_name":"Nonfirmation i Kolding","article_modified_time":"2025-08-27T08:19:40+00:00","twitter_card":"summary_large_image","twitter_misc":{"Estimeret l\u00e6setid":"1 minut"},"schema":{"@context":"https:\/\/schema.org","@graph":[{"@type":"WebPage","@id":"https:\/\/www.dui.dk\/nonfirmation-kolding\/","url":"https:\/\/www.dui.dk\/nonfirmation-kolding\/","name":"Forside - Nonfirmation i Kolding","isPartOf":{"@id":"https:\/\/www.dui.dk\/nonfirmation-kolding\/#website"},"datePublished":"2016-12-02T10:33:03+00:00","dateModified":"2025-08-27T08:19:40+00:00","breadcrumb":{"@id":"https:\/\/www.dui.dk\/nonfirmation-kolding\/#breadcrumb"},"inLanguage":"da-DK","potentialAction":[{"@type":"ReadAction","target":["https:\/\/www.dui.dk\/nonfirmation-kolding\/"]}]},{"@type":"BreadcrumbList","@id":"https:\/\/www.dui.dk\/nonfirmation-kolding\/#breadcrumb","itemListElement":[{"@type":"ListItem","position":1,"name":"Hjem","item":"https:\/\/www.dui.dk\/nonfirmation-kolding\/"},{"@type":"ListItem","position":2,"name":"Forside"}]},{"@type":"WebSite","@id":"https:\/\/www.dui.dk\/nonfirmation-kolding\/#website","url":"https:\/\/www.dui.dk\/nonfirmation-kolding\/","name":"Nonfirmation i Kolding","description":"Bliv nonfirmeret med DUI Kolding","potentialAction":[{"@type":"SearchAction","target":{"@type":"EntryPoint","urlTemplate":"https:\/\/www.dui.dk\/nonfirmation-kolding\/?s={search_term_string}"},"query-input":{"@type":"PropertyValueSpecification","valueRequired":true,"valueName":"search_term_string"}}],"inLanguage":"da-DK"}]}},"_links":{"self":[{"href":"https:\/\/www.dui.dk\/nonfirmation-kolding\/wp-json\/wp\/v2\/pages\/2","targetHints":{"allow":["GET"]}}],"collection":[{"href":"https:\/\/www.dui.dk\/nonfirmation-kolding\/wp-json\/wp\/v2\/pages"}],"about":[{"href":"https:\/\/www.dui.dk\/nonfirmation-kolding\/wp-json\/wp\/v2\/types\/page"}],"author":[{"embeddable":true,"href":"https:\/\/www.dui.dk\/nonfirmation-kolding\/wp-json\/wp\/v2\/users\/4"}],"replies":[{"embeddable":true,"href":"https:\/\/www.dui.dk\/nonfirmation-kolding\/wp-json\/wp\/v2\/comments?post=2"}],"version-history":[{"count":4,"href":"https:\/\/www.dui.dk\/nonfirmation-kolding\/wp-json\/wp\/v2\/pages\/2\/revisions"}],"predecessor-version":[{"id":72,"href":"https:\/\/www.dui.dk\/nonfirmation-kolding\/wp-json\/wp\/v2\/pages\/2\/revisions\/72"}],"wp:attachment":[{"href":"https:\/\/www.dui.dk\/nonfirmation-kolding\/wp-json\/wp\/v2\/media?parent=2"}],"curies":[{"name":"wp","href":"https:\/\/api.w.org\/{rel}","templated":true}]}}