{"id":2,"date":"2016-11-18T13:22:39","date_gmt":"2016-11-18T13:22:39","guid":{"rendered":"http:\/\/www.dui.dk\/nonfirmation-kobenhavn\/?page_id=2"},"modified":"2025-11-26T09:15:05","modified_gmt":"2025-11-26T09:15:05","slug":"forside","status":"publish","type":"page","link":"https:\/\/www.dui.dk\/nonfirmation-kobenhavn\/","title":{"rendered":"Forside"},"content":{"rendered":"<h2>Demokratiets Konfirmation i K\u00f8benhavn<\/h2>\r\n<p>Arbejdermuseet og DUI \u2013 LEG og VIRKE tilbyder Demokratiets konfirmation til for\u00e5ret 2026.<\/p>\r\n<p>Med Demokratiets Konfirmation f\u00e5r du styrket din demokratiske selvtillid og dine kompetencer til at forts\u00e6tte p\u00e5 egen h\u00e5nd ind i voksenlivet. Sammen med holdet skal du bes\u00f8ge\u00a0Arbejdermuseet\u00a0og\u00a0Folketinget, hvor vi har forberedt\u00a0to hele l\u00f8rdage fyldt med sp\u00e6ndende m\u00f8der med politikere, NGO\u2019er og fagligt aktive, hands-on workshop, hvor du \u00f8ver dig i nogle af demokratiets vigtigste metoder og redskaber.\u00a0<\/p>\r\n<p>Som afslutning bliver du sammen med dit hold fejret ved en markering p\u00e5 Arbejdermuseet. Det bliver en garanteret smuk og mindev\u00e6rdig fejring, hvor din n\u00e6rmeste familie og venner kan v\u00e6re med. P\u00e5 denne dejlige dag vil det summe af musik, sang og latter, n\u00e5r DUI-LEG og VIRKE og Arbejdermuseet afholder \u00e5rets Demokratiets Konfirmation-arrangement i K\u00f8benhavn.<\/p>\r\n<p>Demokratiets konfirmation er for dig der \u00f8nsker en alternativ konfirmation, men dog vil markere den vigtige overgang p\u00e5 en mindev\u00e6rdig, meningsfuld og berigende m\u00e5de.\u00a0Du er mellem 13 og 15 \u00e5r og du har bop\u00e6l et sted i Danmark.<\/p>\r\n<!-- \/wp:post-content -->","protected":false},"excerpt":{"rendered":"<p>Demokratiets Konfirmation i K\u00f8benhavn Arbejdermuseet og DUI \u2013 LEG og VIRKE tilbyder Demokratiets konfirmation til for\u00e5ret 2026. Med Demokratiets Konfirmation f\u00e5r du styrket din demokratiske selvtillid og dine kompetencer til at forts\u00e6tte p\u00e5 egen h\u00e5nd ind i voksenlivet. Sammen med holdet skal du bes\u00f8ge\u00a0Arbejdermuseet\u00a0og\u00a0Folketinget, hvor vi har forberedt\u00a0to hele l\u00f8rdage fyldt med sp\u00e6ndende m\u00f8der med &hellip;<\/p>\n","protected":false},"author":4,"featured_media":0,"parent":0,"menu_order":0,"comment_status":"closed","ping_status":"open","template":"page-front-local.php","meta":{"_acf_changed":false,"footnotes":""},"class_list":["post-2","page","type-page","status-publish","hentry"],"acf":[],"yoast_head":"<!-- This site is optimized with the Yoast SEO plugin v27.1.1 - https:\/\/yoast.com\/product\/yoast-seo-wordpress\/ -->\n<title>Forside - Demokratiets Konfirmation i K\u00f8benhavn<\/title>\n<meta name=\"robots\" content=\"index, follow, max-snippet:-1, max-image-preview:large, max-video-preview:-1\" \/>\n<link rel=\"canonical\" href=\"https:\/\/www.dui.dk\/nonfirmation-kobenhavn\/\" \/>\n<meta property=\"og:locale\" content=\"da_DK\" \/>\n<meta property=\"og:type\" content=\"article\" \/>\n<meta property=\"og:title\" content=\"Forside - Demokratiets Konfirmation i K\u00f8benhavn\" \/>\n<meta property=\"og:description\" content=\"Demokratiets Konfirmation i K\u00f8benhavn Arbejdermuseet og DUI \u2013 LEG og VIRKE tilbyder Demokratiets konfirmation til for\u00e5ret 2026. Med Demokratiets Konfirmation f\u00e5r du styrket din demokratiske selvtillid og dine kompetencer til at forts\u00e6tte p\u00e5 egen h\u00e5nd ind i voksenlivet. Sammen med holdet skal du bes\u00f8ge\u00a0Arbejdermuseet\u00a0og\u00a0Folketinget, hvor vi har forberedt\u00a0to hele l\u00f8rdage fyldt med sp\u00e6ndende m\u00f8der med &hellip;\" \/>\n<meta property=\"og:url\" content=\"https:\/\/www.dui.dk\/nonfirmation-kobenhavn\/\" \/>\n<meta property=\"og:site_name\" content=\"Demokratiets Konfirmation i K\u00f8benhavn\" \/>\n<meta property=\"article:modified_time\" content=\"2025-11-26T09:15:05+00:00\" \/>\n<meta name=\"twitter:card\" content=\"summary_large_image\" \/>\n<meta name=\"twitter:label1\" content=\"Estimeret l\u00e6setid\" \/>\n\t<meta name=\"twitter:data1\" content=\"1 minut\" \/>\n<script type=\"application\/ld+json\" class=\"yoast-schema-graph\">{\"@context\":\"https:\/\/schema.org\",\"@graph\":[{\"@type\":\"WebPage\",\"@id\":\"https:\/\/www.dui.dk\/nonfirmation-kobenhavn\/\",\"url\":\"https:\/\/www.dui.dk\/nonfirmation-kobenhavn\/\",\"name\":\"Forside - Demokratiets Konfirmation i K\u00f8benhavn\",\"isPartOf\":{\"@id\":\"https:\/\/www.dui.dk\/nonfirmation-kobenhavn\/#website\"},\"datePublished\":\"2016-11-18T13:22:39+00:00\",\"dateModified\":\"2025-11-26T09:15:05+00:00\",\"breadcrumb\":{\"@id\":\"https:\/\/www.dui.dk\/nonfirmation-kobenhavn\/#breadcrumb\"},\"inLanguage\":\"da-DK\",\"potentialAction\":[{\"@type\":\"ReadAction\",\"target\":[\"https:\/\/www.dui.dk\/nonfirmation-kobenhavn\/\"]}]},{\"@type\":\"BreadcrumbList\",\"@id\":\"https:\/\/www.dui.dk\/nonfirmation-kobenhavn\/#breadcrumb\",\"itemListElement\":[{\"@type\":\"ListItem\",\"position\":1,\"name\":\"Hjem\",\"item\":\"https:\/\/www.dui.dk\/nonfirmation-kobenhavn\/\"},{\"@type\":\"ListItem\",\"position\":2,\"name\":\"Forside\"}]},{\"@type\":\"WebSite\",\"@id\":\"https:\/\/www.dui.dk\/nonfirmation-kobenhavn\/#website\",\"url\":\"https:\/\/www.dui.dk\/nonfirmation-kobenhavn\/\",\"name\":\"Demokratiets Konfirmation i K\u00f8benhavn\",\"description\":\"\",\"potentialAction\":[{\"@type\":\"SearchAction\",\"target\":{\"@type\":\"EntryPoint\",\"urlTemplate\":\"https:\/\/www.dui.dk\/nonfirmation-kobenhavn\/?s={search_term_string}\"},\"query-input\":{\"@type\":\"PropertyValueSpecification\",\"valueRequired\":true,\"valueName\":\"search_term_string\"}}],\"inLanguage\":\"da-DK\"}]}<\/script>\n<!-- \/ Yoast SEO plugin. -->","yoast_head_json":{"title":"Forside - Demokratiets Konfirmation i K\u00f8benhavn","robots":{"index":"index","follow":"follow","max-snippet":"max-snippet:-1","max-image-preview":"max-image-preview:large","max-video-preview":"max-video-preview:-1"},"canonical":"https:\/\/www.dui.dk\/nonfirmation-kobenhavn\/","og_locale":"da_DK","og_type":"article","og_title":"Forside - Demokratiets Konfirmation i K\u00f8benhavn","og_description":"Demokratiets Konfirmation i K\u00f8benhavn Arbejdermuseet og DUI \u2013 LEG og VIRKE tilbyder Demokratiets konfirmation til for\u00e5ret 2026. Med Demokratiets Konfirmation f\u00e5r du styrket din demokratiske selvtillid og dine kompetencer til at forts\u00e6tte p\u00e5 egen h\u00e5nd ind i voksenlivet. Sammen med holdet skal du bes\u00f8ge\u00a0Arbejdermuseet\u00a0og\u00a0Folketinget, hvor vi har forberedt\u00a0to hele l\u00f8rdage fyldt med sp\u00e6ndende m\u00f8der med &hellip;","og_url":"https:\/\/www.dui.dk\/nonfirmation-kobenhavn\/","og_site_name":"Demokratiets Konfirmation i K\u00f8benhavn","article_modified_time":"2025-11-26T09:15:05+00:00","twitter_card":"summary_large_image","twitter_misc":{"Estimeret l\u00e6setid":"1 minut"},"schema":{"@context":"https:\/\/schema.org","@graph":[{"@type":"WebPage","@id":"https:\/\/www.dui.dk\/nonfirmation-kobenhavn\/","url":"https:\/\/www.dui.dk\/nonfirmation-kobenhavn\/","name":"Forside - Demokratiets Konfirmation i K\u00f8benhavn","isPartOf":{"@id":"https:\/\/www.dui.dk\/nonfirmation-kobenhavn\/#website"},"datePublished":"2016-11-18T13:22:39+00:00","dateModified":"2025-11-26T09:15:05+00:00","breadcrumb":{"@id":"https:\/\/www.dui.dk\/nonfirmation-kobenhavn\/#breadcrumb"},"inLanguage":"da-DK","potentialAction":[{"@type":"ReadAction","target":["https:\/\/www.dui.dk\/nonfirmation-kobenhavn\/"]}]},{"@type":"BreadcrumbList","@id":"https:\/\/www.dui.dk\/nonfirmation-kobenhavn\/#breadcrumb","itemListElement":[{"@type":"ListItem","position":1,"name":"Hjem","item":"https:\/\/www.dui.dk\/nonfirmation-kobenhavn\/"},{"@type":"ListItem","position":2,"name":"Forside"}]},{"@type":"WebSite","@id":"https:\/\/www.dui.dk\/nonfirmation-kobenhavn\/#website","url":"https:\/\/www.dui.dk\/nonfirmation-kobenhavn\/","name":"Demokratiets Konfirmation i K\u00f8benhavn","description":"","potentialAction":[{"@type":"SearchAction","target":{"@type":"EntryPoint","urlTemplate":"https:\/\/www.dui.dk\/nonfirmation-kobenhavn\/?s={search_term_string}"},"query-input":{"@type":"PropertyValueSpecification","valueRequired":true,"valueName":"search_term_string"}}],"inLanguage":"da-DK"}]}},"_links":{"self":[{"href":"https:\/\/www.dui.dk\/nonfirmation-kobenhavn\/wp-json\/wp\/v2\/pages\/2","targetHints":{"allow":["GET"]}}],"collection":[{"href":"https:\/\/www.dui.dk\/nonfirmation-kobenhavn\/wp-json\/wp\/v2\/pages"}],"about":[{"href":"https:\/\/www.dui.dk\/nonfirmation-kobenhavn\/wp-json\/wp\/v2\/types\/page"}],"author":[{"embeddable":true,"href":"https:\/\/www.dui.dk\/nonfirmation-kobenhavn\/wp-json\/wp\/v2\/users\/4"}],"replies":[{"embeddable":true,"href":"https:\/\/www.dui.dk\/nonfirmation-kobenhavn\/wp-json\/wp\/v2\/comments?post=2"}],"version-history":[{"count":5,"href":"https:\/\/www.dui.dk\/nonfirmation-kobenhavn\/wp-json\/wp\/v2\/pages\/2\/revisions"}],"predecessor-version":[{"id":152,"href":"https:\/\/www.dui.dk\/nonfirmation-kobenhavn\/wp-json\/wp\/v2\/pages\/2\/revisions\/152"}],"wp:attachment":[{"href":"https:\/\/www.dui.dk\/nonfirmation-kobenhavn\/wp-json\/wp\/v2\/media?parent=2"}],"curies":[{"name":"wp","href":"https:\/\/api.w.org\/{rel}","templated":true}]}}