{"id":2,"date":"2016-08-26T12:30:27","date_gmt":"2016-08-26T12:30:27","guid":{"rendered":"http:\/\/dui.demo.supertusch.com\/nisser\/?page_id=2"},"modified":"2016-10-13T08:44:33","modified_gmt":"2016-10-13T08:44:33","slug":"eksempel-side","status":"publish","type":"page","link":"https:\/\/www.dui.dk\/nisser\/","title":{"rendered":"Forside"},"content":{"rendered":"<div class=\"entry-content\">\n<p>DUI \u2013 LEG og VIRKE\u00b4s NISSER I AARHUS tager ud til alle slags juletr\u00e6sfester, vi har flere nissehold som kan varieres i st\u00f8rrelse alt efter hvor stort et arrangement vi skal lave julel\u00f8jer for.<\/p>\n<div>\n<p>som minimum kommer der dog 1 nissefar, 1 nissemor, 2 voksne nisser, 5 nisseb\u00f8rn, 2 teknikere, alts\u00e5 ca. 10-12 personer mens der til de helt store juletr\u00e6sfester kommer ca. 25 personer.<\/p>\n<p>Bestilling af nissefamilier sker ved henvendelse til.<\/p>\n<p>Sebastian Jul (Se kontakt info).<\/p>\n<\/div>\n<\/div>\n","protected":false},"excerpt":{"rendered":"<p>DUI \u2013 LEG og VIRKE\u00b4s NISSER I AARHUS tager ud til alle slags juletr\u00e6sfester, vi har flere nissehold som kan varieres i st\u00f8rrelse alt efter hvor stort et arrangement vi skal lave julel\u00f8jer for. som minimum kommer der dog 1 nissefar, 1 nissemor, 2 voksne nisser, 5 nisseb\u00f8rn, 2 teknikere, alts\u00e5 ca. 10-12 personer mens &hellip;<\/p>\n","protected":false},"author":3,"featured_media":8,"parent":0,"menu_order":0,"comment_status":"closed","ping_status":"open","template":"page-front-local.php","meta":{"_acf_changed":false,"footnotes":""},"class_list":["post-2","page","type-page","status-publish","has-post-thumbnail","hentry"],"acf":[],"yoast_head":"<!-- This site is optimized with the Yoast SEO plugin v27.1.1 - https:\/\/yoast.com\/product\/yoast-seo-wordpress\/ -->\n<title>Forside - Nisser i Aarhus<\/title>\n<meta name=\"robots\" content=\"index, follow, max-snippet:-1, max-image-preview:large, max-video-preview:-1\" \/>\n<link rel=\"canonical\" href=\"https:\/\/www.dui.dk\/nisser\/\" \/>\n<meta property=\"og:locale\" content=\"da_DK\" \/>\n<meta property=\"og:type\" content=\"article\" \/>\n<meta property=\"og:title\" content=\"Forside - Nisser i Aarhus\" \/>\n<meta property=\"og:description\" content=\"DUI \u2013 LEG og VIRKE\u00b4s NISSER I AARHUS tager ud til alle slags juletr\u00e6sfester, vi har flere nissehold som kan varieres i st\u00f8rrelse alt efter hvor stort et arrangement vi skal lave julel\u00f8jer for. som minimum kommer der dog 1 nissefar, 1 nissemor, 2 voksne nisser, 5 nisseb\u00f8rn, 2 teknikere, alts\u00e5 ca. 10-12 personer mens &hellip;\" \/>\n<meta property=\"og:url\" content=\"https:\/\/www.dui.dk\/nisser\/\" \/>\n<meta property=\"og:site_name\" content=\"Nisser i Aarhus\" \/>\n<meta property=\"article:modified_time\" content=\"2016-10-13T08:44:33+00:00\" \/>\n<meta property=\"og:image\" content=\"https:\/\/www.dui.dk\/nisser\/wp-content\/uploads\/sites\/52\/2016\/08\/Nisser.png\" \/>\n\t<meta property=\"og:image:width\" content=\"1575\" \/>\n\t<meta property=\"og:image:height\" content=\"693\" \/>\n\t<meta property=\"og:image:type\" content=\"image\/png\" \/>\n<meta name=\"twitter:card\" content=\"summary_large_image\" \/>\n<script type=\"application\/ld+json\" class=\"yoast-schema-graph\">{\"@context\":\"https:\/\/schema.org\",\"@graph\":[{\"@type\":\"WebPage\",\"@id\":\"https:\/\/www.dui.dk\/nisser\/\",\"url\":\"https:\/\/www.dui.dk\/nisser\/\",\"name\":\"Forside - Nisser i Aarhus\",\"isPartOf\":{\"@id\":\"https:\/\/www.dui.dk\/nisser\/#website\"},\"primaryImageOfPage\":{\"@id\":\"https:\/\/www.dui.dk\/nisser\/#primaryimage\"},\"image\":{\"@id\":\"https:\/\/www.dui.dk\/nisser\/#primaryimage\"},\"thumbnailUrl\":\"https:\/\/www.dui.dk\/nisser\/wp-content\/uploads\/sites\/52\/2016\/08\/Nisser.png\",\"datePublished\":\"2016-08-26T12:30:27+00:00\",\"dateModified\":\"2016-10-13T08:44:33+00:00\",\"breadcrumb\":{\"@id\":\"https:\/\/www.dui.dk\/nisser\/#breadcrumb\"},\"inLanguage\":\"da-DK\",\"potentialAction\":[{\"@type\":\"ReadAction\",\"target\":[\"https:\/\/www.dui.dk\/nisser\/\"]}]},{\"@type\":\"ImageObject\",\"inLanguage\":\"da-DK\",\"@id\":\"https:\/\/www.dui.dk\/nisser\/#primaryimage\",\"url\":\"https:\/\/www.dui.dk\/nisser\/wp-content\/uploads\/sites\/52\/2016\/08\/Nisser.png\",\"contentUrl\":\"https:\/\/www.dui.dk\/nisser\/wp-content\/uploads\/sites\/52\/2016\/08\/Nisser.png\",\"width\":1575,\"height\":693},{\"@type\":\"BreadcrumbList\",\"@id\":\"https:\/\/www.dui.dk\/nisser\/#breadcrumb\",\"itemListElement\":[{\"@type\":\"ListItem\",\"position\":1,\"name\":\"Hjem\",\"item\":\"https:\/\/www.dui.dk\/nisser\/\"},{\"@type\":\"ListItem\",\"position\":2,\"name\":\"Forside\"}]},{\"@type\":\"WebSite\",\"@id\":\"https:\/\/www.dui.dk\/nisser\/#website\",\"url\":\"https:\/\/www.dui.dk\/nisser\/\",\"name\":\"Nisser i Aarhus\",\"description\":\"DUIs Nisser i Aarhus\",\"potentialAction\":[{\"@type\":\"SearchAction\",\"target\":{\"@type\":\"EntryPoint\",\"urlTemplate\":\"https:\/\/www.dui.dk\/nisser\/?s={search_term_string}\"},\"query-input\":{\"@type\":\"PropertyValueSpecification\",\"valueRequired\":true,\"valueName\":\"search_term_string\"}}],\"inLanguage\":\"da-DK\"}]}<\/script>\n<!-- \/ Yoast SEO plugin. -->","yoast_head_json":{"title":"Forside - Nisser i Aarhus","robots":{"index":"index","follow":"follow","max-snippet":"max-snippet:-1","max-image-preview":"max-image-preview:large","max-video-preview":"max-video-preview:-1"},"canonical":"https:\/\/www.dui.dk\/nisser\/","og_locale":"da_DK","og_type":"article","og_title":"Forside - Nisser i Aarhus","og_description":"DUI \u2013 LEG og VIRKE\u00b4s NISSER I AARHUS tager ud til alle slags juletr\u00e6sfester, vi har flere nissehold som kan varieres i st\u00f8rrelse alt efter hvor stort et arrangement vi skal lave julel\u00f8jer for. som minimum kommer der dog 1 nissefar, 1 nissemor, 2 voksne nisser, 5 nisseb\u00f8rn, 2 teknikere, alts\u00e5 ca. 10-12 personer mens &hellip;","og_url":"https:\/\/www.dui.dk\/nisser\/","og_site_name":"Nisser i Aarhus","article_modified_time":"2016-10-13T08:44:33+00:00","og_image":[{"width":1575,"height":693,"url":"https:\/\/www.dui.dk\/nisser\/wp-content\/uploads\/sites\/52\/2016\/08\/Nisser.png","type":"image\/png"}],"twitter_card":"summary_large_image","schema":{"@context":"https:\/\/schema.org","@graph":[{"@type":"WebPage","@id":"https:\/\/www.dui.dk\/nisser\/","url":"https:\/\/www.dui.dk\/nisser\/","name":"Forside - Nisser i Aarhus","isPartOf":{"@id":"https:\/\/www.dui.dk\/nisser\/#website"},"primaryImageOfPage":{"@id":"https:\/\/www.dui.dk\/nisser\/#primaryimage"},"image":{"@id":"https:\/\/www.dui.dk\/nisser\/#primaryimage"},"thumbnailUrl":"https:\/\/www.dui.dk\/nisser\/wp-content\/uploads\/sites\/52\/2016\/08\/Nisser.png","datePublished":"2016-08-26T12:30:27+00:00","dateModified":"2016-10-13T08:44:33+00:00","breadcrumb":{"@id":"https:\/\/www.dui.dk\/nisser\/#breadcrumb"},"inLanguage":"da-DK","potentialAction":[{"@type":"ReadAction","target":["https:\/\/www.dui.dk\/nisser\/"]}]},{"@type":"ImageObject","inLanguage":"da-DK","@id":"https:\/\/www.dui.dk\/nisser\/#primaryimage","url":"https:\/\/www.dui.dk\/nisser\/wp-content\/uploads\/sites\/52\/2016\/08\/Nisser.png","contentUrl":"https:\/\/www.dui.dk\/nisser\/wp-content\/uploads\/sites\/52\/2016\/08\/Nisser.png","width":1575,"height":693},{"@type":"BreadcrumbList","@id":"https:\/\/www.dui.dk\/nisser\/#breadcrumb","itemListElement":[{"@type":"ListItem","position":1,"name":"Hjem","item":"https:\/\/www.dui.dk\/nisser\/"},{"@type":"ListItem","position":2,"name":"Forside"}]},{"@type":"WebSite","@id":"https:\/\/www.dui.dk\/nisser\/#website","url":"https:\/\/www.dui.dk\/nisser\/","name":"Nisser i Aarhus","description":"DUIs Nisser i Aarhus","potentialAction":[{"@type":"SearchAction","target":{"@type":"EntryPoint","urlTemplate":"https:\/\/www.dui.dk\/nisser\/?s={search_term_string}"},"query-input":{"@type":"PropertyValueSpecification","valueRequired":true,"valueName":"search_term_string"}}],"inLanguage":"da-DK"}]}},"_links":{"self":[{"href":"https:\/\/www.dui.dk\/nisser\/wp-json\/wp\/v2\/pages\/2","targetHints":{"allow":["GET"]}}],"collection":[{"href":"https:\/\/www.dui.dk\/nisser\/wp-json\/wp\/v2\/pages"}],"about":[{"href":"https:\/\/www.dui.dk\/nisser\/wp-json\/wp\/v2\/types\/page"}],"author":[{"embeddable":true,"href":"https:\/\/www.dui.dk\/nisser\/wp-json\/wp\/v2\/users\/3"}],"replies":[{"embeddable":true,"href":"https:\/\/www.dui.dk\/nisser\/wp-json\/wp\/v2\/comments?post=2"}],"version-history":[{"count":3,"href":"https:\/\/www.dui.dk\/nisser\/wp-json\/wp\/v2\/pages\/2\/revisions"}],"predecessor-version":[{"id":27,"href":"https:\/\/www.dui.dk\/nisser\/wp-json\/wp\/v2\/pages\/2\/revisions\/27"}],"wp:featuredmedia":[{"embeddable":true,"href":"https:\/\/www.dui.dk\/nisser\/wp-json\/wp\/v2\/media\/8"}],"wp:attachment":[{"href":"https:\/\/www.dui.dk\/nisser\/wp-json\/wp\/v2\/media?parent=2"}],"curies":[{"name":"wp","href":"https:\/\/api.w.org\/{rel}","templated":true}]}}