{"id":111,"date":"2023-06-20T09:58:56","date_gmt":"2023-06-20T09:58:56","guid":{"rendered":"https:\/\/www.dui.dk\/luu\/?page_id=111"},"modified":"2023-06-26T08:12:02","modified_gmt":"2023-06-26T08:12:02","slug":"luus-opgaver","status":"publish","type":"page","link":"https:\/\/www.dui.dk\/luu\/luus-opgaver\/","title":{"rendered":"LUUs opgaver"},"content":{"rendered":"<p>LandsUngdomsUdvalget der i daglig tale kaldes for LUU. Er DUI-LEG og VIRKEs landsd\u00e6kkende udvalg for unge. Udvalget best\u00e5r af unge der v\u00e6lges for en periode til at sidde i udvalget. Her har de til opgave at lave aktiviteter for unge fra 13-25 \u00e5r. Her p\u00e5 siden kan du l\u00e6se meget mere om udvalget og de aktiviteter der tilbydes.<\/p>\n<p>Som udgangspunkt arrangerer og gennemf\u00f8re udvalget to ungdomstr\u00e6f hvert \u00e5r. Et i uge 9 og et i uge 45. Tema og indholdet for tr\u00e6ffene varierer rigtig meget. Tidligere har temaerne f.eks. v\u00e6re Venskab, K\u00e6rlighed, Comedy, Survival og Masterchef.\u00a0 Men f\u00e6lles for alle udvalgets aktiviteter er, at f\u00e6llesskab og hygge er en meget vigtig del. Udover de faste tr\u00e6f kan udvalget ogs\u00e5 finde p\u00e5 at arrangerer andre aktiviteter. F.eks. ungdomssommerlejr eller specielle ungdomsaktiviteter p\u00e5 andre landsd\u00e6kkende ture.<\/p>\n","protected":false},"excerpt":{"rendered":"<p>LandsUngdomsUdvalget der i daglig tale kaldes for LUU. Er DUI-LEG og VIRKEs landsd\u00e6kkende udvalg for unge. Udvalget best\u00e5r af unge der v\u00e6lges for en periode til at sidde i udvalget. Her har de til opgave at lave aktiviteter for unge fra 13-25 \u00e5r. Her p\u00e5 siden kan du l\u00e6se meget mere om udvalget og de [&hellip;]<\/p>\n","protected":false},"author":4,"featured_media":0,"parent":0,"menu_order":0,"comment_status":"closed","ping_status":"closed","template":"","meta":{"_acf_changed":false,"footnotes":""},"class_list":["post-111","page","type-page","status-publish","hentry"],"acf":[],"yoast_head":"<!-- This site is optimized with the Yoast SEO plugin v27.1.1 - https:\/\/yoast.com\/product\/yoast-seo-wordpress\/ -->\n<title>LUUs opgaver -<\/title>\n<meta name=\"robots\" content=\"index, follow, max-snippet:-1, max-image-preview:large, max-video-preview:-1\" \/>\n<link rel=\"canonical\" href=\"https:\/\/www.dui.dk\/luu\/luus-opgaver\/\" \/>\n<meta property=\"og:locale\" content=\"da_DK\" \/>\n<meta property=\"og:type\" content=\"article\" \/>\n<meta property=\"og:title\" content=\"LUUs opgaver -\" \/>\n<meta property=\"og:description\" content=\"LandsUngdomsUdvalget der i daglig tale kaldes for LUU. Er DUI-LEG og VIRKEs landsd\u00e6kkende udvalg for unge. Udvalget best\u00e5r af unge der v\u00e6lges for en periode til at sidde i udvalget. Her har de til opgave at lave aktiviteter for unge fra 13-25 \u00e5r. Her p\u00e5 siden kan du l\u00e6se meget mere om udvalget og de [&hellip;]\" \/>\n<meta property=\"og:url\" content=\"https:\/\/www.dui.dk\/luu\/luus-opgaver\/\" \/>\n<meta property=\"article:modified_time\" content=\"2023-06-26T08:12:02+00:00\" \/>\n<meta name=\"twitter:card\" content=\"summary_large_image\" \/>\n<meta name=\"twitter:label1\" content=\"Estimeret l\u00e6setid\" \/>\n\t<meta name=\"twitter:data1\" content=\"1 minut\" \/>\n<script type=\"application\/ld+json\" class=\"yoast-schema-graph\">{\"@context\":\"https:\/\/schema.org\",\"@graph\":[{\"@type\":\"WebPage\",\"@id\":\"https:\/\/www.dui.dk\/luu\/luus-opgaver\/\",\"url\":\"https:\/\/www.dui.dk\/luu\/luus-opgaver\/\",\"name\":\"LUUs opgaver -\",\"isPartOf\":{\"@id\":\"https:\/\/www.dui.dk\/luu\/#website\"},\"datePublished\":\"2023-06-20T09:58:56+00:00\",\"dateModified\":\"2023-06-26T08:12:02+00:00\",\"breadcrumb\":{\"@id\":\"https:\/\/www.dui.dk\/luu\/luus-opgaver\/#breadcrumb\"},\"inLanguage\":\"da-DK\",\"potentialAction\":[{\"@type\":\"ReadAction\",\"target\":[\"https:\/\/www.dui.dk\/luu\/luus-opgaver\/\"]}]},{\"@type\":\"BreadcrumbList\",\"@id\":\"https:\/\/www.dui.dk\/luu\/luus-opgaver\/#breadcrumb\",\"itemListElement\":[{\"@type\":\"ListItem\",\"position\":1,\"name\":\"Hjem\",\"item\":\"https:\/\/www.dui.dk\/luu\/\"},{\"@type\":\"ListItem\",\"position\":2,\"name\":\"LUUs opgaver\"}]},{\"@type\":\"WebSite\",\"@id\":\"https:\/\/www.dui.dk\/luu\/#website\",\"url\":\"https:\/\/www.dui.dk\/luu\/\",\"name\":\"\",\"description\":\"Endnu en DUI-LEG og VIRKE lokalafdelinger-side\",\"potentialAction\":[{\"@type\":\"SearchAction\",\"target\":{\"@type\":\"EntryPoint\",\"urlTemplate\":\"https:\/\/www.dui.dk\/luu\/?s={search_term_string}\"},\"query-input\":{\"@type\":\"PropertyValueSpecification\",\"valueRequired\":true,\"valueName\":\"search_term_string\"}}],\"inLanguage\":\"da-DK\"}]}<\/script>\n<!-- \/ Yoast SEO plugin. -->","yoast_head_json":{"title":"LUUs opgaver -","robots":{"index":"index","follow":"follow","max-snippet":"max-snippet:-1","max-image-preview":"max-image-preview:large","max-video-preview":"max-video-preview:-1"},"canonical":"https:\/\/www.dui.dk\/luu\/luus-opgaver\/","og_locale":"da_DK","og_type":"article","og_title":"LUUs opgaver -","og_description":"LandsUngdomsUdvalget der i daglig tale kaldes for LUU. Er DUI-LEG og VIRKEs landsd\u00e6kkende udvalg for unge. Udvalget best\u00e5r af unge der v\u00e6lges for en periode til at sidde i udvalget. Her har de til opgave at lave aktiviteter for unge fra 13-25 \u00e5r. Her p\u00e5 siden kan du l\u00e6se meget mere om udvalget og de [&hellip;]","og_url":"https:\/\/www.dui.dk\/luu\/luus-opgaver\/","article_modified_time":"2023-06-26T08:12:02+00:00","twitter_card":"summary_large_image","twitter_misc":{"Estimeret l\u00e6setid":"1 minut"},"schema":{"@context":"https:\/\/schema.org","@graph":[{"@type":"WebPage","@id":"https:\/\/www.dui.dk\/luu\/luus-opgaver\/","url":"https:\/\/www.dui.dk\/luu\/luus-opgaver\/","name":"LUUs opgaver -","isPartOf":{"@id":"https:\/\/www.dui.dk\/luu\/#website"},"datePublished":"2023-06-20T09:58:56+00:00","dateModified":"2023-06-26T08:12:02+00:00","breadcrumb":{"@id":"https:\/\/www.dui.dk\/luu\/luus-opgaver\/#breadcrumb"},"inLanguage":"da-DK","potentialAction":[{"@type":"ReadAction","target":["https:\/\/www.dui.dk\/luu\/luus-opgaver\/"]}]},{"@type":"BreadcrumbList","@id":"https:\/\/www.dui.dk\/luu\/luus-opgaver\/#breadcrumb","itemListElement":[{"@type":"ListItem","position":1,"name":"Hjem","item":"https:\/\/www.dui.dk\/luu\/"},{"@type":"ListItem","position":2,"name":"LUUs opgaver"}]},{"@type":"WebSite","@id":"https:\/\/www.dui.dk\/luu\/#website","url":"https:\/\/www.dui.dk\/luu\/","name":"","description":"Endnu en DUI-LEG og VIRKE lokalafdelinger-side","potentialAction":[{"@type":"SearchAction","target":{"@type":"EntryPoint","urlTemplate":"https:\/\/www.dui.dk\/luu\/?s={search_term_string}"},"query-input":{"@type":"PropertyValueSpecification","valueRequired":true,"valueName":"search_term_string"}}],"inLanguage":"da-DK"}]}},"_links":{"self":[{"href":"https:\/\/www.dui.dk\/luu\/wp-json\/wp\/v2\/pages\/111","targetHints":{"allow":["GET"]}}],"collection":[{"href":"https:\/\/www.dui.dk\/luu\/wp-json\/wp\/v2\/pages"}],"about":[{"href":"https:\/\/www.dui.dk\/luu\/wp-json\/wp\/v2\/types\/page"}],"author":[{"embeddable":true,"href":"https:\/\/www.dui.dk\/luu\/wp-json\/wp\/v2\/users\/4"}],"replies":[{"embeddable":true,"href":"https:\/\/www.dui.dk\/luu\/wp-json\/wp\/v2\/comments?post=111"}],"version-history":[{"count":1,"href":"https:\/\/www.dui.dk\/luu\/wp-json\/wp\/v2\/pages\/111\/revisions"}],"predecessor-version":[{"id":112,"href":"https:\/\/www.dui.dk\/luu\/wp-json\/wp\/v2\/pages\/111\/revisions\/112"}],"wp:attachment":[{"href":"https:\/\/www.dui.dk\/luu\/wp-json\/wp\/v2\/media?parent=111"}],"curies":[{"name":"wp","href":"https:\/\/api.w.org\/{rel}","templated":true}]}}