{"id":37,"date":"2020-02-24T14:00:50","date_gmt":"2020-02-24T13:00:50","guid":{"rendered":"https:\/\/www.dui.dk\/jubi\/?page_id=37"},"modified":"2025-05-05T11:01:28","modified_gmt":"2025-05-05T09:01:28","slug":"aktiviteter-program","status":"publish","type":"page","link":"https:\/\/www.dui.dk\/jubi\/aktiviteter-program\/","title":{"rendered":"Program og aktiviteter"},"content":{"rendered":"<p><strong>Program for JUBI-lejr 2025<\/strong><\/p>\n<p>Der vil v\u00e6re mange aktiviteter og lege hver dag p\u00e5 lejren til alle aldersgrupper.<\/p>\n<p>Program og madplan kan ses her under eller downloades her: <a href=\"https:\/\/www.dui.dk\/jubi\/wp-content\/uploads\/sites\/80\/2025\/05\/Program-JUBI-lejr-2025.pdf\">Program JUBI-lejr 2025<\/a><\/p>\n<p><img loading=\"lazy\" decoding=\"async\" class=\"alignnone wp-image-313\" src=\"https:\/\/www.dui.dk\/jubi\/wp-content\/uploads\/sites\/80\/2025\/05\/Program-JUBI-lejr-2025-300x212.png\" alt=\"\" width=\"839\" height=\"593\" srcset=\"https:\/\/www.dui.dk\/jubi\/wp-content\/uploads\/sites\/80\/2025\/05\/Program-JUBI-lejr-2025-300x212.png 300w, https:\/\/www.dui.dk\/jubi\/wp-content\/uploads\/sites\/80\/2025\/05\/Program-JUBI-lejr-2025-1024x724.png 1024w, https:\/\/www.dui.dk\/jubi\/wp-content\/uploads\/sites\/80\/2025\/05\/Program-JUBI-lejr-2025-768x543.png 768w, https:\/\/www.dui.dk\/jubi\/wp-content\/uploads\/sites\/80\/2025\/05\/Program-JUBI-lejr-2025-600x424.png 600w, https:\/\/www.dui.dk\/jubi\/wp-content\/uploads\/sites\/80\/2025\/05\/Program-JUBI-lejr-2025-1536x1086.png 1536w, https:\/\/www.dui.dk\/jubi\/wp-content\/uploads\/sites\/80\/2025\/05\/Program-JUBI-lejr-2025.png 2000w\" sizes=\"auto, (max-width: 839px) 100vw, 839px\" \/><\/p>\n<p>&nbsp;<\/p>\n<p>Ved sp\u00f8rgsm\u00e5l s\u00e5 skriv til Olivia p\u00e5 olivia@dui.dk.<\/p>\n<p>&nbsp;<\/p>\n<p>St\u00f8ttet af Arbejdsmarkedets Feriefond<\/p>\n<p><img loading=\"lazy\" decoding=\"async\" class=\"alignnone size-medium wp-image-297\" src=\"https:\/\/www.dui.dk\/jubi\/wp-content\/uploads\/sites\/80\/2025\/03\/affLogoSmall-300x59.png\" alt=\"\" width=\"300\" height=\"59\" srcset=\"https:\/\/www.dui.dk\/jubi\/wp-content\/uploads\/sites\/80\/2025\/03\/affLogoSmall-300x59.png 300w, https:\/\/www.dui.dk\/jubi\/wp-content\/uploads\/sites\/80\/2025\/03\/affLogoSmall.png 471w\" sizes=\"auto, (max-width: 300px) 100vw, 300px\" \/><\/p>\n","protected":false},"excerpt":{"rendered":"<p>Program for JUBI-lejr 2025 Der vil v\u00e6re mange aktiviteter og lege hver dag p\u00e5 lejren til alle aldersgrupper. Program og madplan kan ses her under eller downloades her: Program JUBI-lejr 2025 &nbsp; Ved sp\u00f8rgsm\u00e5l s\u00e5 skriv til Olivia p\u00e5 olivia@dui.dk. &nbsp; St\u00f8ttet af Arbejdsmarkedets Feriefond<\/p>\n","protected":false},"author":4,"featured_media":0,"parent":0,"menu_order":0,"comment_status":"closed","ping_status":"closed","template":"","meta":{"_acf_changed":false,"footnotes":""},"class_list":["post-37","page","type-page","status-publish","hentry"],"acf":[],"yoast_head":"<!-- This site is optimized with the Yoast SEO plugin v27.1.1 - https:\/\/yoast.com\/product\/yoast-seo-wordpress\/ -->\n<title>Program og aktiviteter - JUBI-lejr<\/title>\n<meta name=\"robots\" content=\"index, follow, max-snippet:-1, max-image-preview:large, max-video-preview:-1\" \/>\n<link rel=\"canonical\" href=\"https:\/\/www.dui.dk\/jubi\/aktiviteter-program\/\" \/>\n<meta property=\"og:locale\" content=\"da_DK\" \/>\n<meta property=\"og:type\" content=\"article\" \/>\n<meta property=\"og:title\" content=\"Program og aktiviteter - JUBI-lejr\" \/>\n<meta property=\"og:description\" content=\"Program for JUBI-lejr 2025 Der vil v\u00e6re mange aktiviteter og lege hver dag p\u00e5 lejren til alle aldersgrupper. Program og madplan kan ses her under eller downloades her: Program JUBI-lejr 2025 &nbsp; Ved sp\u00f8rgsm\u00e5l s\u00e5 skriv til Olivia p\u00e5 olivia@dui.dk. &nbsp; St\u00f8ttet af Arbejdsmarkedets Feriefond\" \/>\n<meta property=\"og:url\" content=\"https:\/\/www.dui.dk\/jubi\/aktiviteter-program\/\" \/>\n<meta property=\"og:site_name\" content=\"JUBI-lejr\" \/>\n<meta property=\"article:modified_time\" content=\"2025-05-05T09:01:28+00:00\" \/>\n<meta property=\"og:image\" content=\"https:\/\/www.dui.dk\/jubi\/wp-content\/uploads\/sites\/80\/2025\/05\/Program-JUBI-lejr-2025.png\" \/>\n\t<meta property=\"og:image:width\" content=\"2000\" \/>\n\t<meta property=\"og:image:height\" content=\"1414\" \/>\n\t<meta property=\"og:image:type\" content=\"image\/png\" \/>\n<meta name=\"twitter:card\" content=\"summary_large_image\" \/>\n<meta name=\"twitter:label1\" content=\"Estimeret l\u00e6setid\" \/>\n\t<meta name=\"twitter:data1\" content=\"1 minut\" \/>\n<script type=\"application\/ld+json\" class=\"yoast-schema-graph\">{\"@context\":\"https:\/\/schema.org\",\"@graph\":[{\"@type\":\"WebPage\",\"@id\":\"https:\/\/www.dui.dk\/jubi\/aktiviteter-program\/\",\"url\":\"https:\/\/www.dui.dk\/jubi\/aktiviteter-program\/\",\"name\":\"Program og aktiviteter - JUBI-lejr\",\"isPartOf\":{\"@id\":\"https:\/\/www.dui.dk\/jubi\/#website\"},\"primaryImageOfPage\":{\"@id\":\"https:\/\/www.dui.dk\/jubi\/aktiviteter-program\/#primaryimage\"},\"image\":{\"@id\":\"https:\/\/www.dui.dk\/jubi\/aktiviteter-program\/#primaryimage\"},\"thumbnailUrl\":\"https:\/\/www.dui.dk\/jubi\/wp-content\/uploads\/sites\/80\/2025\/05\/Program-JUBI-lejr-2025-300x212.png\",\"datePublished\":\"2020-02-24T13:00:50+00:00\",\"dateModified\":\"2025-05-05T09:01:28+00:00\",\"breadcrumb\":{\"@id\":\"https:\/\/www.dui.dk\/jubi\/aktiviteter-program\/#breadcrumb\"},\"inLanguage\":\"da-DK\",\"potentialAction\":[{\"@type\":\"ReadAction\",\"target\":[\"https:\/\/www.dui.dk\/jubi\/aktiviteter-program\/\"]}]},{\"@type\":\"ImageObject\",\"inLanguage\":\"da-DK\",\"@id\":\"https:\/\/www.dui.dk\/jubi\/aktiviteter-program\/#primaryimage\",\"url\":\"https:\/\/www.dui.dk\/jubi\/wp-content\/uploads\/sites\/80\/2025\/05\/Program-JUBI-lejr-2025.png\",\"contentUrl\":\"https:\/\/www.dui.dk\/jubi\/wp-content\/uploads\/sites\/80\/2025\/05\/Program-JUBI-lejr-2025.png\",\"width\":2000,\"height\":1414},{\"@type\":\"BreadcrumbList\",\"@id\":\"https:\/\/www.dui.dk\/jubi\/aktiviteter-program\/#breadcrumb\",\"itemListElement\":[{\"@type\":\"ListItem\",\"position\":1,\"name\":\"Hjem\",\"item\":\"https:\/\/www.dui.dk\/jubi\/\"},{\"@type\":\"ListItem\",\"position\":2,\"name\":\"Program og aktiviteter\"}]},{\"@type\":\"WebSite\",\"@id\":\"https:\/\/www.dui.dk\/jubi\/#website\",\"url\":\"https:\/\/www.dui.dk\/jubi\/\",\"name\":\"JUBI-lejr\",\"description\":\"\",\"potentialAction\":[{\"@type\":\"SearchAction\",\"target\":{\"@type\":\"EntryPoint\",\"urlTemplate\":\"https:\/\/www.dui.dk\/jubi\/?s={search_term_string}\"},\"query-input\":{\"@type\":\"PropertyValueSpecification\",\"valueRequired\":true,\"valueName\":\"search_term_string\"}}],\"inLanguage\":\"da-DK\"}]}<\/script>\n<!-- \/ Yoast SEO plugin. -->","yoast_head_json":{"title":"Program og aktiviteter - JUBI-lejr","robots":{"index":"index","follow":"follow","max-snippet":"max-snippet:-1","max-image-preview":"max-image-preview:large","max-video-preview":"max-video-preview:-1"},"canonical":"https:\/\/www.dui.dk\/jubi\/aktiviteter-program\/","og_locale":"da_DK","og_type":"article","og_title":"Program og aktiviteter - JUBI-lejr","og_description":"Program for JUBI-lejr 2025 Der vil v\u00e6re mange aktiviteter og lege hver dag p\u00e5 lejren til alle aldersgrupper. Program og madplan kan ses her under eller downloades her: Program JUBI-lejr 2025 &nbsp; Ved sp\u00f8rgsm\u00e5l s\u00e5 skriv til Olivia p\u00e5 olivia@dui.dk. &nbsp; St\u00f8ttet af Arbejdsmarkedets Feriefond","og_url":"https:\/\/www.dui.dk\/jubi\/aktiviteter-program\/","og_site_name":"JUBI-lejr","article_modified_time":"2025-05-05T09:01:28+00:00","og_image":[{"width":2000,"height":1414,"url":"https:\/\/www.dui.dk\/jubi\/wp-content\/uploads\/sites\/80\/2025\/05\/Program-JUBI-lejr-2025.png","type":"image\/png"}],"twitter_card":"summary_large_image","twitter_misc":{"Estimeret l\u00e6setid":"1 minut"},"schema":{"@context":"https:\/\/schema.org","@graph":[{"@type":"WebPage","@id":"https:\/\/www.dui.dk\/jubi\/aktiviteter-program\/","url":"https:\/\/www.dui.dk\/jubi\/aktiviteter-program\/","name":"Program og aktiviteter - JUBI-lejr","isPartOf":{"@id":"https:\/\/www.dui.dk\/jubi\/#website"},"primaryImageOfPage":{"@id":"https:\/\/www.dui.dk\/jubi\/aktiviteter-program\/#primaryimage"},"image":{"@id":"https:\/\/www.dui.dk\/jubi\/aktiviteter-program\/#primaryimage"},"thumbnailUrl":"https:\/\/www.dui.dk\/jubi\/wp-content\/uploads\/sites\/80\/2025\/05\/Program-JUBI-lejr-2025-300x212.png","datePublished":"2020-02-24T13:00:50+00:00","dateModified":"2025-05-05T09:01:28+00:00","breadcrumb":{"@id":"https:\/\/www.dui.dk\/jubi\/aktiviteter-program\/#breadcrumb"},"inLanguage":"da-DK","potentialAction":[{"@type":"ReadAction","target":["https:\/\/www.dui.dk\/jubi\/aktiviteter-program\/"]}]},{"@type":"ImageObject","inLanguage":"da-DK","@id":"https:\/\/www.dui.dk\/jubi\/aktiviteter-program\/#primaryimage","url":"https:\/\/www.dui.dk\/jubi\/wp-content\/uploads\/sites\/80\/2025\/05\/Program-JUBI-lejr-2025.png","contentUrl":"https:\/\/www.dui.dk\/jubi\/wp-content\/uploads\/sites\/80\/2025\/05\/Program-JUBI-lejr-2025.png","width":2000,"height":1414},{"@type":"BreadcrumbList","@id":"https:\/\/www.dui.dk\/jubi\/aktiviteter-program\/#breadcrumb","itemListElement":[{"@type":"ListItem","position":1,"name":"Hjem","item":"https:\/\/www.dui.dk\/jubi\/"},{"@type":"ListItem","position":2,"name":"Program og aktiviteter"}]},{"@type":"WebSite","@id":"https:\/\/www.dui.dk\/jubi\/#website","url":"https:\/\/www.dui.dk\/jubi\/","name":"JUBI-lejr","description":"","potentialAction":[{"@type":"SearchAction","target":{"@type":"EntryPoint","urlTemplate":"https:\/\/www.dui.dk\/jubi\/?s={search_term_string}"},"query-input":{"@type":"PropertyValueSpecification","valueRequired":true,"valueName":"search_term_string"}}],"inLanguage":"da-DK"}]}},"_links":{"self":[{"href":"https:\/\/www.dui.dk\/jubi\/wp-json\/wp\/v2\/pages\/37","targetHints":{"allow":["GET"]}}],"collection":[{"href":"https:\/\/www.dui.dk\/jubi\/wp-json\/wp\/v2\/pages"}],"about":[{"href":"https:\/\/www.dui.dk\/jubi\/wp-json\/wp\/v2\/types\/page"}],"author":[{"embeddable":true,"href":"https:\/\/www.dui.dk\/jubi\/wp-json\/wp\/v2\/users\/4"}],"replies":[{"embeddable":true,"href":"https:\/\/www.dui.dk\/jubi\/wp-json\/wp\/v2\/comments?post=37"}],"version-history":[{"count":6,"href":"https:\/\/www.dui.dk\/jubi\/wp-json\/wp\/v2\/pages\/37\/revisions"}],"predecessor-version":[{"id":316,"href":"https:\/\/www.dui.dk\/jubi\/wp-json\/wp\/v2\/pages\/37\/revisions\/316"}],"wp:attachment":[{"href":"https:\/\/www.dui.dk\/jubi\/wp-json\/wp\/v2\/media?parent=37"}],"curies":[{"name":"wp","href":"https:\/\/api.w.org\/{rel}","templated":true}]}}