{"id":282,"date":"2025-03-03T10:28:27","date_gmt":"2025-03-03T09:28:27","guid":{"rendered":"https:\/\/www.dui.dk\/jubi\/?page_id=282"},"modified":"2025-05-05T10:24:04","modified_gmt":"2025-05-05T08:24:04","slug":"aff","status":"publish","type":"page","link":"https:\/\/www.dui.dk\/jubi\/aff\/","title":{"rendered":"JUBI-lejr hj\u00e6lp (s\u00f8g tilskud til lejren)"},"content":{"rendered":"<p>*Ans\u00f8g i bunden af siden*<\/p>\n<p>K\u00e6re Familier og k\u00e6re unge!<\/p>\n<p>Vi har f\u00e5et en st\u00f8rre bevillig fra Arbejdsmarkedets Feriefond, og vi er derfor glade for give JUBI-lejrhj\u00e6lp til \u00f8konomisk tr\u00e6ngte familier og unge med til DUI-LEG og VIRKE\u2019s jubil\u00e6umslejr, ogs\u00e5 kaldt JUBI-lejr i uge 31, fra tirsdag den 29. juli til s\u00f8ndag den 3. august 2025.<\/p>\n<p>Lejren finder sted p\u00e5 vores kursuscenter Ankersminde, og i \u00e5r bliver temaet noget helt s\u00e6rligt \u2013 vi skal nemlig p\u00e5 tidsrejse!<\/p>\n<p>I F\u00e5r muligheden for at dykke ned i sp\u00e6ndende historier fra fortiden, og opleve hvad fremtiden byder p\u00e5. Der vil v\u00e6re sjove og l\u00e6rerige aktiviteter for hele familien \u2013 fra leg og kreativitet til sport og samarbejde.<\/p>\n<p>For de unge deltagere vil der v\u00e6re en ungecamp, hvor de kan hygge sig med deres egne aktiviteter og m\u00f8de andre p\u00e5 samme alder. Dette omr\u00e5de giver mulighed for selvst\u00e6ndighed, venskaber og masser af sjov!<\/p>\n<p>Lejren er for b\u00f8rn og unge i alle aldre, og vi s\u00f8rger for, at der er noget for enhver smag. For dem af jer der ikke kender DUI, skal vi nok s\u00f8rge for at tage ekstra godt imod jer.<\/p>\n<p>Tag hele familien med p\u00e5 denne tidsrejse \u2013 det bliver en uge fyldt med f\u00e6llesskab, eventyr og uforglemmelige oplevelser!<\/p>\n<p>&nbsp;<\/p>\n<p><strong>Om JUBI-lejr hj\u00e6lp<\/strong><\/p>\n<p>JUBI-lejr hj\u00e6lp er m\u00e5lrettet familier og b\u00f8rn, der har behov for en pause fra hverdagen og en mulighed for at skabe gode minder i trygge rammer.\u00a0\u00a0\u00c5rets JUBI-lejr har temaet \u201dTidsrejser\u201d og er bygget op om fantasifulde og sjove aktiviteter for alle aldre.<\/p>\n<p>Vi fokuserer p\u00e5 familier og unge i alderen 14-18\u00e5r med begr\u00e6nsede \u00f8konomiske ressourcer, samt familier, der kan drage s\u00e6rlig gavn af opholdet ud fra sociale og mentale hensyn.<\/p>\n<p>Vi har plads til i alt 70 personer, som deltager som familie, samt 30 uledsagede unge mellem 14-18\u00e5r, hvor vi d\u00e6kker alle udgifter forbundet med lejren, undtagen lommepenge.<\/p>\n<p>Jubi-lejren er en sommerferieoplevelse. Ikke nok med at de f\u00e5r en uge fyldt med gode oplevelser, de f\u00e5r ogs\u00e5 noget at fort\u00e6lle i skolen efter sommerferien, lige som alle andre b\u00f8rn. Vores Jubi-lejr drives prim\u00e6rt af frivillige, der l\u00e6gger et stort arbejde i at g\u00f8re en forskel for de b\u00f8rn, som aldrig vil glemme dem for det.<\/p>\n<p><strong>\u00a0<\/strong><\/p>\n<p><strong>Hvem kan s\u00f8ge? <\/strong><\/p>\n<p><strong>Uanset om i s\u00f8ger som familiedeltagere eller om ans\u00f8gningen g\u00e6lder en ung, skal f\u00f8lgende kriterier v\u00e6re opfyldt, hvis man skal tages i betragtning til hj\u00e6lp til at d\u00e6kke alle udgifter til JUBI-lejren: <\/strong><\/p>\n<ul>\n<li>V\u00e6re enlig eller samboende\/gift fors\u00f8ger\n<ul>\n<li>som samboende skal I have samme bop\u00e6ls adresse.<\/li>\n<\/ul>\n<\/li>\n<li>V\u00e6re p\u00e5 \u00e9n af f\u00f8lgende overf\u00f8rselsindkomster (ved samboende\/gift skal begge v\u00e6re p\u00e5 overf\u00f8rselsindkomst):\n<ul>\n<li>Kontanthj\u00e6lp<\/li>\n<li>Ledighedsydelse<\/li>\n<li>Ressourceforl\u00f8bsydelse<\/li>\n<li>Revalideringsydelse<\/li>\n<li>Selvfors\u00f8rgelse\/Hjemrejseydelse\/Overgangsydelse<\/li>\n<li>Uddannelseshj\u00e6lp<\/li>\n<li>SU<\/li>\n<li>Sygedagpenge<\/li>\n<li>F\u00f8rtidspension<\/li>\n<\/ul>\n<\/li>\n<li>Som familiedeltagere skal der v\u00e6re hjemmeboende b\u00f8rn under 18 \u00e5r.<\/li>\n<\/ul>\n<p>Alle ans\u00f8gninger bliver <strong><em>verificeret af de sociale myndigheder<\/em><\/strong> i ans\u00f8gerens bop\u00e6lskommunerne. Dermed sikrer vi, at det er dem, der tr\u00e6nger mest, der f\u00e5r hj\u00e6lp.<\/p>\n<p>Vi g\u00f8r en ekstra indsats for at sende b\u00f8rnefamilier og unge afsted p\u00e5 JUBI-lejr fra lokalomr\u00e5de, hvor de nemt kan bevare kontakten med hinanden og forts\u00e6tte relationer, n\u00e5r hverdagen starter igen.<\/p>\n<p>&nbsp;<\/p>\n<h2><strong>Ans\u00f8g her:<\/strong><\/h2>\n<p><a href=\"https:\/\/form.jotform.com\/250653569428062\">Ans\u00f8gningsskema for familier (ans\u00f8gningsfrist 1. juni)<\/a> svar gives l\u00f8bende<\/p>\n<p><a href=\"https:\/\/form.jotform.com\/250654488367065\">Ans\u00f8gningsskema for unge (ans\u00f8gningsfrist 1. juni)<\/a> svar gives l\u00f8bende<\/p>\n<p>Ans\u00f8gningsskemaerne er krypterede, og kan kun tilg\u00e5es af autoriseret personale i DUI-LEG og VIRKE. Vi g\u00f8r opm\u00e6rksom p\u00e5 at vi kontakter bop\u00e6lskommuner for visitation ift. \u00f8konomiske krav til st\u00f8tte.<\/p>\n<p>&nbsp;<\/p>\n<p>St\u00f8ttet af Arbejdsmarkedets Feriefond<\/p>\n<p><img loading=\"lazy\" decoding=\"async\" class=\"alignnone size-medium wp-image-297\" src=\"https:\/\/www.dui.dk\/jubi\/wp-content\/uploads\/sites\/80\/2025\/03\/affLogoSmall-300x59.png\" alt=\"\" width=\"300\" height=\"59\" srcset=\"https:\/\/www.dui.dk\/jubi\/wp-content\/uploads\/sites\/80\/2025\/03\/affLogoSmall-300x59.png 300w, https:\/\/www.dui.dk\/jubi\/wp-content\/uploads\/sites\/80\/2025\/03\/affLogoSmall.png 471w\" sizes=\"auto, (max-width: 300px) 100vw, 300px\" \/><\/p>\n","protected":false},"excerpt":{"rendered":"<p>*Ans\u00f8g i bunden af siden* K\u00e6re Familier og k\u00e6re unge! Vi har f\u00e5et en st\u00f8rre bevillig fra Arbejdsmarkedets Feriefond, og vi er derfor glade for give JUBI-lejrhj\u00e6lp til \u00f8konomisk tr\u00e6ngte familier og unge med til DUI-LEG og VIRKE\u2019s jubil\u00e6umslejr, ogs\u00e5 kaldt JUBI-lejr i uge 31, fra tirsdag den 29. juli til s\u00f8ndag den 3. august [&hellip;]<\/p>\n","protected":false},"author":5,"featured_media":0,"parent":0,"menu_order":0,"comment_status":"closed","ping_status":"closed","template":"","meta":{"_acf_changed":false,"footnotes":""},"class_list":["post-282","page","type-page","status-publish","hentry"],"acf":[],"yoast_head":"<!-- This site is optimized with the Yoast SEO plugin v27.1.1 - https:\/\/yoast.com\/product\/yoast-seo-wordpress\/ -->\n<title>JUBI-lejr hj\u00e6lp (s\u00f8g tilskud til lejren) - JUBI-lejr<\/title>\n<meta name=\"robots\" content=\"index, follow, max-snippet:-1, max-image-preview:large, max-video-preview:-1\" \/>\n<link rel=\"canonical\" href=\"https:\/\/www.dui.dk\/jubi\/aff\/\" \/>\n<meta property=\"og:locale\" content=\"da_DK\" \/>\n<meta property=\"og:type\" content=\"article\" \/>\n<meta property=\"og:title\" content=\"JUBI-lejr hj\u00e6lp (s\u00f8g tilskud til lejren) - JUBI-lejr\" \/>\n<meta property=\"og:description\" content=\"*Ans\u00f8g i bunden af siden* K\u00e6re Familier og k\u00e6re unge! Vi har f\u00e5et en st\u00f8rre bevillig fra Arbejdsmarkedets Feriefond, og vi er derfor glade for give JUBI-lejrhj\u00e6lp til \u00f8konomisk tr\u00e6ngte familier og unge med til DUI-LEG og VIRKE\u2019s jubil\u00e6umslejr, ogs\u00e5 kaldt JUBI-lejr i uge 31, fra tirsdag den 29. juli til s\u00f8ndag den 3. august [&hellip;]\" \/>\n<meta property=\"og:url\" content=\"https:\/\/www.dui.dk\/jubi\/aff\/\" \/>\n<meta property=\"og:site_name\" content=\"JUBI-lejr\" \/>\n<meta property=\"article:modified_time\" content=\"2025-05-05T08:24:04+00:00\" \/>\n<meta property=\"og:image\" content=\"https:\/\/www.dui.dk\/jubi\/wp-content\/uploads\/sites\/80\/2025\/03\/affLogoSmall.png\" \/>\n\t<meta property=\"og:image:width\" content=\"471\" \/>\n\t<meta property=\"og:image:height\" content=\"93\" \/>\n\t<meta property=\"og:image:type\" content=\"image\/png\" \/>\n<meta name=\"twitter:card\" content=\"summary_large_image\" \/>\n<meta name=\"twitter:label1\" content=\"Estimeret l\u00e6setid\" \/>\n\t<meta name=\"twitter:data1\" content=\"4 minutter\" \/>\n<script type=\"application\/ld+json\" class=\"yoast-schema-graph\">{\"@context\":\"https:\/\/schema.org\",\"@graph\":[{\"@type\":\"WebPage\",\"@id\":\"https:\/\/www.dui.dk\/jubi\/aff\/\",\"url\":\"https:\/\/www.dui.dk\/jubi\/aff\/\",\"name\":\"JUBI-lejr hj\u00e6lp (s\u00f8g tilskud til lejren) - JUBI-lejr\",\"isPartOf\":{\"@id\":\"https:\/\/www.dui.dk\/jubi\/#website\"},\"primaryImageOfPage\":{\"@id\":\"https:\/\/www.dui.dk\/jubi\/aff\/#primaryimage\"},\"image\":{\"@id\":\"https:\/\/www.dui.dk\/jubi\/aff\/#primaryimage\"},\"thumbnailUrl\":\"https:\/\/www.dui.dk\/jubi\/wp-content\/uploads\/sites\/80\/2025\/03\/affLogoSmall-300x59.png\",\"datePublished\":\"2025-03-03T09:28:27+00:00\",\"dateModified\":\"2025-05-05T08:24:04+00:00\",\"breadcrumb\":{\"@id\":\"https:\/\/www.dui.dk\/jubi\/aff\/#breadcrumb\"},\"inLanguage\":\"da-DK\",\"potentialAction\":[{\"@type\":\"ReadAction\",\"target\":[\"https:\/\/www.dui.dk\/jubi\/aff\/\"]}]},{\"@type\":\"ImageObject\",\"inLanguage\":\"da-DK\",\"@id\":\"https:\/\/www.dui.dk\/jubi\/aff\/#primaryimage\",\"url\":\"https:\/\/www.dui.dk\/jubi\/wp-content\/uploads\/sites\/80\/2025\/03\/affLogoSmall.png\",\"contentUrl\":\"https:\/\/www.dui.dk\/jubi\/wp-content\/uploads\/sites\/80\/2025\/03\/affLogoSmall.png\",\"width\":471,\"height\":93},{\"@type\":\"BreadcrumbList\",\"@id\":\"https:\/\/www.dui.dk\/jubi\/aff\/#breadcrumb\",\"itemListElement\":[{\"@type\":\"ListItem\",\"position\":1,\"name\":\"Hjem\",\"item\":\"https:\/\/www.dui.dk\/jubi\/\"},{\"@type\":\"ListItem\",\"position\":2,\"name\":\"JUBI-lejr hj\u00e6lp (s\u00f8g tilskud til lejren)\"}]},{\"@type\":\"WebSite\",\"@id\":\"https:\/\/www.dui.dk\/jubi\/#website\",\"url\":\"https:\/\/www.dui.dk\/jubi\/\",\"name\":\"JUBI-lejr\",\"description\":\"\",\"potentialAction\":[{\"@type\":\"SearchAction\",\"target\":{\"@type\":\"EntryPoint\",\"urlTemplate\":\"https:\/\/www.dui.dk\/jubi\/?s={search_term_string}\"},\"query-input\":{\"@type\":\"PropertyValueSpecification\",\"valueRequired\":true,\"valueName\":\"search_term_string\"}}],\"inLanguage\":\"da-DK\"}]}<\/script>\n<!-- \/ Yoast SEO plugin. -->","yoast_head_json":{"title":"JUBI-lejr hj\u00e6lp (s\u00f8g tilskud til lejren) - JUBI-lejr","robots":{"index":"index","follow":"follow","max-snippet":"max-snippet:-1","max-image-preview":"max-image-preview:large","max-video-preview":"max-video-preview:-1"},"canonical":"https:\/\/www.dui.dk\/jubi\/aff\/","og_locale":"da_DK","og_type":"article","og_title":"JUBI-lejr hj\u00e6lp (s\u00f8g tilskud til lejren) - JUBI-lejr","og_description":"*Ans\u00f8g i bunden af siden* K\u00e6re Familier og k\u00e6re unge! Vi har f\u00e5et en st\u00f8rre bevillig fra Arbejdsmarkedets Feriefond, og vi er derfor glade for give JUBI-lejrhj\u00e6lp til \u00f8konomisk tr\u00e6ngte familier og unge med til DUI-LEG og VIRKE\u2019s jubil\u00e6umslejr, ogs\u00e5 kaldt JUBI-lejr i uge 31, fra tirsdag den 29. juli til s\u00f8ndag den 3. august [&hellip;]","og_url":"https:\/\/www.dui.dk\/jubi\/aff\/","og_site_name":"JUBI-lejr","article_modified_time":"2025-05-05T08:24:04+00:00","og_image":[{"width":471,"height":93,"url":"https:\/\/www.dui.dk\/jubi\/wp-content\/uploads\/sites\/80\/2025\/03\/affLogoSmall.png","type":"image\/png"}],"twitter_card":"summary_large_image","twitter_misc":{"Estimeret l\u00e6setid":"4 minutter"},"schema":{"@context":"https:\/\/schema.org","@graph":[{"@type":"WebPage","@id":"https:\/\/www.dui.dk\/jubi\/aff\/","url":"https:\/\/www.dui.dk\/jubi\/aff\/","name":"JUBI-lejr hj\u00e6lp (s\u00f8g tilskud til lejren) - JUBI-lejr","isPartOf":{"@id":"https:\/\/www.dui.dk\/jubi\/#website"},"primaryImageOfPage":{"@id":"https:\/\/www.dui.dk\/jubi\/aff\/#primaryimage"},"image":{"@id":"https:\/\/www.dui.dk\/jubi\/aff\/#primaryimage"},"thumbnailUrl":"https:\/\/www.dui.dk\/jubi\/wp-content\/uploads\/sites\/80\/2025\/03\/affLogoSmall-300x59.png","datePublished":"2025-03-03T09:28:27+00:00","dateModified":"2025-05-05T08:24:04+00:00","breadcrumb":{"@id":"https:\/\/www.dui.dk\/jubi\/aff\/#breadcrumb"},"inLanguage":"da-DK","potentialAction":[{"@type":"ReadAction","target":["https:\/\/www.dui.dk\/jubi\/aff\/"]}]},{"@type":"ImageObject","inLanguage":"da-DK","@id":"https:\/\/www.dui.dk\/jubi\/aff\/#primaryimage","url":"https:\/\/www.dui.dk\/jubi\/wp-content\/uploads\/sites\/80\/2025\/03\/affLogoSmall.png","contentUrl":"https:\/\/www.dui.dk\/jubi\/wp-content\/uploads\/sites\/80\/2025\/03\/affLogoSmall.png","width":471,"height":93},{"@type":"BreadcrumbList","@id":"https:\/\/www.dui.dk\/jubi\/aff\/#breadcrumb","itemListElement":[{"@type":"ListItem","position":1,"name":"Hjem","item":"https:\/\/www.dui.dk\/jubi\/"},{"@type":"ListItem","position":2,"name":"JUBI-lejr hj\u00e6lp (s\u00f8g tilskud til lejren)"}]},{"@type":"WebSite","@id":"https:\/\/www.dui.dk\/jubi\/#website","url":"https:\/\/www.dui.dk\/jubi\/","name":"JUBI-lejr","description":"","potentialAction":[{"@type":"SearchAction","target":{"@type":"EntryPoint","urlTemplate":"https:\/\/www.dui.dk\/jubi\/?s={search_term_string}"},"query-input":{"@type":"PropertyValueSpecification","valueRequired":true,"valueName":"search_term_string"}}],"inLanguage":"da-DK"}]}},"_links":{"self":[{"href":"https:\/\/www.dui.dk\/jubi\/wp-json\/wp\/v2\/pages\/282","targetHints":{"allow":["GET"]}}],"collection":[{"href":"https:\/\/www.dui.dk\/jubi\/wp-json\/wp\/v2\/pages"}],"about":[{"href":"https:\/\/www.dui.dk\/jubi\/wp-json\/wp\/v2\/types\/page"}],"author":[{"embeddable":true,"href":"https:\/\/www.dui.dk\/jubi\/wp-json\/wp\/v2\/users\/5"}],"replies":[{"embeddable":true,"href":"https:\/\/www.dui.dk\/jubi\/wp-json\/wp\/v2\/comments?post=282"}],"version-history":[{"count":5,"href":"https:\/\/www.dui.dk\/jubi\/wp-json\/wp\/v2\/pages\/282\/revisions"}],"predecessor-version":[{"id":311,"href":"https:\/\/www.dui.dk\/jubi\/wp-json\/wp\/v2\/pages\/282\/revisions\/311"}],"wp:attachment":[{"href":"https:\/\/www.dui.dk\/jubi\/wp-json\/wp\/v2\/media?parent=282"}],"curies":[{"name":"wp","href":"https:\/\/api.w.org\/{rel}","templated":true}]}}