{"id":2,"date":"2016-06-21T12:43:35","date_gmt":"2016-06-21T12:43:35","guid":{"rendered":"http:\/\/dui.demo.supertusch.com\/horsens\/?page_id=2"},"modified":"2019-03-27T12:17:15","modified_gmt":"2019-03-27T12:17:15","slug":"forside","status":"publish","type":"page","link":"https:\/\/www.dui.dk\/horsens\/","title":{"rendered":"Forside"},"content":{"rendered":"<h2>Velkommen til DUI &#8211; Horsens<\/h2>\n<p>DUI-LEG og VIRKE er en selvst\u00e6ndig, id\u00e9betonet b\u00f8rne- og ungdomsorganisation, der bygger p\u00e5 arbejderbev\u00e6gelsens grundholdninger.<\/p>\n<p>Det betyder, at form\u00e5let med DUI-LEG og VIRKE\u2019s aktiviteter er at give alle b\u00f8rn og unge mulighed for selvst\u00e6ndig udvikling i respekt for og i samarbejde med andre mennesker.<\/p>\n<p>Rygraden i DUI-LEG og VIRKE er vores mange lokale afdelinger i hele landet, hvor b\u00f8rn og voksne i f\u00e6llesskab planl\u00e6gger og gennemf\u00f8rer en masse sjove og sp\u00e6ndende aktiviteter. Det kan v\u00e6re musik og sang, idr\u00e6t for sjov, lejr- og hytteture, f\u00e6llesspisning, udvekslingsrejser, klatrev\u00e6gge, cirkus og g\u00f8gl, drageflyvning m.m. I DUI er det kun fantasien, der s\u00e6tter gr\u00e6nserne.<\/p>\n<p>P\u00e5 landsplan arbejder DUI-LEG og VIRKE konsekvent p\u00e5 at f\u00e5 sat b\u00f8rnene p\u00e5 den politiske dagsorden. I vort moderne og effektive samfund kommer b\u00f8rn og unge ofte i klemme i systemet, fordi de er en \u201dsvag\u201d gruppe uden stemmeret. Derfor er der brug for DUI-LEG og VIRKE som b\u00f8rnenes taler\u00f8r.<\/p>\n<p>Endelig skal DUI-LEG og VIRKE\u00b4s internationale arbejde ogs\u00e5 n\u00e6vnes.\u00a0Gennem udveksling mellem danske og udenlandske b\u00f8rn og unge skabes forst\u00e5else og respekt for andre kulturer. Og gennem deltagelse i konkrete solidaritetsprojekter knyttes b\u00e5ndene mellem b\u00f8rn i Danmark og i udviklingslandene.<\/p>\n<p>Det er i bund og grund det, som DUI-LEG og VIRKE handler om: At knytte venskaber p\u00e5 tv\u00e6rs af alle de skel, som vi ellers m\u00f8der i vort samfund<\/p>\n","protected":false},"excerpt":{"rendered":"<p>Velkommen til DUI &#8211; Horsens DUI-LEG og VIRKE er en selvst\u00e6ndig, id\u00e9betonet b\u00f8rne- og ungdomsorganisation, der bygger p\u00e5 arbejderbev\u00e6gelsens grundholdninger. Det betyder, at form\u00e5let med DUI-LEG og VIRKE\u2019s aktiviteter er at give alle b\u00f8rn og unge mulighed for selvst\u00e6ndig udvikling i respekt for og i samarbejde med andre mennesker. Rygraden i DUI-LEG og VIRKE er &hellip;<\/p>\n","protected":false},"author":3,"featured_media":8,"parent":0,"menu_order":0,"comment_status":"closed","ping_status":"open","template":"page-front-local.php","meta":{"_acf_changed":false,"footnotes":""},"class_list":["post-2","page","type-page","status-publish","has-post-thumbnail","hentry"],"acf":[],"yoast_head":"<!-- This site is optimized with the Yoast SEO plugin v27.1.1 - https:\/\/yoast.com\/product\/yoast-seo-wordpress\/ -->\n<title>Forside - DUI - Horsens<\/title>\n<meta name=\"robots\" content=\"index, follow, max-snippet:-1, max-image-preview:large, max-video-preview:-1\" \/>\n<link rel=\"canonical\" href=\"https:\/\/www.dui.dk\/horsens\/\" \/>\n<meta property=\"og:locale\" content=\"da_DK\" \/>\n<meta property=\"og:type\" content=\"article\" \/>\n<meta property=\"og:title\" content=\"Forside - DUI - Horsens\" \/>\n<meta property=\"og:description\" content=\"Velkommen til DUI &#8211; Horsens DUI-LEG og VIRKE er en selvst\u00e6ndig, id\u00e9betonet b\u00f8rne- og ungdomsorganisation, der bygger p\u00e5 arbejderbev\u00e6gelsens grundholdninger. Det betyder, at form\u00e5let med DUI-LEG og VIRKE\u2019s aktiviteter er at give alle b\u00f8rn og unge mulighed for selvst\u00e6ndig udvikling i respekt for og i samarbejde med andre mennesker. Rygraden i DUI-LEG og VIRKE er &hellip;\" \/>\n<meta property=\"og:url\" content=\"https:\/\/www.dui.dk\/horsens\/\" \/>\n<meta property=\"og:site_name\" content=\"DUI - Horsens\" \/>\n<meta property=\"article:modified_time\" content=\"2019-03-27T12:17:15+00:00\" \/>\n<meta property=\"og:image\" content=\"https:\/\/www.dui.dk\/horsens\/wp-content\/uploads\/sites\/20\/2016\/06\/Header-Horsens.png\" \/>\n\t<meta property=\"og:image:width\" content=\"945\" \/>\n\t<meta property=\"og:image:height\" content=\"241\" \/>\n\t<meta property=\"og:image:type\" content=\"image\/png\" \/>\n<meta name=\"twitter:card\" content=\"summary_large_image\" \/>\n<meta name=\"twitter:label1\" content=\"Estimeret l\u00e6setid\" \/>\n\t<meta name=\"twitter:data1\" content=\"1 minut\" \/>\n<script type=\"application\/ld+json\" class=\"yoast-schema-graph\">{\"@context\":\"https:\/\/schema.org\",\"@graph\":[{\"@type\":\"WebPage\",\"@id\":\"https:\/\/www.dui.dk\/horsens\/\",\"url\":\"https:\/\/www.dui.dk\/horsens\/\",\"name\":\"Forside - DUI - Horsens\",\"isPartOf\":{\"@id\":\"https:\/\/www.dui.dk\/horsens\/#website\"},\"primaryImageOfPage\":{\"@id\":\"https:\/\/www.dui.dk\/horsens\/#primaryimage\"},\"image\":{\"@id\":\"https:\/\/www.dui.dk\/horsens\/#primaryimage\"},\"thumbnailUrl\":\"https:\/\/www.dui.dk\/horsens\/wp-content\/uploads\/sites\/20\/2016\/06\/Header-Horsens.png\",\"datePublished\":\"2016-06-21T12:43:35+00:00\",\"dateModified\":\"2019-03-27T12:17:15+00:00\",\"breadcrumb\":{\"@id\":\"https:\/\/www.dui.dk\/horsens\/#breadcrumb\"},\"inLanguage\":\"da-DK\",\"potentialAction\":[{\"@type\":\"ReadAction\",\"target\":[\"https:\/\/www.dui.dk\/horsens\/\"]}]},{\"@type\":\"ImageObject\",\"inLanguage\":\"da-DK\",\"@id\":\"https:\/\/www.dui.dk\/horsens\/#primaryimage\",\"url\":\"https:\/\/www.dui.dk\/horsens\/wp-content\/uploads\/sites\/20\/2016\/06\/Header-Horsens.png\",\"contentUrl\":\"https:\/\/www.dui.dk\/horsens\/wp-content\/uploads\/sites\/20\/2016\/06\/Header-Horsens.png\",\"width\":945,\"height\":241},{\"@type\":\"BreadcrumbList\",\"@id\":\"https:\/\/www.dui.dk\/horsens\/#breadcrumb\",\"itemListElement\":[{\"@type\":\"ListItem\",\"position\":1,\"name\":\"Hjem\",\"item\":\"https:\/\/www.dui.dk\/horsens\/\"},{\"@type\":\"ListItem\",\"position\":2,\"name\":\"Forside\"}]},{\"@type\":\"WebSite\",\"@id\":\"https:\/\/www.dui.dk\/horsens\/#website\",\"url\":\"https:\/\/www.dui.dk\/horsens\/\",\"name\":\"DUI - Horsens\",\"description\":\"DUI - Horsens\",\"potentialAction\":[{\"@type\":\"SearchAction\",\"target\":{\"@type\":\"EntryPoint\",\"urlTemplate\":\"https:\/\/www.dui.dk\/horsens\/?s={search_term_string}\"},\"query-input\":{\"@type\":\"PropertyValueSpecification\",\"valueRequired\":true,\"valueName\":\"search_term_string\"}}],\"inLanguage\":\"da-DK\"}]}<\/script>\n<!-- \/ Yoast SEO plugin. -->","yoast_head_json":{"title":"Forside - DUI - Horsens","robots":{"index":"index","follow":"follow","max-snippet":"max-snippet:-1","max-image-preview":"max-image-preview:large","max-video-preview":"max-video-preview:-1"},"canonical":"https:\/\/www.dui.dk\/horsens\/","og_locale":"da_DK","og_type":"article","og_title":"Forside - DUI - Horsens","og_description":"Velkommen til DUI &#8211; Horsens DUI-LEG og VIRKE er en selvst\u00e6ndig, id\u00e9betonet b\u00f8rne- og ungdomsorganisation, der bygger p\u00e5 arbejderbev\u00e6gelsens grundholdninger. Det betyder, at form\u00e5let med DUI-LEG og VIRKE\u2019s aktiviteter er at give alle b\u00f8rn og unge mulighed for selvst\u00e6ndig udvikling i respekt for og i samarbejde med andre mennesker. Rygraden i DUI-LEG og VIRKE er &hellip;","og_url":"https:\/\/www.dui.dk\/horsens\/","og_site_name":"DUI - Horsens","article_modified_time":"2019-03-27T12:17:15+00:00","og_image":[{"width":945,"height":241,"url":"https:\/\/www.dui.dk\/horsens\/wp-content\/uploads\/sites\/20\/2016\/06\/Header-Horsens.png","type":"image\/png"}],"twitter_card":"summary_large_image","twitter_misc":{"Estimeret l\u00e6setid":"1 minut"},"schema":{"@context":"https:\/\/schema.org","@graph":[{"@type":"WebPage","@id":"https:\/\/www.dui.dk\/horsens\/","url":"https:\/\/www.dui.dk\/horsens\/","name":"Forside - DUI - Horsens","isPartOf":{"@id":"https:\/\/www.dui.dk\/horsens\/#website"},"primaryImageOfPage":{"@id":"https:\/\/www.dui.dk\/horsens\/#primaryimage"},"image":{"@id":"https:\/\/www.dui.dk\/horsens\/#primaryimage"},"thumbnailUrl":"https:\/\/www.dui.dk\/horsens\/wp-content\/uploads\/sites\/20\/2016\/06\/Header-Horsens.png","datePublished":"2016-06-21T12:43:35+00:00","dateModified":"2019-03-27T12:17:15+00:00","breadcrumb":{"@id":"https:\/\/www.dui.dk\/horsens\/#breadcrumb"},"inLanguage":"da-DK","potentialAction":[{"@type":"ReadAction","target":["https:\/\/www.dui.dk\/horsens\/"]}]},{"@type":"ImageObject","inLanguage":"da-DK","@id":"https:\/\/www.dui.dk\/horsens\/#primaryimage","url":"https:\/\/www.dui.dk\/horsens\/wp-content\/uploads\/sites\/20\/2016\/06\/Header-Horsens.png","contentUrl":"https:\/\/www.dui.dk\/horsens\/wp-content\/uploads\/sites\/20\/2016\/06\/Header-Horsens.png","width":945,"height":241},{"@type":"BreadcrumbList","@id":"https:\/\/www.dui.dk\/horsens\/#breadcrumb","itemListElement":[{"@type":"ListItem","position":1,"name":"Hjem","item":"https:\/\/www.dui.dk\/horsens\/"},{"@type":"ListItem","position":2,"name":"Forside"}]},{"@type":"WebSite","@id":"https:\/\/www.dui.dk\/horsens\/#website","url":"https:\/\/www.dui.dk\/horsens\/","name":"DUI - Horsens","description":"DUI - Horsens","potentialAction":[{"@type":"SearchAction","target":{"@type":"EntryPoint","urlTemplate":"https:\/\/www.dui.dk\/horsens\/?s={search_term_string}"},"query-input":{"@type":"PropertyValueSpecification","valueRequired":true,"valueName":"search_term_string"}}],"inLanguage":"da-DK"}]}},"_links":{"self":[{"href":"https:\/\/www.dui.dk\/horsens\/wp-json\/wp\/v2\/pages\/2","targetHints":{"allow":["GET"]}}],"collection":[{"href":"https:\/\/www.dui.dk\/horsens\/wp-json\/wp\/v2\/pages"}],"about":[{"href":"https:\/\/www.dui.dk\/horsens\/wp-json\/wp\/v2\/types\/page"}],"author":[{"embeddable":true,"href":"https:\/\/www.dui.dk\/horsens\/wp-json\/wp\/v2\/users\/3"}],"replies":[{"embeddable":true,"href":"https:\/\/www.dui.dk\/horsens\/wp-json\/wp\/v2\/comments?post=2"}],"version-history":[{"count":4,"href":"https:\/\/www.dui.dk\/horsens\/wp-json\/wp\/v2\/pages\/2\/revisions"}],"predecessor-version":[{"id":80,"href":"https:\/\/www.dui.dk\/horsens\/wp-json\/wp\/v2\/pages\/2\/revisions\/80"}],"wp:featuredmedia":[{"embeddable":true,"href":"https:\/\/www.dui.dk\/horsens\/wp-json\/wp\/v2\/media\/8"}],"wp:attachment":[{"href":"https:\/\/www.dui.dk\/horsens\/wp-json\/wp\/v2\/media?parent=2"}],"curies":[{"name":"wp","href":"https:\/\/api.w.org\/{rel}","templated":true}]}}