{"id":10,"date":"2016-07-05T08:54:09","date_gmt":"2016-07-05T08:54:09","guid":{"rendered":"http:\/\/dui.demo.supertusch.com\/hojetaastrup\/?page_id=10"},"modified":"2016-08-30T11:54:23","modified_gmt":"2016-08-30T11:54:23","slug":"forsiden","status":"publish","type":"page","link":"https:\/\/www.dui.dk\/hojetaastrup\/","title":{"rendered":"Forsiden"},"content":{"rendered":"<p><img loading=\"lazy\" decoding=\"async\" class=\"aligncenter wp-image-11 size-full\" src=\"https:\/\/www.dui.dk\/hojetaastrup\/wp-content\/uploads\/sites\/35\/2016\/07\/942500_180525098771039_862340466_n.png\" alt=\"942500_180525098771039_862340466_n\" width=\"460\" height=\"230\" srcset=\"https:\/\/www.dui.dk\/hojetaastrup\/wp-content\/uploads\/sites\/35\/2016\/07\/942500_180525098771039_862340466_n.png 460w, https:\/\/www.dui.dk\/hojetaastrup\/wp-content\/uploads\/sites\/35\/2016\/07\/942500_180525098771039_862340466_n-300x150.png 300w\" sizes=\"auto, (max-width: 460px) 100vw, 460px\" \/><\/p>\n<p style=\"text-align: center;\">DUI-LEG og VIRKE er en landsd\u00e6kkende b\u00f8rne- og familieorganisation, hvor familien kan have det sjovt sammen eller hver for sig. \u00d8nsker man at tilbringe mere tid med sin familie i glade, hyggelige og kreative omgivelser, er DUI det helt rigtige sted. Udover vores faste ugentlige aktiviteter\u00a0har vi ogs\u00e5 en\u00a0masse\u00a0weekendture, lejre og arrangementer som\u00a0I kan deltage i hvis\u00a0I skulle havde lyst.<\/p>\n<p style=\"text-align: center;\">Foreningen drives udelukkende af frivillige medarbejder der l\u00e6gger mange kr\u00e6fter i, at skabe gode og trygge rammer for vores aktiviteter.<\/p>\n<p style=\"text-align: center;\">Klik rund p\u00e5 hjemmesiden og se hvad vi kan tilbyde, hvis du har behov for yderligere oplysninger er du meget velkommen til at kontakte os.<\/p>\n","protected":false},"excerpt":{"rendered":"<p>DUI-LEG og VIRKE er en landsd\u00e6kkende b\u00f8rne- og familieorganisation, hvor familien kan have det sjovt sammen eller hver for sig. \u00d8nsker man at tilbringe mere tid med sin familie i glade, hyggelige og kreative omgivelser, er DUI det helt rigtige sted. Udover vores faste ugentlige aktiviteter\u00a0har vi ogs\u00e5 en\u00a0masse\u00a0weekendture, lejre og arrangementer som\u00a0I kan deltage &hellip;<\/p>\n","protected":false},"author":4,"featured_media":8,"parent":0,"menu_order":0,"comment_status":"closed","ping_status":"closed","template":"page-front-local.php","meta":{"_acf_changed":false,"footnotes":""},"class_list":["post-10","page","type-page","status-publish","has-post-thumbnail","hentry"],"acf":[],"yoast_head":"<!-- This site is optimized with the Yoast SEO plugin v27.1.1 - https:\/\/yoast.com\/product\/yoast-seo-wordpress\/ -->\n<title>Forsiden - DUI - H\u00f8je Taastrup<\/title>\n<meta name=\"robots\" content=\"index, follow, max-snippet:-1, max-image-preview:large, max-video-preview:-1\" \/>\n<link rel=\"canonical\" href=\"https:\/\/www.dui.dk\/hojetaastrup\/\" \/>\n<meta property=\"og:locale\" content=\"da_DK\" \/>\n<meta property=\"og:type\" content=\"article\" \/>\n<meta property=\"og:title\" content=\"Forsiden - DUI - H\u00f8je Taastrup\" \/>\n<meta property=\"og:description\" content=\"DUI-LEG og VIRKE er en landsd\u00e6kkende b\u00f8rne- og familieorganisation, hvor familien kan have det sjovt sammen eller hver for sig. \u00d8nsker man at tilbringe mere tid med sin familie i glade, hyggelige og kreative omgivelser, er DUI det helt rigtige sted. Udover vores faste ugentlige aktiviteter\u00a0har vi ogs\u00e5 en\u00a0masse\u00a0weekendture, lejre og arrangementer som\u00a0I kan deltage &hellip;\" \/>\n<meta property=\"og:url\" content=\"https:\/\/www.dui.dk\/hojetaastrup\/\" \/>\n<meta property=\"og:site_name\" content=\"DUI - H\u00f8je Taastrup\" \/>\n<meta property=\"article:modified_time\" content=\"2016-08-30T11:54:23+00:00\" \/>\n<meta property=\"og:image\" content=\"https:\/\/www.dui.dk\/hojetaastrup\/wp-content\/uploads\/sites\/35\/2016\/07\/local-header-e1462016858520.jpg\" \/>\n\t<meta property=\"og:image:width\" content=\"945\" \/>\n\t<meta property=\"og:image:height\" content=\"241\" \/>\n\t<meta property=\"og:image:type\" content=\"image\/jpeg\" \/>\n<meta name=\"twitter:card\" content=\"summary_large_image\" \/>\n<meta name=\"twitter:label1\" content=\"Estimeret l\u00e6setid\" \/>\n\t<meta name=\"twitter:data1\" content=\"1 minut\" \/>\n<script type=\"application\/ld+json\" class=\"yoast-schema-graph\">{\"@context\":\"https:\/\/schema.org\",\"@graph\":[{\"@type\":\"WebPage\",\"@id\":\"https:\/\/www.dui.dk\/hojetaastrup\/\",\"url\":\"https:\/\/www.dui.dk\/hojetaastrup\/\",\"name\":\"Forsiden - DUI - H\u00f8je Taastrup\",\"isPartOf\":{\"@id\":\"https:\/\/www.dui.dk\/hojetaastrup\/#website\"},\"primaryImageOfPage\":{\"@id\":\"https:\/\/www.dui.dk\/hojetaastrup\/#primaryimage\"},\"image\":{\"@id\":\"https:\/\/www.dui.dk\/hojetaastrup\/#primaryimage\"},\"thumbnailUrl\":\"https:\/\/www.dui.dk\/hojetaastrup\/wp-content\/uploads\/sites\/35\/2016\/07\/local-header-e1462016858520.jpg\",\"datePublished\":\"2016-07-05T08:54:09+00:00\",\"dateModified\":\"2016-08-30T11:54:23+00:00\",\"breadcrumb\":{\"@id\":\"https:\/\/www.dui.dk\/hojetaastrup\/#breadcrumb\"},\"inLanguage\":\"da-DK\",\"potentialAction\":[{\"@type\":\"ReadAction\",\"target\":[\"https:\/\/www.dui.dk\/hojetaastrup\/\"]}]},{\"@type\":\"ImageObject\",\"inLanguage\":\"da-DK\",\"@id\":\"https:\/\/www.dui.dk\/hojetaastrup\/#primaryimage\",\"url\":\"https:\/\/www.dui.dk\/hojetaastrup\/wp-content\/uploads\/sites\/35\/2016\/07\/local-header-e1462016858520.jpg\",\"contentUrl\":\"https:\/\/www.dui.dk\/hojetaastrup\/wp-content\/uploads\/sites\/35\/2016\/07\/local-header-e1462016858520.jpg\",\"width\":945,\"height\":241},{\"@type\":\"BreadcrumbList\",\"@id\":\"https:\/\/www.dui.dk\/hojetaastrup\/#breadcrumb\",\"itemListElement\":[{\"@type\":\"ListItem\",\"position\":1,\"name\":\"Hjem\",\"item\":\"https:\/\/www.dui.dk\/hojetaastrup\/\"},{\"@type\":\"ListItem\",\"position\":2,\"name\":\"Forsiden\"}]},{\"@type\":\"WebSite\",\"@id\":\"https:\/\/www.dui.dk\/hojetaastrup\/#website\",\"url\":\"https:\/\/www.dui.dk\/hojetaastrup\/\",\"name\":\"DUI - H\u00f8je Taastrup\",\"description\":\"DUI - H\u00f8je Taastrup\",\"potentialAction\":[{\"@type\":\"SearchAction\",\"target\":{\"@type\":\"EntryPoint\",\"urlTemplate\":\"https:\/\/www.dui.dk\/hojetaastrup\/?s={search_term_string}\"},\"query-input\":{\"@type\":\"PropertyValueSpecification\",\"valueRequired\":true,\"valueName\":\"search_term_string\"}}],\"inLanguage\":\"da-DK\"}]}<\/script>\n<!-- \/ Yoast SEO plugin. -->","yoast_head_json":{"title":"Forsiden - DUI - H\u00f8je Taastrup","robots":{"index":"index","follow":"follow","max-snippet":"max-snippet:-1","max-image-preview":"max-image-preview:large","max-video-preview":"max-video-preview:-1"},"canonical":"https:\/\/www.dui.dk\/hojetaastrup\/","og_locale":"da_DK","og_type":"article","og_title":"Forsiden - DUI - H\u00f8je Taastrup","og_description":"DUI-LEG og VIRKE er en landsd\u00e6kkende b\u00f8rne- og familieorganisation, hvor familien kan have det sjovt sammen eller hver for sig. \u00d8nsker man at tilbringe mere tid med sin familie i glade, hyggelige og kreative omgivelser, er DUI det helt rigtige sted. Udover vores faste ugentlige aktiviteter\u00a0har vi ogs\u00e5 en\u00a0masse\u00a0weekendture, lejre og arrangementer som\u00a0I kan deltage &hellip;","og_url":"https:\/\/www.dui.dk\/hojetaastrup\/","og_site_name":"DUI - H\u00f8je Taastrup","article_modified_time":"2016-08-30T11:54:23+00:00","og_image":[{"width":945,"height":241,"url":"https:\/\/www.dui.dk\/hojetaastrup\/wp-content\/uploads\/sites\/35\/2016\/07\/local-header-e1462016858520.jpg","type":"image\/jpeg"}],"twitter_card":"summary_large_image","twitter_misc":{"Estimeret l\u00e6setid":"1 minut"},"schema":{"@context":"https:\/\/schema.org","@graph":[{"@type":"WebPage","@id":"https:\/\/www.dui.dk\/hojetaastrup\/","url":"https:\/\/www.dui.dk\/hojetaastrup\/","name":"Forsiden - DUI - H\u00f8je Taastrup","isPartOf":{"@id":"https:\/\/www.dui.dk\/hojetaastrup\/#website"},"primaryImageOfPage":{"@id":"https:\/\/www.dui.dk\/hojetaastrup\/#primaryimage"},"image":{"@id":"https:\/\/www.dui.dk\/hojetaastrup\/#primaryimage"},"thumbnailUrl":"https:\/\/www.dui.dk\/hojetaastrup\/wp-content\/uploads\/sites\/35\/2016\/07\/local-header-e1462016858520.jpg","datePublished":"2016-07-05T08:54:09+00:00","dateModified":"2016-08-30T11:54:23+00:00","breadcrumb":{"@id":"https:\/\/www.dui.dk\/hojetaastrup\/#breadcrumb"},"inLanguage":"da-DK","potentialAction":[{"@type":"ReadAction","target":["https:\/\/www.dui.dk\/hojetaastrup\/"]}]},{"@type":"ImageObject","inLanguage":"da-DK","@id":"https:\/\/www.dui.dk\/hojetaastrup\/#primaryimage","url":"https:\/\/www.dui.dk\/hojetaastrup\/wp-content\/uploads\/sites\/35\/2016\/07\/local-header-e1462016858520.jpg","contentUrl":"https:\/\/www.dui.dk\/hojetaastrup\/wp-content\/uploads\/sites\/35\/2016\/07\/local-header-e1462016858520.jpg","width":945,"height":241},{"@type":"BreadcrumbList","@id":"https:\/\/www.dui.dk\/hojetaastrup\/#breadcrumb","itemListElement":[{"@type":"ListItem","position":1,"name":"Hjem","item":"https:\/\/www.dui.dk\/hojetaastrup\/"},{"@type":"ListItem","position":2,"name":"Forsiden"}]},{"@type":"WebSite","@id":"https:\/\/www.dui.dk\/hojetaastrup\/#website","url":"https:\/\/www.dui.dk\/hojetaastrup\/","name":"DUI - H\u00f8je Taastrup","description":"DUI - H\u00f8je Taastrup","potentialAction":[{"@type":"SearchAction","target":{"@type":"EntryPoint","urlTemplate":"https:\/\/www.dui.dk\/hojetaastrup\/?s={search_term_string}"},"query-input":{"@type":"PropertyValueSpecification","valueRequired":true,"valueName":"search_term_string"}}],"inLanguage":"da-DK"}]}},"_links":{"self":[{"href":"https:\/\/www.dui.dk\/hojetaastrup\/wp-json\/wp\/v2\/pages\/10","targetHints":{"allow":["GET"]}}],"collection":[{"href":"https:\/\/www.dui.dk\/hojetaastrup\/wp-json\/wp\/v2\/pages"}],"about":[{"href":"https:\/\/www.dui.dk\/hojetaastrup\/wp-json\/wp\/v2\/types\/page"}],"author":[{"embeddable":true,"href":"https:\/\/www.dui.dk\/hojetaastrup\/wp-json\/wp\/v2\/users\/4"}],"replies":[{"embeddable":true,"href":"https:\/\/www.dui.dk\/hojetaastrup\/wp-json\/wp\/v2\/comments?post=10"}],"version-history":[{"count":2,"href":"https:\/\/www.dui.dk\/hojetaastrup\/wp-json\/wp\/v2\/pages\/10\/revisions"}],"predecessor-version":[{"id":26,"href":"https:\/\/www.dui.dk\/hojetaastrup\/wp-json\/wp\/v2\/pages\/10\/revisions\/26"}],"wp:featuredmedia":[{"embeddable":true,"href":"https:\/\/www.dui.dk\/hojetaastrup\/wp-json\/wp\/v2\/media\/8"}],"wp:attachment":[{"href":"https:\/\/www.dui.dk\/hojetaastrup\/wp-json\/wp\/v2\/media?parent=10"}],"curies":[{"name":"wp","href":"https:\/\/api.w.org\/{rel}","templated":true}]}}