{"id":74,"date":"2017-02-27T18:36:34","date_gmt":"2017-02-27T18:36:34","guid":{"rendered":"http:\/\/www.dui.dk\/helsingor\/?page_id=74"},"modified":"2026-03-23T16:33:46","modified_gmt":"2026-03-23T16:33:46","slug":"forside","status":"publish","type":"page","link":"https:\/\/www.dui.dk\/helsingor\/","title":{"rendered":"Forside"},"content":{"rendered":"<h3>Velkommen til aktiviteter i DUI<\/h3>\n<p>&nbsp;<\/p>\n<p><strong>Oplev sjove aktiviteter for hele familien hos DUI-LEG og VIRKE Helsing\u00f8r!<\/strong><\/p>\n<p>Hos DUI-LEG og VIRKE Helsing\u00f8r har vi et trygt og inkluderende f\u00e6llesskab, hvor b\u00f8rn, unge og voksne kan v\u00e6re aktive, kreative og have det sjovt sammen. Vi tilbyder et bredt udvalg af b\u00e5de indend\u00f8rs og udend\u00f8rs aktiviteter for hele familien!<\/p>\n<p>&nbsp;<\/p>\n<p><strong><a href=\"https:\/\/www.dui.dk\/helsingor\/wp-content\/uploads\/sites\/31\/2025\/03\/DUI-Flyer-februar-2025.pdf\"><img loading=\"lazy\" decoding=\"async\" class=\"alignright wp-image-218 size-full\" src=\"https:\/\/www.dui.dk\/helsingor\/wp-content\/uploads\/sites\/31\/2025\/03\/Knap-til-flyer.png\" alt=\"\" width=\"197\" height=\"276\" \/><\/a>Aktiviteter:<\/strong><\/p>\n<p>Kreative v\u00e6rksteder \u2013 maling, perler, smykker, s\u00e6befremstilling og meget mere<br \/>\nSpil og legeaftener \u2013 br\u00e6tspil, nye og gamle lege. Mad over b\u00e5l \u2013 oplev vores flotte b\u00e5lhytte<br \/>\nOvernatning i det fri \u2013 hygge omkring b\u00e5let og sjove lege<br \/>\nSnitte \u2013 l\u00e6r at bruge en kniv<\/p>\n<p>Drivhus \u2013 v\u00e6r med til at starte vores drivhus op<\/p>\n<p>\u2026 og meget mere\u2026<\/p>\n<p><img loading=\"lazy\" decoding=\"async\" class=\"size-full wp-image-194 alignright\" src=\"https:\/\/www.dui.dk\/helsingor\/wp-content\/uploads\/sites\/31\/2022\/08\/Viking02305x205.jpg\" alt=\"\" width=\"205\" height=\"305\" srcset=\"https:\/\/www.dui.dk\/helsingor\/wp-content\/uploads\/sites\/31\/2022\/08\/Viking02305x205.jpg 205w, https:\/\/www.dui.dk\/helsingor\/wp-content\/uploads\/sites\/31\/2022\/08\/Viking02305x205-202x300.jpg 202w\" sizes=\"auto, (max-width: 205px) 100vw, 205px\" \/><\/p>\n<p>Vi tror p\u00e5, at f\u00e6llesskab, sjov og l\u00e6ring g\u00e5r h\u00e5nd i h\u00e5nd. Alle er velkomne hos os, uanset alder og baggrund. Vores aktiviteter er skabt for at styrke sociale b\u00e5nd, udvikle kreative evner og give alle en god oplevelse.<\/p>\n<p>&nbsp;<\/p>\n<p>Kom og v\u00e6r med \u2013 vi gl\u00e6der os til at se dig!<\/p>\n<p>&nbsp;<\/p>\n<p><strong>Har I sp\u00f8rgsm\u00e5l, s\u00e5 kontakte:<\/strong><\/p>\n<p>Lars Asmussen, 60 14 53 68, <a href=\"mailto:lars_asmussen@live.dk\">lars_asmussen@live.dk<\/a><\/p>\n<p>Karsten Carlo Hansen, 31 65 62 12, <a href=\"mailto:karsten.carlohansen@gmail.dk\">karsten.carlohansen@gmail.dk<\/a><\/p>\n<p>Nina Bengtsson, 23 82 76 04, <a href=\"mailto:c.bengtsson1970@gmail.com\">c.bengtsson1970@gmail.com<\/a><\/p>\n<p>&nbsp;<\/p>\n<p><img loading=\"lazy\" decoding=\"async\" class=\"size-full wp-image-193 alignleft\" src=\"https:\/\/www.dui.dk\/helsingor\/wp-content\/uploads\/sites\/31\/2022\/08\/Viking01305x205.jpg\" alt=\"\" width=\"205\" height=\"305\" srcset=\"https:\/\/www.dui.dk\/helsingor\/wp-content\/uploads\/sites\/31\/2022\/08\/Viking01305x205.jpg 205w, https:\/\/www.dui.dk\/helsingor\/wp-content\/uploads\/sites\/31\/2022\/08\/Viking01305x205-202x300.jpg 202w\" sizes=\"auto, (max-width: 205px) 100vw, 205px\" \/><\/p>\n<p><em>DUI-LEG og VIRKE er en landsd\u00e6kkende organisation for b\u00f8rn, unge og deres familier. Vores form\u00e5l er at arbejde for at give b\u00f8rn og unge et godt liv gennem et st\u00e6rkt demokratisk f\u00e6llesskab med aktiviteter som den b\u00e6rende kraft.<\/em><\/p>\n<p><em>\u00a0<\/em><\/p>\n<p><em>Kontingent:<\/em><\/p>\n<p><em>Enkeltmedlemsskab: 150 kr\/\u00e5r<\/em><\/p>\n<p><em>Familiemedlemsskab: 300 kr\/\u00e5r<\/em><\/p>\n<p><em>Man m\u00e5 selvf\u00f8lgelig pr\u00f8ve vores aktiviteter af, inden man melder sig ind i DUI.<\/em><\/p>\n","protected":false},"excerpt":{"rendered":"<p>Velkommen til aktiviteter i DUI &nbsp; Oplev sjove aktiviteter for hele familien hos DUI-LEG og VIRKE Helsing\u00f8r! Hos DUI-LEG og VIRKE Helsing\u00f8r har vi et trygt og inkluderende f\u00e6llesskab, hvor b\u00f8rn, unge og voksne kan v\u00e6re aktive, kreative og have det sjovt sammen. Vi tilbyder et bredt udvalg af b\u00e5de indend\u00f8rs og udend\u00f8rs aktiviteter for &hellip;<\/p>\n","protected":false},"author":65,"featured_media":124,"parent":0,"menu_order":0,"comment_status":"closed","ping_status":"closed","template":"page-front-local.php","meta":{"_acf_changed":false,"footnotes":""},"class_list":["post-74","page","type-page","status-publish","has-post-thumbnail","hentry"],"acf":[],"yoast_head":"<!-- This site is optimized with the Yoast SEO plugin v27.1.1 - https:\/\/yoast.com\/product\/yoast-seo-wordpress\/ -->\n<title>Forside - DUI - Helsing\u00f8r<\/title>\n<meta name=\"robots\" content=\"index, follow, max-snippet:-1, max-image-preview:large, max-video-preview:-1\" \/>\n<link rel=\"canonical\" href=\"https:\/\/www.dui.dk\/helsingor\/\" \/>\n<meta property=\"og:locale\" content=\"da_DK\" \/>\n<meta property=\"og:type\" content=\"article\" \/>\n<meta property=\"og:title\" content=\"Forside - DUI - Helsing\u00f8r\" \/>\n<meta property=\"og:description\" content=\"Velkommen til aktiviteter i DUI &nbsp; Oplev sjove aktiviteter for hele familien hos DUI-LEG og VIRKE Helsing\u00f8r! Hos DUI-LEG og VIRKE Helsing\u00f8r har vi et trygt og inkluderende f\u00e6llesskab, hvor b\u00f8rn, unge og voksne kan v\u00e6re aktive, kreative og have det sjovt sammen. Vi tilbyder et bredt udvalg af b\u00e5de indend\u00f8rs og udend\u00f8rs aktiviteter for &hellip;\" \/>\n<meta property=\"og:url\" content=\"https:\/\/www.dui.dk\/helsingor\/\" \/>\n<meta property=\"og:site_name\" content=\"DUI - Helsing\u00f8r\" \/>\n<meta property=\"article:modified_time\" content=\"2026-03-23T16:33:46+00:00\" \/>\n<meta property=\"og:image\" content=\"https:\/\/www.dui.dk\/helsingor\/wp-content\/uploads\/sites\/31\/2020\/10\/B\u00e5lhytteTOP.jpg\" \/>\n\t<meta property=\"og:image:width\" content=\"1491\" \/>\n\t<meta property=\"og:image:height\" content=\"467\" \/>\n\t<meta property=\"og:image:type\" content=\"image\/jpeg\" \/>\n<meta name=\"twitter:card\" content=\"summary_large_image\" \/>\n<meta name=\"twitter:label1\" content=\"Estimeret l\u00e6setid\" \/>\n\t<meta name=\"twitter:data1\" content=\"3 minutter\" \/>\n<script type=\"application\/ld+json\" class=\"yoast-schema-graph\">{\"@context\":\"https:\/\/schema.org\",\"@graph\":[{\"@type\":\"WebPage\",\"@id\":\"https:\/\/www.dui.dk\/helsingor\/\",\"url\":\"https:\/\/www.dui.dk\/helsingor\/\",\"name\":\"Forside - DUI - Helsing\u00f8r\",\"isPartOf\":{\"@id\":\"https:\/\/www.dui.dk\/helsingor\/#website\"},\"primaryImageOfPage\":{\"@id\":\"https:\/\/www.dui.dk\/helsingor\/#primaryimage\"},\"image\":{\"@id\":\"https:\/\/www.dui.dk\/helsingor\/#primaryimage\"},\"thumbnailUrl\":\"https:\/\/www.dui.dk\/helsingor\/wp-content\/uploads\/sites\/31\/2020\/10\/B\u00e5lhytteTOP.jpg\",\"datePublished\":\"2017-02-27T18:36:34+00:00\",\"dateModified\":\"2026-03-23T16:33:46+00:00\",\"breadcrumb\":{\"@id\":\"https:\/\/www.dui.dk\/helsingor\/#breadcrumb\"},\"inLanguage\":\"da-DK\",\"potentialAction\":[{\"@type\":\"ReadAction\",\"target\":[\"https:\/\/www.dui.dk\/helsingor\/\"]}]},{\"@type\":\"ImageObject\",\"inLanguage\":\"da-DK\",\"@id\":\"https:\/\/www.dui.dk\/helsingor\/#primaryimage\",\"url\":\"https:\/\/www.dui.dk\/helsingor\/wp-content\/uploads\/sites\/31\/2020\/10\/B\u00e5lhytteTOP.jpg\",\"contentUrl\":\"https:\/\/www.dui.dk\/helsingor\/wp-content\/uploads\/sites\/31\/2020\/10\/B\u00e5lhytteTOP.jpg\",\"width\":1491,\"height\":467},{\"@type\":\"BreadcrumbList\",\"@id\":\"https:\/\/www.dui.dk\/helsingor\/#breadcrumb\",\"itemListElement\":[{\"@type\":\"ListItem\",\"position\":1,\"name\":\"Hjem\",\"item\":\"https:\/\/www.dui.dk\/helsingor\/\"},{\"@type\":\"ListItem\",\"position\":2,\"name\":\"Forside\"}]},{\"@type\":\"WebSite\",\"@id\":\"https:\/\/www.dui.dk\/helsingor\/#website\",\"url\":\"https:\/\/www.dui.dk\/helsingor\/\",\"name\":\"DUI - Helsing\u00f8r\",\"description\":\"DUI - Helsing\u00f8r\",\"potentialAction\":[{\"@type\":\"SearchAction\",\"target\":{\"@type\":\"EntryPoint\",\"urlTemplate\":\"https:\/\/www.dui.dk\/helsingor\/?s={search_term_string}\"},\"query-input\":{\"@type\":\"PropertyValueSpecification\",\"valueRequired\":true,\"valueName\":\"search_term_string\"}}],\"inLanguage\":\"da-DK\"}]}<\/script>\n<!-- \/ Yoast SEO plugin. -->","yoast_head_json":{"title":"Forside - DUI - Helsing\u00f8r","robots":{"index":"index","follow":"follow","max-snippet":"max-snippet:-1","max-image-preview":"max-image-preview:large","max-video-preview":"max-video-preview:-1"},"canonical":"https:\/\/www.dui.dk\/helsingor\/","og_locale":"da_DK","og_type":"article","og_title":"Forside - DUI - Helsing\u00f8r","og_description":"Velkommen til aktiviteter i DUI &nbsp; Oplev sjove aktiviteter for hele familien hos DUI-LEG og VIRKE Helsing\u00f8r! Hos DUI-LEG og VIRKE Helsing\u00f8r har vi et trygt og inkluderende f\u00e6llesskab, hvor b\u00f8rn, unge og voksne kan v\u00e6re aktive, kreative og have det sjovt sammen. Vi tilbyder et bredt udvalg af b\u00e5de indend\u00f8rs og udend\u00f8rs aktiviteter for &hellip;","og_url":"https:\/\/www.dui.dk\/helsingor\/","og_site_name":"DUI - Helsing\u00f8r","article_modified_time":"2026-03-23T16:33:46+00:00","og_image":[{"width":1491,"height":467,"url":"https:\/\/www.dui.dk\/helsingor\/wp-content\/uploads\/sites\/31\/2020\/10\/B\u00e5lhytteTOP.jpg","type":"image\/jpeg"}],"twitter_card":"summary_large_image","twitter_misc":{"Estimeret l\u00e6setid":"3 minutter"},"schema":{"@context":"https:\/\/schema.org","@graph":[{"@type":"WebPage","@id":"https:\/\/www.dui.dk\/helsingor\/","url":"https:\/\/www.dui.dk\/helsingor\/","name":"Forside - DUI - Helsing\u00f8r","isPartOf":{"@id":"https:\/\/www.dui.dk\/helsingor\/#website"},"primaryImageOfPage":{"@id":"https:\/\/www.dui.dk\/helsingor\/#primaryimage"},"image":{"@id":"https:\/\/www.dui.dk\/helsingor\/#primaryimage"},"thumbnailUrl":"https:\/\/www.dui.dk\/helsingor\/wp-content\/uploads\/sites\/31\/2020\/10\/B\u00e5lhytteTOP.jpg","datePublished":"2017-02-27T18:36:34+00:00","dateModified":"2026-03-23T16:33:46+00:00","breadcrumb":{"@id":"https:\/\/www.dui.dk\/helsingor\/#breadcrumb"},"inLanguage":"da-DK","potentialAction":[{"@type":"ReadAction","target":["https:\/\/www.dui.dk\/helsingor\/"]}]},{"@type":"ImageObject","inLanguage":"da-DK","@id":"https:\/\/www.dui.dk\/helsingor\/#primaryimage","url":"https:\/\/www.dui.dk\/helsingor\/wp-content\/uploads\/sites\/31\/2020\/10\/B\u00e5lhytteTOP.jpg","contentUrl":"https:\/\/www.dui.dk\/helsingor\/wp-content\/uploads\/sites\/31\/2020\/10\/B\u00e5lhytteTOP.jpg","width":1491,"height":467},{"@type":"BreadcrumbList","@id":"https:\/\/www.dui.dk\/helsingor\/#breadcrumb","itemListElement":[{"@type":"ListItem","position":1,"name":"Hjem","item":"https:\/\/www.dui.dk\/helsingor\/"},{"@type":"ListItem","position":2,"name":"Forside"}]},{"@type":"WebSite","@id":"https:\/\/www.dui.dk\/helsingor\/#website","url":"https:\/\/www.dui.dk\/helsingor\/","name":"DUI - Helsing\u00f8r","description":"DUI - Helsing\u00f8r","potentialAction":[{"@type":"SearchAction","target":{"@type":"EntryPoint","urlTemplate":"https:\/\/www.dui.dk\/helsingor\/?s={search_term_string}"},"query-input":{"@type":"PropertyValueSpecification","valueRequired":true,"valueName":"search_term_string"}}],"inLanguage":"da-DK"}]}},"_links":{"self":[{"href":"https:\/\/www.dui.dk\/helsingor\/wp-json\/wp\/v2\/pages\/74","targetHints":{"allow":["GET"]}}],"collection":[{"href":"https:\/\/www.dui.dk\/helsingor\/wp-json\/wp\/v2\/pages"}],"about":[{"href":"https:\/\/www.dui.dk\/helsingor\/wp-json\/wp\/v2\/types\/page"}],"author":[{"embeddable":true,"href":"https:\/\/www.dui.dk\/helsingor\/wp-json\/wp\/v2\/users\/65"}],"replies":[{"embeddable":true,"href":"https:\/\/www.dui.dk\/helsingor\/wp-json\/wp\/v2\/comments?post=74"}],"version-history":[{"count":6,"href":"https:\/\/www.dui.dk\/helsingor\/wp-json\/wp\/v2\/pages\/74\/revisions"}],"predecessor-version":[{"id":143,"href":"https:\/\/www.dui.dk\/helsingor\/wp-json\/wp\/v2\/pages\/74\/revisions\/143"}],"wp:featuredmedia":[{"embeddable":true,"href":"https:\/\/www.dui.dk\/helsingor\/wp-json\/wp\/v2\/media\/124"}],"wp:attachment":[{"href":"https:\/\/www.dui.dk\/helsingor\/wp-json\/wp\/v2\/media?parent=74"}],"curies":[{"name":"wp","href":"https:\/\/api.w.org\/{rel}","templated":true}]}}