{"id":14,"date":"2020-10-28T07:44:45","date_gmt":"2020-10-28T06:44:45","guid":{"rendered":"https:\/\/www.dui.dk\/gronningore\/?page_id=14"},"modified":"2020-12-02T11:02:00","modified_gmt":"2020-12-02T10:02:00","slug":"forside","status":"publish","type":"page","link":"https:\/\/www.dui.dk\/gronningore\/","title":{"rendered":"Forside"},"content":{"rendered":"\n<h1 class=\"wp-block-heading\"><strong>Gr\u00f8nning\u00f8re<\/strong><\/h1>\n\n\n\n<p>Hytten er beliggende lige uden for Skive, t\u00e6t ved skov og strand, og anvendes til udlejning for b\u00e5de private, institutioner og foreninger.<\/p>\n\n\n\n<p>Stedets placering g\u00f8r, at b\u00e5de kajak-\/kanoforeninger, b\u00f8rnehaver, konfirmationer, f\u00f8dselsdage og private\/foreninger p\u00e5 weekendture i stor grad anvender stedet.<\/p>\n\n\n\n<p>Der er plads til overnatning til 20 personer, ligesom det er muligt at stille telte op p\u00e5 grunden.<\/p>\n\n\n\n<p>Vores frivillige udlejer udleverer n\u00f8glen og gennemg\u00e5r huset med jer ved ankomst, med mindre andet aftales og samme frivillige gennemg\u00e5r huset og st\u00e5r for reng\u00f8ringen efter endt leje.<\/p>\n\n\n\n<p><strong>Find DUI Hytten i Gr\u00f8nning\u00f8re p\u00e5 Facebook<\/strong><\/p>\n\n\n\n<p><a href=\"https:\/\/www.facebook.com\/DUI-Hytten-Gr%C3%B8nning%C3%B8re-1539713986357532\">Klik her for at bes\u00f8ge vores Facebook side<\/a><\/p>\n\n\n\n<p><\/p>\n","protected":false},"excerpt":{"rendered":"<p>Gr\u00f8nning\u00f8re Hytten er beliggende lige uden for Skive, t\u00e6t ved skov og strand, og anvendes til udlejning for b\u00e5de private, institutioner og foreninger. Stedets placering g\u00f8r, at b\u00e5de kajak-\/kanoforeninger, b\u00f8rnehaver, konfirmationer, f\u00f8dselsdage og private\/foreninger p\u00e5 weekendture i stor grad anvender stedet. Der er plads til overnatning til 20 personer, ligesom det er muligt at stille &hellip;<\/p>\n","protected":false},"author":5,"featured_media":36,"parent":0,"menu_order":0,"comment_status":"closed","ping_status":"closed","template":"page-front-local.php","meta":{"_acf_changed":false,"footnotes":""},"class_list":["post-14","page","type-page","status-publish","has-post-thumbnail","hentry"],"acf":[],"yoast_head":"<!-- This site is optimized with the Yoast SEO plugin v27.1.1 - https:\/\/yoast.com\/product\/yoast-seo-wordpress\/ -->\n<title>Forside - Gr\u00f8nning\u00f8re<\/title>\n<meta name=\"robots\" content=\"index, follow, max-snippet:-1, max-image-preview:large, max-video-preview:-1\" \/>\n<link rel=\"canonical\" href=\"https:\/\/www.dui.dk\/gronningore\/\" \/>\n<meta property=\"og:locale\" content=\"da_DK\" \/>\n<meta property=\"og:type\" content=\"article\" \/>\n<meta property=\"og:title\" content=\"Forside - Gr\u00f8nning\u00f8re\" \/>\n<meta property=\"og:description\" content=\"Gr\u00f8nning\u00f8re Hytten er beliggende lige uden for Skive, t\u00e6t ved skov og strand, og anvendes til udlejning for b\u00e5de private, institutioner og foreninger. Stedets placering g\u00f8r, at b\u00e5de kajak-\/kanoforeninger, b\u00f8rnehaver, konfirmationer, f\u00f8dselsdage og private\/foreninger p\u00e5 weekendture i stor grad anvender stedet. Der er plads til overnatning til 20 personer, ligesom det er muligt at stille &hellip;\" \/>\n<meta property=\"og:url\" content=\"https:\/\/www.dui.dk\/gronningore\/\" \/>\n<meta property=\"og:site_name\" content=\"Gr\u00f8nning\u00f8re\" \/>\n<meta property=\"article:modified_time\" content=\"2020-12-02T10:02:00+00:00\" \/>\n<meta property=\"og:image\" content=\"https:\/\/www.dui.dk\/gronningore\/wp-content\/uploads\/sites\/84\/2020\/12\/wd.png\" \/>\n\t<meta property=\"og:image:width\" content=\"800\" \/>\n\t<meta property=\"og:image:height\" content=\"342\" \/>\n\t<meta property=\"og:image:type\" content=\"image\/png\" \/>\n<meta name=\"twitter:card\" content=\"summary_large_image\" \/>\n<meta name=\"twitter:label1\" content=\"Estimeret l\u00e6setid\" \/>\n\t<meta name=\"twitter:data1\" content=\"1 minut\" \/>\n<script type=\"application\/ld+json\" class=\"yoast-schema-graph\">{\"@context\":\"https:\/\/schema.org\",\"@graph\":[{\"@type\":\"WebPage\",\"@id\":\"https:\/\/www.dui.dk\/gronningore\/\",\"url\":\"https:\/\/www.dui.dk\/gronningore\/\",\"name\":\"Forside - Gr\u00f8nning\u00f8re\",\"isPartOf\":{\"@id\":\"https:\/\/www.dui.dk\/gronningore\/#website\"},\"primaryImageOfPage\":{\"@id\":\"https:\/\/www.dui.dk\/gronningore\/#primaryimage\"},\"image\":{\"@id\":\"https:\/\/www.dui.dk\/gronningore\/#primaryimage\"},\"thumbnailUrl\":\"https:\/\/www.dui.dk\/gronningore\/wp-content\/uploads\/sites\/84\/2020\/12\/wd.png\",\"datePublished\":\"2020-10-28T06:44:45+00:00\",\"dateModified\":\"2020-12-02T10:02:00+00:00\",\"breadcrumb\":{\"@id\":\"https:\/\/www.dui.dk\/gronningore\/#breadcrumb\"},\"inLanguage\":\"da-DK\",\"potentialAction\":[{\"@type\":\"ReadAction\",\"target\":[\"https:\/\/www.dui.dk\/gronningore\/\"]}]},{\"@type\":\"ImageObject\",\"inLanguage\":\"da-DK\",\"@id\":\"https:\/\/www.dui.dk\/gronningore\/#primaryimage\",\"url\":\"https:\/\/www.dui.dk\/gronningore\/wp-content\/uploads\/sites\/84\/2020\/12\/wd.png\",\"contentUrl\":\"https:\/\/www.dui.dk\/gronningore\/wp-content\/uploads\/sites\/84\/2020\/12\/wd.png\",\"width\":800,\"height\":342},{\"@type\":\"BreadcrumbList\",\"@id\":\"https:\/\/www.dui.dk\/gronningore\/#breadcrumb\",\"itemListElement\":[{\"@type\":\"ListItem\",\"position\":1,\"name\":\"Hjem\",\"item\":\"https:\/\/www.dui.dk\/gronningore\/\"},{\"@type\":\"ListItem\",\"position\":2,\"name\":\"Forside\"}]},{\"@type\":\"WebSite\",\"@id\":\"https:\/\/www.dui.dk\/gronningore\/#website\",\"url\":\"https:\/\/www.dui.dk\/gronningore\/\",\"name\":\"Gr\u00f8nning\u00f8re\",\"description\":\"Endnu en DUI-LEG og VIRKE lokalafdelinger-side\",\"potentialAction\":[{\"@type\":\"SearchAction\",\"target\":{\"@type\":\"EntryPoint\",\"urlTemplate\":\"https:\/\/www.dui.dk\/gronningore\/?s={search_term_string}\"},\"query-input\":{\"@type\":\"PropertyValueSpecification\",\"valueRequired\":true,\"valueName\":\"search_term_string\"}}],\"inLanguage\":\"da-DK\"}]}<\/script>\n<!-- \/ Yoast SEO plugin. -->","yoast_head_json":{"title":"Forside - Gr\u00f8nning\u00f8re","robots":{"index":"index","follow":"follow","max-snippet":"max-snippet:-1","max-image-preview":"max-image-preview:large","max-video-preview":"max-video-preview:-1"},"canonical":"https:\/\/www.dui.dk\/gronningore\/","og_locale":"da_DK","og_type":"article","og_title":"Forside - Gr\u00f8nning\u00f8re","og_description":"Gr\u00f8nning\u00f8re Hytten er beliggende lige uden for Skive, t\u00e6t ved skov og strand, og anvendes til udlejning for b\u00e5de private, institutioner og foreninger. Stedets placering g\u00f8r, at b\u00e5de kajak-\/kanoforeninger, b\u00f8rnehaver, konfirmationer, f\u00f8dselsdage og private\/foreninger p\u00e5 weekendture i stor grad anvender stedet. Der er plads til overnatning til 20 personer, ligesom det er muligt at stille &hellip;","og_url":"https:\/\/www.dui.dk\/gronningore\/","og_site_name":"Gr\u00f8nning\u00f8re","article_modified_time":"2020-12-02T10:02:00+00:00","og_image":[{"width":800,"height":342,"url":"https:\/\/www.dui.dk\/gronningore\/wp-content\/uploads\/sites\/84\/2020\/12\/wd.png","type":"image\/png"}],"twitter_card":"summary_large_image","twitter_misc":{"Estimeret l\u00e6setid":"1 minut"},"schema":{"@context":"https:\/\/schema.org","@graph":[{"@type":"WebPage","@id":"https:\/\/www.dui.dk\/gronningore\/","url":"https:\/\/www.dui.dk\/gronningore\/","name":"Forside - Gr\u00f8nning\u00f8re","isPartOf":{"@id":"https:\/\/www.dui.dk\/gronningore\/#website"},"primaryImageOfPage":{"@id":"https:\/\/www.dui.dk\/gronningore\/#primaryimage"},"image":{"@id":"https:\/\/www.dui.dk\/gronningore\/#primaryimage"},"thumbnailUrl":"https:\/\/www.dui.dk\/gronningore\/wp-content\/uploads\/sites\/84\/2020\/12\/wd.png","datePublished":"2020-10-28T06:44:45+00:00","dateModified":"2020-12-02T10:02:00+00:00","breadcrumb":{"@id":"https:\/\/www.dui.dk\/gronningore\/#breadcrumb"},"inLanguage":"da-DK","potentialAction":[{"@type":"ReadAction","target":["https:\/\/www.dui.dk\/gronningore\/"]}]},{"@type":"ImageObject","inLanguage":"da-DK","@id":"https:\/\/www.dui.dk\/gronningore\/#primaryimage","url":"https:\/\/www.dui.dk\/gronningore\/wp-content\/uploads\/sites\/84\/2020\/12\/wd.png","contentUrl":"https:\/\/www.dui.dk\/gronningore\/wp-content\/uploads\/sites\/84\/2020\/12\/wd.png","width":800,"height":342},{"@type":"BreadcrumbList","@id":"https:\/\/www.dui.dk\/gronningore\/#breadcrumb","itemListElement":[{"@type":"ListItem","position":1,"name":"Hjem","item":"https:\/\/www.dui.dk\/gronningore\/"},{"@type":"ListItem","position":2,"name":"Forside"}]},{"@type":"WebSite","@id":"https:\/\/www.dui.dk\/gronningore\/#website","url":"https:\/\/www.dui.dk\/gronningore\/","name":"Gr\u00f8nning\u00f8re","description":"Endnu en DUI-LEG og VIRKE lokalafdelinger-side","potentialAction":[{"@type":"SearchAction","target":{"@type":"EntryPoint","urlTemplate":"https:\/\/www.dui.dk\/gronningore\/?s={search_term_string}"},"query-input":{"@type":"PropertyValueSpecification","valueRequired":true,"valueName":"search_term_string"}}],"inLanguage":"da-DK"}]}},"_links":{"self":[{"href":"https:\/\/www.dui.dk\/gronningore\/wp-json\/wp\/v2\/pages\/14","targetHints":{"allow":["GET"]}}],"collection":[{"href":"https:\/\/www.dui.dk\/gronningore\/wp-json\/wp\/v2\/pages"}],"about":[{"href":"https:\/\/www.dui.dk\/gronningore\/wp-json\/wp\/v2\/types\/page"}],"author":[{"embeddable":true,"href":"https:\/\/www.dui.dk\/gronningore\/wp-json\/wp\/v2\/users\/5"}],"replies":[{"embeddable":true,"href":"https:\/\/www.dui.dk\/gronningore\/wp-json\/wp\/v2\/comments?post=14"}],"version-history":[{"count":3,"href":"https:\/\/www.dui.dk\/gronningore\/wp-json\/wp\/v2\/pages\/14\/revisions"}],"predecessor-version":[{"id":38,"href":"https:\/\/www.dui.dk\/gronningore\/wp-json\/wp\/v2\/pages\/14\/revisions\/38"}],"wp:featuredmedia":[{"embeddable":true,"href":"https:\/\/www.dui.dk\/gronningore\/wp-json\/wp\/v2\/media\/36"}],"wp:attachment":[{"href":"https:\/\/www.dui.dk\/gronningore\/wp-json\/wp\/v2\/media?parent=14"}],"curies":[{"name":"wp","href":"https:\/\/api.w.org\/{rel}","templated":true}]}}