{"id":2,"date":"2016-06-21T12:38:03","date_gmt":"2016-06-21T12:38:03","guid":{"rendered":"http:\/\/dui.demo.supertusch.com\/esbjerg\/?page_id=2"},"modified":"2016-11-21T12:25:33","modified_gmt":"2016-11-21T12:25:33","slug":"forside","status":"publish","type":"page","link":"https:\/\/www.dui.dk\/esbjerg\/","title":{"rendered":"Forside"},"content":{"rendered":"<h1>Velkommen til DUI Esbjerg!<\/h1>\n<p>Vi er en del af den landsd\u00e6kkende b\u00f8rne-, ungdoms- og familieorganisation DUI &#8211; LEG og VIRKE.<\/p>\n<p>Vores m\u00e5l er, at give alle b\u00f8rn og unge mulighed for selvst\u00e6ndig udvikling i respekt for og i samarbejde med andre mennesker.<\/p>\n","protected":false},"excerpt":{"rendered":"<p>Velkommen til DUI Esbjerg! Vi er en del af den landsd\u00e6kkende b\u00f8rne-, ungdoms- og familieorganisation DUI &#8211; LEG og VIRKE. Vores m\u00e5l er, at give alle b\u00f8rn og unge mulighed for selvst\u00e6ndig udvikling i respekt for og i samarbejde med andre mennesker.<\/p>\n","protected":false},"author":3,"featured_media":8,"parent":0,"menu_order":0,"comment_status":"closed","ping_status":"open","template":"page-front-local.php","meta":{"_acf_changed":false,"footnotes":""},"class_list":["post-2","page","type-page","status-publish","has-post-thumbnail","hentry"],"acf":[],"yoast_head":"<!-- This site is optimized with the Yoast SEO plugin v27.1.1 - https:\/\/yoast.com\/product\/yoast-seo-wordpress\/ -->\n<title>Forside - DUI - Esbjerg<\/title>\n<meta name=\"robots\" content=\"index, follow, max-snippet:-1, max-image-preview:large, max-video-preview:-1\" \/>\n<link rel=\"canonical\" href=\"https:\/\/www.dui.dk\/esbjerg\/\" \/>\n<meta property=\"og:locale\" content=\"da_DK\" \/>\n<meta property=\"og:type\" content=\"article\" \/>\n<meta property=\"og:title\" content=\"Forside - DUI - Esbjerg\" \/>\n<meta property=\"og:description\" content=\"Velkommen til DUI Esbjerg! Vi er en del af den landsd\u00e6kkende b\u00f8rne-, ungdoms- og familieorganisation DUI &#8211; LEG og VIRKE. Vores m\u00e5l er, at give alle b\u00f8rn og unge mulighed for selvst\u00e6ndig udvikling i respekt for og i samarbejde med andre mennesker.\" \/>\n<meta property=\"og:url\" content=\"https:\/\/www.dui.dk\/esbjerg\/\" \/>\n<meta property=\"og:site_name\" content=\"DUI - Esbjerg\" \/>\n<meta property=\"article:modified_time\" content=\"2016-11-21T12:25:33+00:00\" \/>\n<meta property=\"og:image\" content=\"https:\/\/www.dui.dk\/esbjerg\/wp-content\/uploads\/sites\/18\/2016\/06\/B\u00f8rn-top.png\" \/>\n\t<meta property=\"og:image:width\" content=\"945\" \/>\n\t<meta property=\"og:image:height\" content=\"241\" \/>\n\t<meta property=\"og:image:type\" content=\"image\/png\" \/>\n<meta name=\"twitter:card\" content=\"summary_large_image\" \/>\n<script type=\"application\/ld+json\" class=\"yoast-schema-graph\">{\"@context\":\"https:\/\/schema.org\",\"@graph\":[{\"@type\":\"WebPage\",\"@id\":\"https:\/\/www.dui.dk\/esbjerg\/\",\"url\":\"https:\/\/www.dui.dk\/esbjerg\/\",\"name\":\"Forside - DUI - Esbjerg\",\"isPartOf\":{\"@id\":\"https:\/\/www.dui.dk\/esbjerg\/#website\"},\"primaryImageOfPage\":{\"@id\":\"https:\/\/www.dui.dk\/esbjerg\/#primaryimage\"},\"image\":{\"@id\":\"https:\/\/www.dui.dk\/esbjerg\/#primaryimage\"},\"thumbnailUrl\":\"https:\/\/www.dui.dk\/esbjerg\/wp-content\/uploads\/sites\/18\/2016\/06\/B\u00f8rn-top.png\",\"datePublished\":\"2016-06-21T12:38:03+00:00\",\"dateModified\":\"2016-11-21T12:25:33+00:00\",\"breadcrumb\":{\"@id\":\"https:\/\/www.dui.dk\/esbjerg\/#breadcrumb\"},\"inLanguage\":\"da-DK\",\"potentialAction\":[{\"@type\":\"ReadAction\",\"target\":[\"https:\/\/www.dui.dk\/esbjerg\/\"]}]},{\"@type\":\"ImageObject\",\"inLanguage\":\"da-DK\",\"@id\":\"https:\/\/www.dui.dk\/esbjerg\/#primaryimage\",\"url\":\"https:\/\/www.dui.dk\/esbjerg\/wp-content\/uploads\/sites\/18\/2016\/06\/B\u00f8rn-top.png\",\"contentUrl\":\"https:\/\/www.dui.dk\/esbjerg\/wp-content\/uploads\/sites\/18\/2016\/06\/B\u00f8rn-top.png\",\"width\":945,\"height\":241},{\"@type\":\"BreadcrumbList\",\"@id\":\"https:\/\/www.dui.dk\/esbjerg\/#breadcrumb\",\"itemListElement\":[{\"@type\":\"ListItem\",\"position\":1,\"name\":\"Hjem\",\"item\":\"https:\/\/www.dui.dk\/esbjerg\/\"},{\"@type\":\"ListItem\",\"position\":2,\"name\":\"Forside\"}]},{\"@type\":\"WebSite\",\"@id\":\"https:\/\/www.dui.dk\/esbjerg\/#website\",\"url\":\"https:\/\/www.dui.dk\/esbjerg\/\",\"name\":\"DUI - Esbjerg\",\"description\":\"DUI - Esbjerg\",\"potentialAction\":[{\"@type\":\"SearchAction\",\"target\":{\"@type\":\"EntryPoint\",\"urlTemplate\":\"https:\/\/www.dui.dk\/esbjerg\/?s={search_term_string}\"},\"query-input\":{\"@type\":\"PropertyValueSpecification\",\"valueRequired\":true,\"valueName\":\"search_term_string\"}}],\"inLanguage\":\"da-DK\"}]}<\/script>\n<!-- \/ Yoast SEO plugin. -->","yoast_head_json":{"title":"Forside - DUI - Esbjerg","robots":{"index":"index","follow":"follow","max-snippet":"max-snippet:-1","max-image-preview":"max-image-preview:large","max-video-preview":"max-video-preview:-1"},"canonical":"https:\/\/www.dui.dk\/esbjerg\/","og_locale":"da_DK","og_type":"article","og_title":"Forside - DUI - Esbjerg","og_description":"Velkommen til DUI Esbjerg! Vi er en del af den landsd\u00e6kkende b\u00f8rne-, ungdoms- og familieorganisation DUI &#8211; LEG og VIRKE. Vores m\u00e5l er, at give alle b\u00f8rn og unge mulighed for selvst\u00e6ndig udvikling i respekt for og i samarbejde med andre mennesker.","og_url":"https:\/\/www.dui.dk\/esbjerg\/","og_site_name":"DUI - Esbjerg","article_modified_time":"2016-11-21T12:25:33+00:00","og_image":[{"width":945,"height":241,"url":"https:\/\/www.dui.dk\/esbjerg\/wp-content\/uploads\/sites\/18\/2016\/06\/B\u00f8rn-top.png","type":"image\/png"}],"twitter_card":"summary_large_image","schema":{"@context":"https:\/\/schema.org","@graph":[{"@type":"WebPage","@id":"https:\/\/www.dui.dk\/esbjerg\/","url":"https:\/\/www.dui.dk\/esbjerg\/","name":"Forside - DUI - Esbjerg","isPartOf":{"@id":"https:\/\/www.dui.dk\/esbjerg\/#website"},"primaryImageOfPage":{"@id":"https:\/\/www.dui.dk\/esbjerg\/#primaryimage"},"image":{"@id":"https:\/\/www.dui.dk\/esbjerg\/#primaryimage"},"thumbnailUrl":"https:\/\/www.dui.dk\/esbjerg\/wp-content\/uploads\/sites\/18\/2016\/06\/B\u00f8rn-top.png","datePublished":"2016-06-21T12:38:03+00:00","dateModified":"2016-11-21T12:25:33+00:00","breadcrumb":{"@id":"https:\/\/www.dui.dk\/esbjerg\/#breadcrumb"},"inLanguage":"da-DK","potentialAction":[{"@type":"ReadAction","target":["https:\/\/www.dui.dk\/esbjerg\/"]}]},{"@type":"ImageObject","inLanguage":"da-DK","@id":"https:\/\/www.dui.dk\/esbjerg\/#primaryimage","url":"https:\/\/www.dui.dk\/esbjerg\/wp-content\/uploads\/sites\/18\/2016\/06\/B\u00f8rn-top.png","contentUrl":"https:\/\/www.dui.dk\/esbjerg\/wp-content\/uploads\/sites\/18\/2016\/06\/B\u00f8rn-top.png","width":945,"height":241},{"@type":"BreadcrumbList","@id":"https:\/\/www.dui.dk\/esbjerg\/#breadcrumb","itemListElement":[{"@type":"ListItem","position":1,"name":"Hjem","item":"https:\/\/www.dui.dk\/esbjerg\/"},{"@type":"ListItem","position":2,"name":"Forside"}]},{"@type":"WebSite","@id":"https:\/\/www.dui.dk\/esbjerg\/#website","url":"https:\/\/www.dui.dk\/esbjerg\/","name":"DUI - Esbjerg","description":"DUI - Esbjerg","potentialAction":[{"@type":"SearchAction","target":{"@type":"EntryPoint","urlTemplate":"https:\/\/www.dui.dk\/esbjerg\/?s={search_term_string}"},"query-input":{"@type":"PropertyValueSpecification","valueRequired":true,"valueName":"search_term_string"}}],"inLanguage":"da-DK"}]}},"_links":{"self":[{"href":"https:\/\/www.dui.dk\/esbjerg\/wp-json\/wp\/v2\/pages\/2","targetHints":{"allow":["GET"]}}],"collection":[{"href":"https:\/\/www.dui.dk\/esbjerg\/wp-json\/wp\/v2\/pages"}],"about":[{"href":"https:\/\/www.dui.dk\/esbjerg\/wp-json\/wp\/v2\/types\/page"}],"author":[{"embeddable":true,"href":"https:\/\/www.dui.dk\/esbjerg\/wp-json\/wp\/v2\/users\/3"}],"replies":[{"embeddable":true,"href":"https:\/\/www.dui.dk\/esbjerg\/wp-json\/wp\/v2\/comments?post=2"}],"version-history":[{"count":4,"href":"https:\/\/www.dui.dk\/esbjerg\/wp-json\/wp\/v2\/pages\/2\/revisions"}],"predecessor-version":[{"id":10,"href":"https:\/\/www.dui.dk\/esbjerg\/wp-json\/wp\/v2\/pages\/2\/revisions\/10"}],"wp:featuredmedia":[{"embeddable":true,"href":"https:\/\/www.dui.dk\/esbjerg\/wp-json\/wp\/v2\/media\/8"}],"wp:attachment":[{"href":"https:\/\/www.dui.dk\/esbjerg\/wp-json\/wp\/v2\/media?parent=2"}],"curies":[{"name":"wp","href":"https:\/\/api.w.org\/{rel}","templated":true}]}}