{"id":2,"date":"2016-10-05T08:09:10","date_gmt":"2016-10-05T08:09:10","guid":{"rendered":"http:\/\/dui.demo.supertusch.com\/egedal\/?page_id=2"},"modified":"2019-08-11T00:13:02","modified_gmt":"2019-08-10T22:13:02","slug":"forside","status":"publish","type":"page","link":"https:\/\/www.dui.dk\/egedal\/","title":{"rendered":"Forside"},"content":{"rendered":"<p>DUI &#8211; LEG og VIRKEs f\u00e6llesledelse i Egedal er en f\u00e6lles forening for alle vores DUI-afdelinger i Egedal kommune. Vi har til form\u00e5l at st\u00f8tte vores lokale afdelinger i deres daglige arbejde. Prim\u00e6rt med fokus p\u00e5 aktiviteter p\u00e5 tv\u00e6rs af vores afdelinger eller v\u00e6rdiskabene aktiviteter.<\/p>\n<p>Samtidig fungere vi som vennest\u00f8tte forening for vores afdelinger. S\u00e5 er du en virksomhed eller over 30 \u00e5r og gerne vil st\u00f8tte DUI-Egedal, kan du melde dig ind her.<\/p>\n<p><strong>Vi har f\u00f8lgende medlemskaber:<\/strong><\/p>\n<ul>\n<li>Enkelt &#8211; 100 kr. om \u00e5ret<\/li>\n<li><span style=\"color: #000000\">Par &#8211; 150 kr. om \u00e5ret<\/span><\/li>\n<li>Virksomheder eller organisationer &#8211; 1.500 kr. om \u00e5ret<\/li>\n<\/ul>\n<p>\u00d8nsker du at st\u00f8tte, s\u00e5 kontakt os p\u00e5: <span style=\"color: #0000ff\"><a style=\"color: #0000ff\" href=\"mailto:egedal@dui.dk\">egedal@dui.dk<\/a><\/span><\/p>\n","protected":false},"excerpt":{"rendered":"<p>DUI &#8211; LEG og VIRKEs f\u00e6llesledelse i Egedal er en f\u00e6lles forening for alle vores DUI-afdelinger i Egedal kommune. Vi har til form\u00e5l at st\u00f8tte vores lokale afdelinger i deres daglige arbejde. Prim\u00e6rt med fokus p\u00e5 aktiviteter p\u00e5 tv\u00e6rs af vores afdelinger eller v\u00e6rdiskabene aktiviteter. Samtidig fungere vi som vennest\u00f8tte forening for vores afdelinger. S\u00e5 &hellip;<\/p>\n","protected":false},"author":4,"featured_media":7,"parent":0,"menu_order":0,"comment_status":"closed","ping_status":"open","template":"page-front-local.php","meta":{"_acf_changed":false,"footnotes":""},"class_list":["post-2","page","type-page","status-publish","has-post-thumbnail","hentry"],"acf":[],"yoast_head":"<!-- This site is optimized with the Yoast SEO plugin v27.1.1 - https:\/\/yoast.com\/product\/yoast-seo-wordpress\/ -->\n<title>Forside - Egedals f\u00e6llesledelse<\/title>\n<meta name=\"robots\" content=\"index, follow, max-snippet:-1, max-image-preview:large, max-video-preview:-1\" \/>\n<link rel=\"canonical\" href=\"https:\/\/www.dui.dk\/egedal\/\" \/>\n<meta property=\"og:locale\" content=\"da_DK\" \/>\n<meta property=\"og:type\" content=\"article\" \/>\n<meta property=\"og:title\" content=\"Forside - Egedals f\u00e6llesledelse\" \/>\n<meta property=\"og:description\" content=\"DUI &#8211; LEG og VIRKEs f\u00e6llesledelse i Egedal er en f\u00e6lles forening for alle vores DUI-afdelinger i Egedal kommune. Vi har til form\u00e5l at st\u00f8tte vores lokale afdelinger i deres daglige arbejde. Prim\u00e6rt med fokus p\u00e5 aktiviteter p\u00e5 tv\u00e6rs af vores afdelinger eller v\u00e6rdiskabene aktiviteter. Samtidig fungere vi som vennest\u00f8tte forening for vores afdelinger. S\u00e5 &hellip;\" \/>\n<meta property=\"og:url\" content=\"https:\/\/www.dui.dk\/egedal\/\" \/>\n<meta property=\"og:site_name\" content=\"Egedals f\u00e6llesledelse\" \/>\n<meta property=\"article:modified_time\" content=\"2019-08-10T22:13:02+00:00\" \/>\n<meta property=\"og:image\" content=\"https:\/\/www.dui.dk\/egedal\/wp-content\/uploads\/sites\/55\/2016\/10\/EgedalTop.png\" \/>\n\t<meta property=\"og:image:width\" content=\"945\" \/>\n\t<meta property=\"og:image:height\" content=\"458\" \/>\n\t<meta property=\"og:image:type\" content=\"image\/png\" \/>\n<meta name=\"twitter:card\" content=\"summary_large_image\" \/>\n<meta name=\"twitter:label1\" content=\"Estimeret l\u00e6setid\" \/>\n\t<meta name=\"twitter:data1\" content=\"1 minut\" \/>\n<script type=\"application\/ld+json\" class=\"yoast-schema-graph\">{\"@context\":\"https:\/\/schema.org\",\"@graph\":[{\"@type\":\"WebPage\",\"@id\":\"https:\/\/www.dui.dk\/egedal\/\",\"url\":\"https:\/\/www.dui.dk\/egedal\/\",\"name\":\"Forside - Egedals f\u00e6llesledelse\",\"isPartOf\":{\"@id\":\"https:\/\/www.dui.dk\/egedal\/#website\"},\"primaryImageOfPage\":{\"@id\":\"https:\/\/www.dui.dk\/egedal\/#primaryimage\"},\"image\":{\"@id\":\"https:\/\/www.dui.dk\/egedal\/#primaryimage\"},\"thumbnailUrl\":\"https:\/\/www.dui.dk\/egedal\/wp-content\/uploads\/sites\/55\/2016\/10\/EgedalTop.png\",\"datePublished\":\"2016-10-05T08:09:10+00:00\",\"dateModified\":\"2019-08-10T22:13:02+00:00\",\"breadcrumb\":{\"@id\":\"https:\/\/www.dui.dk\/egedal\/#breadcrumb\"},\"inLanguage\":\"da-DK\",\"potentialAction\":[{\"@type\":\"ReadAction\",\"target\":[\"https:\/\/www.dui.dk\/egedal\/\"]}]},{\"@type\":\"ImageObject\",\"inLanguage\":\"da-DK\",\"@id\":\"https:\/\/www.dui.dk\/egedal\/#primaryimage\",\"url\":\"https:\/\/www.dui.dk\/egedal\/wp-content\/uploads\/sites\/55\/2016\/10\/EgedalTop.png\",\"contentUrl\":\"https:\/\/www.dui.dk\/egedal\/wp-content\/uploads\/sites\/55\/2016\/10\/EgedalTop.png\",\"width\":945,\"height\":458},{\"@type\":\"BreadcrumbList\",\"@id\":\"https:\/\/www.dui.dk\/egedal\/#breadcrumb\",\"itemListElement\":[{\"@type\":\"ListItem\",\"position\":1,\"name\":\"Hjem\",\"item\":\"https:\/\/www.dui.dk\/egedal\/\"},{\"@type\":\"ListItem\",\"position\":2,\"name\":\"Forside\"}]},{\"@type\":\"WebSite\",\"@id\":\"https:\/\/www.dui.dk\/egedal\/#website\",\"url\":\"https:\/\/www.dui.dk\/egedal\/\",\"name\":\"Egedals f\u00e6llesledelse\",\"description\":\"DUI - LEG og VIRKEs f\u00e6llesledelse Egedal\",\"potentialAction\":[{\"@type\":\"SearchAction\",\"target\":{\"@type\":\"EntryPoint\",\"urlTemplate\":\"https:\/\/www.dui.dk\/egedal\/?s={search_term_string}\"},\"query-input\":{\"@type\":\"PropertyValueSpecification\",\"valueRequired\":true,\"valueName\":\"search_term_string\"}}],\"inLanguage\":\"da-DK\"}]}<\/script>\n<!-- \/ Yoast SEO plugin. -->","yoast_head_json":{"title":"Forside - Egedals f\u00e6llesledelse","robots":{"index":"index","follow":"follow","max-snippet":"max-snippet:-1","max-image-preview":"max-image-preview:large","max-video-preview":"max-video-preview:-1"},"canonical":"https:\/\/www.dui.dk\/egedal\/","og_locale":"da_DK","og_type":"article","og_title":"Forside - Egedals f\u00e6llesledelse","og_description":"DUI &#8211; LEG og VIRKEs f\u00e6llesledelse i Egedal er en f\u00e6lles forening for alle vores DUI-afdelinger i Egedal kommune. Vi har til form\u00e5l at st\u00f8tte vores lokale afdelinger i deres daglige arbejde. Prim\u00e6rt med fokus p\u00e5 aktiviteter p\u00e5 tv\u00e6rs af vores afdelinger eller v\u00e6rdiskabene aktiviteter. Samtidig fungere vi som vennest\u00f8tte forening for vores afdelinger. S\u00e5 &hellip;","og_url":"https:\/\/www.dui.dk\/egedal\/","og_site_name":"Egedals f\u00e6llesledelse","article_modified_time":"2019-08-10T22:13:02+00:00","og_image":[{"width":945,"height":458,"url":"https:\/\/www.dui.dk\/egedal\/wp-content\/uploads\/sites\/55\/2016\/10\/EgedalTop.png","type":"image\/png"}],"twitter_card":"summary_large_image","twitter_misc":{"Estimeret l\u00e6setid":"1 minut"},"schema":{"@context":"https:\/\/schema.org","@graph":[{"@type":"WebPage","@id":"https:\/\/www.dui.dk\/egedal\/","url":"https:\/\/www.dui.dk\/egedal\/","name":"Forside - Egedals f\u00e6llesledelse","isPartOf":{"@id":"https:\/\/www.dui.dk\/egedal\/#website"},"primaryImageOfPage":{"@id":"https:\/\/www.dui.dk\/egedal\/#primaryimage"},"image":{"@id":"https:\/\/www.dui.dk\/egedal\/#primaryimage"},"thumbnailUrl":"https:\/\/www.dui.dk\/egedal\/wp-content\/uploads\/sites\/55\/2016\/10\/EgedalTop.png","datePublished":"2016-10-05T08:09:10+00:00","dateModified":"2019-08-10T22:13:02+00:00","breadcrumb":{"@id":"https:\/\/www.dui.dk\/egedal\/#breadcrumb"},"inLanguage":"da-DK","potentialAction":[{"@type":"ReadAction","target":["https:\/\/www.dui.dk\/egedal\/"]}]},{"@type":"ImageObject","inLanguage":"da-DK","@id":"https:\/\/www.dui.dk\/egedal\/#primaryimage","url":"https:\/\/www.dui.dk\/egedal\/wp-content\/uploads\/sites\/55\/2016\/10\/EgedalTop.png","contentUrl":"https:\/\/www.dui.dk\/egedal\/wp-content\/uploads\/sites\/55\/2016\/10\/EgedalTop.png","width":945,"height":458},{"@type":"BreadcrumbList","@id":"https:\/\/www.dui.dk\/egedal\/#breadcrumb","itemListElement":[{"@type":"ListItem","position":1,"name":"Hjem","item":"https:\/\/www.dui.dk\/egedal\/"},{"@type":"ListItem","position":2,"name":"Forside"}]},{"@type":"WebSite","@id":"https:\/\/www.dui.dk\/egedal\/#website","url":"https:\/\/www.dui.dk\/egedal\/","name":"Egedals f\u00e6llesledelse","description":"DUI - LEG og VIRKEs f\u00e6llesledelse Egedal","potentialAction":[{"@type":"SearchAction","target":{"@type":"EntryPoint","urlTemplate":"https:\/\/www.dui.dk\/egedal\/?s={search_term_string}"},"query-input":{"@type":"PropertyValueSpecification","valueRequired":true,"valueName":"search_term_string"}}],"inLanguage":"da-DK"}]}},"_links":{"self":[{"href":"https:\/\/www.dui.dk\/egedal\/wp-json\/wp\/v2\/pages\/2","targetHints":{"allow":["GET"]}}],"collection":[{"href":"https:\/\/www.dui.dk\/egedal\/wp-json\/wp\/v2\/pages"}],"about":[{"href":"https:\/\/www.dui.dk\/egedal\/wp-json\/wp\/v2\/types\/page"}],"author":[{"embeddable":true,"href":"https:\/\/www.dui.dk\/egedal\/wp-json\/wp\/v2\/users\/4"}],"replies":[{"embeddable":true,"href":"https:\/\/www.dui.dk\/egedal\/wp-json\/wp\/v2\/comments?post=2"}],"version-history":[{"count":7,"href":"https:\/\/www.dui.dk\/egedal\/wp-json\/wp\/v2\/pages\/2\/revisions"}],"predecessor-version":[{"id":124,"href":"https:\/\/www.dui.dk\/egedal\/wp-json\/wp\/v2\/pages\/2\/revisions\/124"}],"wp:featuredmedia":[{"embeddable":true,"href":"https:\/\/www.dui.dk\/egedal\/wp-json\/wp\/v2\/media\/7"}],"wp:attachment":[{"href":"https:\/\/www.dui.dk\/egedal\/wp-json\/wp\/v2\/media?parent=2"}],"curies":[{"name":"wp","href":"https:\/\/api.w.org\/{rel}","templated":true}]}}