{"id":6,"date":"2016-10-04T12:37:28","date_gmt":"2016-10-04T12:37:28","guid":{"rendered":"http:\/\/dui.demo.supertusch.com\/digital\/?page_id=6"},"modified":"2016-10-04T12:40:03","modified_gmt":"2016-10-04T12:40:03","slug":"forside","status":"publish","type":"page","link":"https:\/\/www.dui.dk\/digital\/","title":{"rendered":"Forside"},"content":{"rendered":"<p>Dette er DUI-LEG og VIRKE\u2019s virtuelle afdeling.<\/p>\n<p>Vi er som vores navnet antyder det, en digital afdeling som hovedsagelig laver aktiviteter her i cyberspace og den digitale verden. Vi vil p\u00e5 den m\u00e5de udfordre de mange nye teknologier verden tilbyder og pr\u00f8ve g\u00f8re dem til f\u00e6llesaktiviteter for b\u00f8rn og voksne.<\/p>\n<p>S\u00e5 velkommen til vores digitale afdeling hus, kom inden for og se dig lidt omkring<\/p>\n","protected":false},"excerpt":{"rendered":"<p>Dette er DUI-LEG og VIRKE\u2019s virtuelle afdeling. Vi er som vores navnet antyder det, en digital afdeling som hovedsagelig laver aktiviteter her i cyberspace og den digitale verden. Vi vil p\u00e5 den m\u00e5de udfordre de mange nye teknologier verden tilbyder og pr\u00f8ve g\u00f8re dem til f\u00e6llesaktiviteter for b\u00f8rn og voksne. S\u00e5 velkommen til vores digitale &hellip;<\/p>\n","protected":false},"author":3,"featured_media":9,"parent":0,"menu_order":0,"comment_status":"closed","ping_status":"closed","template":"page-front-local.php","meta":{"_acf_changed":false,"footnotes":""},"class_list":["post-6","page","type-page","status-publish","has-post-thumbnail","hentry"],"acf":[],"yoast_head":"<!-- This site is optimized with the Yoast SEO plugin v27.1.1 - https:\/\/yoast.com\/product\/yoast-seo-wordpress\/ -->\n<title>Forside - Digital<\/title>\n<meta name=\"robots\" content=\"index, follow, max-snippet:-1, max-image-preview:large, max-video-preview:-1\" \/>\n<link rel=\"canonical\" href=\"https:\/\/www.dui.dk\/digital\/\" \/>\n<meta property=\"og:locale\" content=\"da_DK\" \/>\n<meta property=\"og:type\" content=\"article\" \/>\n<meta property=\"og:title\" content=\"Forside - Digital\" \/>\n<meta property=\"og:description\" content=\"Dette er DUI-LEG og VIRKE\u2019s virtuelle afdeling. Vi er som vores navnet antyder det, en digital afdeling som hovedsagelig laver aktiviteter her i cyberspace og den digitale verden. Vi vil p\u00e5 den m\u00e5de udfordre de mange nye teknologier verden tilbyder og pr\u00f8ve g\u00f8re dem til f\u00e6llesaktiviteter for b\u00f8rn og voksne. S\u00e5 velkommen til vores digitale &hellip;\" \/>\n<meta property=\"og:url\" content=\"https:\/\/www.dui.dk\/digital\/\" \/>\n<meta property=\"og:site_name\" content=\"Digital\" \/>\n<meta property=\"article:modified_time\" content=\"2016-10-04T12:40:03+00:00\" \/>\n<meta property=\"og:image\" content=\"https:\/\/www.dui.dk\/digital\/wp-content\/uploads\/sites\/54\/2016\/10\/DigitalTop.png\" \/>\n\t<meta property=\"og:image:width\" content=\"945\" \/>\n\t<meta property=\"og:image:height\" content=\"241\" \/>\n\t<meta property=\"og:image:type\" content=\"image\/png\" \/>\n<meta name=\"twitter:card\" content=\"summary_large_image\" \/>\n<script type=\"application\/ld+json\" class=\"yoast-schema-graph\">{\"@context\":\"https:\/\/schema.org\",\"@graph\":[{\"@type\":\"WebPage\",\"@id\":\"https:\/\/www.dui.dk\/digital\/\",\"url\":\"https:\/\/www.dui.dk\/digital\/\",\"name\":\"Forside - Digital\",\"isPartOf\":{\"@id\":\"https:\/\/www.dui.dk\/digital\/#website\"},\"primaryImageOfPage\":{\"@id\":\"https:\/\/www.dui.dk\/digital\/#primaryimage\"},\"image\":{\"@id\":\"https:\/\/www.dui.dk\/digital\/#primaryimage\"},\"thumbnailUrl\":\"https:\/\/www.dui.dk\/digital\/wp-content\/uploads\/sites\/54\/2016\/10\/DigitalTop.png\",\"datePublished\":\"2016-10-04T12:37:28+00:00\",\"dateModified\":\"2016-10-04T12:40:03+00:00\",\"breadcrumb\":{\"@id\":\"https:\/\/www.dui.dk\/digital\/#breadcrumb\"},\"inLanguage\":\"da-DK\",\"potentialAction\":[{\"@type\":\"ReadAction\",\"target\":[\"https:\/\/www.dui.dk\/digital\/\"]}]},{\"@type\":\"ImageObject\",\"inLanguage\":\"da-DK\",\"@id\":\"https:\/\/www.dui.dk\/digital\/#primaryimage\",\"url\":\"https:\/\/www.dui.dk\/digital\/wp-content\/uploads\/sites\/54\/2016\/10\/DigitalTop.png\",\"contentUrl\":\"https:\/\/www.dui.dk\/digital\/wp-content\/uploads\/sites\/54\/2016\/10\/DigitalTop.png\",\"width\":945,\"height\":241},{\"@type\":\"BreadcrumbList\",\"@id\":\"https:\/\/www.dui.dk\/digital\/#breadcrumb\",\"itemListElement\":[{\"@type\":\"ListItem\",\"position\":1,\"name\":\"Hjem\",\"item\":\"https:\/\/www.dui.dk\/digital\/\"},{\"@type\":\"ListItem\",\"position\":2,\"name\":\"Forside\"}]},{\"@type\":\"WebSite\",\"@id\":\"https:\/\/www.dui.dk\/digital\/#website\",\"url\":\"https:\/\/www.dui.dk\/digital\/\",\"name\":\"Digital\",\"description\":\"En digital del af DUI - LEG og VIRKE\",\"potentialAction\":[{\"@type\":\"SearchAction\",\"target\":{\"@type\":\"EntryPoint\",\"urlTemplate\":\"https:\/\/www.dui.dk\/digital\/?s={search_term_string}\"},\"query-input\":{\"@type\":\"PropertyValueSpecification\",\"valueRequired\":true,\"valueName\":\"search_term_string\"}}],\"inLanguage\":\"da-DK\"}]}<\/script>\n<!-- \/ Yoast SEO plugin. -->","yoast_head_json":{"title":"Forside - Digital","robots":{"index":"index","follow":"follow","max-snippet":"max-snippet:-1","max-image-preview":"max-image-preview:large","max-video-preview":"max-video-preview:-1"},"canonical":"https:\/\/www.dui.dk\/digital\/","og_locale":"da_DK","og_type":"article","og_title":"Forside - Digital","og_description":"Dette er DUI-LEG og VIRKE\u2019s virtuelle afdeling. Vi er som vores navnet antyder det, en digital afdeling som hovedsagelig laver aktiviteter her i cyberspace og den digitale verden. Vi vil p\u00e5 den m\u00e5de udfordre de mange nye teknologier verden tilbyder og pr\u00f8ve g\u00f8re dem til f\u00e6llesaktiviteter for b\u00f8rn og voksne. S\u00e5 velkommen til vores digitale &hellip;","og_url":"https:\/\/www.dui.dk\/digital\/","og_site_name":"Digital","article_modified_time":"2016-10-04T12:40:03+00:00","og_image":[{"width":945,"height":241,"url":"https:\/\/www.dui.dk\/digital\/wp-content\/uploads\/sites\/54\/2016\/10\/DigitalTop.png","type":"image\/png"}],"twitter_card":"summary_large_image","schema":{"@context":"https:\/\/schema.org","@graph":[{"@type":"WebPage","@id":"https:\/\/www.dui.dk\/digital\/","url":"https:\/\/www.dui.dk\/digital\/","name":"Forside - Digital","isPartOf":{"@id":"https:\/\/www.dui.dk\/digital\/#website"},"primaryImageOfPage":{"@id":"https:\/\/www.dui.dk\/digital\/#primaryimage"},"image":{"@id":"https:\/\/www.dui.dk\/digital\/#primaryimage"},"thumbnailUrl":"https:\/\/www.dui.dk\/digital\/wp-content\/uploads\/sites\/54\/2016\/10\/DigitalTop.png","datePublished":"2016-10-04T12:37:28+00:00","dateModified":"2016-10-04T12:40:03+00:00","breadcrumb":{"@id":"https:\/\/www.dui.dk\/digital\/#breadcrumb"},"inLanguage":"da-DK","potentialAction":[{"@type":"ReadAction","target":["https:\/\/www.dui.dk\/digital\/"]}]},{"@type":"ImageObject","inLanguage":"da-DK","@id":"https:\/\/www.dui.dk\/digital\/#primaryimage","url":"https:\/\/www.dui.dk\/digital\/wp-content\/uploads\/sites\/54\/2016\/10\/DigitalTop.png","contentUrl":"https:\/\/www.dui.dk\/digital\/wp-content\/uploads\/sites\/54\/2016\/10\/DigitalTop.png","width":945,"height":241},{"@type":"BreadcrumbList","@id":"https:\/\/www.dui.dk\/digital\/#breadcrumb","itemListElement":[{"@type":"ListItem","position":1,"name":"Hjem","item":"https:\/\/www.dui.dk\/digital\/"},{"@type":"ListItem","position":2,"name":"Forside"}]},{"@type":"WebSite","@id":"https:\/\/www.dui.dk\/digital\/#website","url":"https:\/\/www.dui.dk\/digital\/","name":"Digital","description":"En digital del af DUI - LEG og VIRKE","potentialAction":[{"@type":"SearchAction","target":{"@type":"EntryPoint","urlTemplate":"https:\/\/www.dui.dk\/digital\/?s={search_term_string}"},"query-input":{"@type":"PropertyValueSpecification","valueRequired":true,"valueName":"search_term_string"}}],"inLanguage":"da-DK"}]}},"_links":{"self":[{"href":"https:\/\/www.dui.dk\/digital\/wp-json\/wp\/v2\/pages\/6","targetHints":{"allow":["GET"]}}],"collection":[{"href":"https:\/\/www.dui.dk\/digital\/wp-json\/wp\/v2\/pages"}],"about":[{"href":"https:\/\/www.dui.dk\/digital\/wp-json\/wp\/v2\/types\/page"}],"author":[{"embeddable":true,"href":"https:\/\/www.dui.dk\/digital\/wp-json\/wp\/v2\/users\/3"}],"replies":[{"embeddable":true,"href":"https:\/\/www.dui.dk\/digital\/wp-json\/wp\/v2\/comments?post=6"}],"version-history":[{"count":2,"href":"https:\/\/www.dui.dk\/digital\/wp-json\/wp\/v2\/pages\/6\/revisions"}],"predecessor-version":[{"id":10,"href":"https:\/\/www.dui.dk\/digital\/wp-json\/wp\/v2\/pages\/6\/revisions\/10"}],"wp:featuredmedia":[{"embeddable":true,"href":"https:\/\/www.dui.dk\/digital\/wp-json\/wp\/v2\/media\/9"}],"wp:attachment":[{"href":"https:\/\/www.dui.dk\/digital\/wp-json\/wp\/v2\/media?parent=6"}],"curies":[{"name":"wp","href":"https:\/\/api.w.org\/{rel}","templated":true}]}}