{"id":2,"date":"2016-10-24T13:44:26","date_gmt":"2016-10-24T13:44:26","guid":{"rendered":"http:\/\/www.dui.dk\/borneret\/?page_id=2"},"modified":"2016-10-28T12:05:53","modified_gmt":"2016-10-28T12:05:53","slug":"forside","status":"publish","type":"page","link":"https:\/\/www.dui.dk\/borneret\/","title":{"rendered":"Forside"},"content":{"rendered":"<h1>Velkommen til B\u00f8rneret.nu!<\/h1>\n<p>DUI-LEG og VIRKEs materiale om b\u00f8rneret har til form\u00e5l at oplyse b\u00f8rn om FNs B\u00f8rnekonvention og hvilke rettigheder, konventionen giver dem.<\/p>\n<p>DUI-LEG og VIRKE g\u00e5r helhjertet ind for FNs b\u00f8rnekonvention og arbejder for at f\u00e5 den implementeret i alle dele af dansk lovgivning.<\/p>\n","protected":false},"excerpt":{"rendered":"<p>Velkommen til B\u00f8rneret.nu! DUI-LEG og VIRKEs materiale om b\u00f8rneret har til form\u00e5l at oplyse b\u00f8rn om FNs B\u00f8rnekonvention og hvilke rettigheder, konventionen giver dem. DUI-LEG og VIRKE g\u00e5r helhjertet ind for FNs b\u00f8rnekonvention og arbejder for at f\u00e5 den implementeret i alle dele af dansk lovgivning.<\/p>\n","protected":false},"author":3,"featured_media":0,"parent":0,"menu_order":0,"comment_status":"closed","ping_status":"open","template":"page-front-local.php","meta":{"_acf_changed":false,"footnotes":""},"class_list":["post-2","page","type-page","status-publish","hentry"],"acf":[],"yoast_head":"<!-- This site is optimized with the Yoast SEO plugin v27.1.1 - https:\/\/yoast.com\/product\/yoast-seo-wordpress\/ -->\n<title>Forside - B\u00f8rneret<\/title>\n<meta name=\"robots\" content=\"index, follow, max-snippet:-1, max-image-preview:large, max-video-preview:-1\" \/>\n<link rel=\"canonical\" href=\"https:\/\/www.dui.dk\/borneret\/\" \/>\n<meta property=\"og:locale\" content=\"da_DK\" \/>\n<meta property=\"og:type\" content=\"article\" \/>\n<meta property=\"og:title\" content=\"Forside - B\u00f8rneret\" \/>\n<meta property=\"og:description\" content=\"Velkommen til B\u00f8rneret.nu! DUI-LEG og VIRKEs materiale om b\u00f8rneret har til form\u00e5l at oplyse b\u00f8rn om FNs B\u00f8rnekonvention og hvilke rettigheder, konventionen giver dem. DUI-LEG og VIRKE g\u00e5r helhjertet ind for FNs b\u00f8rnekonvention og arbejder for at f\u00e5 den implementeret i alle dele af dansk lovgivning.\" \/>\n<meta property=\"og:url\" content=\"https:\/\/www.dui.dk\/borneret\/\" \/>\n<meta property=\"og:site_name\" content=\"B\u00f8rneret\" \/>\n<meta property=\"article:modified_time\" content=\"2016-10-28T12:05:53+00:00\" \/>\n<meta name=\"twitter:card\" content=\"summary_large_image\" \/>\n<script type=\"application\/ld+json\" class=\"yoast-schema-graph\">{\"@context\":\"https:\/\/schema.org\",\"@graph\":[{\"@type\":\"WebPage\",\"@id\":\"https:\/\/www.dui.dk\/borneret\/\",\"url\":\"https:\/\/www.dui.dk\/borneret\/\",\"name\":\"Forside - B\u00f8rneret\",\"isPartOf\":{\"@id\":\"https:\/\/www.dui.dk\/borneret\/#website\"},\"datePublished\":\"2016-10-24T13:44:26+00:00\",\"dateModified\":\"2016-10-28T12:05:53+00:00\",\"breadcrumb\":{\"@id\":\"https:\/\/www.dui.dk\/borneret\/#breadcrumb\"},\"inLanguage\":\"da-DK\",\"potentialAction\":[{\"@type\":\"ReadAction\",\"target\":[\"https:\/\/www.dui.dk\/borneret\/\"]}]},{\"@type\":\"BreadcrumbList\",\"@id\":\"https:\/\/www.dui.dk\/borneret\/#breadcrumb\",\"itemListElement\":[{\"@type\":\"ListItem\",\"position\":1,\"name\":\"Hjem\",\"item\":\"https:\/\/www.dui.dk\/borneret\/\"},{\"@type\":\"ListItem\",\"position\":2,\"name\":\"Forside\"}]},{\"@type\":\"WebSite\",\"@id\":\"https:\/\/www.dui.dk\/borneret\/#website\",\"url\":\"https:\/\/www.dui.dk\/borneret\/\",\"name\":\"B\u00f8rneret\",\"description\":\"B\u00f8rneret.nu\",\"potentialAction\":[{\"@type\":\"SearchAction\",\"target\":{\"@type\":\"EntryPoint\",\"urlTemplate\":\"https:\/\/www.dui.dk\/borneret\/?s={search_term_string}\"},\"query-input\":{\"@type\":\"PropertyValueSpecification\",\"valueRequired\":true,\"valueName\":\"search_term_string\"}}],\"inLanguage\":\"da-DK\"}]}<\/script>\n<!-- \/ Yoast SEO plugin. -->","yoast_head_json":{"title":"Forside - B\u00f8rneret","robots":{"index":"index","follow":"follow","max-snippet":"max-snippet:-1","max-image-preview":"max-image-preview:large","max-video-preview":"max-video-preview:-1"},"canonical":"https:\/\/www.dui.dk\/borneret\/","og_locale":"da_DK","og_type":"article","og_title":"Forside - B\u00f8rneret","og_description":"Velkommen til B\u00f8rneret.nu! DUI-LEG og VIRKEs materiale om b\u00f8rneret har til form\u00e5l at oplyse b\u00f8rn om FNs B\u00f8rnekonvention og hvilke rettigheder, konventionen giver dem. DUI-LEG og VIRKE g\u00e5r helhjertet ind for FNs b\u00f8rnekonvention og arbejder for at f\u00e5 den implementeret i alle dele af dansk lovgivning.","og_url":"https:\/\/www.dui.dk\/borneret\/","og_site_name":"B\u00f8rneret","article_modified_time":"2016-10-28T12:05:53+00:00","twitter_card":"summary_large_image","schema":{"@context":"https:\/\/schema.org","@graph":[{"@type":"WebPage","@id":"https:\/\/www.dui.dk\/borneret\/","url":"https:\/\/www.dui.dk\/borneret\/","name":"Forside - B\u00f8rneret","isPartOf":{"@id":"https:\/\/www.dui.dk\/borneret\/#website"},"datePublished":"2016-10-24T13:44:26+00:00","dateModified":"2016-10-28T12:05:53+00:00","breadcrumb":{"@id":"https:\/\/www.dui.dk\/borneret\/#breadcrumb"},"inLanguage":"da-DK","potentialAction":[{"@type":"ReadAction","target":["https:\/\/www.dui.dk\/borneret\/"]}]},{"@type":"BreadcrumbList","@id":"https:\/\/www.dui.dk\/borneret\/#breadcrumb","itemListElement":[{"@type":"ListItem","position":1,"name":"Hjem","item":"https:\/\/www.dui.dk\/borneret\/"},{"@type":"ListItem","position":2,"name":"Forside"}]},{"@type":"WebSite","@id":"https:\/\/www.dui.dk\/borneret\/#website","url":"https:\/\/www.dui.dk\/borneret\/","name":"B\u00f8rneret","description":"B\u00f8rneret.nu","potentialAction":[{"@type":"SearchAction","target":{"@type":"EntryPoint","urlTemplate":"https:\/\/www.dui.dk\/borneret\/?s={search_term_string}"},"query-input":{"@type":"PropertyValueSpecification","valueRequired":true,"valueName":"search_term_string"}}],"inLanguage":"da-DK"}]}},"_links":{"self":[{"href":"https:\/\/www.dui.dk\/borneret\/wp-json\/wp\/v2\/pages\/2","targetHints":{"allow":["GET"]}}],"collection":[{"href":"https:\/\/www.dui.dk\/borneret\/wp-json\/wp\/v2\/pages"}],"about":[{"href":"https:\/\/www.dui.dk\/borneret\/wp-json\/wp\/v2\/types\/page"}],"author":[{"embeddable":true,"href":"https:\/\/www.dui.dk\/borneret\/wp-json\/wp\/v2\/users\/3"}],"replies":[{"embeddable":true,"href":"https:\/\/www.dui.dk\/borneret\/wp-json\/wp\/v2\/comments?post=2"}],"version-history":[{"count":5,"href":"https:\/\/www.dui.dk\/borneret\/wp-json\/wp\/v2\/pages\/2\/revisions"}],"predecessor-version":[{"id":84,"href":"https:\/\/www.dui.dk\/borneret\/wp-json\/wp\/v2\/pages\/2\/revisions\/84"}],"wp:attachment":[{"href":"https:\/\/www.dui.dk\/borneret\/wp-json\/wp\/v2\/media?parent=2"}],"curies":[{"name":"wp","href":"https:\/\/api.w.org\/{rel}","templated":true}]}}