{"id":95,"date":"2019-03-28T10:14:08","date_gmt":"2019-03-28T10:14:08","guid":{"rendered":"http:\/\/www.dui.dk\/born-hjaelper-born\/?page_id=95"},"modified":"2025-12-03T07:57:44","modified_gmt":"2025-12-03T07:57:44","slug":"projektbilleder-sko-til-bolivia","status":"publish","type":"page","link":"https:\/\/www.dui.dk\/born-hjaelper-born\/projektbilleder-sko-til-bolivia\/","title":{"rendered":"Projektbilleder"},"content":{"rendered":"","protected":false},"excerpt":{"rendered":"","protected":false},"author":4,"featured_media":0,"parent":0,"menu_order":0,"comment_status":"closed","ping_status":"closed","template":"page-content-local.php","meta":{"_acf_changed":false,"footnotes":""},"class_list":["post-95","page","type-page","status-publish","hentry"],"acf":[],"yoast_head":"<!-- This site is optimized with the Yoast SEO plugin v27.1.1 - https:\/\/yoast.com\/product\/yoast-seo-wordpress\/ -->\n<title>Projektbilleder - B\u00f8rn Hj\u00e6lper B\u00f8rn<\/title>\n<meta name=\"description\" content=\"Se hvordan B\u00f8rn Hj\u00e6lper B\u00f8rn Fondens internationale projekter kan se ud. Her fra uddeling af sko m.v. i Bolivia i 2024.\" \/>\n<meta name=\"robots\" content=\"index, follow, max-snippet:-1, max-image-preview:large, max-video-preview:-1\" \/>\n<link rel=\"canonical\" href=\"https:\/\/www.dui.dk\/born-hjaelper-born\/projektbilleder-sko-til-bolivia\/\" \/>\n<meta property=\"og:locale\" content=\"da_DK\" \/>\n<meta property=\"og:type\" content=\"article\" \/>\n<meta property=\"og:title\" content=\"Projektbilleder - B\u00f8rn Hj\u00e6lper B\u00f8rn\" \/>\n<meta property=\"og:description\" content=\"Se hvordan B\u00f8rn Hj\u00e6lper B\u00f8rn Fondens internationale projekter kan se ud. Her fra uddeling af sko m.v. i Bolivia i 2024.\" \/>\n<meta property=\"og:url\" content=\"https:\/\/www.dui.dk\/born-hjaelper-born\/projektbilleder-sko-til-bolivia\/\" \/>\n<meta property=\"og:site_name\" content=\"B\u00f8rn Hj\u00e6lper B\u00f8rn\" \/>\n<meta property=\"article:modified_time\" content=\"2025-12-03T07:57:44+00:00\" \/>\n<meta name=\"twitter:card\" content=\"summary_large_image\" \/>\n<script type=\"application\/ld+json\" class=\"yoast-schema-graph\">{\"@context\":\"https:\/\/schema.org\",\"@graph\":[{\"@type\":\"WebPage\",\"@id\":\"https:\/\/www.dui.dk\/born-hjaelper-born\/projektbilleder-sko-til-bolivia\/\",\"url\":\"https:\/\/www.dui.dk\/born-hjaelper-born\/projektbilleder-sko-til-bolivia\/\",\"name\":\"Projektbilleder - B\u00f8rn Hj\u00e6lper B\u00f8rn\",\"isPartOf\":{\"@id\":\"https:\/\/www.dui.dk\/born-hjaelper-born\/#website\"},\"datePublished\":\"2019-03-28T10:14:08+00:00\",\"dateModified\":\"2025-12-03T07:57:44+00:00\",\"description\":\"Se hvordan B\u00f8rn Hj\u00e6lper B\u00f8rn Fondens internationale projekter kan se ud. Her fra uddeling af sko m.v. i Bolivia i 2024.\",\"breadcrumb\":{\"@id\":\"https:\/\/www.dui.dk\/born-hjaelper-born\/projektbilleder-sko-til-bolivia\/#breadcrumb\"},\"inLanguage\":\"da-DK\",\"potentialAction\":[{\"@type\":\"ReadAction\",\"target\":[\"https:\/\/www.dui.dk\/born-hjaelper-born\/projektbilleder-sko-til-bolivia\/\"]}]},{\"@type\":\"BreadcrumbList\",\"@id\":\"https:\/\/www.dui.dk\/born-hjaelper-born\/projektbilleder-sko-til-bolivia\/#breadcrumb\",\"itemListElement\":[{\"@type\":\"ListItem\",\"position\":1,\"name\":\"Hjem\",\"item\":\"https:\/\/www.dui.dk\/born-hjaelper-born\/\"},{\"@type\":\"ListItem\",\"position\":2,\"name\":\"Projektbilleder\"}]},{\"@type\":\"WebSite\",\"@id\":\"https:\/\/www.dui.dk\/born-hjaelper-born\/#website\",\"url\":\"https:\/\/www.dui.dk\/born-hjaelper-born\/\",\"name\":\"B\u00f8rn Hj\u00e6lper B\u00f8rn\",\"description\":\"B\u00f8rn Hj\u00e6lper B\u00f8rn Fonden\",\"potentialAction\":[{\"@type\":\"SearchAction\",\"target\":{\"@type\":\"EntryPoint\",\"urlTemplate\":\"https:\/\/www.dui.dk\/born-hjaelper-born\/?s={search_term_string}\"},\"query-input\":{\"@type\":\"PropertyValueSpecification\",\"valueRequired\":true,\"valueName\":\"search_term_string\"}}],\"inLanguage\":\"da-DK\"}]}<\/script>\n<!-- \/ Yoast SEO plugin. -->","yoast_head_json":{"title":"Projektbilleder - B\u00f8rn Hj\u00e6lper B\u00f8rn","description":"Se hvordan B\u00f8rn Hj\u00e6lper B\u00f8rn Fondens internationale projekter kan se ud. Her fra uddeling af sko m.v. i Bolivia i 2024.","robots":{"index":"index","follow":"follow","max-snippet":"max-snippet:-1","max-image-preview":"max-image-preview:large","max-video-preview":"max-video-preview:-1"},"canonical":"https:\/\/www.dui.dk\/born-hjaelper-born\/projektbilleder-sko-til-bolivia\/","og_locale":"da_DK","og_type":"article","og_title":"Projektbilleder - B\u00f8rn Hj\u00e6lper B\u00f8rn","og_description":"Se hvordan B\u00f8rn Hj\u00e6lper B\u00f8rn Fondens internationale projekter kan se ud. Her fra uddeling af sko m.v. i Bolivia i 2024.","og_url":"https:\/\/www.dui.dk\/born-hjaelper-born\/projektbilleder-sko-til-bolivia\/","og_site_name":"B\u00f8rn Hj\u00e6lper B\u00f8rn","article_modified_time":"2025-12-03T07:57:44+00:00","twitter_card":"summary_large_image","schema":{"@context":"https:\/\/schema.org","@graph":[{"@type":"WebPage","@id":"https:\/\/www.dui.dk\/born-hjaelper-born\/projektbilleder-sko-til-bolivia\/","url":"https:\/\/www.dui.dk\/born-hjaelper-born\/projektbilleder-sko-til-bolivia\/","name":"Projektbilleder - B\u00f8rn Hj\u00e6lper B\u00f8rn","isPartOf":{"@id":"https:\/\/www.dui.dk\/born-hjaelper-born\/#website"},"datePublished":"2019-03-28T10:14:08+00:00","dateModified":"2025-12-03T07:57:44+00:00","description":"Se hvordan B\u00f8rn Hj\u00e6lper B\u00f8rn Fondens internationale projekter kan se ud. Her fra uddeling af sko m.v. i Bolivia i 2024.","breadcrumb":{"@id":"https:\/\/www.dui.dk\/born-hjaelper-born\/projektbilleder-sko-til-bolivia\/#breadcrumb"},"inLanguage":"da-DK","potentialAction":[{"@type":"ReadAction","target":["https:\/\/www.dui.dk\/born-hjaelper-born\/projektbilleder-sko-til-bolivia\/"]}]},{"@type":"BreadcrumbList","@id":"https:\/\/www.dui.dk\/born-hjaelper-born\/projektbilleder-sko-til-bolivia\/#breadcrumb","itemListElement":[{"@type":"ListItem","position":1,"name":"Hjem","item":"https:\/\/www.dui.dk\/born-hjaelper-born\/"},{"@type":"ListItem","position":2,"name":"Projektbilleder"}]},{"@type":"WebSite","@id":"https:\/\/www.dui.dk\/born-hjaelper-born\/#website","url":"https:\/\/www.dui.dk\/born-hjaelper-born\/","name":"B\u00f8rn Hj\u00e6lper B\u00f8rn","description":"B\u00f8rn Hj\u00e6lper B\u00f8rn Fonden","potentialAction":[{"@type":"SearchAction","target":{"@type":"EntryPoint","urlTemplate":"https:\/\/www.dui.dk\/born-hjaelper-born\/?s={search_term_string}"},"query-input":{"@type":"PropertyValueSpecification","valueRequired":true,"valueName":"search_term_string"}}],"inLanguage":"da-DK"}]}},"_links":{"self":[{"href":"https:\/\/www.dui.dk\/born-hjaelper-born\/wp-json\/wp\/v2\/pages\/95","targetHints":{"allow":["GET"]}}],"collection":[{"href":"https:\/\/www.dui.dk\/born-hjaelper-born\/wp-json\/wp\/v2\/pages"}],"about":[{"href":"https:\/\/www.dui.dk\/born-hjaelper-born\/wp-json\/wp\/v2\/types\/page"}],"author":[{"embeddable":true,"href":"https:\/\/www.dui.dk\/born-hjaelper-born\/wp-json\/wp\/v2\/users\/4"}],"replies":[{"embeddable":true,"href":"https:\/\/www.dui.dk\/born-hjaelper-born\/wp-json\/wp\/v2\/comments?post=95"}],"version-history":[{"count":4,"href":"https:\/\/www.dui.dk\/born-hjaelper-born\/wp-json\/wp\/v2\/pages\/95\/revisions"}],"predecessor-version":[{"id":443,"href":"https:\/\/www.dui.dk\/born-hjaelper-born\/wp-json\/wp\/v2\/pages\/95\/revisions\/443"}],"wp:attachment":[{"href":"https:\/\/www.dui.dk\/born-hjaelper-born\/wp-json\/wp\/v2\/media?parent=95"}],"curies":[{"name":"wp","href":"https:\/\/api.w.org\/{rel}","templated":true}]}}