{"id":93,"date":"2019-03-28T10:13:52","date_gmt":"2019-03-28T10:13:52","guid":{"rendered":"http:\/\/www.dui.dk\/born-hjaelper-born\/?page_id=93"},"modified":"2025-11-28T09:42:28","modified_gmt":"2025-11-28T09:42:28","slug":"vores-samarbejdspartnere-goer-en-forskel","status":"publish","type":"page","link":"https:\/\/www.dui.dk\/born-hjaelper-born\/vores-samarbejdspartnere-goer-en-forskel\/","title":{"rendered":"Vores samarbejdspartnere"},"content":{"rendered":"","protected":false},"excerpt":{"rendered":"","protected":false},"author":4,"featured_media":0,"parent":0,"menu_order":0,"comment_status":"closed","ping_status":"closed","template":"","meta":{"_acf_changed":false,"footnotes":""},"class_list":["post-93","page","type-page","status-publish","hentry"],"acf":[],"yoast_head":"<!-- This site is optimized with the Yoast SEO plugin v27.1.1 - https:\/\/yoast.com\/product\/yoast-seo-wordpress\/ -->\n<title>Vores samarbejdspartnere - B\u00f8rn Hj\u00e6lper B\u00f8rn<\/title>\n<meta name=\"description\" content=\"Vores samarbejdspartnere, DUI-LEG og VIRKE, HK K\u00f8benhavn, IFM-SEI og Nueva Generaci\u00f3n, spiller en vigtig rolle i B\u00f8rn Hj\u00e6lper B\u00f8rn Fondens arbejde.\" \/>\n<meta name=\"robots\" content=\"index, follow, max-snippet:-1, max-image-preview:large, max-video-preview:-1\" \/>\n<link rel=\"canonical\" href=\"https:\/\/www.dui.dk\/born-hjaelper-born\/vores-samarbejdspartnere-goer-en-forskel\/\" \/>\n<meta property=\"og:locale\" content=\"da_DK\" \/>\n<meta property=\"og:type\" content=\"article\" \/>\n<meta property=\"og:title\" content=\"Vores samarbejdspartnere - B\u00f8rn Hj\u00e6lper B\u00f8rn\" \/>\n<meta property=\"og:description\" content=\"Vores samarbejdspartnere, DUI-LEG og VIRKE, HK K\u00f8benhavn, IFM-SEI og Nueva Generaci\u00f3n, spiller en vigtig rolle i B\u00f8rn Hj\u00e6lper B\u00f8rn Fondens arbejde.\" \/>\n<meta property=\"og:url\" content=\"https:\/\/www.dui.dk\/born-hjaelper-born\/vores-samarbejdspartnere-goer-en-forskel\/\" \/>\n<meta property=\"og:site_name\" content=\"B\u00f8rn Hj\u00e6lper B\u00f8rn\" \/>\n<meta property=\"article:modified_time\" content=\"2025-11-28T09:42:28+00:00\" \/>\n<meta name=\"twitter:card\" content=\"summary_large_image\" \/>\n<script type=\"application\/ld+json\" class=\"yoast-schema-graph\">{\"@context\":\"https:\/\/schema.org\",\"@graph\":[{\"@type\":\"WebPage\",\"@id\":\"https:\/\/www.dui.dk\/born-hjaelper-born\/vores-samarbejdspartnere-goer-en-forskel\/\",\"url\":\"https:\/\/www.dui.dk\/born-hjaelper-born\/vores-samarbejdspartnere-goer-en-forskel\/\",\"name\":\"Vores samarbejdspartnere - B\u00f8rn Hj\u00e6lper B\u00f8rn\",\"isPartOf\":{\"@id\":\"https:\/\/www.dui.dk\/born-hjaelper-born\/#website\"},\"datePublished\":\"2019-03-28T10:13:52+00:00\",\"dateModified\":\"2025-11-28T09:42:28+00:00\",\"description\":\"Vores samarbejdspartnere, DUI-LEG og VIRKE, HK K\u00f8benhavn, IFM-SEI og Nueva Generaci\u00f3n, spiller en vigtig rolle i B\u00f8rn Hj\u00e6lper B\u00f8rn Fondens arbejde.\",\"breadcrumb\":{\"@id\":\"https:\/\/www.dui.dk\/born-hjaelper-born\/vores-samarbejdspartnere-goer-en-forskel\/#breadcrumb\"},\"inLanguage\":\"da-DK\",\"potentialAction\":[{\"@type\":\"ReadAction\",\"target\":[\"https:\/\/www.dui.dk\/born-hjaelper-born\/vores-samarbejdspartnere-goer-en-forskel\/\"]}]},{\"@type\":\"BreadcrumbList\",\"@id\":\"https:\/\/www.dui.dk\/born-hjaelper-born\/vores-samarbejdspartnere-goer-en-forskel\/#breadcrumb\",\"itemListElement\":[{\"@type\":\"ListItem\",\"position\":1,\"name\":\"Hjem\",\"item\":\"https:\/\/www.dui.dk\/born-hjaelper-born\/\"},{\"@type\":\"ListItem\",\"position\":2,\"name\":\"Vores samarbejdspartnere\"}]},{\"@type\":\"WebSite\",\"@id\":\"https:\/\/www.dui.dk\/born-hjaelper-born\/#website\",\"url\":\"https:\/\/www.dui.dk\/born-hjaelper-born\/\",\"name\":\"B\u00f8rn Hj\u00e6lper B\u00f8rn\",\"description\":\"B\u00f8rn Hj\u00e6lper B\u00f8rn Fonden\",\"potentialAction\":[{\"@type\":\"SearchAction\",\"target\":{\"@type\":\"EntryPoint\",\"urlTemplate\":\"https:\/\/www.dui.dk\/born-hjaelper-born\/?s={search_term_string}\"},\"query-input\":{\"@type\":\"PropertyValueSpecification\",\"valueRequired\":true,\"valueName\":\"search_term_string\"}}],\"inLanguage\":\"da-DK\"}]}<\/script>\n<!-- \/ Yoast SEO plugin. -->","yoast_head_json":{"title":"Vores samarbejdspartnere - B\u00f8rn Hj\u00e6lper B\u00f8rn","description":"Vores samarbejdspartnere, DUI-LEG og VIRKE, HK K\u00f8benhavn, IFM-SEI og Nueva Generaci\u00f3n, spiller en vigtig rolle i B\u00f8rn Hj\u00e6lper B\u00f8rn Fondens arbejde.","robots":{"index":"index","follow":"follow","max-snippet":"max-snippet:-1","max-image-preview":"max-image-preview:large","max-video-preview":"max-video-preview:-1"},"canonical":"https:\/\/www.dui.dk\/born-hjaelper-born\/vores-samarbejdspartnere-goer-en-forskel\/","og_locale":"da_DK","og_type":"article","og_title":"Vores samarbejdspartnere - B\u00f8rn Hj\u00e6lper B\u00f8rn","og_description":"Vores samarbejdspartnere, DUI-LEG og VIRKE, HK K\u00f8benhavn, IFM-SEI og Nueva Generaci\u00f3n, spiller en vigtig rolle i B\u00f8rn Hj\u00e6lper B\u00f8rn Fondens arbejde.","og_url":"https:\/\/www.dui.dk\/born-hjaelper-born\/vores-samarbejdspartnere-goer-en-forskel\/","og_site_name":"B\u00f8rn Hj\u00e6lper B\u00f8rn","article_modified_time":"2025-11-28T09:42:28+00:00","twitter_card":"summary_large_image","schema":{"@context":"https:\/\/schema.org","@graph":[{"@type":"WebPage","@id":"https:\/\/www.dui.dk\/born-hjaelper-born\/vores-samarbejdspartnere-goer-en-forskel\/","url":"https:\/\/www.dui.dk\/born-hjaelper-born\/vores-samarbejdspartnere-goer-en-forskel\/","name":"Vores samarbejdspartnere - B\u00f8rn Hj\u00e6lper B\u00f8rn","isPartOf":{"@id":"https:\/\/www.dui.dk\/born-hjaelper-born\/#website"},"datePublished":"2019-03-28T10:13:52+00:00","dateModified":"2025-11-28T09:42:28+00:00","description":"Vores samarbejdspartnere, DUI-LEG og VIRKE, HK K\u00f8benhavn, IFM-SEI og Nueva Generaci\u00f3n, spiller en vigtig rolle i B\u00f8rn Hj\u00e6lper B\u00f8rn Fondens arbejde.","breadcrumb":{"@id":"https:\/\/www.dui.dk\/born-hjaelper-born\/vores-samarbejdspartnere-goer-en-forskel\/#breadcrumb"},"inLanguage":"da-DK","potentialAction":[{"@type":"ReadAction","target":["https:\/\/www.dui.dk\/born-hjaelper-born\/vores-samarbejdspartnere-goer-en-forskel\/"]}]},{"@type":"BreadcrumbList","@id":"https:\/\/www.dui.dk\/born-hjaelper-born\/vores-samarbejdspartnere-goer-en-forskel\/#breadcrumb","itemListElement":[{"@type":"ListItem","position":1,"name":"Hjem","item":"https:\/\/www.dui.dk\/born-hjaelper-born\/"},{"@type":"ListItem","position":2,"name":"Vores samarbejdspartnere"}]},{"@type":"WebSite","@id":"https:\/\/www.dui.dk\/born-hjaelper-born\/#website","url":"https:\/\/www.dui.dk\/born-hjaelper-born\/","name":"B\u00f8rn Hj\u00e6lper B\u00f8rn","description":"B\u00f8rn Hj\u00e6lper B\u00f8rn Fonden","potentialAction":[{"@type":"SearchAction","target":{"@type":"EntryPoint","urlTemplate":"https:\/\/www.dui.dk\/born-hjaelper-born\/?s={search_term_string}"},"query-input":{"@type":"PropertyValueSpecification","valueRequired":true,"valueName":"search_term_string"}}],"inLanguage":"da-DK"}]}},"_links":{"self":[{"href":"https:\/\/www.dui.dk\/born-hjaelper-born\/wp-json\/wp\/v2\/pages\/93","targetHints":{"allow":["GET"]}}],"collection":[{"href":"https:\/\/www.dui.dk\/born-hjaelper-born\/wp-json\/wp\/v2\/pages"}],"about":[{"href":"https:\/\/www.dui.dk\/born-hjaelper-born\/wp-json\/wp\/v2\/types\/page"}],"author":[{"embeddable":true,"href":"https:\/\/www.dui.dk\/born-hjaelper-born\/wp-json\/wp\/v2\/users\/4"}],"replies":[{"embeddable":true,"href":"https:\/\/www.dui.dk\/born-hjaelper-born\/wp-json\/wp\/v2\/comments?post=93"}],"version-history":[{"count":3,"href":"https:\/\/www.dui.dk\/born-hjaelper-born\/wp-json\/wp\/v2\/pages\/93\/revisions"}],"predecessor-version":[{"id":307,"href":"https:\/\/www.dui.dk\/born-hjaelper-born\/wp-json\/wp\/v2\/pages\/93\/revisions\/307"}],"wp:attachment":[{"href":"https:\/\/www.dui.dk\/born-hjaelper-born\/wp-json\/wp\/v2\/media?parent=93"}],"curies":[{"name":"wp","href":"https:\/\/api.w.org\/{rel}","templated":true}]}}