{"id":70,"date":"2019-03-28T09:38:52","date_gmt":"2019-03-28T09:38:52","guid":{"rendered":"http:\/\/www.dui.dk\/born-hjaelper-born\/?page_id=70"},"modified":"2025-11-28T10:09:55","modified_gmt":"2025-11-28T10:09:55","slug":"moed-bestyrelsen-i-boern-hjaelper-boern-fonden","status":"publish","type":"page","link":"https:\/\/www.dui.dk\/born-hjaelper-born\/moed-bestyrelsen-i-boern-hjaelper-boern-fonden\/","title":{"rendered":"Fondens bestyrelse"},"content":{"rendered":"","protected":false},"excerpt":{"rendered":"","protected":false},"author":4,"featured_media":235,"parent":0,"menu_order":0,"comment_status":"closed","ping_status":"closed","template":"","meta":{"_acf_changed":false,"footnotes":""},"class_list":["post-70","page","type-page","status-publish","has-post-thumbnail","hentry"],"acf":[],"yoast_head":"<!-- This site is optimized with the Yoast SEO plugin v27.1.1 - https:\/\/yoast.com\/product\/yoast-seo-wordpress\/ -->\n<title>Fondens bestyrelse - B\u00f8rn Hj\u00e6lper B\u00f8rn<\/title>\n<meta name=\"description\" content=\"Bestyrelsen i B\u00f8rn Hj\u00e6lper B\u00f8rn Fonden arbejder for at skabe indsamlingsaktiviteter og udbrede kendskabet til fondens internationale projekter.\" \/>\n<meta name=\"robots\" content=\"index, follow, max-snippet:-1, max-image-preview:large, max-video-preview:-1\" \/>\n<link rel=\"canonical\" href=\"https:\/\/www.dui.dk\/born-hjaelper-born\/moed-bestyrelsen-i-boern-hjaelper-boern-fonden\/\" \/>\n<meta property=\"og:locale\" content=\"da_DK\" \/>\n<meta property=\"og:type\" content=\"article\" \/>\n<meta property=\"og:title\" content=\"Fondens bestyrelse - B\u00f8rn Hj\u00e6lper B\u00f8rn\" \/>\n<meta property=\"og:description\" content=\"Bestyrelsen i B\u00f8rn Hj\u00e6lper B\u00f8rn Fonden arbejder for at skabe indsamlingsaktiviteter og udbrede kendskabet til fondens internationale projekter.\" \/>\n<meta property=\"og:url\" content=\"https:\/\/www.dui.dk\/born-hjaelper-born\/moed-bestyrelsen-i-boern-hjaelper-boern-fonden\/\" \/>\n<meta property=\"og:site_name\" content=\"B\u00f8rn Hj\u00e6lper B\u00f8rn\" \/>\n<meta property=\"article:modified_time\" content=\"2025-11-28T10:09:55+00:00\" \/>\n<meta property=\"og:image\" content=\"https:\/\/www.dui.dk\/born-hjaelper-born\/wp-content\/uploads\/sites\/49\/2024\/09\/DUI_Logo_1968_06_NavnOutlined_venstrestillet-300dpi-stor-scaled-e1726063594378.jpg\" \/>\n\t<meta property=\"og:image:width\" content=\"2487\" \/>\n\t<meta property=\"og:image:height\" content=\"849\" \/>\n\t<meta property=\"og:image:type\" content=\"image\/jpeg\" \/>\n<meta name=\"twitter:card\" content=\"summary_large_image\" \/>\n<meta name=\"twitter:label1\" content=\"Estimeret l\u00e6setid\" \/>\n\t<meta name=\"twitter:data1\" content=\"1 minut\" \/>\n<script type=\"application\/ld+json\" class=\"yoast-schema-graph\">{\"@context\":\"https:\/\/schema.org\",\"@graph\":[{\"@type\":\"WebPage\",\"@id\":\"https:\/\/www.dui.dk\/born-hjaelper-born\/moed-bestyrelsen-i-boern-hjaelper-boern-fonden\/\",\"url\":\"https:\/\/www.dui.dk\/born-hjaelper-born\/moed-bestyrelsen-i-boern-hjaelper-boern-fonden\/\",\"name\":\"Fondens bestyrelse - B\u00f8rn Hj\u00e6lper B\u00f8rn\",\"isPartOf\":{\"@id\":\"https:\/\/www.dui.dk\/born-hjaelper-born\/#website\"},\"primaryImageOfPage\":{\"@id\":\"https:\/\/www.dui.dk\/born-hjaelper-born\/moed-bestyrelsen-i-boern-hjaelper-boern-fonden\/#primaryimage\"},\"image\":{\"@id\":\"https:\/\/www.dui.dk\/born-hjaelper-born\/moed-bestyrelsen-i-boern-hjaelper-boern-fonden\/#primaryimage\"},\"thumbnailUrl\":\"https:\/\/www.dui.dk\/born-hjaelper-born\/wp-content\/uploads\/sites\/49\/2024\/09\/DUI_Logo_1968_06_NavnOutlined_venstrestillet-300dpi-stor-scaled-e1726063594378.jpg\",\"datePublished\":\"2019-03-28T09:38:52+00:00\",\"dateModified\":\"2025-11-28T10:09:55+00:00\",\"description\":\"Bestyrelsen i B\u00f8rn Hj\u00e6lper B\u00f8rn Fonden arbejder for at skabe indsamlingsaktiviteter og udbrede kendskabet til fondens internationale projekter.\",\"breadcrumb\":{\"@id\":\"https:\/\/www.dui.dk\/born-hjaelper-born\/moed-bestyrelsen-i-boern-hjaelper-boern-fonden\/#breadcrumb\"},\"inLanguage\":\"da-DK\",\"potentialAction\":[{\"@type\":\"ReadAction\",\"target\":[\"https:\/\/www.dui.dk\/born-hjaelper-born\/moed-bestyrelsen-i-boern-hjaelper-boern-fonden\/\"]}]},{\"@type\":\"ImageObject\",\"inLanguage\":\"da-DK\",\"@id\":\"https:\/\/www.dui.dk\/born-hjaelper-born\/moed-bestyrelsen-i-boern-hjaelper-boern-fonden\/#primaryimage\",\"url\":\"https:\/\/www.dui.dk\/born-hjaelper-born\/wp-content\/uploads\/sites\/49\/2024\/09\/DUI_Logo_1968_06_NavnOutlined_venstrestillet-300dpi-stor-scaled-e1726063594378.jpg\",\"contentUrl\":\"https:\/\/www.dui.dk\/born-hjaelper-born\/wp-content\/uploads\/sites\/49\/2024\/09\/DUI_Logo_1968_06_NavnOutlined_venstrestillet-300dpi-stor-scaled-e1726063594378.jpg\",\"width\":2487,\"height\":849},{\"@type\":\"BreadcrumbList\",\"@id\":\"https:\/\/www.dui.dk\/born-hjaelper-born\/moed-bestyrelsen-i-boern-hjaelper-boern-fonden\/#breadcrumb\",\"itemListElement\":[{\"@type\":\"ListItem\",\"position\":1,\"name\":\"Hjem\",\"item\":\"https:\/\/www.dui.dk\/born-hjaelper-born\/\"},{\"@type\":\"ListItem\",\"position\":2,\"name\":\"Fondens bestyrelse\"}]},{\"@type\":\"WebSite\",\"@id\":\"https:\/\/www.dui.dk\/born-hjaelper-born\/#website\",\"url\":\"https:\/\/www.dui.dk\/born-hjaelper-born\/\",\"name\":\"B\u00f8rn Hj\u00e6lper B\u00f8rn\",\"description\":\"B\u00f8rn Hj\u00e6lper B\u00f8rn Fonden\",\"potentialAction\":[{\"@type\":\"SearchAction\",\"target\":{\"@type\":\"EntryPoint\",\"urlTemplate\":\"https:\/\/www.dui.dk\/born-hjaelper-born\/?s={search_term_string}\"},\"query-input\":{\"@type\":\"PropertyValueSpecification\",\"valueRequired\":true,\"valueName\":\"search_term_string\"}}],\"inLanguage\":\"da-DK\"}]}<\/script>\n<!-- \/ Yoast SEO plugin. -->","yoast_head_json":{"title":"Fondens bestyrelse - B\u00f8rn Hj\u00e6lper B\u00f8rn","description":"Bestyrelsen i B\u00f8rn Hj\u00e6lper B\u00f8rn Fonden arbejder for at skabe indsamlingsaktiviteter og udbrede kendskabet til fondens internationale projekter.","robots":{"index":"index","follow":"follow","max-snippet":"max-snippet:-1","max-image-preview":"max-image-preview:large","max-video-preview":"max-video-preview:-1"},"canonical":"https:\/\/www.dui.dk\/born-hjaelper-born\/moed-bestyrelsen-i-boern-hjaelper-boern-fonden\/","og_locale":"da_DK","og_type":"article","og_title":"Fondens bestyrelse - B\u00f8rn Hj\u00e6lper B\u00f8rn","og_description":"Bestyrelsen i B\u00f8rn Hj\u00e6lper B\u00f8rn Fonden arbejder for at skabe indsamlingsaktiviteter og udbrede kendskabet til fondens internationale projekter.","og_url":"https:\/\/www.dui.dk\/born-hjaelper-born\/moed-bestyrelsen-i-boern-hjaelper-boern-fonden\/","og_site_name":"B\u00f8rn Hj\u00e6lper B\u00f8rn","article_modified_time":"2025-11-28T10:09:55+00:00","og_image":[{"width":2487,"height":849,"url":"https:\/\/www.dui.dk\/born-hjaelper-born\/wp-content\/uploads\/sites\/49\/2024\/09\/DUI_Logo_1968_06_NavnOutlined_venstrestillet-300dpi-stor-scaled-e1726063594378.jpg","type":"image\/jpeg"}],"twitter_card":"summary_large_image","twitter_misc":{"Estimeret l\u00e6setid":"1 minut"},"schema":{"@context":"https:\/\/schema.org","@graph":[{"@type":"WebPage","@id":"https:\/\/www.dui.dk\/born-hjaelper-born\/moed-bestyrelsen-i-boern-hjaelper-boern-fonden\/","url":"https:\/\/www.dui.dk\/born-hjaelper-born\/moed-bestyrelsen-i-boern-hjaelper-boern-fonden\/","name":"Fondens bestyrelse - B\u00f8rn Hj\u00e6lper B\u00f8rn","isPartOf":{"@id":"https:\/\/www.dui.dk\/born-hjaelper-born\/#website"},"primaryImageOfPage":{"@id":"https:\/\/www.dui.dk\/born-hjaelper-born\/moed-bestyrelsen-i-boern-hjaelper-boern-fonden\/#primaryimage"},"image":{"@id":"https:\/\/www.dui.dk\/born-hjaelper-born\/moed-bestyrelsen-i-boern-hjaelper-boern-fonden\/#primaryimage"},"thumbnailUrl":"https:\/\/www.dui.dk\/born-hjaelper-born\/wp-content\/uploads\/sites\/49\/2024\/09\/DUI_Logo_1968_06_NavnOutlined_venstrestillet-300dpi-stor-scaled-e1726063594378.jpg","datePublished":"2019-03-28T09:38:52+00:00","dateModified":"2025-11-28T10:09:55+00:00","description":"Bestyrelsen i B\u00f8rn Hj\u00e6lper B\u00f8rn Fonden arbejder for at skabe indsamlingsaktiviteter og udbrede kendskabet til fondens internationale projekter.","breadcrumb":{"@id":"https:\/\/www.dui.dk\/born-hjaelper-born\/moed-bestyrelsen-i-boern-hjaelper-boern-fonden\/#breadcrumb"},"inLanguage":"da-DK","potentialAction":[{"@type":"ReadAction","target":["https:\/\/www.dui.dk\/born-hjaelper-born\/moed-bestyrelsen-i-boern-hjaelper-boern-fonden\/"]}]},{"@type":"ImageObject","inLanguage":"da-DK","@id":"https:\/\/www.dui.dk\/born-hjaelper-born\/moed-bestyrelsen-i-boern-hjaelper-boern-fonden\/#primaryimage","url":"https:\/\/www.dui.dk\/born-hjaelper-born\/wp-content\/uploads\/sites\/49\/2024\/09\/DUI_Logo_1968_06_NavnOutlined_venstrestillet-300dpi-stor-scaled-e1726063594378.jpg","contentUrl":"https:\/\/www.dui.dk\/born-hjaelper-born\/wp-content\/uploads\/sites\/49\/2024\/09\/DUI_Logo_1968_06_NavnOutlined_venstrestillet-300dpi-stor-scaled-e1726063594378.jpg","width":2487,"height":849},{"@type":"BreadcrumbList","@id":"https:\/\/www.dui.dk\/born-hjaelper-born\/moed-bestyrelsen-i-boern-hjaelper-boern-fonden\/#breadcrumb","itemListElement":[{"@type":"ListItem","position":1,"name":"Hjem","item":"https:\/\/www.dui.dk\/born-hjaelper-born\/"},{"@type":"ListItem","position":2,"name":"Fondens bestyrelse"}]},{"@type":"WebSite","@id":"https:\/\/www.dui.dk\/born-hjaelper-born\/#website","url":"https:\/\/www.dui.dk\/born-hjaelper-born\/","name":"B\u00f8rn Hj\u00e6lper B\u00f8rn","description":"B\u00f8rn Hj\u00e6lper B\u00f8rn Fonden","potentialAction":[{"@type":"SearchAction","target":{"@type":"EntryPoint","urlTemplate":"https:\/\/www.dui.dk\/born-hjaelper-born\/?s={search_term_string}"},"query-input":{"@type":"PropertyValueSpecification","valueRequired":true,"valueName":"search_term_string"}}],"inLanguage":"da-DK"}]}},"_links":{"self":[{"href":"https:\/\/www.dui.dk\/born-hjaelper-born\/wp-json\/wp\/v2\/pages\/70","targetHints":{"allow":["GET"]}}],"collection":[{"href":"https:\/\/www.dui.dk\/born-hjaelper-born\/wp-json\/wp\/v2\/pages"}],"about":[{"href":"https:\/\/www.dui.dk\/born-hjaelper-born\/wp-json\/wp\/v2\/types\/page"}],"author":[{"embeddable":true,"href":"https:\/\/www.dui.dk\/born-hjaelper-born\/wp-json\/wp\/v2\/users\/4"}],"replies":[{"embeddable":true,"href":"https:\/\/www.dui.dk\/born-hjaelper-born\/wp-json\/wp\/v2\/comments?post=70"}],"version-history":[{"count":4,"href":"https:\/\/www.dui.dk\/born-hjaelper-born\/wp-json\/wp\/v2\/pages\/70\/revisions"}],"predecessor-version":[{"id":308,"href":"https:\/\/www.dui.dk\/born-hjaelper-born\/wp-json\/wp\/v2\/pages\/70\/revisions\/308"}],"wp:featuredmedia":[{"embeddable":true,"href":"https:\/\/www.dui.dk\/born-hjaelper-born\/wp-json\/wp\/v2\/media\/235"}],"wp:attachment":[{"href":"https:\/\/www.dui.dk\/born-hjaelper-born\/wp-json\/wp\/v2\/media?parent=70"}],"curies":[{"name":"wp","href":"https:\/\/api.w.org\/{rel}","templated":true}]}}