{"id":322,"date":"2025-12-02T13:12:20","date_gmt":"2025-12-02T13:12:20","guid":{"rendered":"https:\/\/www.dui.dk\/born-hjaelper-born\/?page_id=322"},"modified":"2025-12-02T13:12:20","modified_gmt":"2025-12-02T13:12:20","slug":"tidligere-projekter-2","status":"publish","type":"page","link":"https:\/\/www.dui.dk\/born-hjaelper-born\/tidligere-projekter-2\/","title":{"rendered":"Tidligere projekter"},"content":{"rendered":"","protected":false},"excerpt":{"rendered":"","protected":false},"author":119,"featured_media":0,"parent":0,"menu_order":0,"comment_status":"closed","ping_status":"closed","template":"","meta":{"_acf_changed":false,"footnotes":""},"class_list":["post-322","page","type-page","status-publish","hentry"],"acf":[],"yoast_head":"<!-- This site is optimized with the Yoast SEO plugin v27.1.1 - https:\/\/yoast.com\/product\/yoast-seo-wordpress\/ -->\n<title>Tidligere projekter - B\u00f8rn Hj\u00e6lper B\u00f8rn<\/title>\n<meta name=\"robots\" content=\"index, follow, max-snippet:-1, max-image-preview:large, max-video-preview:-1\" \/>\n<link rel=\"canonical\" href=\"https:\/\/www.dui.dk\/born-hjaelper-born\/tidligere-projekter-2\/\" \/>\n<meta property=\"og:locale\" content=\"da_DK\" \/>\n<meta property=\"og:type\" content=\"article\" \/>\n<meta property=\"og:title\" content=\"Tidligere projekter - B\u00f8rn Hj\u00e6lper B\u00f8rn\" \/>\n<meta property=\"og:url\" content=\"https:\/\/www.dui.dk\/born-hjaelper-born\/tidligere-projekter-2\/\" \/>\n<meta property=\"og:site_name\" content=\"B\u00f8rn Hj\u00e6lper B\u00f8rn\" \/>\n<meta name=\"twitter:card\" content=\"summary_large_image\" \/>\n<script type=\"application\/ld+json\" class=\"yoast-schema-graph\">{\"@context\":\"https:\/\/schema.org\",\"@graph\":[{\"@type\":\"WebPage\",\"@id\":\"https:\/\/www.dui.dk\/born-hjaelper-born\/tidligere-projekter-2\/\",\"url\":\"https:\/\/www.dui.dk\/born-hjaelper-born\/tidligere-projekter-2\/\",\"name\":\"Tidligere projekter - B\u00f8rn Hj\u00e6lper B\u00f8rn\",\"isPartOf\":{\"@id\":\"https:\/\/www.dui.dk\/born-hjaelper-born\/#website\"},\"datePublished\":\"2025-12-02T13:12:20+00:00\",\"breadcrumb\":{\"@id\":\"https:\/\/www.dui.dk\/born-hjaelper-born\/tidligere-projekter-2\/#breadcrumb\"},\"inLanguage\":\"da-DK\",\"potentialAction\":[{\"@type\":\"ReadAction\",\"target\":[\"https:\/\/www.dui.dk\/born-hjaelper-born\/tidligere-projekter-2\/\"]}]},{\"@type\":\"BreadcrumbList\",\"@id\":\"https:\/\/www.dui.dk\/born-hjaelper-born\/tidligere-projekter-2\/#breadcrumb\",\"itemListElement\":[{\"@type\":\"ListItem\",\"position\":1,\"name\":\"Hjem\",\"item\":\"https:\/\/www.dui.dk\/born-hjaelper-born\/\"},{\"@type\":\"ListItem\",\"position\":2,\"name\":\"Tidligere projekter\"}]},{\"@type\":\"WebSite\",\"@id\":\"https:\/\/www.dui.dk\/born-hjaelper-born\/#website\",\"url\":\"https:\/\/www.dui.dk\/born-hjaelper-born\/\",\"name\":\"B\u00f8rn Hj\u00e6lper B\u00f8rn\",\"description\":\"B\u00f8rn Hj\u00e6lper B\u00f8rn Fonden\",\"potentialAction\":[{\"@type\":\"SearchAction\",\"target\":{\"@type\":\"EntryPoint\",\"urlTemplate\":\"https:\/\/www.dui.dk\/born-hjaelper-born\/?s={search_term_string}\"},\"query-input\":{\"@type\":\"PropertyValueSpecification\",\"valueRequired\":true,\"valueName\":\"search_term_string\"}}],\"inLanguage\":\"da-DK\"}]}<\/script>\n<!-- \/ Yoast SEO plugin. -->","yoast_head_json":{"title":"Tidligere projekter - B\u00f8rn Hj\u00e6lper B\u00f8rn","robots":{"index":"index","follow":"follow","max-snippet":"max-snippet:-1","max-image-preview":"max-image-preview:large","max-video-preview":"max-video-preview:-1"},"canonical":"https:\/\/www.dui.dk\/born-hjaelper-born\/tidligere-projekter-2\/","og_locale":"da_DK","og_type":"article","og_title":"Tidligere projekter - B\u00f8rn Hj\u00e6lper B\u00f8rn","og_url":"https:\/\/www.dui.dk\/born-hjaelper-born\/tidligere-projekter-2\/","og_site_name":"B\u00f8rn Hj\u00e6lper B\u00f8rn","twitter_card":"summary_large_image","schema":{"@context":"https:\/\/schema.org","@graph":[{"@type":"WebPage","@id":"https:\/\/www.dui.dk\/born-hjaelper-born\/tidligere-projekter-2\/","url":"https:\/\/www.dui.dk\/born-hjaelper-born\/tidligere-projekter-2\/","name":"Tidligere projekter - B\u00f8rn Hj\u00e6lper B\u00f8rn","isPartOf":{"@id":"https:\/\/www.dui.dk\/born-hjaelper-born\/#website"},"datePublished":"2025-12-02T13:12:20+00:00","breadcrumb":{"@id":"https:\/\/www.dui.dk\/born-hjaelper-born\/tidligere-projekter-2\/#breadcrumb"},"inLanguage":"da-DK","potentialAction":[{"@type":"ReadAction","target":["https:\/\/www.dui.dk\/born-hjaelper-born\/tidligere-projekter-2\/"]}]},{"@type":"BreadcrumbList","@id":"https:\/\/www.dui.dk\/born-hjaelper-born\/tidligere-projekter-2\/#breadcrumb","itemListElement":[{"@type":"ListItem","position":1,"name":"Hjem","item":"https:\/\/www.dui.dk\/born-hjaelper-born\/"},{"@type":"ListItem","position":2,"name":"Tidligere projekter"}]},{"@type":"WebSite","@id":"https:\/\/www.dui.dk\/born-hjaelper-born\/#website","url":"https:\/\/www.dui.dk\/born-hjaelper-born\/","name":"B\u00f8rn Hj\u00e6lper B\u00f8rn","description":"B\u00f8rn Hj\u00e6lper B\u00f8rn Fonden","potentialAction":[{"@type":"SearchAction","target":{"@type":"EntryPoint","urlTemplate":"https:\/\/www.dui.dk\/born-hjaelper-born\/?s={search_term_string}"},"query-input":{"@type":"PropertyValueSpecification","valueRequired":true,"valueName":"search_term_string"}}],"inLanguage":"da-DK"}]}},"_links":{"self":[{"href":"https:\/\/www.dui.dk\/born-hjaelper-born\/wp-json\/wp\/v2\/pages\/322","targetHints":{"allow":["GET"]}}],"collection":[{"href":"https:\/\/www.dui.dk\/born-hjaelper-born\/wp-json\/wp\/v2\/pages"}],"about":[{"href":"https:\/\/www.dui.dk\/born-hjaelper-born\/wp-json\/wp\/v2\/types\/page"}],"author":[{"embeddable":true,"href":"https:\/\/www.dui.dk\/born-hjaelper-born\/wp-json\/wp\/v2\/users\/119"}],"replies":[{"embeddable":true,"href":"https:\/\/www.dui.dk\/born-hjaelper-born\/wp-json\/wp\/v2\/comments?post=322"}],"version-history":[{"count":1,"href":"https:\/\/www.dui.dk\/born-hjaelper-born\/wp-json\/wp\/v2\/pages\/322\/revisions"}],"predecessor-version":[{"id":324,"href":"https:\/\/www.dui.dk\/born-hjaelper-born\/wp-json\/wp\/v2\/pages\/322\/revisions\/324"}],"wp:attachment":[{"href":"https:\/\/www.dui.dk\/born-hjaelper-born\/wp-json\/wp\/v2\/media?parent=322"}],"curies":[{"name":"wp","href":"https:\/\/api.w.org\/{rel}","templated":true}]}}