{"id":2,"date":"2016-06-22T08:05:05","date_gmt":"2016-06-22T08:05:05","guid":{"rendered":"http:\/\/dui.demo.supertusch.com\/avedore\/?page_id=2"},"modified":"2017-06-30T12:35:48","modified_gmt":"2017-06-30T12:35:48","slug":"forside","status":"publish","type":"page","link":"https:\/\/www.dui.dk\/avedore\/","title":{"rendered":"Forside"},"content":{"rendered":"<p><strong>Velkommen til DUI Aved\u00f8re!<\/strong><\/p>\n<p><strong>Vi laver fede b\u00f8rne- og familieaktiviteter i og omkring Aved\u00f8re i Hvidovre. L\u00e6s om seneste aktiviteter p\u00e5 vores facebook nedenfor.<\/strong><\/p>\n<p>&nbsp;<\/p>\n\n","protected":false},"excerpt":{"rendered":"<p>Velkommen til DUI Aved\u00f8re! Vi laver fede b\u00f8rne- og familieaktiviteter i og omkring Aved\u00f8re i Hvidovre. L\u00e6s om seneste aktiviteter p\u00e5 vores facebook nedenfor. &nbsp;<\/p>\n","protected":false},"author":3,"featured_media":7,"parent":0,"menu_order":0,"comment_status":"closed","ping_status":"open","template":"page-front-local.php","meta":{"_acf_changed":false,"footnotes":""},"class_list":["post-2","page","type-page","status-publish","has-post-thumbnail","hentry"],"acf":[],"yoast_head":"<!-- This site is optimized with the Yoast SEO plugin v27.1.1 - https:\/\/yoast.com\/product\/yoast-seo-wordpress\/ -->\n<title>Forside - DUI - Aved\u00f8re<\/title>\n<meta name=\"robots\" content=\"index, follow, max-snippet:-1, max-image-preview:large, max-video-preview:-1\" \/>\n<link rel=\"canonical\" href=\"https:\/\/www.dui.dk\/avedore\/\" \/>\n<meta property=\"og:locale\" content=\"da_DK\" \/>\n<meta property=\"og:type\" content=\"article\" \/>\n<meta property=\"og:title\" content=\"Forside - DUI - Aved\u00f8re\" \/>\n<meta property=\"og:description\" content=\"Velkommen til DUI Aved\u00f8re! Vi laver fede b\u00f8rne- og familieaktiviteter i og omkring Aved\u00f8re i Hvidovre. L\u00e6s om seneste aktiviteter p\u00e5 vores facebook nedenfor. &nbsp;\" \/>\n<meta property=\"og:url\" content=\"https:\/\/www.dui.dk\/avedore\/\" \/>\n<meta property=\"og:site_name\" content=\"DUI - Aved\u00f8re\" \/>\n<meta property=\"article:modified_time\" content=\"2017-06-30T12:35:48+00:00\" \/>\n<meta property=\"og:image\" content=\"https:\/\/www.dui.dk\/avedore\/wp-content\/uploads\/sites\/28\/2016\/06\/B\u00f8rn-top.png\" \/>\n\t<meta property=\"og:image:width\" content=\"945\" \/>\n\t<meta property=\"og:image:height\" content=\"241\" \/>\n\t<meta property=\"og:image:type\" content=\"image\/png\" \/>\n<meta name=\"twitter:card\" content=\"summary_large_image\" \/>\n<script type=\"application\/ld+json\" class=\"yoast-schema-graph\">{\"@context\":\"https:\/\/schema.org\",\"@graph\":[{\"@type\":\"WebPage\",\"@id\":\"https:\/\/www.dui.dk\/avedore\/\",\"url\":\"https:\/\/www.dui.dk\/avedore\/\",\"name\":\"Forside - DUI - Aved\u00f8re\",\"isPartOf\":{\"@id\":\"https:\/\/www.dui.dk\/avedore\/#website\"},\"primaryImageOfPage\":{\"@id\":\"https:\/\/www.dui.dk\/avedore\/#primaryimage\"},\"image\":{\"@id\":\"https:\/\/www.dui.dk\/avedore\/#primaryimage\"},\"thumbnailUrl\":\"https:\/\/www.dui.dk\/avedore\/wp-content\/uploads\/sites\/28\/2016\/06\/B\u00f8rn-top.png\",\"datePublished\":\"2016-06-22T08:05:05+00:00\",\"dateModified\":\"2017-06-30T12:35:48+00:00\",\"breadcrumb\":{\"@id\":\"https:\/\/www.dui.dk\/avedore\/#breadcrumb\"},\"inLanguage\":\"da-DK\",\"potentialAction\":[{\"@type\":\"ReadAction\",\"target\":[\"https:\/\/www.dui.dk\/avedore\/\"]}]},{\"@type\":\"ImageObject\",\"inLanguage\":\"da-DK\",\"@id\":\"https:\/\/www.dui.dk\/avedore\/#primaryimage\",\"url\":\"https:\/\/www.dui.dk\/avedore\/wp-content\/uploads\/sites\/28\/2016\/06\/B\u00f8rn-top.png\",\"contentUrl\":\"https:\/\/www.dui.dk\/avedore\/wp-content\/uploads\/sites\/28\/2016\/06\/B\u00f8rn-top.png\",\"width\":945,\"height\":241},{\"@type\":\"BreadcrumbList\",\"@id\":\"https:\/\/www.dui.dk\/avedore\/#breadcrumb\",\"itemListElement\":[{\"@type\":\"ListItem\",\"position\":1,\"name\":\"Hjem\",\"item\":\"https:\/\/www.dui.dk\/avedore\/\"},{\"@type\":\"ListItem\",\"position\":2,\"name\":\"Forside\"}]},{\"@type\":\"WebSite\",\"@id\":\"https:\/\/www.dui.dk\/avedore\/#website\",\"url\":\"https:\/\/www.dui.dk\/avedore\/\",\"name\":\"DUI - Aved\u00f8re\",\"description\":\"DUI - Aved\u00f8re\",\"potentialAction\":[{\"@type\":\"SearchAction\",\"target\":{\"@type\":\"EntryPoint\",\"urlTemplate\":\"https:\/\/www.dui.dk\/avedore\/?s={search_term_string}\"},\"query-input\":{\"@type\":\"PropertyValueSpecification\",\"valueRequired\":true,\"valueName\":\"search_term_string\"}}],\"inLanguage\":\"da-DK\"}]}<\/script>\n<!-- \/ Yoast SEO plugin. -->","yoast_head_json":{"title":"Forside - DUI - Aved\u00f8re","robots":{"index":"index","follow":"follow","max-snippet":"max-snippet:-1","max-image-preview":"max-image-preview:large","max-video-preview":"max-video-preview:-1"},"canonical":"https:\/\/www.dui.dk\/avedore\/","og_locale":"da_DK","og_type":"article","og_title":"Forside - DUI - Aved\u00f8re","og_description":"Velkommen til DUI Aved\u00f8re! Vi laver fede b\u00f8rne- og familieaktiviteter i og omkring Aved\u00f8re i Hvidovre. L\u00e6s om seneste aktiviteter p\u00e5 vores facebook nedenfor. &nbsp;","og_url":"https:\/\/www.dui.dk\/avedore\/","og_site_name":"DUI - Aved\u00f8re","article_modified_time":"2017-06-30T12:35:48+00:00","og_image":[{"width":945,"height":241,"url":"https:\/\/www.dui.dk\/avedore\/wp-content\/uploads\/sites\/28\/2016\/06\/B\u00f8rn-top.png","type":"image\/png"}],"twitter_card":"summary_large_image","schema":{"@context":"https:\/\/schema.org","@graph":[{"@type":"WebPage","@id":"https:\/\/www.dui.dk\/avedore\/","url":"https:\/\/www.dui.dk\/avedore\/","name":"Forside - DUI - Aved\u00f8re","isPartOf":{"@id":"https:\/\/www.dui.dk\/avedore\/#website"},"primaryImageOfPage":{"@id":"https:\/\/www.dui.dk\/avedore\/#primaryimage"},"image":{"@id":"https:\/\/www.dui.dk\/avedore\/#primaryimage"},"thumbnailUrl":"https:\/\/www.dui.dk\/avedore\/wp-content\/uploads\/sites\/28\/2016\/06\/B\u00f8rn-top.png","datePublished":"2016-06-22T08:05:05+00:00","dateModified":"2017-06-30T12:35:48+00:00","breadcrumb":{"@id":"https:\/\/www.dui.dk\/avedore\/#breadcrumb"},"inLanguage":"da-DK","potentialAction":[{"@type":"ReadAction","target":["https:\/\/www.dui.dk\/avedore\/"]}]},{"@type":"ImageObject","inLanguage":"da-DK","@id":"https:\/\/www.dui.dk\/avedore\/#primaryimage","url":"https:\/\/www.dui.dk\/avedore\/wp-content\/uploads\/sites\/28\/2016\/06\/B\u00f8rn-top.png","contentUrl":"https:\/\/www.dui.dk\/avedore\/wp-content\/uploads\/sites\/28\/2016\/06\/B\u00f8rn-top.png","width":945,"height":241},{"@type":"BreadcrumbList","@id":"https:\/\/www.dui.dk\/avedore\/#breadcrumb","itemListElement":[{"@type":"ListItem","position":1,"name":"Hjem","item":"https:\/\/www.dui.dk\/avedore\/"},{"@type":"ListItem","position":2,"name":"Forside"}]},{"@type":"WebSite","@id":"https:\/\/www.dui.dk\/avedore\/#website","url":"https:\/\/www.dui.dk\/avedore\/","name":"DUI - Aved\u00f8re","description":"DUI - Aved\u00f8re","potentialAction":[{"@type":"SearchAction","target":{"@type":"EntryPoint","urlTemplate":"https:\/\/www.dui.dk\/avedore\/?s={search_term_string}"},"query-input":{"@type":"PropertyValueSpecification","valueRequired":true,"valueName":"search_term_string"}}],"inLanguage":"da-DK"}]}},"_links":{"self":[{"href":"https:\/\/www.dui.dk\/avedore\/wp-json\/wp\/v2\/pages\/2","targetHints":{"allow":["GET"]}}],"collection":[{"href":"https:\/\/www.dui.dk\/avedore\/wp-json\/wp\/v2\/pages"}],"about":[{"href":"https:\/\/www.dui.dk\/avedore\/wp-json\/wp\/v2\/types\/page"}],"author":[{"embeddable":true,"href":"https:\/\/www.dui.dk\/avedore\/wp-json\/wp\/v2\/users\/3"}],"replies":[{"embeddable":true,"href":"https:\/\/www.dui.dk\/avedore\/wp-json\/wp\/v2\/comments?post=2"}],"version-history":[{"count":6,"href":"https:\/\/www.dui.dk\/avedore\/wp-json\/wp\/v2\/pages\/2\/revisions"}],"predecessor-version":[{"id":37,"href":"https:\/\/www.dui.dk\/avedore\/wp-json\/wp\/v2\/pages\/2\/revisions\/37"}],"wp:featuredmedia":[{"embeddable":true,"href":"https:\/\/www.dui.dk\/avedore\/wp-json\/wp\/v2\/media\/7"}],"wp:attachment":[{"href":"https:\/\/www.dui.dk\/avedore\/wp-json\/wp\/v2\/media?parent=2"}],"curies":[{"name":"wp","href":"https:\/\/api.w.org\/{rel}","templated":true}]}}