{"id":938,"date":"2019-09-07T14:48:39","date_gmt":"2019-09-07T14:48:39","guid":{"rendered":"http:\/\/www.dui.dk\/aalborg\/?page_id=938"},"modified":"2019-09-10T18:00:59","modified_gmt":"2019-09-10T18:00:59","slug":"familiecafe-fastelavn-2","status":"publish","type":"page","link":"https:\/\/www.dui.dk\/aalborg\/familiecafe-fastelavn-2\/","title":{"rendered":"FamilieCafe \/ Fastelavn"},"content":{"rendered":"<p>Ons. 12. februar 2020 <em><strong>B<\/strong><strong>EM\u00c6RK: kl. 17:00 !!!<\/strong> <\/em><br \/>\n<strong>BygSelv Burger<\/strong> m\/ pommes<br \/>\nDessert: Is m\/ vafler<\/p>\n<p><strong>Aktivitet:<\/strong> <strong>Fastelavn<\/strong>, &#8211; vi sl\u00e5r katten af t\u00f8nden.<\/p>\n<p><strong>Om Familiecafeen:<\/strong><br \/>\nVi m\u00f8des \u00e9n gang om m\u00e5neden til f\u00e6llesspisning i DUI&#8217;s cafe.\u2028 Her bliver lavet alle typer mad, vi har f\u00e5et lige fra elefantsnabel og mormors frikadeller.<br \/>\nMaden laves af frivillige &#8220;kokke&#8221;, &#8211; deltagerne er en blanding af nogen der deltager flere gange om \u00e5ret, og nye &#8220;spisere&#8221;.\u00a0 ALLE er velkommen!<\/p>\n<p>Efter spisningen laver vi gerne noget sammen &#8211; stor som lille. Det kan v\u00e6re at synge, foredrag, andre gange spiller vi sjove br\u00e6tspil, \u2013 eller bare hygger&#8230;<\/p>\n<p><strong>Pris:<br \/>\n<\/strong>Det koster 40 kr. for en spisebillet\u2028- b\u00f8rn under 12 \u00e5r betaler kun 15 kr.<br \/>\nB\u00f8rn under 4 \u00e5r deltager gratis.<\/p>\n<p>Billetterne skal bestilles senest fredag inden spisningen.<\/p>\n<p>Hvis du bestiller via Mobile Pay: 59 917 s\u00e5 husk at skrive cafedato, navn og antal.<\/p>\n<p>&#8230;<br \/>\nDUI Aalborg, \u00d8stre Alle 89<br \/>\nDUI \/ 9812 2900<br \/>\nBenteA@dui.dk \/ Mobile Pay: 59 917 \/ eller ring<\/p>\n","protected":false},"excerpt":{"rendered":"<p>Ons. 12. februar 2020 BEM\u00c6RK: kl. 17:00 !!! BygSelv Burger m\/ pommes Dessert: Is m\/ vafler Aktivitet: Fastelavn, &#8211; vi sl\u00e5r katten af t\u00f8nden. Om Familiecafeen: Vi m\u00f8des \u00e9n gang om m\u00e5neden til f\u00e6llesspisning i DUI&#8217;s cafe.\u2028 Her bliver lavet alle typer mad, vi har f\u00e5et lige fra elefantsnabel og mormors frikadeller. Maden laves af &hellip;<\/p>\n","protected":false},"author":43,"featured_media":934,"parent":0,"menu_order":0,"comment_status":"closed","ping_status":"closed","template":"page-event-local.php","meta":{"_acf_changed":false,"footnotes":""},"class_list":["post-938","page","type-page","status-publish","has-post-thumbnail","hentry"],"acf":[],"yoast_head":"<!-- This site is optimized with the Yoast SEO plugin v27.1.1 - https:\/\/yoast.com\/product\/yoast-seo-wordpress\/ -->\n<title>FamilieCafe \/ Fastelavn - DUI - Aalborg<\/title>\n<meta name=\"robots\" content=\"index, follow, max-snippet:-1, max-image-preview:large, max-video-preview:-1\" \/>\n<link rel=\"canonical\" href=\"https:\/\/www.dui.dk\/aalborg\/familiecafe-fastelavn-2\/\" \/>\n<meta property=\"og:locale\" content=\"da_DK\" \/>\n<meta property=\"og:type\" content=\"article\" \/>\n<meta property=\"og:title\" content=\"FamilieCafe \/ Fastelavn - DUI - Aalborg\" \/>\n<meta property=\"og:description\" content=\"Ons. 12. februar 2020 BEM\u00c6RK: kl. 17:00 !!! BygSelv Burger m\/ pommes Dessert: Is m\/ vafler Aktivitet: Fastelavn, &#8211; vi sl\u00e5r katten af t\u00f8nden. Om Familiecafeen: Vi m\u00f8des \u00e9n gang om m\u00e5neden til f\u00e6llesspisning i DUI&#8217;s cafe.\u2028 Her bliver lavet alle typer mad, vi har f\u00e5et lige fra elefantsnabel og mormors frikadeller. Maden laves af &hellip;\" \/>\n<meta property=\"og:url\" content=\"https:\/\/www.dui.dk\/aalborg\/familiecafe-fastelavn-2\/\" \/>\n<meta property=\"og:site_name\" content=\"DUI - Aalborg\" \/>\n<meta property=\"article:modified_time\" content=\"2019-09-10T18:00:59+00:00\" \/>\n<meta property=\"og:image\" content=\"https:\/\/www.dui.dk\/aalborg\/wp-content\/uploads\/sites\/45\/2019\/09\/19top_familiecafe_mfoto.jpg\" \/>\n\t<meta property=\"og:image:width\" content=\"945\" \/>\n\t<meta property=\"og:image:height\" content=\"241\" \/>\n\t<meta property=\"og:image:type\" content=\"image\/jpeg\" \/>\n<meta name=\"twitter:card\" content=\"summary_large_image\" \/>\n<meta name=\"twitter:label1\" content=\"Estimeret l\u00e6setid\" \/>\n\t<meta name=\"twitter:data1\" content=\"1 minut\" \/>\n<script type=\"application\/ld+json\" class=\"yoast-schema-graph\">{\"@context\":\"https:\/\/schema.org\",\"@graph\":[{\"@type\":\"WebPage\",\"@id\":\"https:\/\/www.dui.dk\/aalborg\/familiecafe-fastelavn-2\/\",\"url\":\"https:\/\/www.dui.dk\/aalborg\/familiecafe-fastelavn-2\/\",\"name\":\"FamilieCafe \/ Fastelavn - DUI - Aalborg\",\"isPartOf\":{\"@id\":\"https:\/\/www.dui.dk\/aalborg\/#website\"},\"primaryImageOfPage\":{\"@id\":\"https:\/\/www.dui.dk\/aalborg\/familiecafe-fastelavn-2\/#primaryimage\"},\"image\":{\"@id\":\"https:\/\/www.dui.dk\/aalborg\/familiecafe-fastelavn-2\/#primaryimage\"},\"thumbnailUrl\":\"https:\/\/www.dui.dk\/aalborg\/wp-content\/uploads\/sites\/45\/2019\/09\/19top_familiecafe_mfoto.jpg\",\"datePublished\":\"2019-09-07T14:48:39+00:00\",\"dateModified\":\"2019-09-10T18:00:59+00:00\",\"breadcrumb\":{\"@id\":\"https:\/\/www.dui.dk\/aalborg\/familiecafe-fastelavn-2\/#breadcrumb\"},\"inLanguage\":\"da-DK\",\"potentialAction\":[{\"@type\":\"ReadAction\",\"target\":[\"https:\/\/www.dui.dk\/aalborg\/familiecafe-fastelavn-2\/\"]}]},{\"@type\":\"ImageObject\",\"inLanguage\":\"da-DK\",\"@id\":\"https:\/\/www.dui.dk\/aalborg\/familiecafe-fastelavn-2\/#primaryimage\",\"url\":\"https:\/\/www.dui.dk\/aalborg\/wp-content\/uploads\/sites\/45\/2019\/09\/19top_familiecafe_mfoto.jpg\",\"contentUrl\":\"https:\/\/www.dui.dk\/aalborg\/wp-content\/uploads\/sites\/45\/2019\/09\/19top_familiecafe_mfoto.jpg\",\"width\":945,\"height\":241},{\"@type\":\"BreadcrumbList\",\"@id\":\"https:\/\/www.dui.dk\/aalborg\/familiecafe-fastelavn-2\/#breadcrumb\",\"itemListElement\":[{\"@type\":\"ListItem\",\"position\":1,\"name\":\"Hjem\",\"item\":\"https:\/\/www.dui.dk\/aalborg\/\"},{\"@type\":\"ListItem\",\"position\":2,\"name\":\"FamilieCafe \/ Fastelavn\"}]},{\"@type\":\"WebSite\",\"@id\":\"https:\/\/www.dui.dk\/aalborg\/#website\",\"url\":\"https:\/\/www.dui.dk\/aalborg\/\",\"name\":\"DUI - Aalborg\",\"description\":\"En DUI-LEG og VIRKE lokalafdeling\",\"potentialAction\":[{\"@type\":\"SearchAction\",\"target\":{\"@type\":\"EntryPoint\",\"urlTemplate\":\"https:\/\/www.dui.dk\/aalborg\/?s={search_term_string}\"},\"query-input\":{\"@type\":\"PropertyValueSpecification\",\"valueRequired\":true,\"valueName\":\"search_term_string\"}}],\"inLanguage\":\"da-DK\"}]}<\/script>\n<!-- \/ Yoast SEO plugin. -->","yoast_head_json":{"title":"FamilieCafe \/ Fastelavn - DUI - Aalborg","robots":{"index":"index","follow":"follow","max-snippet":"max-snippet:-1","max-image-preview":"max-image-preview:large","max-video-preview":"max-video-preview:-1"},"canonical":"https:\/\/www.dui.dk\/aalborg\/familiecafe-fastelavn-2\/","og_locale":"da_DK","og_type":"article","og_title":"FamilieCafe \/ Fastelavn - DUI - Aalborg","og_description":"Ons. 12. februar 2020 BEM\u00c6RK: kl. 17:00 !!! BygSelv Burger m\/ pommes Dessert: Is m\/ vafler Aktivitet: Fastelavn, &#8211; vi sl\u00e5r katten af t\u00f8nden. Om Familiecafeen: Vi m\u00f8des \u00e9n gang om m\u00e5neden til f\u00e6llesspisning i DUI&#8217;s cafe.\u2028 Her bliver lavet alle typer mad, vi har f\u00e5et lige fra elefantsnabel og mormors frikadeller. Maden laves af &hellip;","og_url":"https:\/\/www.dui.dk\/aalborg\/familiecafe-fastelavn-2\/","og_site_name":"DUI - Aalborg","article_modified_time":"2019-09-10T18:00:59+00:00","og_image":[{"width":945,"height":241,"url":"https:\/\/www.dui.dk\/aalborg\/wp-content\/uploads\/sites\/45\/2019\/09\/19top_familiecafe_mfoto.jpg","type":"image\/jpeg"}],"twitter_card":"summary_large_image","twitter_misc":{"Estimeret l\u00e6setid":"1 minut"},"schema":{"@context":"https:\/\/schema.org","@graph":[{"@type":"WebPage","@id":"https:\/\/www.dui.dk\/aalborg\/familiecafe-fastelavn-2\/","url":"https:\/\/www.dui.dk\/aalborg\/familiecafe-fastelavn-2\/","name":"FamilieCafe \/ Fastelavn - DUI - Aalborg","isPartOf":{"@id":"https:\/\/www.dui.dk\/aalborg\/#website"},"primaryImageOfPage":{"@id":"https:\/\/www.dui.dk\/aalborg\/familiecafe-fastelavn-2\/#primaryimage"},"image":{"@id":"https:\/\/www.dui.dk\/aalborg\/familiecafe-fastelavn-2\/#primaryimage"},"thumbnailUrl":"https:\/\/www.dui.dk\/aalborg\/wp-content\/uploads\/sites\/45\/2019\/09\/19top_familiecafe_mfoto.jpg","datePublished":"2019-09-07T14:48:39+00:00","dateModified":"2019-09-10T18:00:59+00:00","breadcrumb":{"@id":"https:\/\/www.dui.dk\/aalborg\/familiecafe-fastelavn-2\/#breadcrumb"},"inLanguage":"da-DK","potentialAction":[{"@type":"ReadAction","target":["https:\/\/www.dui.dk\/aalborg\/familiecafe-fastelavn-2\/"]}]},{"@type":"ImageObject","inLanguage":"da-DK","@id":"https:\/\/www.dui.dk\/aalborg\/familiecafe-fastelavn-2\/#primaryimage","url":"https:\/\/www.dui.dk\/aalborg\/wp-content\/uploads\/sites\/45\/2019\/09\/19top_familiecafe_mfoto.jpg","contentUrl":"https:\/\/www.dui.dk\/aalborg\/wp-content\/uploads\/sites\/45\/2019\/09\/19top_familiecafe_mfoto.jpg","width":945,"height":241},{"@type":"BreadcrumbList","@id":"https:\/\/www.dui.dk\/aalborg\/familiecafe-fastelavn-2\/#breadcrumb","itemListElement":[{"@type":"ListItem","position":1,"name":"Hjem","item":"https:\/\/www.dui.dk\/aalborg\/"},{"@type":"ListItem","position":2,"name":"FamilieCafe \/ Fastelavn"}]},{"@type":"WebSite","@id":"https:\/\/www.dui.dk\/aalborg\/#website","url":"https:\/\/www.dui.dk\/aalborg\/","name":"DUI - Aalborg","description":"En DUI-LEG og VIRKE lokalafdeling","potentialAction":[{"@type":"SearchAction","target":{"@type":"EntryPoint","urlTemplate":"https:\/\/www.dui.dk\/aalborg\/?s={search_term_string}"},"query-input":{"@type":"PropertyValueSpecification","valueRequired":true,"valueName":"search_term_string"}}],"inLanguage":"da-DK"}]}},"_links":{"self":[{"href":"https:\/\/www.dui.dk\/aalborg\/wp-json\/wp\/v2\/pages\/938","targetHints":{"allow":["GET"]}}],"collection":[{"href":"https:\/\/www.dui.dk\/aalborg\/wp-json\/wp\/v2\/pages"}],"about":[{"href":"https:\/\/www.dui.dk\/aalborg\/wp-json\/wp\/v2\/types\/page"}],"author":[{"embeddable":true,"href":"https:\/\/www.dui.dk\/aalborg\/wp-json\/wp\/v2\/users\/43"}],"replies":[{"embeddable":true,"href":"https:\/\/www.dui.dk\/aalborg\/wp-json\/wp\/v2\/comments?post=938"}],"version-history":[{"count":4,"href":"https:\/\/www.dui.dk\/aalborg\/wp-json\/wp\/v2\/pages\/938\/revisions"}],"predecessor-version":[{"id":974,"href":"https:\/\/www.dui.dk\/aalborg\/wp-json\/wp\/v2\/pages\/938\/revisions\/974"}],"wp:featuredmedia":[{"embeddable":true,"href":"https:\/\/www.dui.dk\/aalborg\/wp-json\/wp\/v2\/media\/934"}],"wp:attachment":[{"href":"https:\/\/www.dui.dk\/aalborg\/wp-json\/wp\/v2\/media?parent=938"}],"curies":[{"name":"wp","href":"https:\/\/api.w.org\/{rel}","templated":true}]}}