{"id":611,"date":"2018-03-09T18:30:30","date_gmt":"2018-03-09T18:30:30","guid":{"rendered":"http:\/\/www.dui.dk\/aalborg\/?page_id=611"},"modified":"2023-03-13T16:49:54","modified_gmt":"2023-03-13T16:49:54","slug":"dui-mandebutik","status":"publish","type":"page","link":"https:\/\/www.dui.dk\/aalborg\/dui-mandebutik\/","title":{"rendered":"DUI Mandebutik"},"content":{"rendered":"","protected":false},"excerpt":{"rendered":"","protected":false},"author":43,"featured_media":612,"parent":0,"menu_order":0,"comment_status":"closed","ping_status":"closed","template":"page-content-local.php","meta":{"_acf_changed":false,"footnotes":""},"class_list":["post-611","page","type-page","status-publish","has-post-thumbnail","hentry"],"acf":[],"yoast_head":"<!-- This site is optimized with the Yoast SEO plugin v27.1.1 - https:\/\/yoast.com\/product\/yoast-seo-wordpress\/ -->\n<title>DUI Mandebutik - DUI - Aalborg<\/title>\n<meta name=\"description\" content=\"genbrug, reuse, cheap, studenbike, genbrugscykler, reuse, reusebike, bike, v\u00e6rkt\u00f8j, elektronik, kabler, b\u00f8rnecykler, husholdningsmaskiner, lamper, CDere, vinylplader, DVDer, maling, s\u00f8m, skruer, bolte og beslag - og meget meget, rigtig meget mere.\" \/>\n<meta name=\"robots\" content=\"index, follow, max-snippet:-1, max-image-preview:large, max-video-preview:-1\" \/>\n<link rel=\"canonical\" href=\"https:\/\/www.dui.dk\/aalborg\/dui-mandebutik\/\" \/>\n<meta property=\"og:locale\" content=\"da_DK\" \/>\n<meta property=\"og:type\" content=\"article\" \/>\n<meta property=\"og:title\" content=\"DUI Mandebutik - DUI - Aalborg\" \/>\n<meta property=\"og:description\" content=\"genbrug, reuse, cheap, studenbike, genbrugscykler, reuse, reusebike, bike, v\u00e6rkt\u00f8j, elektronik, kabler, b\u00f8rnecykler, husholdningsmaskiner, lamper, CDere, vinylplader, DVDer, maling, s\u00f8m, skruer, bolte og beslag - og meget meget, rigtig meget mere.\" \/>\n<meta property=\"og:url\" content=\"https:\/\/www.dui.dk\/aalborg\/dui-mandebutik\/\" \/>\n<meta property=\"og:site_name\" content=\"DUI - Aalborg\" \/>\n<meta property=\"article:modified_time\" content=\"2023-03-13T16:49:54+00:00\" \/>\n<meta property=\"og:image\" content=\"https:\/\/www.dui.dk\/aalborg\/wp-content\/uploads\/sites\/45\/2018\/03\/mandebutik_coverbillede2.jpg\" \/>\n\t<meta property=\"og:image:width\" content=\"1656\" \/>\n\t<meta property=\"og:image:height\" content=\"650\" \/>\n\t<meta property=\"og:image:type\" content=\"image\/jpeg\" \/>\n<meta name=\"twitter:card\" content=\"summary_large_image\" \/>\n<script type=\"application\/ld+json\" class=\"yoast-schema-graph\">{\"@context\":\"https:\/\/schema.org\",\"@graph\":[{\"@type\":\"WebPage\",\"@id\":\"https:\/\/www.dui.dk\/aalborg\/dui-mandebutik\/\",\"url\":\"https:\/\/www.dui.dk\/aalborg\/dui-mandebutik\/\",\"name\":\"DUI Mandebutik - DUI - Aalborg\",\"isPartOf\":{\"@id\":\"https:\/\/www.dui.dk\/aalborg\/#website\"},\"primaryImageOfPage\":{\"@id\":\"https:\/\/www.dui.dk\/aalborg\/dui-mandebutik\/#primaryimage\"},\"image\":{\"@id\":\"https:\/\/www.dui.dk\/aalborg\/dui-mandebutik\/#primaryimage\"},\"thumbnailUrl\":\"https:\/\/www.dui.dk\/aalborg\/wp-content\/uploads\/sites\/45\/2018\/03\/mandebutik_coverbillede2.jpg\",\"datePublished\":\"2018-03-09T18:30:30+00:00\",\"dateModified\":\"2023-03-13T16:49:54+00:00\",\"description\":\"genbrug, reuse, cheap, studenbike, genbrugscykler, reuse, reusebike, bike, v\u00e6rkt\u00f8j, elektronik, kabler, b\u00f8rnecykler, husholdningsmaskiner, lamper, CDere, vinylplader, DVDer, maling, s\u00f8m, skruer, bolte og beslag - og meget meget, rigtig meget mere.\",\"breadcrumb\":{\"@id\":\"https:\/\/www.dui.dk\/aalborg\/dui-mandebutik\/#breadcrumb\"},\"inLanguage\":\"da-DK\",\"potentialAction\":[{\"@type\":\"ReadAction\",\"target\":[\"https:\/\/www.dui.dk\/aalborg\/dui-mandebutik\/\"]}]},{\"@type\":\"ImageObject\",\"inLanguage\":\"da-DK\",\"@id\":\"https:\/\/www.dui.dk\/aalborg\/dui-mandebutik\/#primaryimage\",\"url\":\"https:\/\/www.dui.dk\/aalborg\/wp-content\/uploads\/sites\/45\/2018\/03\/mandebutik_coverbillede2.jpg\",\"contentUrl\":\"https:\/\/www.dui.dk\/aalborg\/wp-content\/uploads\/sites\/45\/2018\/03\/mandebutik_coverbillede2.jpg\",\"width\":1656,\"height\":650},{\"@type\":\"BreadcrumbList\",\"@id\":\"https:\/\/www.dui.dk\/aalborg\/dui-mandebutik\/#breadcrumb\",\"itemListElement\":[{\"@type\":\"ListItem\",\"position\":1,\"name\":\"Hjem\",\"item\":\"https:\/\/www.dui.dk\/aalborg\/\"},{\"@type\":\"ListItem\",\"position\":2,\"name\":\"DUI Mandebutik\"}]},{\"@type\":\"WebSite\",\"@id\":\"https:\/\/www.dui.dk\/aalborg\/#website\",\"url\":\"https:\/\/www.dui.dk\/aalborg\/\",\"name\":\"DUI - Aalborg\",\"description\":\"En DUI-LEG og VIRKE lokalafdeling\",\"potentialAction\":[{\"@type\":\"SearchAction\",\"target\":{\"@type\":\"EntryPoint\",\"urlTemplate\":\"https:\/\/www.dui.dk\/aalborg\/?s={search_term_string}\"},\"query-input\":{\"@type\":\"PropertyValueSpecification\",\"valueRequired\":true,\"valueName\":\"search_term_string\"}}],\"inLanguage\":\"da-DK\"}]}<\/script>\n<!-- \/ Yoast SEO plugin. -->","yoast_head_json":{"title":"DUI Mandebutik - DUI - Aalborg","description":"genbrug, reuse, cheap, studenbike, genbrugscykler, reuse, reusebike, bike, v\u00e6rkt\u00f8j, elektronik, kabler, b\u00f8rnecykler, husholdningsmaskiner, lamper, CDere, vinylplader, DVDer, maling, s\u00f8m, skruer, bolte og beslag - og meget meget, rigtig meget mere.","robots":{"index":"index","follow":"follow","max-snippet":"max-snippet:-1","max-image-preview":"max-image-preview:large","max-video-preview":"max-video-preview:-1"},"canonical":"https:\/\/www.dui.dk\/aalborg\/dui-mandebutik\/","og_locale":"da_DK","og_type":"article","og_title":"DUI Mandebutik - DUI - Aalborg","og_description":"genbrug, reuse, cheap, studenbike, genbrugscykler, reuse, reusebike, bike, v\u00e6rkt\u00f8j, elektronik, kabler, b\u00f8rnecykler, husholdningsmaskiner, lamper, CDere, vinylplader, DVDer, maling, s\u00f8m, skruer, bolte og beslag - og meget meget, rigtig meget mere.","og_url":"https:\/\/www.dui.dk\/aalborg\/dui-mandebutik\/","og_site_name":"DUI - Aalborg","article_modified_time":"2023-03-13T16:49:54+00:00","og_image":[{"width":1656,"height":650,"url":"https:\/\/www.dui.dk\/aalborg\/wp-content\/uploads\/sites\/45\/2018\/03\/mandebutik_coverbillede2.jpg","type":"image\/jpeg"}],"twitter_card":"summary_large_image","schema":{"@context":"https:\/\/schema.org","@graph":[{"@type":"WebPage","@id":"https:\/\/www.dui.dk\/aalborg\/dui-mandebutik\/","url":"https:\/\/www.dui.dk\/aalborg\/dui-mandebutik\/","name":"DUI Mandebutik - DUI - Aalborg","isPartOf":{"@id":"https:\/\/www.dui.dk\/aalborg\/#website"},"primaryImageOfPage":{"@id":"https:\/\/www.dui.dk\/aalborg\/dui-mandebutik\/#primaryimage"},"image":{"@id":"https:\/\/www.dui.dk\/aalborg\/dui-mandebutik\/#primaryimage"},"thumbnailUrl":"https:\/\/www.dui.dk\/aalborg\/wp-content\/uploads\/sites\/45\/2018\/03\/mandebutik_coverbillede2.jpg","datePublished":"2018-03-09T18:30:30+00:00","dateModified":"2023-03-13T16:49:54+00:00","description":"genbrug, reuse, cheap, studenbike, genbrugscykler, reuse, reusebike, bike, v\u00e6rkt\u00f8j, elektronik, kabler, b\u00f8rnecykler, husholdningsmaskiner, lamper, CDere, vinylplader, DVDer, maling, s\u00f8m, skruer, bolte og beslag - og meget meget, rigtig meget mere.","breadcrumb":{"@id":"https:\/\/www.dui.dk\/aalborg\/dui-mandebutik\/#breadcrumb"},"inLanguage":"da-DK","potentialAction":[{"@type":"ReadAction","target":["https:\/\/www.dui.dk\/aalborg\/dui-mandebutik\/"]}]},{"@type":"ImageObject","inLanguage":"da-DK","@id":"https:\/\/www.dui.dk\/aalborg\/dui-mandebutik\/#primaryimage","url":"https:\/\/www.dui.dk\/aalborg\/wp-content\/uploads\/sites\/45\/2018\/03\/mandebutik_coverbillede2.jpg","contentUrl":"https:\/\/www.dui.dk\/aalborg\/wp-content\/uploads\/sites\/45\/2018\/03\/mandebutik_coverbillede2.jpg","width":1656,"height":650},{"@type":"BreadcrumbList","@id":"https:\/\/www.dui.dk\/aalborg\/dui-mandebutik\/#breadcrumb","itemListElement":[{"@type":"ListItem","position":1,"name":"Hjem","item":"https:\/\/www.dui.dk\/aalborg\/"},{"@type":"ListItem","position":2,"name":"DUI Mandebutik"}]},{"@type":"WebSite","@id":"https:\/\/www.dui.dk\/aalborg\/#website","url":"https:\/\/www.dui.dk\/aalborg\/","name":"DUI - Aalborg","description":"En DUI-LEG og VIRKE lokalafdeling","potentialAction":[{"@type":"SearchAction","target":{"@type":"EntryPoint","urlTemplate":"https:\/\/www.dui.dk\/aalborg\/?s={search_term_string}"},"query-input":{"@type":"PropertyValueSpecification","valueRequired":true,"valueName":"search_term_string"}}],"inLanguage":"da-DK"}]}},"_links":{"self":[{"href":"https:\/\/www.dui.dk\/aalborg\/wp-json\/wp\/v2\/pages\/611","targetHints":{"allow":["GET"]}}],"collection":[{"href":"https:\/\/www.dui.dk\/aalborg\/wp-json\/wp\/v2\/pages"}],"about":[{"href":"https:\/\/www.dui.dk\/aalborg\/wp-json\/wp\/v2\/types\/page"}],"author":[{"embeddable":true,"href":"https:\/\/www.dui.dk\/aalborg\/wp-json\/wp\/v2\/users\/43"}],"replies":[{"embeddable":true,"href":"https:\/\/www.dui.dk\/aalborg\/wp-json\/wp\/v2\/comments?post=611"}],"version-history":[{"count":4,"href":"https:\/\/www.dui.dk\/aalborg\/wp-json\/wp\/v2\/pages\/611\/revisions"}],"predecessor-version":[{"id":1605,"href":"https:\/\/www.dui.dk\/aalborg\/wp-json\/wp\/v2\/pages\/611\/revisions\/1605"}],"wp:featuredmedia":[{"embeddable":true,"href":"https:\/\/www.dui.dk\/aalborg\/wp-json\/wp\/v2\/media\/612"}],"wp:attachment":[{"href":"https:\/\/www.dui.dk\/aalborg\/wp-json\/wp\/v2\/media?parent=611"}],"curies":[{"name":"wp","href":"https:\/\/api.w.org\/{rel}","templated":true}]}}