{"id":2,"date":"2016-07-04T12:36:43","date_gmt":"2016-07-04T12:36:43","guid":{"rendered":"http:\/\/dui.demo.supertusch.com\/aalborg\/?page_id=2"},"modified":"2025-09-25T08:50:30","modified_gmt":"2025-09-25T08:50:30","slug":"eksempel-side","status":"publish","type":"page","link":"https:\/\/www.dui.dk\/aalborg\/","title":{"rendered":"Forside"},"content":{"rendered":"<div class=\"entry-content\">\n<h3><strong>DUI-LEG &amp; VIRKE, Aalborg<\/strong><\/h3>\n<p>DUI-Leg og Virke Aalborg, tilbyder en bred palet af aktiviteter og tilbud! Klik p\u00e5 menuen og l\u00e6s mere\u2026 s\u00e5 er frisk fritid p\u00e5 vej til dig \ud83d\ude09<\/p>\n<p>DUI-Leg og Virke, har sit B\u00f8rne- og Ungdomshus p\u00e5 <a href=\"https:\/\/maps.google.dk\/maps?q=%C3%98stre+All%C3%A9+89,+9000+Aalborg&amp;ie=UTF-8&amp;hq=&amp;hnear=0x464932c21867af93:0xa4ac0dc8d15e9270,%C3%98stre+Alle+89,+9000+Aalborg&amp;gl=dk&amp;ei=4PVrULf4G4zOsga-kYDIBg&amp;ved=0CCEQ8gEwAA\">\u00d8stre All\u00e9 89, 9000 Aalborg<\/a>, hvor der foreg\u00e5r en hel del aktiviteter for alle!<br \/>\nHer er nogle af de ting, der sker i vores hus:<\/p>\n<ul>\n<li>Gruppe-aktiviteter ugentligt<\/li>\n<li>FamilieCaf\u00e9en 1 aften om m\u00e5neden cirka<\/li>\n<li>Cykelv\u00e6rksted genbrugscykler<\/li>\n<\/ul>\n<p>Vi tager ogs\u00e5 af og til p\u00e5 lejre og weekendture som f.x.:<\/p>\n<ul>\n<li>Sommerlejr<\/li>\n<li>Aktivitetsfestival<\/li>\n<li>B\u00f8rnetr\u00e6f \/ Ungdomstr\u00e6f<\/li>\n<\/ul>\n<p>Desuden har vi<\/p>\n<ul>\n<li><a href=\"https:\/\/www.facebook.com\/duigenbrug\">DUI-Genbrug<\/a> &#8211; genbrugsbutik i Sj\u00e6llandsgade 26<\/li>\n<li><a href=\"https:\/\/www.facebook.com\/DUImandebutik\">DUI-Mandebutik<\/a> &#8211; genbrugsbutik i Sj\u00e6llandsgade 22<\/li>\n<li><a href=\"https:\/\/www.dui.dk\/vuggestue\/\">DUI-Vuggestue<\/a> &#8211; i DUI-Huset p\u00e5 \u00d8stre Alle 89<\/li>\n<\/ul>\n<p>\u2026alt dette, og mere til, kan man v\u00e6re en del af, hvis man er meldt ind i DUI-Leg og Virke, som koster:<br \/>\nEnkeltmedlem kr. 200 pr. halv\u00e5r<br \/>\nFamiliemedlem kr. 400 pr. halv\u00e5r<\/p>\n<p>Det er ogs\u00e5 os der st\u00e5r bag <strong>Nonfirmation<\/strong> p\u00e5 Aalborg R\u00e5dhus, samt <strong>B\u00f8rn i Bev\u00e6gelse<\/strong>.<\/p>\n<\/div>\n","protected":false},"excerpt":{"rendered":"<p>DUI-LEG &amp; VIRKE, Aalborg DUI-Leg og Virke Aalborg, tilbyder en bred palet af aktiviteter og tilbud! Klik p\u00e5 menuen og l\u00e6s mere\u2026 s\u00e5 er frisk fritid p\u00e5 vej til dig \ud83d\ude09 DUI-Leg og Virke, har sit B\u00f8rne- og Ungdomshus p\u00e5 \u00d8stre All\u00e9 89, 9000 Aalborg, hvor der foreg\u00e5r en hel del aktiviteter for alle! Her &hellip;<\/p>\n","protected":false},"author":4,"featured_media":6,"parent":0,"menu_order":0,"comment_status":"closed","ping_status":"closed","template":"page-front-local.php","meta":{"_acf_changed":false,"footnotes":""},"class_list":["post-2","page","type-page","status-publish","has-post-thumbnail","hentry"],"acf":[],"yoast_head":"<!-- This site is optimized with the Yoast SEO plugin v27.1.1 - https:\/\/yoast.com\/product\/yoast-seo-wordpress\/ -->\n<title>Forside - DUI - Aalborg<\/title>\n<meta name=\"robots\" content=\"index, follow, max-snippet:-1, max-image-preview:large, max-video-preview:-1\" \/>\n<link rel=\"canonical\" href=\"https:\/\/www.dui.dk\/aalborg\/\" \/>\n<meta property=\"og:locale\" content=\"da_DK\" \/>\n<meta property=\"og:type\" content=\"article\" \/>\n<meta property=\"og:title\" content=\"Forside - DUI - Aalborg\" \/>\n<meta property=\"og:description\" content=\"DUI-LEG &amp; VIRKE, Aalborg DUI-Leg og Virke Aalborg, tilbyder en bred palet af aktiviteter og tilbud! Klik p\u00e5 menuen og l\u00e6s mere\u2026 s\u00e5 er frisk fritid p\u00e5 vej til dig \ud83d\ude09 DUI-Leg og Virke, har sit B\u00f8rne- og Ungdomshus p\u00e5 \u00d8stre All\u00e9 89, 9000 Aalborg, hvor der foreg\u00e5r en hel del aktiviteter for alle! Her &hellip;\" \/>\n<meta property=\"og:url\" content=\"https:\/\/www.dui.dk\/aalborg\/\" \/>\n<meta property=\"og:site_name\" content=\"DUI - Aalborg\" \/>\n<meta property=\"article:modified_time\" content=\"2025-09-25T08:50:30+00:00\" \/>\n<meta property=\"og:image\" content=\"https:\/\/www.dui.dk\/aalborg\/wp-content\/uploads\/sites\/45\/2016\/07\/local-header-e1462016858520.jpg\" \/>\n\t<meta property=\"og:image:width\" content=\"945\" \/>\n\t<meta property=\"og:image:height\" content=\"241\" \/>\n\t<meta property=\"og:image:type\" content=\"image\/jpeg\" \/>\n<meta name=\"twitter:card\" content=\"summary_large_image\" \/>\n<meta name=\"twitter:label1\" content=\"Estimeret l\u00e6setid\" \/>\n\t<meta name=\"twitter:data1\" content=\"2 minutter\" \/>\n<script type=\"application\/ld+json\" class=\"yoast-schema-graph\">{\"@context\":\"https:\/\/schema.org\",\"@graph\":[{\"@type\":\"WebPage\",\"@id\":\"https:\/\/www.dui.dk\/aalborg\/\",\"url\":\"https:\/\/www.dui.dk\/aalborg\/\",\"name\":\"Forside - DUI - Aalborg\",\"isPartOf\":{\"@id\":\"https:\/\/www.dui.dk\/aalborg\/#website\"},\"primaryImageOfPage\":{\"@id\":\"https:\/\/www.dui.dk\/aalborg\/#primaryimage\"},\"image\":{\"@id\":\"https:\/\/www.dui.dk\/aalborg\/#primaryimage\"},\"thumbnailUrl\":\"https:\/\/www.dui.dk\/aalborg\/wp-content\/uploads\/sites\/45\/2016\/07\/local-header-e1462016858520.jpg\",\"datePublished\":\"2016-07-04T12:36:43+00:00\",\"dateModified\":\"2025-09-25T08:50:30+00:00\",\"breadcrumb\":{\"@id\":\"https:\/\/www.dui.dk\/aalborg\/#breadcrumb\"},\"inLanguage\":\"da-DK\",\"potentialAction\":[{\"@type\":\"ReadAction\",\"target\":[\"https:\/\/www.dui.dk\/aalborg\/\"]}]},{\"@type\":\"ImageObject\",\"inLanguage\":\"da-DK\",\"@id\":\"https:\/\/www.dui.dk\/aalborg\/#primaryimage\",\"url\":\"https:\/\/www.dui.dk\/aalborg\/wp-content\/uploads\/sites\/45\/2016\/07\/local-header-e1462016858520.jpg\",\"contentUrl\":\"https:\/\/www.dui.dk\/aalborg\/wp-content\/uploads\/sites\/45\/2016\/07\/local-header-e1462016858520.jpg\",\"width\":945,\"height\":241},{\"@type\":\"BreadcrumbList\",\"@id\":\"https:\/\/www.dui.dk\/aalborg\/#breadcrumb\",\"itemListElement\":[{\"@type\":\"ListItem\",\"position\":1,\"name\":\"Hjem\",\"item\":\"https:\/\/www.dui.dk\/aalborg\/\"},{\"@type\":\"ListItem\",\"position\":2,\"name\":\"Forside\"}]},{\"@type\":\"WebSite\",\"@id\":\"https:\/\/www.dui.dk\/aalborg\/#website\",\"url\":\"https:\/\/www.dui.dk\/aalborg\/\",\"name\":\"DUI - Aalborg\",\"description\":\"En DUI-LEG og VIRKE lokalafdeling\",\"potentialAction\":[{\"@type\":\"SearchAction\",\"target\":{\"@type\":\"EntryPoint\",\"urlTemplate\":\"https:\/\/www.dui.dk\/aalborg\/?s={search_term_string}\"},\"query-input\":{\"@type\":\"PropertyValueSpecification\",\"valueRequired\":true,\"valueName\":\"search_term_string\"}}],\"inLanguage\":\"da-DK\"}]}<\/script>\n<!-- \/ Yoast SEO plugin. -->","yoast_head_json":{"title":"Forside - DUI - Aalborg","robots":{"index":"index","follow":"follow","max-snippet":"max-snippet:-1","max-image-preview":"max-image-preview:large","max-video-preview":"max-video-preview:-1"},"canonical":"https:\/\/www.dui.dk\/aalborg\/","og_locale":"da_DK","og_type":"article","og_title":"Forside - DUI - Aalborg","og_description":"DUI-LEG &amp; VIRKE, Aalborg DUI-Leg og Virke Aalborg, tilbyder en bred palet af aktiviteter og tilbud! Klik p\u00e5 menuen og l\u00e6s mere\u2026 s\u00e5 er frisk fritid p\u00e5 vej til dig \ud83d\ude09 DUI-Leg og Virke, har sit B\u00f8rne- og Ungdomshus p\u00e5 \u00d8stre All\u00e9 89, 9000 Aalborg, hvor der foreg\u00e5r en hel del aktiviteter for alle! Her &hellip;","og_url":"https:\/\/www.dui.dk\/aalborg\/","og_site_name":"DUI - Aalborg","article_modified_time":"2025-09-25T08:50:30+00:00","og_image":[{"width":945,"height":241,"url":"https:\/\/www.dui.dk\/aalborg\/wp-content\/uploads\/sites\/45\/2016\/07\/local-header-e1462016858520.jpg","type":"image\/jpeg"}],"twitter_card":"summary_large_image","twitter_misc":{"Estimeret l\u00e6setid":"2 minutter"},"schema":{"@context":"https:\/\/schema.org","@graph":[{"@type":"WebPage","@id":"https:\/\/www.dui.dk\/aalborg\/","url":"https:\/\/www.dui.dk\/aalborg\/","name":"Forside - DUI - Aalborg","isPartOf":{"@id":"https:\/\/www.dui.dk\/aalborg\/#website"},"primaryImageOfPage":{"@id":"https:\/\/www.dui.dk\/aalborg\/#primaryimage"},"image":{"@id":"https:\/\/www.dui.dk\/aalborg\/#primaryimage"},"thumbnailUrl":"https:\/\/www.dui.dk\/aalborg\/wp-content\/uploads\/sites\/45\/2016\/07\/local-header-e1462016858520.jpg","datePublished":"2016-07-04T12:36:43+00:00","dateModified":"2025-09-25T08:50:30+00:00","breadcrumb":{"@id":"https:\/\/www.dui.dk\/aalborg\/#breadcrumb"},"inLanguage":"da-DK","potentialAction":[{"@type":"ReadAction","target":["https:\/\/www.dui.dk\/aalborg\/"]}]},{"@type":"ImageObject","inLanguage":"da-DK","@id":"https:\/\/www.dui.dk\/aalborg\/#primaryimage","url":"https:\/\/www.dui.dk\/aalborg\/wp-content\/uploads\/sites\/45\/2016\/07\/local-header-e1462016858520.jpg","contentUrl":"https:\/\/www.dui.dk\/aalborg\/wp-content\/uploads\/sites\/45\/2016\/07\/local-header-e1462016858520.jpg","width":945,"height":241},{"@type":"BreadcrumbList","@id":"https:\/\/www.dui.dk\/aalborg\/#breadcrumb","itemListElement":[{"@type":"ListItem","position":1,"name":"Hjem","item":"https:\/\/www.dui.dk\/aalborg\/"},{"@type":"ListItem","position":2,"name":"Forside"}]},{"@type":"WebSite","@id":"https:\/\/www.dui.dk\/aalborg\/#website","url":"https:\/\/www.dui.dk\/aalborg\/","name":"DUI - Aalborg","description":"En DUI-LEG og VIRKE lokalafdeling","potentialAction":[{"@type":"SearchAction","target":{"@type":"EntryPoint","urlTemplate":"https:\/\/www.dui.dk\/aalborg\/?s={search_term_string}"},"query-input":{"@type":"PropertyValueSpecification","valueRequired":true,"valueName":"search_term_string"}}],"inLanguage":"da-DK"}]}},"_links":{"self":[{"href":"https:\/\/www.dui.dk\/aalborg\/wp-json\/wp\/v2\/pages\/2","targetHints":{"allow":["GET"]}}],"collection":[{"href":"https:\/\/www.dui.dk\/aalborg\/wp-json\/wp\/v2\/pages"}],"about":[{"href":"https:\/\/www.dui.dk\/aalborg\/wp-json\/wp\/v2\/types\/page"}],"author":[{"embeddable":true,"href":"https:\/\/www.dui.dk\/aalborg\/wp-json\/wp\/v2\/users\/4"}],"replies":[{"embeddable":true,"href":"https:\/\/www.dui.dk\/aalborg\/wp-json\/wp\/v2\/comments?post=2"}],"version-history":[{"count":4,"href":"https:\/\/www.dui.dk\/aalborg\/wp-json\/wp\/v2\/pages\/2\/revisions"}],"predecessor-version":[{"id":1975,"href":"https:\/\/www.dui.dk\/aalborg\/wp-json\/wp\/v2\/pages\/2\/revisions\/1975"}],"wp:featuredmedia":[{"embeddable":true,"href":"https:\/\/www.dui.dk\/aalborg\/wp-json\/wp\/v2\/media\/6"}],"wp:attachment":[{"href":"https:\/\/www.dui.dk\/aalborg\/wp-json\/wp\/v2\/media?parent=2"}],"curies":[{"name":"wp","href":"https:\/\/api.w.org\/{rel}","templated":true}]}}