{"id":1676,"date":"2023-09-07T10:09:39","date_gmt":"2023-09-07T10:09:39","guid":{"rendered":"https:\/\/www.dui.dk\/aalborg\/?page_id=1676"},"modified":"2023-10-25T10:34:44","modified_gmt":"2023-10-25T10:34:44","slug":"ovnstegt-kylling-quiz","status":"publish","type":"page","link":"https:\/\/www.dui.dk\/aalborg\/begivenheder\/ovnstegt-kylling-quiz\/","title":{"rendered":"FamilieCafe: Kylling \/ Quiz"},"content":{"rendered":"<p><strong>Ovnstegt kylling m. kartofler<\/strong>, brun sovs og agurkesalat \/ <strong>P\u00e6ret\u00e6rte<\/strong><br \/>\n\u2022 <strong>Sang quiz<\/strong> &#8211; det bli&#8217;r hyggeligt&#8230;<\/p>\n<p><strong>Om Familiecafeen:<\/strong><br \/>\nVi m\u00f8des \u00e9n gang om m\u00e5neden til f\u00e6llesspisning i DUI\u2019s cafe. Her bliver lavet alle typer mad, vi har f\u00e5et lige fra elefantsnabel til mormors frikadeller. Maden laves af frivillige \u201ckokke\u201d, \u2013 deltagerne er en blanding af nogen der deltager flere gange om \u00e5ret, og nye \u201cspisere\u201d. ALLE er velkommen!<br \/>\nEfter spisningen laver vi gerne noget sammen \u2013 stor som lille. Det kan v\u00e6re at synge, h\u00f8re foredrag, andre gange spiller vi sjove br\u00e6tspil, \u2013 eller bare hygger\u2026<\/p>\n","protected":false},"excerpt":{"rendered":"<p>Ovnstegt kylling m. kartofler, brun sovs og agurkesalat \/ P\u00e6ret\u00e6rte \u2022 Sang quiz &#8211; det bli&#8217;r hyggeligt&#8230; Om Familiecafeen: Vi m\u00f8des \u00e9n gang om m\u00e5neden til f\u00e6llesspisning i DUI\u2019s cafe. Her bliver lavet alle typer mad, vi har f\u00e5et lige fra elefantsnabel til mormors frikadeller. Maden laves af frivillige \u201ckokke\u201d, \u2013 deltagerne er en blanding &hellip;<\/p>\n","protected":false},"author":43,"featured_media":1299,"parent":41,"menu_order":0,"comment_status":"closed","ping_status":"closed","template":"page-event-local.php","meta":{"_acf_changed":false,"footnotes":""},"class_list":["post-1676","page","type-page","status-publish","has-post-thumbnail","hentry"],"acf":[],"yoast_head":"<!-- This site is optimized with the Yoast SEO plugin v27.1.1 - https:\/\/yoast.com\/product\/yoast-seo-wordpress\/ -->\n<title>FamilieCafe: Kylling \/ Quiz - DUI - Aalborg<\/title>\n<meta name=\"robots\" content=\"index, follow, max-snippet:-1, max-image-preview:large, max-video-preview:-1\" \/>\n<link rel=\"canonical\" href=\"https:\/\/www.dui.dk\/aalborg\/begivenheder\/ovnstegt-kylling-quiz\/\" \/>\n<meta property=\"og:locale\" content=\"da_DK\" \/>\n<meta property=\"og:type\" content=\"article\" \/>\n<meta property=\"og:title\" content=\"FamilieCafe: Kylling \/ Quiz - DUI - Aalborg\" \/>\n<meta property=\"og:description\" content=\"Ovnstegt kylling m. kartofler, brun sovs og agurkesalat \/ P\u00e6ret\u00e6rte \u2022 Sang quiz &#8211; det bli&#8217;r hyggeligt&#8230; Om Familiecafeen: Vi m\u00f8des \u00e9n gang om m\u00e5neden til f\u00e6llesspisning i DUI\u2019s cafe. Her bliver lavet alle typer mad, vi har f\u00e5et lige fra elefantsnabel til mormors frikadeller. Maden laves af frivillige \u201ckokke\u201d, \u2013 deltagerne er en blanding &hellip;\" \/>\n<meta property=\"og:url\" content=\"https:\/\/www.dui.dk\/aalborg\/begivenheder\/ovnstegt-kylling-quiz\/\" \/>\n<meta property=\"og:site_name\" content=\"DUI - Aalborg\" \/>\n<meta property=\"article:modified_time\" content=\"2023-10-25T10:34:44+00:00\" \/>\n<meta property=\"og:image\" content=\"https:\/\/www.dui.dk\/aalborg\/wp-content\/uploads\/sites\/45\/2022\/02\/22-1_top_familiecafe.jpg\" \/>\n\t<meta property=\"og:image:width\" content=\"945\" \/>\n\t<meta property=\"og:image:height\" content=\"241\" \/>\n\t<meta property=\"og:image:type\" content=\"image\/jpeg\" \/>\n<meta name=\"twitter:card\" content=\"summary_large_image\" \/>\n<meta name=\"twitter:label1\" content=\"Estimeret l\u00e6setid\" \/>\n\t<meta name=\"twitter:data1\" content=\"1 minut\" \/>\n<script type=\"application\/ld+json\" class=\"yoast-schema-graph\">{\"@context\":\"https:\/\/schema.org\",\"@graph\":[{\"@type\":\"WebPage\",\"@id\":\"https:\/\/www.dui.dk\/aalborg\/begivenheder\/ovnstegt-kylling-quiz\/\",\"url\":\"https:\/\/www.dui.dk\/aalborg\/begivenheder\/ovnstegt-kylling-quiz\/\",\"name\":\"FamilieCafe: Kylling \/ Quiz - DUI - Aalborg\",\"isPartOf\":{\"@id\":\"https:\/\/www.dui.dk\/aalborg\/#website\"},\"primaryImageOfPage\":{\"@id\":\"https:\/\/www.dui.dk\/aalborg\/begivenheder\/ovnstegt-kylling-quiz\/#primaryimage\"},\"image\":{\"@id\":\"https:\/\/www.dui.dk\/aalborg\/begivenheder\/ovnstegt-kylling-quiz\/#primaryimage\"},\"thumbnailUrl\":\"https:\/\/www.dui.dk\/aalborg\/wp-content\/uploads\/sites\/45\/2022\/02\/22-1_top_familiecafe.jpg\",\"datePublished\":\"2023-09-07T10:09:39+00:00\",\"dateModified\":\"2023-10-25T10:34:44+00:00\",\"breadcrumb\":{\"@id\":\"https:\/\/www.dui.dk\/aalborg\/begivenheder\/ovnstegt-kylling-quiz\/#breadcrumb\"},\"inLanguage\":\"da-DK\",\"potentialAction\":[{\"@type\":\"ReadAction\",\"target\":[\"https:\/\/www.dui.dk\/aalborg\/begivenheder\/ovnstegt-kylling-quiz\/\"]}]},{\"@type\":\"ImageObject\",\"inLanguage\":\"da-DK\",\"@id\":\"https:\/\/www.dui.dk\/aalborg\/begivenheder\/ovnstegt-kylling-quiz\/#primaryimage\",\"url\":\"https:\/\/www.dui.dk\/aalborg\/wp-content\/uploads\/sites\/45\/2022\/02\/22-1_top_familiecafe.jpg\",\"contentUrl\":\"https:\/\/www.dui.dk\/aalborg\/wp-content\/uploads\/sites\/45\/2022\/02\/22-1_top_familiecafe.jpg\",\"width\":945,\"height\":241},{\"@type\":\"BreadcrumbList\",\"@id\":\"https:\/\/www.dui.dk\/aalborg\/begivenheder\/ovnstegt-kylling-quiz\/#breadcrumb\",\"itemListElement\":[{\"@type\":\"ListItem\",\"position\":1,\"name\":\"Hjem\",\"item\":\"https:\/\/www.dui.dk\/aalborg\/\"},{\"@type\":\"ListItem\",\"position\":2,\"name\":\"Begivenheder\",\"item\":\"https:\/\/www.dui.dk\/aalborg\/begivenheder\/\"},{\"@type\":\"ListItem\",\"position\":3,\"name\":\"FamilieCafe: Kylling \/ Quiz\"}]},{\"@type\":\"WebSite\",\"@id\":\"https:\/\/www.dui.dk\/aalborg\/#website\",\"url\":\"https:\/\/www.dui.dk\/aalborg\/\",\"name\":\"DUI - Aalborg\",\"description\":\"En DUI-LEG og VIRKE lokalafdeling\",\"potentialAction\":[{\"@type\":\"SearchAction\",\"target\":{\"@type\":\"EntryPoint\",\"urlTemplate\":\"https:\/\/www.dui.dk\/aalborg\/?s={search_term_string}\"},\"query-input\":{\"@type\":\"PropertyValueSpecification\",\"valueRequired\":true,\"valueName\":\"search_term_string\"}}],\"inLanguage\":\"da-DK\"}]}<\/script>\n<!-- \/ Yoast SEO plugin. -->","yoast_head_json":{"title":"FamilieCafe: Kylling \/ Quiz - DUI - Aalborg","robots":{"index":"index","follow":"follow","max-snippet":"max-snippet:-1","max-image-preview":"max-image-preview:large","max-video-preview":"max-video-preview:-1"},"canonical":"https:\/\/www.dui.dk\/aalborg\/begivenheder\/ovnstegt-kylling-quiz\/","og_locale":"da_DK","og_type":"article","og_title":"FamilieCafe: Kylling \/ Quiz - DUI - Aalborg","og_description":"Ovnstegt kylling m. kartofler, brun sovs og agurkesalat \/ P\u00e6ret\u00e6rte \u2022 Sang quiz &#8211; det bli&#8217;r hyggeligt&#8230; Om Familiecafeen: Vi m\u00f8des \u00e9n gang om m\u00e5neden til f\u00e6llesspisning i DUI\u2019s cafe. Her bliver lavet alle typer mad, vi har f\u00e5et lige fra elefantsnabel til mormors frikadeller. Maden laves af frivillige \u201ckokke\u201d, \u2013 deltagerne er en blanding &hellip;","og_url":"https:\/\/www.dui.dk\/aalborg\/begivenheder\/ovnstegt-kylling-quiz\/","og_site_name":"DUI - Aalborg","article_modified_time":"2023-10-25T10:34:44+00:00","og_image":[{"width":945,"height":241,"url":"https:\/\/www.dui.dk\/aalborg\/wp-content\/uploads\/sites\/45\/2022\/02\/22-1_top_familiecafe.jpg","type":"image\/jpeg"}],"twitter_card":"summary_large_image","twitter_misc":{"Estimeret l\u00e6setid":"1 minut"},"schema":{"@context":"https:\/\/schema.org","@graph":[{"@type":"WebPage","@id":"https:\/\/www.dui.dk\/aalborg\/begivenheder\/ovnstegt-kylling-quiz\/","url":"https:\/\/www.dui.dk\/aalborg\/begivenheder\/ovnstegt-kylling-quiz\/","name":"FamilieCafe: Kylling \/ Quiz - DUI - Aalborg","isPartOf":{"@id":"https:\/\/www.dui.dk\/aalborg\/#website"},"primaryImageOfPage":{"@id":"https:\/\/www.dui.dk\/aalborg\/begivenheder\/ovnstegt-kylling-quiz\/#primaryimage"},"image":{"@id":"https:\/\/www.dui.dk\/aalborg\/begivenheder\/ovnstegt-kylling-quiz\/#primaryimage"},"thumbnailUrl":"https:\/\/www.dui.dk\/aalborg\/wp-content\/uploads\/sites\/45\/2022\/02\/22-1_top_familiecafe.jpg","datePublished":"2023-09-07T10:09:39+00:00","dateModified":"2023-10-25T10:34:44+00:00","breadcrumb":{"@id":"https:\/\/www.dui.dk\/aalborg\/begivenheder\/ovnstegt-kylling-quiz\/#breadcrumb"},"inLanguage":"da-DK","potentialAction":[{"@type":"ReadAction","target":["https:\/\/www.dui.dk\/aalborg\/begivenheder\/ovnstegt-kylling-quiz\/"]}]},{"@type":"ImageObject","inLanguage":"da-DK","@id":"https:\/\/www.dui.dk\/aalborg\/begivenheder\/ovnstegt-kylling-quiz\/#primaryimage","url":"https:\/\/www.dui.dk\/aalborg\/wp-content\/uploads\/sites\/45\/2022\/02\/22-1_top_familiecafe.jpg","contentUrl":"https:\/\/www.dui.dk\/aalborg\/wp-content\/uploads\/sites\/45\/2022\/02\/22-1_top_familiecafe.jpg","width":945,"height":241},{"@type":"BreadcrumbList","@id":"https:\/\/www.dui.dk\/aalborg\/begivenheder\/ovnstegt-kylling-quiz\/#breadcrumb","itemListElement":[{"@type":"ListItem","position":1,"name":"Hjem","item":"https:\/\/www.dui.dk\/aalborg\/"},{"@type":"ListItem","position":2,"name":"Begivenheder","item":"https:\/\/www.dui.dk\/aalborg\/begivenheder\/"},{"@type":"ListItem","position":3,"name":"FamilieCafe: Kylling \/ Quiz"}]},{"@type":"WebSite","@id":"https:\/\/www.dui.dk\/aalborg\/#website","url":"https:\/\/www.dui.dk\/aalborg\/","name":"DUI - Aalborg","description":"En DUI-LEG og VIRKE lokalafdeling","potentialAction":[{"@type":"SearchAction","target":{"@type":"EntryPoint","urlTemplate":"https:\/\/www.dui.dk\/aalborg\/?s={search_term_string}"},"query-input":{"@type":"PropertyValueSpecification","valueRequired":true,"valueName":"search_term_string"}}],"inLanguage":"da-DK"}]}},"_links":{"self":[{"href":"https:\/\/www.dui.dk\/aalborg\/wp-json\/wp\/v2\/pages\/1676","targetHints":{"allow":["GET"]}}],"collection":[{"href":"https:\/\/www.dui.dk\/aalborg\/wp-json\/wp\/v2\/pages"}],"about":[{"href":"https:\/\/www.dui.dk\/aalborg\/wp-json\/wp\/v2\/types\/page"}],"author":[{"embeddable":true,"href":"https:\/\/www.dui.dk\/aalborg\/wp-json\/wp\/v2\/users\/43"}],"replies":[{"embeddable":true,"href":"https:\/\/www.dui.dk\/aalborg\/wp-json\/wp\/v2\/comments?post=1676"}],"version-history":[{"count":4,"href":"https:\/\/www.dui.dk\/aalborg\/wp-json\/wp\/v2\/pages\/1676\/revisions"}],"predecessor-version":[{"id":1704,"href":"https:\/\/www.dui.dk\/aalborg\/wp-json\/wp\/v2\/pages\/1676\/revisions\/1704"}],"up":[{"embeddable":true,"href":"https:\/\/www.dui.dk\/aalborg\/wp-json\/wp\/v2\/pages\/41"}],"wp:featuredmedia":[{"embeddable":true,"href":"https:\/\/www.dui.dk\/aalborg\/wp-json\/wp\/v2\/media\/1299"}],"wp:attachment":[{"href":"https:\/\/www.dui.dk\/aalborg\/wp-json\/wp\/v2\/media?parent=1676"}],"curies":[{"name":"wp","href":"https:\/\/api.w.org\/{rel}","templated":true}]}}