{"id":1498,"date":"2022-12-11T16:17:12","date_gmt":"2022-12-11T16:17:12","guid":{"rendered":"https:\/\/www.dui.dk\/aalborg\/?page_id=1498"},"modified":"2022-12-11T16:24:43","modified_gmt":"2022-12-11T16:24:43","slug":"saesonstart-for-boern-og-unge","status":"publish","type":"page","link":"https:\/\/www.dui.dk\/aalborg\/begivenheder\/saesonstart-for-boern-og-unge\/","title":{"rendered":"S\u00e6sonstart: For B\u00d8RN og UNGE"},"content":{"rendered":"<p class=\"p1\"><strong>Fritid og f\u00e6llesskab for b\u00f8rn og unge!<\/strong><\/p>\n<p class=\"p1\">I DUI har vi et kreativt v\u00e6rksted og masser af plads til spil og leg.<img loading=\"lazy\" decoding=\"async\" class=\"alignright wp-image-1502\" src=\"https:\/\/www.dui.dk\/aalborg\/wp-content\/uploads\/sites\/45\/2022\/12\/rund_haandafstoebning-300x300.jpg\" alt=\"\" width=\"220\" height=\"220\" srcset=\"https:\/\/www.dui.dk\/aalborg\/wp-content\/uploads\/sites\/45\/2022\/12\/rund_haandafstoebning-300x300.jpg 300w, https:\/\/www.dui.dk\/aalborg\/wp-content\/uploads\/sites\/45\/2022\/12\/rund_haandafstoebning-1024x1024.jpg 1024w, https:\/\/www.dui.dk\/aalborg\/wp-content\/uploads\/sites\/45\/2022\/12\/rund_haandafstoebning-150x150.jpg 150w, https:\/\/www.dui.dk\/aalborg\/wp-content\/uploads\/sites\/45\/2022\/12\/rund_haandafstoebning-768x768.jpg 768w, https:\/\/www.dui.dk\/aalborg\/wp-content\/uploads\/sites\/45\/2022\/12\/rund_haandafstoebning-600x600.jpg 600w, https:\/\/www.dui.dk\/aalborg\/wp-content\/uploads\/sites\/45\/2022\/12\/rund_haandafstoebning.jpg 1536w\" sizes=\"auto, (max-width: 220px) 100vw, 220px\" \/><br \/>\nDu kan lave forskellige projekter, sm\u00e5 som store.<br \/>\nVi syr, maler, laver perler og meget meget mere.<\/p>\n<p class=\"p1\">Har du mere lyst til bare at hygge dig med et spil eller leg sammen med dine venner, s\u00e5 har vi ogs\u00e5 pladsen til det.<\/p>\n","protected":false},"excerpt":{"rendered":"<p>Fritid og f\u00e6llesskab for b\u00f8rn og unge! I DUI har vi et kreativt v\u00e6rksted og masser af plads til spil og leg. Du kan lave forskellige projekter, sm\u00e5 som store. Vi syr, maler, laver perler og meget meget mere. Har du mere lyst til bare at hygge dig med et spil eller leg sammen med &hellip;<\/p>\n","protected":false},"author":43,"featured_media":0,"parent":41,"menu_order":0,"comment_status":"closed","ping_status":"closed","template":"page-event-local.php","meta":{"_acf_changed":false,"footnotes":""},"class_list":["post-1498","page","type-page","status-publish","hentry"],"acf":[],"yoast_head":"<!-- This site is optimized with the Yoast SEO plugin v27.1.1 - https:\/\/yoast.com\/product\/yoast-seo-wordpress\/ -->\n<title>S\u00e6sonstart: For B\u00d8RN og UNGE - DUI - Aalborg<\/title>\n<meta name=\"robots\" content=\"index, follow, max-snippet:-1, max-image-preview:large, max-video-preview:-1\" \/>\n<link rel=\"canonical\" href=\"https:\/\/www.dui.dk\/aalborg\/begivenheder\/saesonstart-for-boern-og-unge\/\" \/>\n<meta property=\"og:locale\" content=\"da_DK\" \/>\n<meta property=\"og:type\" content=\"article\" \/>\n<meta property=\"og:title\" content=\"S\u00e6sonstart: For B\u00d8RN og UNGE - DUI - Aalborg\" \/>\n<meta property=\"og:description\" content=\"Fritid og f\u00e6llesskab for b\u00f8rn og unge! I DUI har vi et kreativt v\u00e6rksted og masser af plads til spil og leg. Du kan lave forskellige projekter, sm\u00e5 som store. Vi syr, maler, laver perler og meget meget mere. Har du mere lyst til bare at hygge dig med et spil eller leg sammen med &hellip;\" \/>\n<meta property=\"og:url\" content=\"https:\/\/www.dui.dk\/aalborg\/begivenheder\/saesonstart-for-boern-og-unge\/\" \/>\n<meta property=\"og:site_name\" content=\"DUI - Aalborg\" \/>\n<meta property=\"article:modified_time\" content=\"2022-12-11T16:24:43+00:00\" \/>\n<meta property=\"og:image\" content=\"https:\/\/www.dui.dk\/aalborg\/wp-content\/uploads\/sites\/45\/2022\/12\/rund_haandafstoebning-300x300.jpg\" \/>\n<meta name=\"twitter:card\" content=\"summary_large_image\" \/>\n<meta name=\"twitter:label1\" content=\"Estimeret l\u00e6setid\" \/>\n\t<meta name=\"twitter:data1\" content=\"1 minut\" \/>\n<script type=\"application\/ld+json\" class=\"yoast-schema-graph\">{\"@context\":\"https:\/\/schema.org\",\"@graph\":[{\"@type\":\"WebPage\",\"@id\":\"https:\/\/www.dui.dk\/aalborg\/begivenheder\/saesonstart-for-boern-og-unge\/\",\"url\":\"https:\/\/www.dui.dk\/aalborg\/begivenheder\/saesonstart-for-boern-og-unge\/\",\"name\":\"S\u00e6sonstart: For B\u00d8RN og UNGE - DUI - Aalborg\",\"isPartOf\":{\"@id\":\"https:\/\/www.dui.dk\/aalborg\/#website\"},\"primaryImageOfPage\":{\"@id\":\"https:\/\/www.dui.dk\/aalborg\/begivenheder\/saesonstart-for-boern-og-unge\/#primaryimage\"},\"image\":{\"@id\":\"https:\/\/www.dui.dk\/aalborg\/begivenheder\/saesonstart-for-boern-og-unge\/#primaryimage\"},\"thumbnailUrl\":\"https:\/\/www.dui.dk\/aalborg\/wp-content\/uploads\/sites\/45\/2022\/12\/rund_haandafstoebning-300x300.jpg\",\"datePublished\":\"2022-12-11T16:17:12+00:00\",\"dateModified\":\"2022-12-11T16:24:43+00:00\",\"breadcrumb\":{\"@id\":\"https:\/\/www.dui.dk\/aalborg\/begivenheder\/saesonstart-for-boern-og-unge\/#breadcrumb\"},\"inLanguage\":\"da-DK\",\"potentialAction\":[{\"@type\":\"ReadAction\",\"target\":[\"https:\/\/www.dui.dk\/aalborg\/begivenheder\/saesonstart-for-boern-og-unge\/\"]}]},{\"@type\":\"ImageObject\",\"inLanguage\":\"da-DK\",\"@id\":\"https:\/\/www.dui.dk\/aalborg\/begivenheder\/saesonstart-for-boern-og-unge\/#primaryimage\",\"url\":\"https:\/\/www.dui.dk\/aalborg\/wp-content\/uploads\/sites\/45\/2022\/12\/rund_haandafstoebning.jpg\",\"contentUrl\":\"https:\/\/www.dui.dk\/aalborg\/wp-content\/uploads\/sites\/45\/2022\/12\/rund_haandafstoebning.jpg\",\"width\":1536,\"height\":1536},{\"@type\":\"BreadcrumbList\",\"@id\":\"https:\/\/www.dui.dk\/aalborg\/begivenheder\/saesonstart-for-boern-og-unge\/#breadcrumb\",\"itemListElement\":[{\"@type\":\"ListItem\",\"position\":1,\"name\":\"Hjem\",\"item\":\"https:\/\/www.dui.dk\/aalborg\/\"},{\"@type\":\"ListItem\",\"position\":2,\"name\":\"Begivenheder\",\"item\":\"https:\/\/www.dui.dk\/aalborg\/begivenheder\/\"},{\"@type\":\"ListItem\",\"position\":3,\"name\":\"S\u00e6sonstart: For B\u00d8RN og UNGE\"}]},{\"@type\":\"WebSite\",\"@id\":\"https:\/\/www.dui.dk\/aalborg\/#website\",\"url\":\"https:\/\/www.dui.dk\/aalborg\/\",\"name\":\"DUI - Aalborg\",\"description\":\"En DUI-LEG og VIRKE lokalafdeling\",\"potentialAction\":[{\"@type\":\"SearchAction\",\"target\":{\"@type\":\"EntryPoint\",\"urlTemplate\":\"https:\/\/www.dui.dk\/aalborg\/?s={search_term_string}\"},\"query-input\":{\"@type\":\"PropertyValueSpecification\",\"valueRequired\":true,\"valueName\":\"search_term_string\"}}],\"inLanguage\":\"da-DK\"}]}<\/script>\n<!-- \/ Yoast SEO plugin. -->","yoast_head_json":{"title":"S\u00e6sonstart: For B\u00d8RN og UNGE - DUI - Aalborg","robots":{"index":"index","follow":"follow","max-snippet":"max-snippet:-1","max-image-preview":"max-image-preview:large","max-video-preview":"max-video-preview:-1"},"canonical":"https:\/\/www.dui.dk\/aalborg\/begivenheder\/saesonstart-for-boern-og-unge\/","og_locale":"da_DK","og_type":"article","og_title":"S\u00e6sonstart: For B\u00d8RN og UNGE - DUI - Aalborg","og_description":"Fritid og f\u00e6llesskab for b\u00f8rn og unge! I DUI har vi et kreativt v\u00e6rksted og masser af plads til spil og leg. Du kan lave forskellige projekter, sm\u00e5 som store. Vi syr, maler, laver perler og meget meget mere. Har du mere lyst til bare at hygge dig med et spil eller leg sammen med &hellip;","og_url":"https:\/\/www.dui.dk\/aalborg\/begivenheder\/saesonstart-for-boern-og-unge\/","og_site_name":"DUI - Aalborg","article_modified_time":"2022-12-11T16:24:43+00:00","og_image":[{"url":"https:\/\/www.dui.dk\/aalborg\/wp-content\/uploads\/sites\/45\/2022\/12\/rund_haandafstoebning-300x300.jpg","type":"","width":"","height":""}],"twitter_card":"summary_large_image","twitter_misc":{"Estimeret l\u00e6setid":"1 minut"},"schema":{"@context":"https:\/\/schema.org","@graph":[{"@type":"WebPage","@id":"https:\/\/www.dui.dk\/aalborg\/begivenheder\/saesonstart-for-boern-og-unge\/","url":"https:\/\/www.dui.dk\/aalborg\/begivenheder\/saesonstart-for-boern-og-unge\/","name":"S\u00e6sonstart: For B\u00d8RN og UNGE - DUI - Aalborg","isPartOf":{"@id":"https:\/\/www.dui.dk\/aalborg\/#website"},"primaryImageOfPage":{"@id":"https:\/\/www.dui.dk\/aalborg\/begivenheder\/saesonstart-for-boern-og-unge\/#primaryimage"},"image":{"@id":"https:\/\/www.dui.dk\/aalborg\/begivenheder\/saesonstart-for-boern-og-unge\/#primaryimage"},"thumbnailUrl":"https:\/\/www.dui.dk\/aalborg\/wp-content\/uploads\/sites\/45\/2022\/12\/rund_haandafstoebning-300x300.jpg","datePublished":"2022-12-11T16:17:12+00:00","dateModified":"2022-12-11T16:24:43+00:00","breadcrumb":{"@id":"https:\/\/www.dui.dk\/aalborg\/begivenheder\/saesonstart-for-boern-og-unge\/#breadcrumb"},"inLanguage":"da-DK","potentialAction":[{"@type":"ReadAction","target":["https:\/\/www.dui.dk\/aalborg\/begivenheder\/saesonstart-for-boern-og-unge\/"]}]},{"@type":"ImageObject","inLanguage":"da-DK","@id":"https:\/\/www.dui.dk\/aalborg\/begivenheder\/saesonstart-for-boern-og-unge\/#primaryimage","url":"https:\/\/www.dui.dk\/aalborg\/wp-content\/uploads\/sites\/45\/2022\/12\/rund_haandafstoebning.jpg","contentUrl":"https:\/\/www.dui.dk\/aalborg\/wp-content\/uploads\/sites\/45\/2022\/12\/rund_haandafstoebning.jpg","width":1536,"height":1536},{"@type":"BreadcrumbList","@id":"https:\/\/www.dui.dk\/aalborg\/begivenheder\/saesonstart-for-boern-og-unge\/#breadcrumb","itemListElement":[{"@type":"ListItem","position":1,"name":"Hjem","item":"https:\/\/www.dui.dk\/aalborg\/"},{"@type":"ListItem","position":2,"name":"Begivenheder","item":"https:\/\/www.dui.dk\/aalborg\/begivenheder\/"},{"@type":"ListItem","position":3,"name":"S\u00e6sonstart: For B\u00d8RN og UNGE"}]},{"@type":"WebSite","@id":"https:\/\/www.dui.dk\/aalborg\/#website","url":"https:\/\/www.dui.dk\/aalborg\/","name":"DUI - Aalborg","description":"En DUI-LEG og VIRKE lokalafdeling","potentialAction":[{"@type":"SearchAction","target":{"@type":"EntryPoint","urlTemplate":"https:\/\/www.dui.dk\/aalborg\/?s={search_term_string}"},"query-input":{"@type":"PropertyValueSpecification","valueRequired":true,"valueName":"search_term_string"}}],"inLanguage":"da-DK"}]}},"_links":{"self":[{"href":"https:\/\/www.dui.dk\/aalborg\/wp-json\/wp\/v2\/pages\/1498","targetHints":{"allow":["GET"]}}],"collection":[{"href":"https:\/\/www.dui.dk\/aalborg\/wp-json\/wp\/v2\/pages"}],"about":[{"href":"https:\/\/www.dui.dk\/aalborg\/wp-json\/wp\/v2\/types\/page"}],"author":[{"embeddable":true,"href":"https:\/\/www.dui.dk\/aalborg\/wp-json\/wp\/v2\/users\/43"}],"replies":[{"embeddable":true,"href":"https:\/\/www.dui.dk\/aalborg\/wp-json\/wp\/v2\/comments?post=1498"}],"version-history":[{"count":4,"href":"https:\/\/www.dui.dk\/aalborg\/wp-json\/wp\/v2\/pages\/1498\/revisions"}],"predecessor-version":[{"id":1504,"href":"https:\/\/www.dui.dk\/aalborg\/wp-json\/wp\/v2\/pages\/1498\/revisions\/1504"}],"up":[{"embeddable":true,"href":"https:\/\/www.dui.dk\/aalborg\/wp-json\/wp\/v2\/pages\/41"}],"wp:attachment":[{"href":"https:\/\/www.dui.dk\/aalborg\/wp-json\/wp\/v2\/media?parent=1498"}],"curies":[{"name":"wp","href":"https:\/\/api.w.org\/{rel}","templated":true}]}}