{"id":1419,"date":"2022-08-31T17:13:32","date_gmt":"2022-08-31T17:13:32","guid":{"rendered":"https:\/\/www.dui.dk\/aalborg\/?page_id=1419"},"modified":"2022-11-16T10:36:54","modified_gmt":"2022-11-16T10:36:54","slug":"familiecafe-suppe-og-tarteletter-eva-fortaeller-om-alzheimers","status":"publish","type":"page","link":"https:\/\/www.dui.dk\/aalborg\/familiecafe-suppe-og-tarteletter-eva-fortaeller-om-alzheimers\/","title":{"rendered":"FamilieCafe: Suppe og Tarteletter \/ F\u00e6llessang"},"content":{"rendered":"<p><strong>Suppe og Tarteletter<br \/>\nF\u00e6llessang<\/strong> akkompagneret af Henrik<br \/>\n<strong>OBS: <\/strong>Tidligere annoncerede fort\u00e6lling om Alzheimers v. Eva Hultengren er desv\u00e6rre aflyst pga afbud<\/p>\n<p><em><strong>Om Familiecafeen:<\/strong><\/em><br \/>\nVi m\u00f8des \u00e9n gang om m\u00e5neden til f\u00e6llesspisning i DUI\u2019s cafe.\u2028Her bliver lavet alle typer mad, vi har f\u00e5et lige fra elefantsnabel og mormors frikadeller.\u2028Maden laves af frivillige \u201ckokke\u201d, \u2013 deltagerne er en blanding af nogen der deltager flere gange om \u00e5ret, og nye \u201cspisere\u201d. ALLE er velkommen!\u2028Efter spisningen laver vi gerne noget sammen \u2013 stor som lille. Det kan v\u00e6re at synge, foredrag, andre gange spiller vi sjove br\u00e6tspil, \u2013 eller bare hygger\u2026<\/p>\n","protected":false},"excerpt":{"rendered":"<p>Suppe og Tarteletter F\u00e6llessang akkompagneret af Henrik OBS: Tidligere annoncerede fort\u00e6lling om Alzheimers v. Eva Hultengren er desv\u00e6rre aflyst pga afbud Om Familiecafeen: Vi m\u00f8des \u00e9n gang om m\u00e5neden til f\u00e6llesspisning i DUI\u2019s cafe.\u2028Her bliver lavet alle typer mad, vi har f\u00e5et lige fra elefantsnabel og mormors frikadeller.\u2028Maden laves af frivillige \u201ckokke\u201d, \u2013 deltagerne er &hellip;<\/p>\n","protected":false},"author":43,"featured_media":1299,"parent":0,"menu_order":0,"comment_status":"closed","ping_status":"closed","template":"page-event-local.php","meta":{"_acf_changed":false,"footnotes":""},"class_list":["post-1419","page","type-page","status-publish","has-post-thumbnail","hentry"],"acf":[],"yoast_head":"<!-- This site is optimized with the Yoast SEO plugin v27.1.1 - https:\/\/yoast.com\/product\/yoast-seo-wordpress\/ -->\n<title>FamilieCafe: Suppe og Tarteletter \/ F\u00e6llessang - DUI - Aalborg<\/title>\n<meta name=\"robots\" content=\"index, follow, max-snippet:-1, max-image-preview:large, max-video-preview:-1\" \/>\n<link rel=\"canonical\" href=\"https:\/\/www.dui.dk\/aalborg\/familiecafe-suppe-og-tarteletter-eva-fortaeller-om-alzheimers\/\" \/>\n<meta property=\"og:locale\" content=\"da_DK\" \/>\n<meta property=\"og:type\" content=\"article\" \/>\n<meta property=\"og:title\" content=\"FamilieCafe: Suppe og Tarteletter \/ F\u00e6llessang - DUI - Aalborg\" \/>\n<meta property=\"og:description\" content=\"Suppe og Tarteletter F\u00e6llessang akkompagneret af Henrik OBS: Tidligere annoncerede fort\u00e6lling om Alzheimers v. Eva Hultengren er desv\u00e6rre aflyst pga afbud Om Familiecafeen: Vi m\u00f8des \u00e9n gang om m\u00e5neden til f\u00e6llesspisning i DUI\u2019s cafe.\u2028Her bliver lavet alle typer mad, vi har f\u00e5et lige fra elefantsnabel og mormors frikadeller.\u2028Maden laves af frivillige \u201ckokke\u201d, \u2013 deltagerne er &hellip;\" \/>\n<meta property=\"og:url\" content=\"https:\/\/www.dui.dk\/aalborg\/familiecafe-suppe-og-tarteletter-eva-fortaeller-om-alzheimers\/\" \/>\n<meta property=\"og:site_name\" content=\"DUI - Aalborg\" \/>\n<meta property=\"article:modified_time\" content=\"2022-11-16T10:36:54+00:00\" \/>\n<meta property=\"og:image\" content=\"https:\/\/www.dui.dk\/aalborg\/wp-content\/uploads\/sites\/45\/2022\/02\/22-1_top_familiecafe.jpg\" \/>\n\t<meta property=\"og:image:width\" content=\"945\" \/>\n\t<meta property=\"og:image:height\" content=\"241\" \/>\n\t<meta property=\"og:image:type\" content=\"image\/jpeg\" \/>\n<meta name=\"twitter:card\" content=\"summary_large_image\" \/>\n<meta name=\"twitter:label1\" content=\"Estimeret l\u00e6setid\" \/>\n\t<meta name=\"twitter:data1\" content=\"1 minut\" \/>\n<script type=\"application\/ld+json\" class=\"yoast-schema-graph\">{\"@context\":\"https:\/\/schema.org\",\"@graph\":[{\"@type\":\"WebPage\",\"@id\":\"https:\/\/www.dui.dk\/aalborg\/familiecafe-suppe-og-tarteletter-eva-fortaeller-om-alzheimers\/\",\"url\":\"https:\/\/www.dui.dk\/aalborg\/familiecafe-suppe-og-tarteletter-eva-fortaeller-om-alzheimers\/\",\"name\":\"FamilieCafe: Suppe og Tarteletter \/ F\u00e6llessang - DUI - Aalborg\",\"isPartOf\":{\"@id\":\"https:\/\/www.dui.dk\/aalborg\/#website\"},\"primaryImageOfPage\":{\"@id\":\"https:\/\/www.dui.dk\/aalborg\/familiecafe-suppe-og-tarteletter-eva-fortaeller-om-alzheimers\/#primaryimage\"},\"image\":{\"@id\":\"https:\/\/www.dui.dk\/aalborg\/familiecafe-suppe-og-tarteletter-eva-fortaeller-om-alzheimers\/#primaryimage\"},\"thumbnailUrl\":\"https:\/\/www.dui.dk\/aalborg\/wp-content\/uploads\/sites\/45\/2022\/02\/22-1_top_familiecafe.jpg\",\"datePublished\":\"2022-08-31T17:13:32+00:00\",\"dateModified\":\"2022-11-16T10:36:54+00:00\",\"breadcrumb\":{\"@id\":\"https:\/\/www.dui.dk\/aalborg\/familiecafe-suppe-og-tarteletter-eva-fortaeller-om-alzheimers\/#breadcrumb\"},\"inLanguage\":\"da-DK\",\"potentialAction\":[{\"@type\":\"ReadAction\",\"target\":[\"https:\/\/www.dui.dk\/aalborg\/familiecafe-suppe-og-tarteletter-eva-fortaeller-om-alzheimers\/\"]}]},{\"@type\":\"ImageObject\",\"inLanguage\":\"da-DK\",\"@id\":\"https:\/\/www.dui.dk\/aalborg\/familiecafe-suppe-og-tarteletter-eva-fortaeller-om-alzheimers\/#primaryimage\",\"url\":\"https:\/\/www.dui.dk\/aalborg\/wp-content\/uploads\/sites\/45\/2022\/02\/22-1_top_familiecafe.jpg\",\"contentUrl\":\"https:\/\/www.dui.dk\/aalborg\/wp-content\/uploads\/sites\/45\/2022\/02\/22-1_top_familiecafe.jpg\",\"width\":945,\"height\":241},{\"@type\":\"BreadcrumbList\",\"@id\":\"https:\/\/www.dui.dk\/aalborg\/familiecafe-suppe-og-tarteletter-eva-fortaeller-om-alzheimers\/#breadcrumb\",\"itemListElement\":[{\"@type\":\"ListItem\",\"position\":1,\"name\":\"Hjem\",\"item\":\"https:\/\/www.dui.dk\/aalborg\/\"},{\"@type\":\"ListItem\",\"position\":2,\"name\":\"FamilieCafe: Suppe og Tarteletter \/ F\u00e6llessang\"}]},{\"@type\":\"WebSite\",\"@id\":\"https:\/\/www.dui.dk\/aalborg\/#website\",\"url\":\"https:\/\/www.dui.dk\/aalborg\/\",\"name\":\"DUI - Aalborg\",\"description\":\"En DUI-LEG og VIRKE lokalafdeling\",\"potentialAction\":[{\"@type\":\"SearchAction\",\"target\":{\"@type\":\"EntryPoint\",\"urlTemplate\":\"https:\/\/www.dui.dk\/aalborg\/?s={search_term_string}\"},\"query-input\":{\"@type\":\"PropertyValueSpecification\",\"valueRequired\":true,\"valueName\":\"search_term_string\"}}],\"inLanguage\":\"da-DK\"}]}<\/script>\n<!-- \/ Yoast SEO plugin. -->","yoast_head_json":{"title":"FamilieCafe: Suppe og Tarteletter \/ F\u00e6llessang - DUI - Aalborg","robots":{"index":"index","follow":"follow","max-snippet":"max-snippet:-1","max-image-preview":"max-image-preview:large","max-video-preview":"max-video-preview:-1"},"canonical":"https:\/\/www.dui.dk\/aalborg\/familiecafe-suppe-og-tarteletter-eva-fortaeller-om-alzheimers\/","og_locale":"da_DK","og_type":"article","og_title":"FamilieCafe: Suppe og Tarteletter \/ F\u00e6llessang - DUI - Aalborg","og_description":"Suppe og Tarteletter F\u00e6llessang akkompagneret af Henrik OBS: Tidligere annoncerede fort\u00e6lling om Alzheimers v. Eva Hultengren er desv\u00e6rre aflyst pga afbud Om Familiecafeen: Vi m\u00f8des \u00e9n gang om m\u00e5neden til f\u00e6llesspisning i DUI\u2019s cafe.\u2028Her bliver lavet alle typer mad, vi har f\u00e5et lige fra elefantsnabel og mormors frikadeller.\u2028Maden laves af frivillige \u201ckokke\u201d, \u2013 deltagerne er &hellip;","og_url":"https:\/\/www.dui.dk\/aalborg\/familiecafe-suppe-og-tarteletter-eva-fortaeller-om-alzheimers\/","og_site_name":"DUI - Aalborg","article_modified_time":"2022-11-16T10:36:54+00:00","og_image":[{"width":945,"height":241,"url":"https:\/\/www.dui.dk\/aalborg\/wp-content\/uploads\/sites\/45\/2022\/02\/22-1_top_familiecafe.jpg","type":"image\/jpeg"}],"twitter_card":"summary_large_image","twitter_misc":{"Estimeret l\u00e6setid":"1 minut"},"schema":{"@context":"https:\/\/schema.org","@graph":[{"@type":"WebPage","@id":"https:\/\/www.dui.dk\/aalborg\/familiecafe-suppe-og-tarteletter-eva-fortaeller-om-alzheimers\/","url":"https:\/\/www.dui.dk\/aalborg\/familiecafe-suppe-og-tarteletter-eva-fortaeller-om-alzheimers\/","name":"FamilieCafe: Suppe og Tarteletter \/ F\u00e6llessang - DUI - Aalborg","isPartOf":{"@id":"https:\/\/www.dui.dk\/aalborg\/#website"},"primaryImageOfPage":{"@id":"https:\/\/www.dui.dk\/aalborg\/familiecafe-suppe-og-tarteletter-eva-fortaeller-om-alzheimers\/#primaryimage"},"image":{"@id":"https:\/\/www.dui.dk\/aalborg\/familiecafe-suppe-og-tarteletter-eva-fortaeller-om-alzheimers\/#primaryimage"},"thumbnailUrl":"https:\/\/www.dui.dk\/aalborg\/wp-content\/uploads\/sites\/45\/2022\/02\/22-1_top_familiecafe.jpg","datePublished":"2022-08-31T17:13:32+00:00","dateModified":"2022-11-16T10:36:54+00:00","breadcrumb":{"@id":"https:\/\/www.dui.dk\/aalborg\/familiecafe-suppe-og-tarteletter-eva-fortaeller-om-alzheimers\/#breadcrumb"},"inLanguage":"da-DK","potentialAction":[{"@type":"ReadAction","target":["https:\/\/www.dui.dk\/aalborg\/familiecafe-suppe-og-tarteletter-eva-fortaeller-om-alzheimers\/"]}]},{"@type":"ImageObject","inLanguage":"da-DK","@id":"https:\/\/www.dui.dk\/aalborg\/familiecafe-suppe-og-tarteletter-eva-fortaeller-om-alzheimers\/#primaryimage","url":"https:\/\/www.dui.dk\/aalborg\/wp-content\/uploads\/sites\/45\/2022\/02\/22-1_top_familiecafe.jpg","contentUrl":"https:\/\/www.dui.dk\/aalborg\/wp-content\/uploads\/sites\/45\/2022\/02\/22-1_top_familiecafe.jpg","width":945,"height":241},{"@type":"BreadcrumbList","@id":"https:\/\/www.dui.dk\/aalborg\/familiecafe-suppe-og-tarteletter-eva-fortaeller-om-alzheimers\/#breadcrumb","itemListElement":[{"@type":"ListItem","position":1,"name":"Hjem","item":"https:\/\/www.dui.dk\/aalborg\/"},{"@type":"ListItem","position":2,"name":"FamilieCafe: Suppe og Tarteletter \/ F\u00e6llessang"}]},{"@type":"WebSite","@id":"https:\/\/www.dui.dk\/aalborg\/#website","url":"https:\/\/www.dui.dk\/aalborg\/","name":"DUI - Aalborg","description":"En DUI-LEG og VIRKE lokalafdeling","potentialAction":[{"@type":"SearchAction","target":{"@type":"EntryPoint","urlTemplate":"https:\/\/www.dui.dk\/aalborg\/?s={search_term_string}"},"query-input":{"@type":"PropertyValueSpecification","valueRequired":true,"valueName":"search_term_string"}}],"inLanguage":"da-DK"}]}},"_links":{"self":[{"href":"https:\/\/www.dui.dk\/aalborg\/wp-json\/wp\/v2\/pages\/1419","targetHints":{"allow":["GET"]}}],"collection":[{"href":"https:\/\/www.dui.dk\/aalborg\/wp-json\/wp\/v2\/pages"}],"about":[{"href":"https:\/\/www.dui.dk\/aalborg\/wp-json\/wp\/v2\/types\/page"}],"author":[{"embeddable":true,"href":"https:\/\/www.dui.dk\/aalborg\/wp-json\/wp\/v2\/users\/43"}],"replies":[{"embeddable":true,"href":"https:\/\/www.dui.dk\/aalborg\/wp-json\/wp\/v2\/comments?post=1419"}],"version-history":[{"count":3,"href":"https:\/\/www.dui.dk\/aalborg\/wp-json\/wp\/v2\/pages\/1419\/revisions"}],"predecessor-version":[{"id":1473,"href":"https:\/\/www.dui.dk\/aalborg\/wp-json\/wp\/v2\/pages\/1419\/revisions\/1473"}],"wp:featuredmedia":[{"embeddable":true,"href":"https:\/\/www.dui.dk\/aalborg\/wp-json\/wp\/v2\/media\/1299"}],"wp:attachment":[{"href":"https:\/\/www.dui.dk\/aalborg\/wp-json\/wp\/v2\/media?parent=1419"}],"curies":[{"name":"wp","href":"https:\/\/api.w.org\/{rel}","templated":true}]}}