{"id":970,"date":"2022-06-09T09:07:42","date_gmt":"2022-06-09T09:07:42","guid":{"rendered":"https:\/\/www.dui.dk\/123\/?page_id=970"},"modified":"2024-10-22T13:26:06","modified_gmt":"2024-10-22T13:26:06","slug":"dui-logo-1968","status":"publish","type":"page","link":"https:\/\/www.dui.dk\/123\/dui-logo-1968\/","title":{"rendered":"DUI-logo"},"content":{"rendered":"<p><a href=\"https:\/\/www.dui.dk\/123\/wp-content\/uploads\/sites\/75\/2022\/06\/DUI_Logos_1968.zip\"><img loading=\"lazy\" decoding=\"async\" class=\"alignright wp-image-1025 size-full\" src=\"https:\/\/www.dui.dk\/123\/wp-content\/uploads\/sites\/75\/2022\/06\/Download-Logos2.png\" alt=\"\" width=\"80\" height=\"100\" \/><\/a><\/p>\n<p>Her har vi lagt DUI logoet ud i forskellige versioner. Hvis du ikke finder det du skal bruge er du meget velkommen til at kontakte os, s\u00e5 skal vi med gl\u00e6de hj\u00e6lpe dig.<\/p>\n<p>Den officielle DUI-r\u00f8d er defineret som\u00a0<strong>#<span class=\"OYPEnA font-feature-liga-off font-feature-clig-off font-feature-calt-off text-decoration-none text-strikethrough-none\">E62A31<\/span>\u00a0<\/strong>eller<strong>\u00a0R:<span class=\"OYPEnA font-feature-liga-off font-feature-clig-off font-feature-calt-off text-decoration-none text-strikethrough-none\">230\u00a0<\/span>G42 B:49<\/strong>.<\/p>\n<p>N\u00e5r du skriver DUI \u2013 LEG og VIRKE i forbindelse med logoet, skal du bruge skrifttypen Verdana Pro. Den er tilg\u00e6ngelig i b\u00e5de Power Point, Word og Canva.<\/p>\n<p>De store er i 300dpi og de sm\u00e5 er i 72dpi. P\u00e5 linket her til h\u00f8jre kan du hente dem alle ned p\u00e5 en gang.<\/p>\n<table style=\"border-collapse: collapse; width: 672px; height: 233px;\" border=\"0\" width=\"256\" cellspacing=\"0\" cellpadding=\"0\">\n<colgroup>\n<col style=\"width: 48pt;\" span=\"4\" width=\"64\" \/> <\/colgroup>\n<tbody>\n<tr style=\"height: 15.0pt;\">\n<td style=\"height: 15.0pt; width: 48pt;\" width=\"64\" height=\"20\"><img loading=\"lazy\" decoding=\"async\" class=\"wp-image-980 size-thumbnail aligncenter\" src=\"https:\/\/www.dui.dk\/123\/wp-content\/uploads\/sites\/75\/2022\/06\/DUI_Logo_1968_01_Roed_cirkel-72dpi-lille-150x150.png\" alt=\"\" width=\"150\" height=\"150\" srcset=\"https:\/\/www.dui.dk\/123\/wp-content\/uploads\/sites\/75\/2022\/06\/DUI_Logo_1968_01_Roed_cirkel-72dpi-lille-150x150.png 150w, https:\/\/www.dui.dk\/123\/wp-content\/uploads\/sites\/75\/2022\/06\/DUI_Logo_1968_01_Roed_cirkel-72dpi-lille.png 238w\" sizes=\"auto, (max-width: 150px) 100vw, 150px\" \/><\/p>\n<h5 style=\"text-align: center;\"><a href=\"https:\/\/www.dui.dk\/123\/wp-content\/uploads\/sites\/75\/2022\/06\/DUI_Logo_1968_01_Roed_cirkel-300dpi-Stor-1.jpg\">Stor JPG<\/a>\u00a0&#8211;\u00a0<a href=\"https:\/\/www.dui.dk\/123\/wp-content\/uploads\/sites\/75\/2022\/06\/DUI_Logo_1968_01_Roed_cirkel-72dpi-lille.jpg\">Lille JPG<\/a><\/h5>\n<h5 style=\"text-align: center;\"><a href=\"https:\/\/www.dui.dk\/123\/wp-content\/uploads\/sites\/75\/2022\/06\/DUI_Logo_1968_01_Roed_cirkel-300dpi-Stor.png\">Stor PNG<\/a>\u00a0&#8211;\u00a0<a href=\"https:\/\/www.dui.dk\/123\/wp-content\/uploads\/sites\/75\/2022\/06\/DUI_Logo_1968_01_Roed_cirkel-72dpi-lille.png\">Lille PNG<\/a><\/h5>\n<\/td>\n<td style=\"width: 48pt;\" width=\"64\"><img loading=\"lazy\" decoding=\"async\" class=\"wp-image-1004 size-thumbnail aligncenter\" src=\"https:\/\/www.dui.dk\/123\/wp-content\/uploads\/sites\/75\/2022\/06\/DUI_Logo_1968-cirkel-hvid-72dpi-graa-150x150.png\" alt=\"\" width=\"150\" height=\"150\" srcset=\"https:\/\/www.dui.dk\/123\/wp-content\/uploads\/sites\/75\/2022\/06\/DUI_Logo_1968-cirkel-hvid-72dpi-graa-150x150.png 150w, https:\/\/www.dui.dk\/123\/wp-content\/uploads\/sites\/75\/2022\/06\/DUI_Logo_1968-cirkel-hvid-72dpi-graa.png 238w\" sizes=\"auto, (max-width: 150px) 100vw, 150px\" \/><\/p>\n<h5 style=\"text-align: center;\">HVID &#8211; <a href=\"https:\/\/www.dui.dk\/123\/wp-content\/uploads\/sites\/75\/2022\/06\/DUI_Logo_1968-cirkel-hvid.png\">Stor PNG<\/a><\/h5>\n<h5 style=\"text-align: center;\">\u00a0HVID &#8211; <a href=\"https:\/\/www.dui.dk\/123\/wp-content\/uploads\/sites\/75\/2022\/06\/DUI_Logo_1968-cirkel-hvid-72dpi.png\">Lille PNG<\/a><\/h5>\n<\/td>\n<td style=\"width: 48pt;\" width=\"64\"><img loading=\"lazy\" decoding=\"async\" class=\"wp-image-974 size-thumbnail aligncenter\" src=\"https:\/\/www.dui.dk\/123\/wp-content\/uploads\/sites\/75\/2022\/06\/DUI_Logo_1968-out_cirkel-72dpi-lille-150x150.png\" alt=\"\" width=\"150\" height=\"150\" srcset=\"https:\/\/www.dui.dk\/123\/wp-content\/uploads\/sites\/75\/2022\/06\/DUI_Logo_1968-out_cirkel-72dpi-lille-150x150.png 150w, https:\/\/www.dui.dk\/123\/wp-content\/uploads\/sites\/75\/2022\/06\/DUI_Logo_1968-out_cirkel-72dpi-lille.png 238w\" sizes=\"auto, (max-width: 150px) 100vw, 150px\" \/><\/p>\n<h5 style=\"text-align: center;\"><a href=\"https:\/\/www.dui.dk\/123\/wp-content\/uploads\/sites\/75\/2022\/06\/DUI_Logo_1968-out_cirkel-300dpi-stor.jpg\">Stor JPG<\/a> &#8211; <a href=\"https:\/\/www.dui.dk\/123\/wp-content\/uploads\/sites\/75\/2022\/06\/DUI_Logo_1968-out_cirkel-72dpi-lille.jpg\">Lille JPG<\/a><\/h5>\n<h5 style=\"text-align: center;\"><a href=\"https:\/\/www.dui.dk\/123\/wp-content\/uploads\/sites\/75\/2022\/06\/DUI_Logo_1968-out_cirkel-300dpi-stor.png\">Stor PNG<\/a> &#8211; <a href=\"https:\/\/www.dui.dk\/123\/wp-content\/uploads\/sites\/75\/2022\/06\/DUI_Logo_1968-out_cirkel-72dpi-lille.png\">Lille PNG<\/a><\/h5>\n<\/td>\n<td style=\"width: 48pt;\" width=\"64\">\n<h5 style=\"text-align: center;\"><img loading=\"lazy\" decoding=\"async\" class=\"wp-image-1005 size-thumbnail aligncenter\" src=\"https:\/\/www.dui.dk\/123\/wp-content\/uploads\/sites\/75\/2022\/06\/DUI_Logo_1968-out_cirkel-72dpi-stor-graa-150x150.png\" alt=\"\" width=\"150\" height=\"150\" srcset=\"https:\/\/www.dui.dk\/123\/wp-content\/uploads\/sites\/75\/2022\/06\/DUI_Logo_1968-out_cirkel-72dpi-stor-graa-150x150.png 150w, https:\/\/www.dui.dk\/123\/wp-content\/uploads\/sites\/75\/2022\/06\/DUI_Logo_1968-out_cirkel-72dpi-stor-graa.png 238w\" sizes=\"auto, (max-width: 150px) 100vw, 150px\" \/><\/h5>\n<h5 style=\"text-align: center;\">HVID &#8211; <a href=\"https:\/\/www.dui.dk\/123\/wp-content\/uploads\/sites\/75\/2022\/06\/DUI_Logo_1968-out_cirkel-300dpi-stor-hvid.png\">Stor PNG<\/a><\/h5>\n<h5 style=\"text-align: center;\">\u00a0HVID &#8211; <a href=\"https:\/\/www.dui.dk\/123\/wp-content\/uploads\/sites\/75\/2022\/06\/DUI_Logo_1968-out_cirkel-72dpi-stor-hvid.png\">Lille PNG<\/a><\/h5>\n<\/td>\n<\/tr>\n<tr style=\"height: 15.0pt;\">\n<td style=\"height: 15.0pt;\" height=\"20\"><img loading=\"lazy\" decoding=\"async\" class=\"aligncenter wp-image-1001\" src=\"https:\/\/www.dui.dk\/123\/wp-content\/uploads\/sites\/75\/2022\/06\/DUI-logo-1968-72dpi-lille-277x300.png\" alt=\"\" width=\"120\" height=\"130\" srcset=\"https:\/\/www.dui.dk\/123\/wp-content\/uploads\/sites\/75\/2022\/06\/DUI-logo-1968-72dpi-lille-277x300.png 277w, https:\/\/www.dui.dk\/123\/wp-content\/uploads\/sites\/75\/2022\/06\/DUI-logo-1968-72dpi-lille-600x650.png 600w, https:\/\/www.dui.dk\/123\/wp-content\/uploads\/sites\/75\/2022\/06\/DUI-logo-1968-72dpi-lille.png 637w\" sizes=\"auto, (max-width: 120px) 100vw, 120px\" \/><\/p>\n<h5 style=\"text-align: center;\"><a href=\"https:\/\/www.dui.dk\/123\/wp-content\/uploads\/sites\/75\/2022\/06\/DUI-logo-1968-stor-scaled.jpg\">Stor JPG<\/a> &#8211; <a href=\"https:\/\/www.dui.dk\/123\/wp-content\/uploads\/sites\/75\/2022\/06\/DUI-logo-1968-72dpi-lille.jpg\">Lille JPG<\/a><\/h5>\n<h5 style=\"text-align: center;\"><a href=\"https:\/\/www.dui.dk\/123\/wp-content\/uploads\/sites\/75\/2022\/06\/DUI-logo-1968-Stor-1.png\">Stor PNG<\/a> &#8211; <a href=\"https:\/\/www.dui.dk\/123\/wp-content\/uploads\/sites\/75\/2022\/06\/DUI-logo-1968-72dpi-lille.png\">Lille PNG<\/a><\/h5>\n<\/td>\n<td><img loading=\"lazy\" decoding=\"async\" class=\"wp-image-1006 aligncenter\" src=\"https:\/\/www.dui.dk\/123\/wp-content\/uploads\/sites\/75\/2022\/06\/DUI-logo-1968-72dpi-lille-hvid-Graa.png\" alt=\"\" width=\"120\" height=\"130\" srcset=\"https:\/\/www.dui.dk\/123\/wp-content\/uploads\/sites\/75\/2022\/06\/DUI-logo-1968-72dpi-lille-hvid-Graa.png 637w, https:\/\/www.dui.dk\/123\/wp-content\/uploads\/sites\/75\/2022\/06\/DUI-logo-1968-72dpi-lille-hvid-Graa-277x300.png 277w, https:\/\/www.dui.dk\/123\/wp-content\/uploads\/sites\/75\/2022\/06\/DUI-logo-1968-72dpi-lille-hvid-Graa-600x650.png 600w\" sizes=\"auto, (max-width: 120px) 100vw, 120px\" \/><\/p>\n<h5 style=\"text-align: center;\">HVID\u00a0&#8211; <a href=\"https:\/\/www.dui.dk\/123\/wp-content\/uploads\/sites\/75\/2022\/06\/DUI-logo-1968-300dpi-stor-hvid-2.png\">Stor PNG<\/a><\/h5>\n<h5 style=\"text-align: center;\">HVID &#8211; <a href=\"https:\/\/www.dui.dk\/123\/wp-content\/uploads\/sites\/75\/2022\/06\/DUI-logo-1968-72dpi-lille-hvid.png\">Lille PNG<\/a><\/h5>\n<\/td>\n<td><\/td>\n<td><\/td>\n<\/tr>\n<\/tbody>\n<\/table>\n<table style=\"border-collapse: collapse; width: 671px; height: 213px;\" border=\"0\" width=\"128\" cellspacing=\"0\" cellpadding=\"0\">\n<colgroup>\n<col style=\"width: 48pt;\" span=\"2\" width=\"64\" \/> <\/colgroup>\n<tbody>\n<tr style=\"height: 15.0pt;\">\n<td style=\"height: 15.0pt; width: 48pt;\" width=\"64\" height=\"20\"><img loading=\"lazy\" decoding=\"async\" class=\"aligncenter wp-image-1503 size-medium\" src=\"https:\/\/www.dui.dk\/123\/wp-content\/uploads\/sites\/75\/2024\/10\/Logo-med-navnetraek-horisontal-Roed-stor.jpg-300x109.jpg\" alt=\"\" width=\"300\" height=\"109\" srcset=\"https:\/\/www.dui.dk\/123\/wp-content\/uploads\/sites\/75\/2024\/10\/Logo-med-navnetraek-horisontal-Roed-stor.jpg-300x109.jpg 300w, https:\/\/www.dui.dk\/123\/wp-content\/uploads\/sites\/75\/2024\/10\/Logo-med-navnetraek-horisontal-Roed-stor.jpg-1024x372.jpg 1024w, https:\/\/www.dui.dk\/123\/wp-content\/uploads\/sites\/75\/2024\/10\/Logo-med-navnetraek-horisontal-Roed-stor.jpg-768x279.jpg 768w, https:\/\/www.dui.dk\/123\/wp-content\/uploads\/sites\/75\/2024\/10\/Logo-med-navnetraek-horisontal-Roed-stor.jpg-600x218.jpg 600w, https:\/\/www.dui.dk\/123\/wp-content\/uploads\/sites\/75\/2024\/10\/Logo-med-navnetraek-horisontal-Roed-stor.jpg-1536x559.jpg 1536w, https:\/\/www.dui.dk\/123\/wp-content\/uploads\/sites\/75\/2024\/10\/Logo-med-navnetraek-horisontal-Roed-stor.jpg-2048x745.jpg 2048w\" sizes=\"auto, (max-width: 300px) 100vw, 300px\" \/><\/p>\n<h5 style=\"text-align: center;\"><a href=\"https:\/\/www.dui.dk\/123\/wp-content\/uploads\/sites\/75\/2022\/06\/DUI_Logo_1968_04_NavnRoed_cirkel_venstrestillet-300dpi-Stor-scaled.jpg\">Stor JPG<\/a> &#8211; <a href=\"https:\/\/www.dui.dk\/123\/wp-content\/uploads\/sites\/75\/2022\/06\/DUI_Logo_1968_04_NavnRoed_cirkel_venstrestillet-72dpi-lille.jpg\">Lille JPG<\/a> \/ <a href=\"https:\/\/www.dui.dk\/123\/wp-content\/uploads\/sites\/75\/2022\/06\/DUI_Logo_1968_04_NavnRoed_cirkel_venstrestillet-300dpi-Stor.png\">Stor PNG<\/a> &#8211; <a href=\"https:\/\/www.dui.dk\/123\/wp-content\/uploads\/sites\/75\/2022\/06\/DUI_Logo_1968_04_NavnRoed_cirkel_venstrestillet-72dpi-lille.png\">Lille PNG<\/a><\/h5>\n<\/td>\n<td style=\"width: 48pt;\" width=\"64\"><img loading=\"lazy\" decoding=\"async\" class=\"size-medium wp-image-1500 aligncenter\" src=\"https:\/\/www.dui.dk\/123\/wp-content\/uploads\/sites\/75\/2024\/10\/Logo-med-navnetraek-horisontal-out-stor.png-300x109.png\" alt=\"\" width=\"300\" height=\"109\" srcset=\"https:\/\/www.dui.dk\/123\/wp-content\/uploads\/sites\/75\/2024\/10\/Logo-med-navnetraek-horisontal-out-stor.png-300x109.png 300w, https:\/\/www.dui.dk\/123\/wp-content\/uploads\/sites\/75\/2024\/10\/Logo-med-navnetraek-horisontal-out-stor.png-1024x372.png 1024w, https:\/\/www.dui.dk\/123\/wp-content\/uploads\/sites\/75\/2024\/10\/Logo-med-navnetraek-horisontal-out-stor.png-768x279.png 768w, https:\/\/www.dui.dk\/123\/wp-content\/uploads\/sites\/75\/2024\/10\/Logo-med-navnetraek-horisontal-out-stor.png-600x218.png 600w, https:\/\/www.dui.dk\/123\/wp-content\/uploads\/sites\/75\/2024\/10\/Logo-med-navnetraek-horisontal-out-stor.png-1536x559.png 1536w, https:\/\/www.dui.dk\/123\/wp-content\/uploads\/sites\/75\/2024\/10\/Logo-med-navnetraek-horisontal-out-stor.png-2048x745.png 2048w\" sizes=\"auto, (max-width: 300px) 100vw, 300px\" \/><\/p>\n<h5 style=\"text-align: center;\"><a href=\"https:\/\/www.dui.dk\/123\/wp-content\/uploads\/sites\/75\/2022\/06\/DUI_Logo_1968_06_NavnOutlined_venstrestillet-300dpi-stor-3-scaled.jpg\">Stor JPG<\/a> &#8211; <a href=\"https:\/\/www.dui.dk\/123\/wp-content\/uploads\/sites\/75\/2022\/06\/DUI_Logo_1968_06_NavnOutlined_venstrestillet-72dpi-lille.jpg\">Lille JPG<\/a> \/ <a href=\"https:\/\/www.dui.dk\/123\/wp-content\/uploads\/sites\/75\/2022\/06\/DUI_Logo_1968_06_NavnOutlined_venstrestillet-300dpi-stor.png\">Stor PNG<\/a> &#8211; <a href=\"https:\/\/www.dui.dk\/123\/wp-content\/uploads\/sites\/75\/2022\/06\/DUI_Logo_1968_06_NavnOutlined_venstrestillet-72dpi-lille.png\">Lille PNG<\/a><\/h5>\n<\/td>\n<\/tr>\n<tr style=\"height: 15.0pt;\">\n<td style=\"height: 15.0pt;\" height=\"20\">&nbsp;<\/p>\n<p><img loading=\"lazy\" decoding=\"async\" class=\"alignnone wp-image-1508 size-full\" src=\"https:\/\/www.dui.dk\/123\/wp-content\/uploads\/sites\/75\/2024\/10\/Logo-med-navnetraek-vertikal-roed-stor.jpg-scaled.jpg\" alt=\"\" width=\"2560\" height=\"1744\" srcset=\"https:\/\/www.dui.dk\/123\/wp-content\/uploads\/sites\/75\/2024\/10\/Logo-med-navnetraek-vertikal-roed-stor.jpg-scaled.jpg 2560w, https:\/\/www.dui.dk\/123\/wp-content\/uploads\/sites\/75\/2024\/10\/Logo-med-navnetraek-vertikal-roed-stor.jpg-300x204.jpg 300w, https:\/\/www.dui.dk\/123\/wp-content\/uploads\/sites\/75\/2024\/10\/Logo-med-navnetraek-vertikal-roed-stor.jpg-1024x698.jpg 1024w, https:\/\/www.dui.dk\/123\/wp-content\/uploads\/sites\/75\/2024\/10\/Logo-med-navnetraek-vertikal-roed-stor.jpg-768x523.jpg 768w, https:\/\/www.dui.dk\/123\/wp-content\/uploads\/sites\/75\/2024\/10\/Logo-med-navnetraek-vertikal-roed-stor.jpg-600x409.jpg 600w, https:\/\/www.dui.dk\/123\/wp-content\/uploads\/sites\/75\/2024\/10\/Logo-med-navnetraek-vertikal-roed-stor.jpg-1536x1046.jpg 1536w, https:\/\/www.dui.dk\/123\/wp-content\/uploads\/sites\/75\/2024\/10\/Logo-med-navnetraek-vertikal-roed-stor.jpg-2048x1395.jpg 2048w\" sizes=\"auto, (max-width: 2560px) 100vw, 2560px\" \/><\/p>\n<h5 style=\"text-align: center;\"><a href=\"https:\/\/www.dui.dk\/123\/wp-content\/uploads\/sites\/75\/2022\/06\/DUI_Logo_1968_05_NavnRoed_cirkel_centreret-300dpi-stor-scaled.jpg\">Stor JPG<\/a> &#8211; <a href=\"https:\/\/www.dui.dk\/123\/wp-content\/uploads\/sites\/75\/2022\/06\/DUI_Logo_1968_05_NavnRoed_cirkel_centreret-72dpi-lille.jpg\">Lille JPG<\/a> \/ <a href=\"https:\/\/www.dui.dk\/123\/wp-content\/uploads\/sites\/75\/2022\/06\/DUI_Logo_1968_05_NavnRoed_cirkel_centreret-300dpi-stor.png\">Stor PNG<\/a> &#8211; <a href=\"https:\/\/www.dui.dk\/123\/wp-content\/uploads\/sites\/75\/2022\/06\/DUI_Logo_1968_05_NavnRoed_cirkel_centreret-72dpi-lille.png\">Lille PNG<\/a><\/h5>\n<\/td>\n<td><img loading=\"lazy\" decoding=\"async\" class=\"alignnone wp-image-1504 size-full\" src=\"https:\/\/www.dui.dk\/123\/wp-content\/uploads\/sites\/75\/2024\/10\/Logo-med-navnetraek-vertikal-out-lille.jpg.jpg\" alt=\"\" width=\"666\" height=\"454\" \/><\/p>\n<h5 style=\"text-align: center;\"><a href=\"https:\/\/www.dui.dk\/123\/wp-content\/uploads\/sites\/75\/2022\/06\/DUI_Logo_1968_07_NavnOutlined_centreret-300dpi-stor-1-scaled.jpg\">Stor JPG<\/a> &#8211; <a href=\"https:\/\/www.dui.dk\/123\/wp-content\/uploads\/sites\/75\/2022\/06\/DUI_Logo_1968_07_NavnOutlined_centreret-72dpi-lille.jpg\">Lille JPG<\/a> \/ <a href=\"https:\/\/www.dui.dk\/123\/wp-content\/uploads\/sites\/75\/2019\/01\/DUI_Logo_2018_07_NavnOutlined_centreret-300dpi-stor.png\">Stor PNG<\/a> &#8211; <a href=\"https:\/\/www.dui.dk\/123\/wp-content\/uploads\/sites\/75\/2022\/06\/DUI_Logo_1968_07_NavnOutlined_centreret-72dpi-lille.png\">Lille PNG<\/a><\/h5>\n<\/td>\n<\/tr>\n<\/tbody>\n<\/table>\n","protected":false},"excerpt":{"rendered":"<p>Her har vi lagt DUI logoet ud i forskellige versioner. Hvis du ikke finder det du skal bruge er du meget velkommen til at kontakte os, s\u00e5 skal vi med gl\u00e6de hj\u00e6lpe dig. Den officielle DUI-r\u00f8d er defineret som\u00a0#E62A31\u00a0eller\u00a0R:230\u00a0G42 B:49. N\u00e5r du skriver DUI \u2013 LEG og VIRKE i forbindelse med logoet, skal du bruge [&hellip;]<\/p>\n","protected":false},"author":4,"featured_media":0,"parent":0,"menu_order":0,"comment_status":"closed","ping_status":"closed","template":"","meta":{"_acf_changed":false,"footnotes":""},"class_list":["post-970","page","type-page","status-publish","hentry"],"acf":[],"yoast_head":"<!-- This site is optimized with the Yoast SEO plugin v27.1.1 - https:\/\/yoast.com\/product\/yoast-seo-wordpress\/ -->\n<title>DUI-logo -<\/title>\n<meta name=\"robots\" content=\"index, follow, max-snippet:-1, max-image-preview:large, max-video-preview:-1\" \/>\n<link rel=\"canonical\" href=\"https:\/\/www.dui.dk\/123\/dui-logo-1968\/\" \/>\n<meta property=\"og:locale\" content=\"da_DK\" \/>\n<meta property=\"og:type\" content=\"article\" \/>\n<meta property=\"og:title\" content=\"DUI-logo -\" \/>\n<meta property=\"og:description\" content=\"Her har vi lagt DUI logoet ud i forskellige versioner. Hvis du ikke finder det du skal bruge er du meget velkommen til at kontakte os, s\u00e5 skal vi med gl\u00e6de hj\u00e6lpe dig. Den officielle DUI-r\u00f8d er defineret som\u00a0#E62A31\u00a0eller\u00a0R:230\u00a0G42 B:49. N\u00e5r du skriver DUI \u2013 LEG og VIRKE i forbindelse med logoet, skal du bruge [&hellip;]\" \/>\n<meta property=\"og:url\" content=\"https:\/\/www.dui.dk\/123\/dui-logo-1968\/\" \/>\n<meta property=\"article:modified_time\" content=\"2024-10-22T13:26:06+00:00\" \/>\n<meta property=\"og:image\" content=\"https:\/\/www.dui.dk\/123\/wp-content\/uploads\/sites\/75\/2022\/06\/Download-Logos2.png\" \/>\n<meta name=\"twitter:card\" content=\"summary_large_image\" \/>\n<meta name=\"twitter:label1\" content=\"Estimeret l\u00e6setid\" \/>\n\t<meta name=\"twitter:data1\" content=\"4 minutter\" \/>\n<script type=\"application\/ld+json\" class=\"yoast-schema-graph\">{\"@context\":\"https:\/\/schema.org\",\"@graph\":[{\"@type\":\"WebPage\",\"@id\":\"https:\/\/www.dui.dk\/123\/dui-logo-1968\/\",\"url\":\"https:\/\/www.dui.dk\/123\/dui-logo-1968\/\",\"name\":\"DUI-logo -\",\"isPartOf\":{\"@id\":\"https:\/\/www.dui.dk\/123\/#website\"},\"primaryImageOfPage\":{\"@id\":\"https:\/\/www.dui.dk\/123\/dui-logo-1968\/#primaryimage\"},\"image\":{\"@id\":\"https:\/\/www.dui.dk\/123\/dui-logo-1968\/#primaryimage\"},\"thumbnailUrl\":\"https:\/\/www.dui.dk\/123\/wp-content\/uploads\/sites\/75\/2022\/06\/Download-Logos2.png\",\"datePublished\":\"2022-06-09T09:07:42+00:00\",\"dateModified\":\"2024-10-22T13:26:06+00:00\",\"breadcrumb\":{\"@id\":\"https:\/\/www.dui.dk\/123\/dui-logo-1968\/#breadcrumb\"},\"inLanguage\":\"da-DK\",\"potentialAction\":[{\"@type\":\"ReadAction\",\"target\":[\"https:\/\/www.dui.dk\/123\/dui-logo-1968\/\"]}]},{\"@type\":\"ImageObject\",\"inLanguage\":\"da-DK\",\"@id\":\"https:\/\/www.dui.dk\/123\/dui-logo-1968\/#primaryimage\",\"url\":\"https:\/\/www.dui.dk\/123\/wp-content\/uploads\/sites\/75\/2022\/06\/Download-Logos2.png\",\"contentUrl\":\"https:\/\/www.dui.dk\/123\/wp-content\/uploads\/sites\/75\/2022\/06\/Download-Logos2.png\",\"width\":80,\"height\":100},{\"@type\":\"BreadcrumbList\",\"@id\":\"https:\/\/www.dui.dk\/123\/dui-logo-1968\/#breadcrumb\",\"itemListElement\":[{\"@type\":\"ListItem\",\"position\":1,\"name\":\"Hjem\",\"item\":\"https:\/\/www.dui.dk\/123\/\"},{\"@type\":\"ListItem\",\"position\":2,\"name\":\"DUI-logo\"}]},{\"@type\":\"WebSite\",\"@id\":\"https:\/\/www.dui.dk\/123\/#website\",\"url\":\"https:\/\/www.dui.dk\/123\/\",\"name\":\"\",\"description\":\"Endnu en DUI-LEG og VIRKE lokalafdelinger-side\",\"potentialAction\":[{\"@type\":\"SearchAction\",\"target\":{\"@type\":\"EntryPoint\",\"urlTemplate\":\"https:\/\/www.dui.dk\/123\/?s={search_term_string}\"},\"query-input\":{\"@type\":\"PropertyValueSpecification\",\"valueRequired\":true,\"valueName\":\"search_term_string\"}}],\"inLanguage\":\"da-DK\"}]}<\/script>\n<!-- \/ Yoast SEO plugin. -->","yoast_head_json":{"title":"DUI-logo -","robots":{"index":"index","follow":"follow","max-snippet":"max-snippet:-1","max-image-preview":"max-image-preview:large","max-video-preview":"max-video-preview:-1"},"canonical":"https:\/\/www.dui.dk\/123\/dui-logo-1968\/","og_locale":"da_DK","og_type":"article","og_title":"DUI-logo -","og_description":"Her har vi lagt DUI logoet ud i forskellige versioner. Hvis du ikke finder det du skal bruge er du meget velkommen til at kontakte os, s\u00e5 skal vi med gl\u00e6de hj\u00e6lpe dig. Den officielle DUI-r\u00f8d er defineret som\u00a0#E62A31\u00a0eller\u00a0R:230\u00a0G42 B:49. N\u00e5r du skriver DUI \u2013 LEG og VIRKE i forbindelse med logoet, skal du bruge [&hellip;]","og_url":"https:\/\/www.dui.dk\/123\/dui-logo-1968\/","article_modified_time":"2024-10-22T13:26:06+00:00","og_image":[{"url":"https:\/\/www.dui.dk\/123\/wp-content\/uploads\/sites\/75\/2022\/06\/Download-Logos2.png","type":"","width":"","height":""}],"twitter_card":"summary_large_image","twitter_misc":{"Estimeret l\u00e6setid":"4 minutter"},"schema":{"@context":"https:\/\/schema.org","@graph":[{"@type":"WebPage","@id":"https:\/\/www.dui.dk\/123\/dui-logo-1968\/","url":"https:\/\/www.dui.dk\/123\/dui-logo-1968\/","name":"DUI-logo -","isPartOf":{"@id":"https:\/\/www.dui.dk\/123\/#website"},"primaryImageOfPage":{"@id":"https:\/\/www.dui.dk\/123\/dui-logo-1968\/#primaryimage"},"image":{"@id":"https:\/\/www.dui.dk\/123\/dui-logo-1968\/#primaryimage"},"thumbnailUrl":"https:\/\/www.dui.dk\/123\/wp-content\/uploads\/sites\/75\/2022\/06\/Download-Logos2.png","datePublished":"2022-06-09T09:07:42+00:00","dateModified":"2024-10-22T13:26:06+00:00","breadcrumb":{"@id":"https:\/\/www.dui.dk\/123\/dui-logo-1968\/#breadcrumb"},"inLanguage":"da-DK","potentialAction":[{"@type":"ReadAction","target":["https:\/\/www.dui.dk\/123\/dui-logo-1968\/"]}]},{"@type":"ImageObject","inLanguage":"da-DK","@id":"https:\/\/www.dui.dk\/123\/dui-logo-1968\/#primaryimage","url":"https:\/\/www.dui.dk\/123\/wp-content\/uploads\/sites\/75\/2022\/06\/Download-Logos2.png","contentUrl":"https:\/\/www.dui.dk\/123\/wp-content\/uploads\/sites\/75\/2022\/06\/Download-Logos2.png","width":80,"height":100},{"@type":"BreadcrumbList","@id":"https:\/\/www.dui.dk\/123\/dui-logo-1968\/#breadcrumb","itemListElement":[{"@type":"ListItem","position":1,"name":"Hjem","item":"https:\/\/www.dui.dk\/123\/"},{"@type":"ListItem","position":2,"name":"DUI-logo"}]},{"@type":"WebSite","@id":"https:\/\/www.dui.dk\/123\/#website","url":"https:\/\/www.dui.dk\/123\/","name":"","description":"Endnu en DUI-LEG og VIRKE lokalafdelinger-side","potentialAction":[{"@type":"SearchAction","target":{"@type":"EntryPoint","urlTemplate":"https:\/\/www.dui.dk\/123\/?s={search_term_string}"},"query-input":{"@type":"PropertyValueSpecification","valueRequired":true,"valueName":"search_term_string"}}],"inLanguage":"da-DK"}]}},"_links":{"self":[{"href":"https:\/\/www.dui.dk\/123\/wp-json\/wp\/v2\/pages\/970","targetHints":{"allow":["GET"]}}],"collection":[{"href":"https:\/\/www.dui.dk\/123\/wp-json\/wp\/v2\/pages"}],"about":[{"href":"https:\/\/www.dui.dk\/123\/wp-json\/wp\/v2\/types\/page"}],"author":[{"embeddable":true,"href":"https:\/\/www.dui.dk\/123\/wp-json\/wp\/v2\/users\/4"}],"replies":[{"embeddable":true,"href":"https:\/\/www.dui.dk\/123\/wp-json\/wp\/v2\/comments?post=970"}],"version-history":[{"count":5,"href":"https:\/\/www.dui.dk\/123\/wp-json\/wp\/v2\/pages\/970\/revisions"}],"predecessor-version":[{"id":1523,"href":"https:\/\/www.dui.dk\/123\/wp-json\/wp\/v2\/pages\/970\/revisions\/1523"}],"wp:attachment":[{"href":"https:\/\/www.dui.dk\/123\/wp-json\/wp\/v2\/media?parent=970"}],"curies":[{"name":"wp","href":"https:\/\/api.w.org\/{rel}","templated":true}]}}