{"id":89,"date":"2018-08-24T09:23:57","date_gmt":"2018-08-24T09:23:57","guid":{"rendered":"http:\/\/www.dui.dk\/123\/?page_id=89"},"modified":"2022-06-09T09:30:35","modified_gmt":"2022-06-09T09:30:35","slug":"fundraising","status":"publish","type":"page","link":"https:\/\/www.dui.dk\/123\/fundraising\/","title":{"rendered":"Fundraising"},"content":{"rendered":"<p><img loading=\"lazy\" decoding=\"async\" class=\"size-full wp-image-561 alignright\" src=\"https:\/\/www.dui.dk\/123\/wp-content\/uploads\/sites\/75\/2019\/05\/S-icon-s\u00e5dan.png\" alt=\"\" width=\"300\" height=\"250\" \/>Der er heldigvis mange muligheder for at f\u00e5 finansieret de gode id\u00e9er. Og i DUI-LEG og VIRKE er vi begunstiget af at kunne vende os mod flere potentielle donorer, n\u00e5r vi gerne vil have finansieret vores id\u00e9er.<\/p>\n<p>Det kr\u00e6ver en aktiv indsats og ofte et solidt stykke forarbejde, hvor man f\u00e5r afklaret f\u00f8lgende:<\/p>\n<ul>\n<li><strong>HVAD<\/strong> er det, man gerne vil s\u00f8ge om penge til<\/li>\n<li><strong>HVORFOR<\/strong> man fortjener at f\u00e5 pengene<\/li>\n<li><strong>HVORDAN<\/strong> pengene skal bruges<\/li>\n<\/ul>\n<p>F\u00f8rst og fremmest har vores interesseorganisation Dansk Ungdoms F\u00e6llesr\u00e5d (DUF) afsat en pulje (LOKALFORENINGSPULJEN) til udviklingsform\u00e5l, hvor ans\u00f8gninger behandles l\u00f8bende. Der kan s\u00f8ges op til DKK 50.000,- lige <a href=\"https:\/\/duf.dk\/artikel\/hvad-kan-jeg-soege-lokalforeningspuljen-til\/\">her<\/a>.<\/p>\n<p>Derudover er der en r\u00e6kke fonde, som er s\u00e6rligt oprettet til at underst\u00f8tte form\u00e5l som vores (se en liste over fonde og puljer <a href=\"https:\/\/www.dui.dk\/123\/links-fonde-puljer\/\">HER<\/a>), s\u00e5 kan lokale initiativer ogs\u00e5 ofte f\u00e5 st\u00f8tte i mindre grad via de kommunale puljer.<\/p>\n<p>Du kan altid f\u00e5 hj\u00e6lp, r\u00e5dgivning og vejledning til fundraising. Kontakt sekretariatet p\u00e5 36 17 72 00 eller <a href=\"mailto:kevin@dui.dk\">dui@dui.dk<\/a><\/p>\n","protected":false},"excerpt":{"rendered":"<p>Der er heldigvis mange muligheder for at f\u00e5 finansieret de gode id\u00e9er. Og i DUI-LEG og VIRKE er vi begunstiget af at kunne vende os mod flere potentielle donorer, n\u00e5r vi gerne vil have finansieret vores id\u00e9er. Det kr\u00e6ver en aktiv indsats og ofte et solidt stykke forarbejde, hvor man f\u00e5r afklaret f\u00f8lgende: HVAD er [&hellip;]<\/p>\n","protected":false},"author":4,"featured_media":0,"parent":0,"menu_order":0,"comment_status":"closed","ping_status":"closed","template":"","meta":{"_acf_changed":false,"footnotes":""},"class_list":["post-89","page","type-page","status-publish","hentry"],"acf":[],"yoast_head":"<!-- This site is optimized with the Yoast SEO plugin v27.1.1 - https:\/\/yoast.com\/product\/yoast-seo-wordpress\/ -->\n<title>Fundraising -<\/title>\n<meta name=\"robots\" content=\"index, follow, max-snippet:-1, max-image-preview:large, max-video-preview:-1\" \/>\n<link rel=\"canonical\" href=\"https:\/\/www.dui.dk\/123\/fundraising\/\" \/>\n<meta property=\"og:locale\" content=\"da_DK\" \/>\n<meta property=\"og:type\" content=\"article\" \/>\n<meta property=\"og:title\" content=\"Fundraising -\" \/>\n<meta property=\"og:description\" content=\"Der er heldigvis mange muligheder for at f\u00e5 finansieret de gode id\u00e9er. Og i DUI-LEG og VIRKE er vi begunstiget af at kunne vende os mod flere potentielle donorer, n\u00e5r vi gerne vil have finansieret vores id\u00e9er. Det kr\u00e6ver en aktiv indsats og ofte et solidt stykke forarbejde, hvor man f\u00e5r afklaret f\u00f8lgende: HVAD er [&hellip;]\" \/>\n<meta property=\"og:url\" content=\"https:\/\/www.dui.dk\/123\/fundraising\/\" \/>\n<meta property=\"article:modified_time\" content=\"2022-06-09T09:30:35+00:00\" \/>\n<meta property=\"og:image\" content=\"https:\/\/www.dui.dk\/123\/wp-content\/uploads\/sites\/75\/2019\/05\/S-icon-s\u00e5dan.png\" \/>\n<meta name=\"twitter:card\" content=\"summary_large_image\" \/>\n<meta name=\"twitter:label1\" content=\"Estimeret l\u00e6setid\" \/>\n\t<meta name=\"twitter:data1\" content=\"1 minut\" \/>\n<script type=\"application\/ld+json\" class=\"yoast-schema-graph\">{\"@context\":\"https:\/\/schema.org\",\"@graph\":[{\"@type\":\"WebPage\",\"@id\":\"https:\/\/www.dui.dk\/123\/fundraising\/\",\"url\":\"https:\/\/www.dui.dk\/123\/fundraising\/\",\"name\":\"Fundraising -\",\"isPartOf\":{\"@id\":\"https:\/\/www.dui.dk\/123\/#website\"},\"datePublished\":\"2018-08-24T09:23:57+00:00\",\"dateModified\":\"2022-06-09T09:30:35+00:00\",\"breadcrumb\":{\"@id\":\"https:\/\/www.dui.dk\/123\/fundraising\/#breadcrumb\"},\"inLanguage\":\"da-DK\",\"potentialAction\":[{\"@type\":\"ReadAction\",\"target\":[\"https:\/\/www.dui.dk\/123\/fundraising\/\"]}]},{\"@type\":\"BreadcrumbList\",\"@id\":\"https:\/\/www.dui.dk\/123\/fundraising\/#breadcrumb\",\"itemListElement\":[{\"@type\":\"ListItem\",\"position\":1,\"name\":\"Hjem\",\"item\":\"https:\/\/www.dui.dk\/123\/\"},{\"@type\":\"ListItem\",\"position\":2,\"name\":\"Fundraising\"}]},{\"@type\":\"WebSite\",\"@id\":\"https:\/\/www.dui.dk\/123\/#website\",\"url\":\"https:\/\/www.dui.dk\/123\/\",\"name\":\"\",\"description\":\"Endnu en DUI-LEG og VIRKE lokalafdelinger-side\",\"potentialAction\":[{\"@type\":\"SearchAction\",\"target\":{\"@type\":\"EntryPoint\",\"urlTemplate\":\"https:\/\/www.dui.dk\/123\/?s={search_term_string}\"},\"query-input\":{\"@type\":\"PropertyValueSpecification\",\"valueRequired\":true,\"valueName\":\"search_term_string\"}}],\"inLanguage\":\"da-DK\"}]}<\/script>\n<!-- \/ Yoast SEO plugin. -->","yoast_head_json":{"title":"Fundraising -","robots":{"index":"index","follow":"follow","max-snippet":"max-snippet:-1","max-image-preview":"max-image-preview:large","max-video-preview":"max-video-preview:-1"},"canonical":"https:\/\/www.dui.dk\/123\/fundraising\/","og_locale":"da_DK","og_type":"article","og_title":"Fundraising -","og_description":"Der er heldigvis mange muligheder for at f\u00e5 finansieret de gode id\u00e9er. Og i DUI-LEG og VIRKE er vi begunstiget af at kunne vende os mod flere potentielle donorer, n\u00e5r vi gerne vil have finansieret vores id\u00e9er. Det kr\u00e6ver en aktiv indsats og ofte et solidt stykke forarbejde, hvor man f\u00e5r afklaret f\u00f8lgende: HVAD er [&hellip;]","og_url":"https:\/\/www.dui.dk\/123\/fundraising\/","article_modified_time":"2022-06-09T09:30:35+00:00","og_image":[{"url":"https:\/\/www.dui.dk\/123\/wp-content\/uploads\/sites\/75\/2019\/05\/S-icon-s\u00e5dan.png","type":"","width":"","height":""}],"twitter_card":"summary_large_image","twitter_misc":{"Estimeret l\u00e6setid":"1 minut"},"schema":{"@context":"https:\/\/schema.org","@graph":[{"@type":"WebPage","@id":"https:\/\/www.dui.dk\/123\/fundraising\/","url":"https:\/\/www.dui.dk\/123\/fundraising\/","name":"Fundraising -","isPartOf":{"@id":"https:\/\/www.dui.dk\/123\/#website"},"datePublished":"2018-08-24T09:23:57+00:00","dateModified":"2022-06-09T09:30:35+00:00","breadcrumb":{"@id":"https:\/\/www.dui.dk\/123\/fundraising\/#breadcrumb"},"inLanguage":"da-DK","potentialAction":[{"@type":"ReadAction","target":["https:\/\/www.dui.dk\/123\/fundraising\/"]}]},{"@type":"BreadcrumbList","@id":"https:\/\/www.dui.dk\/123\/fundraising\/#breadcrumb","itemListElement":[{"@type":"ListItem","position":1,"name":"Hjem","item":"https:\/\/www.dui.dk\/123\/"},{"@type":"ListItem","position":2,"name":"Fundraising"}]},{"@type":"WebSite","@id":"https:\/\/www.dui.dk\/123\/#website","url":"https:\/\/www.dui.dk\/123\/","name":"","description":"Endnu en DUI-LEG og VIRKE lokalafdelinger-side","potentialAction":[{"@type":"SearchAction","target":{"@type":"EntryPoint","urlTemplate":"https:\/\/www.dui.dk\/123\/?s={search_term_string}"},"query-input":{"@type":"PropertyValueSpecification","valueRequired":true,"valueName":"search_term_string"}}],"inLanguage":"da-DK"}]}},"_links":{"self":[{"href":"https:\/\/www.dui.dk\/123\/wp-json\/wp\/v2\/pages\/89","targetHints":{"allow":["GET"]}}],"collection":[{"href":"https:\/\/www.dui.dk\/123\/wp-json\/wp\/v2\/pages"}],"about":[{"href":"https:\/\/www.dui.dk\/123\/wp-json\/wp\/v2\/types\/page"}],"author":[{"embeddable":true,"href":"https:\/\/www.dui.dk\/123\/wp-json\/wp\/v2\/users\/4"}],"replies":[{"embeddable":true,"href":"https:\/\/www.dui.dk\/123\/wp-json\/wp\/v2\/comments?post=89"}],"version-history":[{"count":6,"href":"https:\/\/www.dui.dk\/123\/wp-json\/wp\/v2\/pages\/89\/revisions"}],"predecessor-version":[{"id":1009,"href":"https:\/\/www.dui.dk\/123\/wp-json\/wp\/v2\/pages\/89\/revisions\/1009"}],"wp:attachment":[{"href":"https:\/\/www.dui.dk\/123\/wp-json\/wp\/v2\/media?parent=89"}],"curies":[{"name":"wp","href":"https:\/\/api.w.org\/{rel}","templated":true}]}}