{"id":860,"date":"2020-12-10T08:43:55","date_gmt":"2020-12-10T08:43:55","guid":{"rendered":"http:\/\/www.dui.dk\/123\/?page_id=860"},"modified":"2021-05-26T05:52:02","modified_gmt":"2021-05-26T05:52:02","slug":"guide-til-nemtilmeld","status":"publish","type":"page","link":"https:\/\/www.dui.dk\/123\/guide-til-nemtilmeld\/","title":{"rendered":"Guide til nemtilmeld"},"content":{"rendered":"<p><strong>Opret en konto<\/strong><\/p>\n<p>1: G\u00e5 til denne side:\u00a0<a href=\"https:\/\/www.nemtilmeld.dk\/solutions\/association\/gruppe-dui\/\">https:\/\/www.nemtilmeld.dk\/solutions\/association\/gruppe-dui\/<\/a>\u00a0Det er vigtigt, at du f\u00f8lger netop dette link, da din side dermed bliver en del af DUIs gruppe.<\/p>\n<p>2: G\u00e5 ned i bunden af siden og klik p\u00e5 \u201cTilmeld her\u201d i den gr\u00f8nne cirkel.<\/p>\n<p>3: Du kommer nu til en ny side, hvor du skal udfylde alle felterne som beskrevet p\u00e5 siden.<\/p>\n<p>4: Klik p\u00e5 \u201dOpret\u201d. Du f\u00e5r nu tilsendt en bekr\u00e6ftelsesmail fra systemet, og din konto hos NemTilmeld er oprettet.<\/p>\n<p>&nbsp;<\/p>\n<p><strong>Opret et arrangement<\/strong><\/p>\n<p>N\u00e5r du har en konto, kan du oprette et arrangement p\u00e5 din side. Folk kan tilmelde sig og betale for det, og du f\u00e5r alle pengene og alle oplysningerne p\u00e5 deltagerne samlet \u00e9t sted. Dit arrangement kan i princippet v\u00e6re alt: Tilmeldinger til en Aktivitetsfestival eller JUBI-lejr fra din afdelings egne medlemmer, indmeldelse i din afdeling fra nye medlemmer eller tilmelding til \u00e5bne arrangementer i din afdeling.<\/p>\n<p>1: Brug dit login, som du selv har valgt, da du oprettede din side hos NemTilmeld til at logge dig p\u00e5 systemet.<\/p>\n<p>2: Klik p\u00e5 \u201cOpret arrangement\u201d.<\/p>\n<p>3: F\u00f8lg de 5 trin til at lave dit eget arrangement.<\/p>\n<ul>\n<li>Giv arrangementet en informativ og logisk titel, for eksempel \u201cKanotur\u201d eller \u201cAkrobatik for\u00e5r 2020\u2033 og lav en kort beskrivelse af dit arrangement. Hvis betalingen for dit arrangement samtidig d\u00e6kker et medlemskab af DUI, er det altafg\u00f8rende, at det fremg\u00e5r af din beskrivelse, at man bliver medlem af DUI, hvilken andel af betalingen, der er kontingent og hvilken periode kontingentet d\u00e6kker (typisk resten af \u00e5ret). Hvis dette ikke fremg\u00e5r, er det ikke sikkert, at medlemmerne kan t\u00e6lles med. Det er ogs\u00e5 godt at lade dette fremg\u00e5 af den bekr\u00e6ftelsesmail, der sendes ud. Bekr\u00e6ftelsesmailen kan redigeres ved at redigere arrangementet efter, at det er oprettet (se nedenfor).<\/li>\n<li>Angiv tid og sted. Stedet kan man oprette, hvis ikke det eksisterer i systemet i forvejen. Det kan for eksempel v\u00e6re \u201cAfdelingshuset\u201d. Man skal angive tre tidspunkter: Starttidspunkt, sluttidspunkt og tilmeldingsfrist. Hvis det, man opretter, er en hel s\u00e6son, kan starttidspunktet v\u00e6re f\u00f8rste gang og sluttidspunktet sidste gang, aktiviteten foreg\u00e5r.<\/li>\n<li>Herefter skal man definere billettyper. Hvis man har flere forskellige m\u00e5der at tilmelde sig p\u00e5, kan man lave flere forskellige typer af billetter. Det kan for eksempel v\u00e6re \u201cVoksne\u201d og \u201cB\u00f8rn\u201d eller forskellige typer af aktiviteter eller grupper, man har i afdelingen. Hver billettype skal forsynes med en pris og et maksimum antal deltagere. Hvis man kun har en type aktivitet og m\u00e5de at tilmelde sig p\u00e5, skal man selvf\u00f8lgelig kun have en type billet.<\/li>\n<li>Som det fjerde skal man v\u00e6lge, hvilke oplysninger, man gerne vil bede folk om. Det kommer helt an p\u00e5 arrangementets type, men hvis det er noget, hvor man skal melde sig ind i DUI for at v\u00e6re med, skal vi som minimum have oplyst navn, adresse og f\u00f8dselsdato, ligesom e-mail og telefonnummer ogs\u00e5 er meget praktisk. Man kan enten v\u00e6lge tingene fra listen eller selv oprette nye (for eksempel medlemsnummer) i fritekstfeltet nedenunder.<\/li>\n<li>Gem nu dit arrangement.<\/li>\n<\/ul>\n<p>&nbsp;<\/p>\n<p><strong>Rediger dit arrangement<\/strong><\/p>\n<p>Efter oprettelsen af dit arrangement vil du sikkert f\u00e5 behov for at rette et eller andet, og det er heldigvis nemt:<\/p>\n<p>1: V\u00e6lg \u201cArrangementer-&gt;Arrangementsoversigt\u201d i hovedmenuen i toppen af administrationen.<\/p>\n<p>2: Klik p\u00e5 det gule ikon ud for det arrangement, du vil redigere.<\/p>\n<p>3: Du vil nu blive pr\u00e6senteret for de samme muligheder, som du havde ved oprettelsen, dog opstillet under en r\u00e6kke faner. Du har ogs\u00e5 f\u00e5et nogle flere muligheder. Blandt andet kan du nu redigere den bekr\u00e6ftelsesmail, der udsendes, n\u00e5r folk har tilmeldt sig. Hvis\u00a0betalingen for dit arrangement samtidig d\u00e6kker et medlemskab af DUI, er det en rigtig god id\u00e9, at det fremg\u00e5r af din bekr\u00e6ftelsesmail, at man bliver medlem af DUI, hvilken andel af betalingen, der er kontingent og hvilken periode kontingentet d\u00e6kker.<\/p>\n<p>4: Husk at gemme dine \u00e6ndringer nederst p\u00e5 siden, hver gang du har redigeret noget.<\/p>\n<p>&nbsp;<\/p>\n<p><strong>Udbetaling af penge<\/strong><\/p>\n<p>De penge, som folk betaler for aktiviteterne, g\u00e5r ind p\u00e5 en konto hos NemTilmeld. Pengene bliver som udgangspunkt frigivet til udbetaling 3 d\u00f8gn efter arrangementet er startet. Denne karensperiode er til for at sikre deltagerne mod misbrug af systemet. Det er meget nemt at udbetale pengene.<\/p>\n<p>1: I menuen i toppen af administrationen skal du v\u00e6lge \u201d\u00d8konomi-&gt;Udbetaling\u201d.<\/p>\n<p>2:\u00a0Du f\u00e5r nu en oversigt over, hvad der st\u00e5r p\u00e5 din konto. Klik du \u201dAnmod om udbetaling\u201d og v\u00e6lg de arrangementer, hvor du \u00f8nsker at anmode om udbetaling.<\/p>\n<p>3: Du kommer nu til en side, hvor du skal v\u00e6lge konto og registreringsnummer p\u00e5 den konto, pengene skal udbetales til. Udfyld det og klik p\u00e5 \u201cUdf\u00f8r\u201d. Pengene er nu p\u00e5 vej til din afdelings konto.<\/p>\n<p>Har du brug for at kunne udbetale pengene, f\u00f8r dine arrangementer starter, skal du kontakte NemTilmeld p\u00e5 <a href=\"mailto:support@nemtilmeld.dk\">support@nemtilmeld.dk<\/a>. S\u00e5 sender de en aftale herom.<\/p>\n<p>&nbsp;<\/p>\n<p><strong>Alt det andet<\/strong><\/p>\n<p>Det her er en generel vejledning til brug af systemet. Det kan en masse andre ting, som man enten selv kan eksperimentere med, eller bede om hj\u00e6lp til p\u00e5 Landsforbundet. Skriv en mail til dui@dui.dk eller ring p\u00e5\u00a036 17 72 00 hvis du har sp\u00f8rgsm\u00e5l. Enten til det tekniske eller til det indholdsm\u00e6ssige.<\/p>\n<p><a href=\"https:\/\/www.nemtilmeld.dk\/support\/online-kursuslokale\">Du kan ogs\u00e5 bes\u00f8ge Nemtilmeld&#8217;s hjemmeside, som er fyldt med gode introduktionsvidoer til at forst\u00e5 hvordan Nemtilmeld virker.<\/a><\/p>\n","protected":false},"excerpt":{"rendered":"<p>Opret en konto 1: G\u00e5 til denne side:\u00a0https:\/\/www.nemtilmeld.dk\/solutions\/association\/gruppe-dui\/\u00a0Det er vigtigt, at du f\u00f8lger netop dette link, da din side dermed bliver en del af DUIs gruppe. 2: G\u00e5 ned i bunden af siden og klik p\u00e5 \u201cTilmeld her\u201d i den gr\u00f8nne cirkel. 3: Du kommer nu til en ny side, hvor du skal udfylde alle [&hellip;]<\/p>\n","protected":false},"author":103,"featured_media":0,"parent":0,"menu_order":0,"comment_status":"closed","ping_status":"closed","template":"","meta":{"_acf_changed":false,"footnotes":""},"class_list":["post-860","page","type-page","status-publish","hentry"],"acf":[],"yoast_head":"<!-- This site is optimized with the Yoast SEO plugin v27.1.1 - https:\/\/yoast.com\/product\/yoast-seo-wordpress\/ -->\n<title>Guide til nemtilmeld -<\/title>\n<meta name=\"robots\" content=\"index, follow, max-snippet:-1, max-image-preview:large, max-video-preview:-1\" \/>\n<link rel=\"canonical\" href=\"https:\/\/www.dui.dk\/123\/guide-til-nemtilmeld\/\" \/>\n<meta property=\"og:locale\" content=\"da_DK\" \/>\n<meta property=\"og:type\" content=\"article\" \/>\n<meta property=\"og:title\" content=\"Guide til nemtilmeld -\" \/>\n<meta property=\"og:description\" content=\"Opret en konto 1: G\u00e5 til denne side:\u00a0https:\/\/www.nemtilmeld.dk\/solutions\/association\/gruppe-dui\/\u00a0Det er vigtigt, at du f\u00f8lger netop dette link, da din side dermed bliver en del af DUIs gruppe. 2: G\u00e5 ned i bunden af siden og klik p\u00e5 \u201cTilmeld her\u201d i den gr\u00f8nne cirkel. 3: Du kommer nu til en ny side, hvor du skal udfylde alle [&hellip;]\" \/>\n<meta property=\"og:url\" content=\"https:\/\/www.dui.dk\/123\/guide-til-nemtilmeld\/\" \/>\n<meta property=\"article:modified_time\" content=\"2021-05-26T05:52:02+00:00\" \/>\n<meta name=\"twitter:card\" content=\"summary_large_image\" \/>\n<meta name=\"twitter:label1\" content=\"Estimeret l\u00e6setid\" \/>\n\t<meta name=\"twitter:data1\" content=\"5 minutter\" \/>\n<script type=\"application\/ld+json\" class=\"yoast-schema-graph\">{\"@context\":\"https:\/\/schema.org\",\"@graph\":[{\"@type\":\"WebPage\",\"@id\":\"https:\/\/www.dui.dk\/123\/guide-til-nemtilmeld\/\",\"url\":\"https:\/\/www.dui.dk\/123\/guide-til-nemtilmeld\/\",\"name\":\"Guide til nemtilmeld -\",\"isPartOf\":{\"@id\":\"https:\/\/www.dui.dk\/123\/#website\"},\"datePublished\":\"2020-12-10T08:43:55+00:00\",\"dateModified\":\"2021-05-26T05:52:02+00:00\",\"breadcrumb\":{\"@id\":\"https:\/\/www.dui.dk\/123\/guide-til-nemtilmeld\/#breadcrumb\"},\"inLanguage\":\"da-DK\",\"potentialAction\":[{\"@type\":\"ReadAction\",\"target\":[\"https:\/\/www.dui.dk\/123\/guide-til-nemtilmeld\/\"]}]},{\"@type\":\"BreadcrumbList\",\"@id\":\"https:\/\/www.dui.dk\/123\/guide-til-nemtilmeld\/#breadcrumb\",\"itemListElement\":[{\"@type\":\"ListItem\",\"position\":1,\"name\":\"Hjem\",\"item\":\"https:\/\/www.dui.dk\/123\/\"},{\"@type\":\"ListItem\",\"position\":2,\"name\":\"Guide til nemtilmeld\"}]},{\"@type\":\"WebSite\",\"@id\":\"https:\/\/www.dui.dk\/123\/#website\",\"url\":\"https:\/\/www.dui.dk\/123\/\",\"name\":\"\",\"description\":\"Endnu en DUI-LEG og VIRKE lokalafdelinger-side\",\"potentialAction\":[{\"@type\":\"SearchAction\",\"target\":{\"@type\":\"EntryPoint\",\"urlTemplate\":\"https:\/\/www.dui.dk\/123\/?s={search_term_string}\"},\"query-input\":{\"@type\":\"PropertyValueSpecification\",\"valueRequired\":true,\"valueName\":\"search_term_string\"}}],\"inLanguage\":\"da-DK\"}]}<\/script>\n<!-- \/ Yoast SEO plugin. -->","yoast_head_json":{"title":"Guide til nemtilmeld -","robots":{"index":"index","follow":"follow","max-snippet":"max-snippet:-1","max-image-preview":"max-image-preview:large","max-video-preview":"max-video-preview:-1"},"canonical":"https:\/\/www.dui.dk\/123\/guide-til-nemtilmeld\/","og_locale":"da_DK","og_type":"article","og_title":"Guide til nemtilmeld -","og_description":"Opret en konto 1: G\u00e5 til denne side:\u00a0https:\/\/www.nemtilmeld.dk\/solutions\/association\/gruppe-dui\/\u00a0Det er vigtigt, at du f\u00f8lger netop dette link, da din side dermed bliver en del af DUIs gruppe. 2: G\u00e5 ned i bunden af siden og klik p\u00e5 \u201cTilmeld her\u201d i den gr\u00f8nne cirkel. 3: Du kommer nu til en ny side, hvor du skal udfylde alle [&hellip;]","og_url":"https:\/\/www.dui.dk\/123\/guide-til-nemtilmeld\/","article_modified_time":"2021-05-26T05:52:02+00:00","twitter_card":"summary_large_image","twitter_misc":{"Estimeret l\u00e6setid":"5 minutter"},"schema":{"@context":"https:\/\/schema.org","@graph":[{"@type":"WebPage","@id":"https:\/\/www.dui.dk\/123\/guide-til-nemtilmeld\/","url":"https:\/\/www.dui.dk\/123\/guide-til-nemtilmeld\/","name":"Guide til nemtilmeld -","isPartOf":{"@id":"https:\/\/www.dui.dk\/123\/#website"},"datePublished":"2020-12-10T08:43:55+00:00","dateModified":"2021-05-26T05:52:02+00:00","breadcrumb":{"@id":"https:\/\/www.dui.dk\/123\/guide-til-nemtilmeld\/#breadcrumb"},"inLanguage":"da-DK","potentialAction":[{"@type":"ReadAction","target":["https:\/\/www.dui.dk\/123\/guide-til-nemtilmeld\/"]}]},{"@type":"BreadcrumbList","@id":"https:\/\/www.dui.dk\/123\/guide-til-nemtilmeld\/#breadcrumb","itemListElement":[{"@type":"ListItem","position":1,"name":"Hjem","item":"https:\/\/www.dui.dk\/123\/"},{"@type":"ListItem","position":2,"name":"Guide til nemtilmeld"}]},{"@type":"WebSite","@id":"https:\/\/www.dui.dk\/123\/#website","url":"https:\/\/www.dui.dk\/123\/","name":"","description":"Endnu en DUI-LEG og VIRKE lokalafdelinger-side","potentialAction":[{"@type":"SearchAction","target":{"@type":"EntryPoint","urlTemplate":"https:\/\/www.dui.dk\/123\/?s={search_term_string}"},"query-input":{"@type":"PropertyValueSpecification","valueRequired":true,"valueName":"search_term_string"}}],"inLanguage":"da-DK"}]}},"_links":{"self":[{"href":"https:\/\/www.dui.dk\/123\/wp-json\/wp\/v2\/pages\/860","targetHints":{"allow":["GET"]}}],"collection":[{"href":"https:\/\/www.dui.dk\/123\/wp-json\/wp\/v2\/pages"}],"about":[{"href":"https:\/\/www.dui.dk\/123\/wp-json\/wp\/v2\/types\/page"}],"author":[{"embeddable":true,"href":"https:\/\/www.dui.dk\/123\/wp-json\/wp\/v2\/users\/103"}],"replies":[{"embeddable":true,"href":"https:\/\/www.dui.dk\/123\/wp-json\/wp\/v2\/comments?post=860"}],"version-history":[{"count":3,"href":"https:\/\/www.dui.dk\/123\/wp-json\/wp\/v2\/pages\/860\/revisions"}],"predecessor-version":[{"id":891,"href":"https:\/\/www.dui.dk\/123\/wp-json\/wp\/v2\/pages\/860\/revisions\/891"}],"wp:attachment":[{"href":"https:\/\/www.dui.dk\/123\/wp-json\/wp\/v2\/media?parent=860"}],"curies":[{"name":"wp","href":"https:\/\/api.w.org\/{rel}","templated":true}]}}