{"id":839,"date":"2020-11-09T15:26:43","date_gmt":"2020-11-09T15:26:43","guid":{"rendered":"http:\/\/www.dui.dk\/123\/?page_id=839"},"modified":"2021-04-09T09:17:22","modified_gmt":"2021-04-09T09:17:22","slug":"brevpapir","status":"publish","type":"page","link":"https:\/\/www.dui.dk\/123\/brevpapir\/","title":{"rendered":"Brevpapir og sponsoraftaler"},"content":{"rendered":"<p><img loading=\"lazy\" decoding=\"async\" class=\"size-full wp-image-840 alignright\" src=\"https:\/\/www.dui.dk\/123\/wp-content\/uploads\/sites\/75\/2020\/11\/Brevpapir-foto.jpg\" alt=\"\" width=\"300\" height=\"207\" \/>Vi sender m\u00e5ske ikke s\u00e5 mange fysiske breve mere. Men for at virke professionel i sit DUI-arbejde, er det alligevel en god id\u00e9 at bruge et DUI-brevpapir. Uanset om man sender det med posten eller i en mail. Det kan f.eks. v\u00e6re n\u00e5r man skal sende en ans\u00f8gning eller hvis man skal skive mere officielt ud til sine medlemmer.<\/p>\n<p>&nbsp;<\/p>\n<table style=\"border-collapse: collapse; width: 611px; height: 530px;\" border=\"0\" width=\"128\" cellspacing=\"0\" cellpadding=\"0\">\n<colgroup>\n<col style=\"width: 48pt;\" span=\"2\" width=\"64\" \/> <\/colgroup>\n<tbody>\n<tr style=\"height: 15.0pt;\">\n<td style=\"height: 15.0pt; width: 48pt;\" width=\"64\" height=\"20\"><strong>Klik p\u00e5 linket<\/strong><\/td>\n<td style=\"width: 48pt;\" width=\"64\"><strong>Kort beskrivelse<\/strong><\/td>\n<\/tr>\n<tr style=\"height: 15.0pt;\">\n<td style=\"height: 15.0pt;\" height=\"20\"><a href=\"https:\/\/www.dui.dk\/123\/wp-content\/uploads\/sites\/75\/2020\/11\/DUI_Brevpapir_afdeling.docx\"><img loading=\"lazy\" decoding=\"async\" class=\"size-full wp-image-841 aligncenter\" src=\"https:\/\/www.dui.dk\/123\/wp-content\/uploads\/sites\/75\/2020\/11\/Brevpapir.png\" alt=\"\" width=\"150\" height=\"200\" \/><\/a><\/td>\n<td>\n<p class=\"alignnone\"><strong>A4 skabelon<\/strong><\/p>\n<h3><a href=\"https:\/\/www.dui.dk\/123\/wp-content\/uploads\/sites\/75\/2020\/11\/DUI_Brevpapir_afdeling.docx\">Brevpapir<\/a><\/h3>\n<p>Et simpelt brevpapir, med oplysningerne i h\u00f8jre top.<\/td>\n<\/tr>\n<tr style=\"height: 15.0pt;\">\n<td style=\"height: 15.0pt;\" height=\"20\"><a href=\"https:\/\/www.dui.dk\/123\/wp-content\/uploads\/sites\/75\/2021\/04\/Skabelon-sponsoraftaler.docx\"><img loading=\"lazy\" decoding=\"async\" class=\"aligncenter wp-image-841 size-full\" src=\"https:\/\/www.dui.dk\/123\/wp-content\/uploads\/sites\/75\/2020\/11\/Brevpapir.png\" alt=\"\" width=\"150\" height=\"200\" \/><\/a><\/td>\n<td>\n<p class=\"alignnone\"><strong>A4 skabelon<\/strong><\/p>\n<h3><a href=\"https:\/\/www.dui.dk\/123\/wp-content\/uploads\/sites\/75\/2021\/04\/Skabelon-sponsoraftaler.docx\">Sponsoraftale<\/a><\/h3>\n<p>Skabelon til indg\u00e5else af sponsoraftaler.<\/td>\n<\/tr>\n<tr style=\"height: 15.0pt;\">\n<td style=\"height: 15.0pt;\" height=\"20\"><\/td>\n<td>&nbsp;<\/p>\n<p>&nbsp;<\/td>\n<\/tr>\n<tr style=\"height: 15.0pt;\">\n<td style=\"height: 15.0pt;\" height=\"20\"><\/td>\n<td><\/td>\n<\/tr>\n<\/tbody>\n<\/table>\n","protected":false},"excerpt":{"rendered":"<p>Vi sender m\u00e5ske ikke s\u00e5 mange fysiske breve mere. Men for at virke professionel i sit DUI-arbejde, er det alligevel en god id\u00e9 at bruge et DUI-brevpapir. Uanset om man sender det med posten eller i en mail. Det kan f.eks. v\u00e6re n\u00e5r man skal sende en ans\u00f8gning eller hvis man skal skive mere officielt [&hellip;]<\/p>\n","protected":false},"author":4,"featured_media":0,"parent":0,"menu_order":0,"comment_status":"closed","ping_status":"closed","template":"","meta":{"_acf_changed":false,"footnotes":""},"class_list":["post-839","page","type-page","status-publish","hentry"],"acf":[],"yoast_head":"<!-- This site is optimized with the Yoast SEO plugin v27.1.1 - https:\/\/yoast.com\/product\/yoast-seo-wordpress\/ -->\n<title>Brevpapir og sponsoraftaler -<\/title>\n<meta name=\"robots\" content=\"index, follow, max-snippet:-1, max-image-preview:large, max-video-preview:-1\" \/>\n<link rel=\"canonical\" href=\"https:\/\/www.dui.dk\/123\/brevpapir\/\" \/>\n<meta property=\"og:locale\" content=\"da_DK\" \/>\n<meta property=\"og:type\" content=\"article\" \/>\n<meta property=\"og:title\" content=\"Brevpapir og sponsoraftaler -\" \/>\n<meta property=\"og:description\" content=\"Vi sender m\u00e5ske ikke s\u00e5 mange fysiske breve mere. Men for at virke professionel i sit DUI-arbejde, er det alligevel en god id\u00e9 at bruge et DUI-brevpapir. Uanset om man sender det med posten eller i en mail. Det kan f.eks. v\u00e6re n\u00e5r man skal sende en ans\u00f8gning eller hvis man skal skive mere officielt [&hellip;]\" \/>\n<meta property=\"og:url\" content=\"https:\/\/www.dui.dk\/123\/brevpapir\/\" \/>\n<meta property=\"article:modified_time\" content=\"2021-04-09T09:17:22+00:00\" \/>\n<meta property=\"og:image\" content=\"https:\/\/www.dui.dk\/123\/wp-content\/uploads\/sites\/75\/2020\/11\/Brevpapir-foto.jpg\" \/>\n<meta name=\"twitter:card\" content=\"summary_large_image\" \/>\n<script type=\"application\/ld+json\" class=\"yoast-schema-graph\">{\"@context\":\"https:\/\/schema.org\",\"@graph\":[{\"@type\":\"WebPage\",\"@id\":\"https:\/\/www.dui.dk\/123\/brevpapir\/\",\"url\":\"https:\/\/www.dui.dk\/123\/brevpapir\/\",\"name\":\"Brevpapir og sponsoraftaler -\",\"isPartOf\":{\"@id\":\"https:\/\/www.dui.dk\/123\/#website\"},\"primaryImageOfPage\":{\"@id\":\"https:\/\/www.dui.dk\/123\/brevpapir\/#primaryimage\"},\"image\":{\"@id\":\"https:\/\/www.dui.dk\/123\/brevpapir\/#primaryimage\"},\"thumbnailUrl\":\"https:\/\/www.dui.dk\/123\/wp-content\/uploads\/sites\/75\/2020\/11\/Brevpapir-foto.jpg\",\"datePublished\":\"2020-11-09T15:26:43+00:00\",\"dateModified\":\"2021-04-09T09:17:22+00:00\",\"breadcrumb\":{\"@id\":\"https:\/\/www.dui.dk\/123\/brevpapir\/#breadcrumb\"},\"inLanguage\":\"da-DK\",\"potentialAction\":[{\"@type\":\"ReadAction\",\"target\":[\"https:\/\/www.dui.dk\/123\/brevpapir\/\"]}]},{\"@type\":\"ImageObject\",\"inLanguage\":\"da-DK\",\"@id\":\"https:\/\/www.dui.dk\/123\/brevpapir\/#primaryimage\",\"url\":\"https:\/\/www.dui.dk\/123\/wp-content\/uploads\/sites\/75\/2020\/11\/Brevpapir-foto.jpg\",\"contentUrl\":\"https:\/\/www.dui.dk\/123\/wp-content\/uploads\/sites\/75\/2020\/11\/Brevpapir-foto.jpg\",\"width\":300,\"height\":207},{\"@type\":\"BreadcrumbList\",\"@id\":\"https:\/\/www.dui.dk\/123\/brevpapir\/#breadcrumb\",\"itemListElement\":[{\"@type\":\"ListItem\",\"position\":1,\"name\":\"Hjem\",\"item\":\"https:\/\/www.dui.dk\/123\/\"},{\"@type\":\"ListItem\",\"position\":2,\"name\":\"Brevpapir og sponsoraftaler\"}]},{\"@type\":\"WebSite\",\"@id\":\"https:\/\/www.dui.dk\/123\/#website\",\"url\":\"https:\/\/www.dui.dk\/123\/\",\"name\":\"\",\"description\":\"Endnu en DUI-LEG og VIRKE lokalafdelinger-side\",\"potentialAction\":[{\"@type\":\"SearchAction\",\"target\":{\"@type\":\"EntryPoint\",\"urlTemplate\":\"https:\/\/www.dui.dk\/123\/?s={search_term_string}\"},\"query-input\":{\"@type\":\"PropertyValueSpecification\",\"valueRequired\":true,\"valueName\":\"search_term_string\"}}],\"inLanguage\":\"da-DK\"}]}<\/script>\n<!-- \/ Yoast SEO plugin. -->","yoast_head_json":{"title":"Brevpapir og sponsoraftaler -","robots":{"index":"index","follow":"follow","max-snippet":"max-snippet:-1","max-image-preview":"max-image-preview:large","max-video-preview":"max-video-preview:-1"},"canonical":"https:\/\/www.dui.dk\/123\/brevpapir\/","og_locale":"da_DK","og_type":"article","og_title":"Brevpapir og sponsoraftaler -","og_description":"Vi sender m\u00e5ske ikke s\u00e5 mange fysiske breve mere. Men for at virke professionel i sit DUI-arbejde, er det alligevel en god id\u00e9 at bruge et DUI-brevpapir. Uanset om man sender det med posten eller i en mail. Det kan f.eks. v\u00e6re n\u00e5r man skal sende en ans\u00f8gning eller hvis man skal skive mere officielt [&hellip;]","og_url":"https:\/\/www.dui.dk\/123\/brevpapir\/","article_modified_time":"2021-04-09T09:17:22+00:00","og_image":[{"url":"https:\/\/www.dui.dk\/123\/wp-content\/uploads\/sites\/75\/2020\/11\/Brevpapir-foto.jpg","type":"","width":"","height":""}],"twitter_card":"summary_large_image","schema":{"@context":"https:\/\/schema.org","@graph":[{"@type":"WebPage","@id":"https:\/\/www.dui.dk\/123\/brevpapir\/","url":"https:\/\/www.dui.dk\/123\/brevpapir\/","name":"Brevpapir og sponsoraftaler -","isPartOf":{"@id":"https:\/\/www.dui.dk\/123\/#website"},"primaryImageOfPage":{"@id":"https:\/\/www.dui.dk\/123\/brevpapir\/#primaryimage"},"image":{"@id":"https:\/\/www.dui.dk\/123\/brevpapir\/#primaryimage"},"thumbnailUrl":"https:\/\/www.dui.dk\/123\/wp-content\/uploads\/sites\/75\/2020\/11\/Brevpapir-foto.jpg","datePublished":"2020-11-09T15:26:43+00:00","dateModified":"2021-04-09T09:17:22+00:00","breadcrumb":{"@id":"https:\/\/www.dui.dk\/123\/brevpapir\/#breadcrumb"},"inLanguage":"da-DK","potentialAction":[{"@type":"ReadAction","target":["https:\/\/www.dui.dk\/123\/brevpapir\/"]}]},{"@type":"ImageObject","inLanguage":"da-DK","@id":"https:\/\/www.dui.dk\/123\/brevpapir\/#primaryimage","url":"https:\/\/www.dui.dk\/123\/wp-content\/uploads\/sites\/75\/2020\/11\/Brevpapir-foto.jpg","contentUrl":"https:\/\/www.dui.dk\/123\/wp-content\/uploads\/sites\/75\/2020\/11\/Brevpapir-foto.jpg","width":300,"height":207},{"@type":"BreadcrumbList","@id":"https:\/\/www.dui.dk\/123\/brevpapir\/#breadcrumb","itemListElement":[{"@type":"ListItem","position":1,"name":"Hjem","item":"https:\/\/www.dui.dk\/123\/"},{"@type":"ListItem","position":2,"name":"Brevpapir og sponsoraftaler"}]},{"@type":"WebSite","@id":"https:\/\/www.dui.dk\/123\/#website","url":"https:\/\/www.dui.dk\/123\/","name":"","description":"Endnu en DUI-LEG og VIRKE lokalafdelinger-side","potentialAction":[{"@type":"SearchAction","target":{"@type":"EntryPoint","urlTemplate":"https:\/\/www.dui.dk\/123\/?s={search_term_string}"},"query-input":{"@type":"PropertyValueSpecification","valueRequired":true,"valueName":"search_term_string"}}],"inLanguage":"da-DK"}]}},"_links":{"self":[{"href":"https:\/\/www.dui.dk\/123\/wp-json\/wp\/v2\/pages\/839","targetHints":{"allow":["GET"]}}],"collection":[{"href":"https:\/\/www.dui.dk\/123\/wp-json\/wp\/v2\/pages"}],"about":[{"href":"https:\/\/www.dui.dk\/123\/wp-json\/wp\/v2\/types\/page"}],"author":[{"embeddable":true,"href":"https:\/\/www.dui.dk\/123\/wp-json\/wp\/v2\/users\/4"}],"replies":[{"embeddable":true,"href":"https:\/\/www.dui.dk\/123\/wp-json\/wp\/v2\/comments?post=839"}],"version-history":[{"count":6,"href":"https:\/\/www.dui.dk\/123\/wp-json\/wp\/v2\/pages\/839\/revisions"}],"predecessor-version":[{"id":881,"href":"https:\/\/www.dui.dk\/123\/wp-json\/wp\/v2\/pages\/839\/revisions\/881"}],"wp:attachment":[{"href":"https:\/\/www.dui.dk\/123\/wp-json\/wp\/v2\/media?parent=839"}],"curies":[{"name":"wp","href":"https:\/\/api.w.org\/{rel}","templated":true}]}}