{"id":759,"date":"2020-09-29T08:58:40","date_gmt":"2020-09-29T08:58:40","guid":{"rendered":"http:\/\/www.dui.dk\/123\/?page_id=759"},"modified":"2021-02-08T12:14:20","modified_gmt":"2021-02-08T12:14:20","slug":"kampagne-logo","status":"publish","type":"page","link":"https:\/\/www.dui.dk\/123\/kampagne-logo\/","title":{"rendered":"Kampagne logo"},"content":{"rendered":"<p>&nbsp;<\/p>\n<p><a href=\"https:\/\/www.dui.dk\/123\/wp-content\/uploads\/sites\/75\/2020\/09\/KAMPlogos.zip\"><img loading=\"lazy\" decoding=\"async\" class=\"alignright wp-image-782 size-full\" src=\"https:\/\/www.dui.dk\/123\/wp-content\/uploads\/sites\/75\/2020\/09\/Download-Kampagnelogos.png\" alt=\"\" width=\"80\" height=\"100\" \/><\/a>Her finder du vores kampagnelogo til kampagnen &#8220;Aktiviteter for hele familien&#8221;.<\/p>\n<p>Bare klik p\u00e5 linket og download.<\/p>\n<p>De store er i 300dpi og de sm\u00e5 er i 72dpi. P\u00e5 linket her til h\u00f8jre kan du hente dem alle ned p\u00e5 en gang.<\/p>\n<table style=\"border-collapse: collapse; width: 700px; height: 419px;\" border=\"0\" width=\"192\" cellspacing=\"0\" cellpadding=\"0\">\n<colgroup>\n<col style=\"width: 48pt;\" span=\"3\" width=\"64\" \/> <\/colgroup>\n<tbody>\n<tr style=\"height: 14.5pt;\">\n<td style=\"height: 14.5pt; width: 48pt;\" width=\"64\" height=\"19\"><img loading=\"lazy\" decoding=\"async\" class=\"wp-image-760 size-medium aligncenter\" src=\"https:\/\/www.dui.dk\/123\/wp-content\/uploads\/sites\/75\/2020\/09\/KAMPlogoh\u00f8jgr\u00e5-207x300.jpg\" alt=\"\" width=\"207\" height=\"300\" srcset=\"https:\/\/www.dui.dk\/123\/wp-content\/uploads\/sites\/75\/2020\/09\/KAMPlogoh\u00f8jgr\u00e5-207x300.jpg 207w, https:\/\/www.dui.dk\/123\/wp-content\/uploads\/sites\/75\/2020\/09\/KAMPlogoh\u00f8jgr\u00e5-707x1024.jpg 707w, https:\/\/www.dui.dk\/123\/wp-content\/uploads\/sites\/75\/2020\/09\/KAMPlogoh\u00f8jgr\u00e5-768x1113.jpg 768w, https:\/\/www.dui.dk\/123\/wp-content\/uploads\/sites\/75\/2020\/09\/KAMPlogoh\u00f8jgr\u00e5-600x869.jpg 600w, https:\/\/www.dui.dk\/123\/wp-content\/uploads\/sites\/75\/2020\/09\/KAMPlogoh\u00f8jgr\u00e5.jpg 973w\" sizes=\"auto, (max-width: 207px) 100vw, 207px\" \/><\/p>\n<h5 style=\"text-align: center;\"><a href=\"https:\/\/www.dui.dk\/123\/wp-content\/uploads\/sites\/75\/2020\/09\/KAMPlogoh\u00f8jgr\u00e5.jpg\">Stor JPG<\/a>\u00a0&#8211;\u00a0<a href=\"https:\/\/www.dui.dk\/123\/wp-content\/uploads\/sites\/75\/2020\/09\/KAMPlogoh\u00f8jgr\u00e5lille.jpg\">Lille JPG<\/a><\/h5>\n<h5 style=\"text-align: center;\"><\/h5>\n<\/td>\n<td style=\"width: 48pt;\" width=\"64\"><img loading=\"lazy\" decoding=\"async\" class=\"wp-image-761 size-medium aligncenter\" src=\"https:\/\/www.dui.dk\/123\/wp-content\/uploads\/sites\/75\/2020\/09\/KAMPlogoh\u00f8jr\u00f8d-207x300.jpg\" alt=\"\" width=\"207\" height=\"300\" srcset=\"https:\/\/www.dui.dk\/123\/wp-content\/uploads\/sites\/75\/2020\/09\/KAMPlogoh\u00f8jr\u00f8d-207x300.jpg 207w, https:\/\/www.dui.dk\/123\/wp-content\/uploads\/sites\/75\/2020\/09\/KAMPlogoh\u00f8jr\u00f8d-705x1024.jpg 705w, https:\/\/www.dui.dk\/123\/wp-content\/uploads\/sites\/75\/2020\/09\/KAMPlogoh\u00f8jr\u00f8d-768x1115.jpg 768w, https:\/\/www.dui.dk\/123\/wp-content\/uploads\/sites\/75\/2020\/09\/KAMPlogoh\u00f8jr\u00f8d-600x871.jpg 600w, https:\/\/www.dui.dk\/123\/wp-content\/uploads\/sites\/75\/2020\/09\/KAMPlogoh\u00f8jr\u00f8d.jpg 969w\" sizes=\"auto, (max-width: 207px) 100vw, 207px\" \/><\/p>\n<h5 style=\"text-align: center;\"><a href=\"https:\/\/www.dui.dk\/123\/wp-content\/uploads\/sites\/75\/2020\/09\/KAMPlogoh\u00f8jr\u00f8d.jpg\">Stor JPG<\/a>\u00a0&#8211;\u00a0<a href=\"https:\/\/www.dui.dk\/123\/wp-content\/uploads\/sites\/75\/2020\/09\/KAMPlogoh\u00f8jr\u00f8dlille.jpg\">Lille JPG<\/a><\/h5>\n<h5 style=\"text-align: center;\"><\/h5>\n<\/td>\n<td style=\"width: 48pt;\" width=\"64\"><img loading=\"lazy\" decoding=\"async\" class=\"wp-image-765 size-medium aligncenter\" src=\"https:\/\/www.dui.dk\/123\/wp-content\/uploads\/sites\/75\/2020\/09\/KAMPlogoh\u00f8juden-197x300.png\" alt=\"\" width=\"197\" height=\"300\" srcset=\"https:\/\/www.dui.dk\/123\/wp-content\/uploads\/sites\/75\/2020\/09\/KAMPlogoh\u00f8juden-197x300.png 197w, https:\/\/www.dui.dk\/123\/wp-content\/uploads\/sites\/75\/2020\/09\/KAMPlogoh\u00f8juden-672x1024.png 672w, https:\/\/www.dui.dk\/123\/wp-content\/uploads\/sites\/75\/2020\/09\/KAMPlogoh\u00f8juden-768x1171.png 768w, https:\/\/www.dui.dk\/123\/wp-content\/uploads\/sites\/75\/2020\/09\/KAMPlogoh\u00f8juden-600x915.png 600w, https:\/\/www.dui.dk\/123\/wp-content\/uploads\/sites\/75\/2020\/09\/KAMPlogoh\u00f8juden.png 925w\" sizes=\"auto, (max-width: 197px) 100vw, 197px\" \/><\/p>\n<h5 style=\"text-align: center;\"><a href=\"https:\/\/www.dui.dk\/123\/wp-content\/uploads\/sites\/75\/2020\/09\/KAMPlogoh\u00f8juden.jpg\">Stor JPG<\/a>\u00a0&#8211;\u00a0<a href=\"https:\/\/www.dui.dk\/123\/wp-content\/uploads\/sites\/75\/2020\/09\/KAMPlogoh\u00f8judenlille.jpg\">Lille JPG<\/a><\/h5>\n<h5 style=\"text-align: center;\"><a href=\"https:\/\/www.dui.dk\/123\/wp-content\/uploads\/sites\/75\/2020\/09\/KAMPlogolanguden.png\">Stor PNG<\/a>\u00a0&#8211;\u00a0<a href=\"https:\/\/www.dui.dk\/123\/wp-content\/uploads\/sites\/75\/2020\/09\/KAMPlogoh\u00f8judenlille.png\">Lille PNG<\/a><\/h5>\n<\/td>\n<\/tr>\n<\/tbody>\n<\/table>\n<p>&nbsp;<\/p>\n<table style=\"border-collapse: collapse; width: 700px; height: 263px;\" border=\"0\" width=\"128\" cellspacing=\"0\" cellpadding=\"0\">\n<colgroup>\n<col style=\"width: 48pt;\" span=\"2\" width=\"64\" \/> <\/colgroup>\n<tbody>\n<tr style=\"height: 14.5pt;\">\n<td style=\"height: 14.5pt; width: 48pt;\" width=\"64\" height=\"19\"><img loading=\"lazy\" decoding=\"async\" class=\"wp-image-763 size-medium aligncenter\" src=\"https:\/\/www.dui.dk\/123\/wp-content\/uploads\/sites\/75\/2020\/09\/KAMPlogolanggr\u00e5-300x142.jpg\" alt=\"\" width=\"300\" height=\"142\" srcset=\"https:\/\/www.dui.dk\/123\/wp-content\/uploads\/sites\/75\/2020\/09\/KAMPlogolanggr\u00e5-300x142.jpg 300w, https:\/\/www.dui.dk\/123\/wp-content\/uploads\/sites\/75\/2020\/09\/KAMPlogolanggr\u00e5-1024x483.jpg 1024w, https:\/\/www.dui.dk\/123\/wp-content\/uploads\/sites\/75\/2020\/09\/KAMPlogolanggr\u00e5-768x362.jpg 768w, https:\/\/www.dui.dk\/123\/wp-content\/uploads\/sites\/75\/2020\/09\/KAMPlogolanggr\u00e5-600x283.jpg 600w, https:\/\/www.dui.dk\/123\/wp-content\/uploads\/sites\/75\/2020\/09\/KAMPlogolanggr\u00e5.jpg 1518w\" sizes=\"auto, (max-width: 300px) 100vw, 300px\" \/><\/p>\n<h5 style=\"text-align: center;\"><a href=\"https:\/\/www.dui.dk\/123\/wp-content\/uploads\/sites\/75\/2020\/09\/KAMPlogolanggr\u00e5.jpg\">Stor JPG<\/a>\u00a0&#8211;\u00a0<a href=\"https:\/\/www.dui.dk\/123\/wp-content\/uploads\/sites\/75\/2020\/09\/KAMPlogolanggr\u00e5lille.jpg\">Lille JPG<\/a><\/h5>\n<h5 style=\"text-align: center;\"><\/h5>\n<\/td>\n<td style=\"width: 48pt;\" width=\"64\"><img loading=\"lazy\" decoding=\"async\" class=\"wp-image-764 size-medium aligncenter\" src=\"https:\/\/www.dui.dk\/123\/wp-content\/uploads\/sites\/75\/2020\/09\/KAMPlogolanguden-300x141.jpg\" alt=\"\" width=\"300\" height=\"141\" srcset=\"https:\/\/www.dui.dk\/123\/wp-content\/uploads\/sites\/75\/2020\/09\/KAMPlogolanguden-300x141.jpg 300w, https:\/\/www.dui.dk\/123\/wp-content\/uploads\/sites\/75\/2020\/09\/KAMPlogolanguden-1024x482.jpg 1024w, https:\/\/www.dui.dk\/123\/wp-content\/uploads\/sites\/75\/2020\/09\/KAMPlogolanguden-768x362.jpg 768w, https:\/\/www.dui.dk\/123\/wp-content\/uploads\/sites\/75\/2020\/09\/KAMPlogolanguden-600x283.jpg 600w, https:\/\/www.dui.dk\/123\/wp-content\/uploads\/sites\/75\/2020\/09\/KAMPlogolanguden.jpg 1518w\" sizes=\"auto, (max-width: 300px) 100vw, 300px\" \/><\/p>\n<h5 style=\"text-align: center;\"><a href=\"https:\/\/www.dui.dk\/123\/wp-content\/uploads\/sites\/75\/2020\/09\/KAMPlogolanguden.jpg\">Stor JPG<\/a>\u00a0&#8211;\u00a0<a href=\"https:\/\/www.dui.dk\/123\/wp-content\/uploads\/sites\/75\/2020\/09\/KAMPlogolangudenlille.jpg\">Lille JPG<\/a><\/h5>\n<h5 style=\"text-align: center;\"><a href=\"https:\/\/www.dui.dk\/123\/wp-content\/uploads\/sites\/75\/2020\/09\/KAMPlogolanguden.png\">Stor PNG<\/a>\u00a0&#8211;\u00a0<a href=\"https:\/\/www.dui.dk\/123\/wp-content\/uploads\/sites\/75\/2020\/09\/KAMPlogolangudenlille.png\">Lille PNG<\/a><\/h5>\n<\/td>\n<\/tr>\n<\/tbody>\n<\/table>\n","protected":false},"excerpt":{"rendered":"<p>&nbsp; Her finder du vores kampagnelogo til kampagnen &#8220;Aktiviteter for hele familien&#8221;. Bare klik p\u00e5 linket og download. De store er i 300dpi og de sm\u00e5 er i 72dpi. P\u00e5 linket her til h\u00f8jre kan du hente dem alle ned p\u00e5 en gang. Stor JPG\u00a0&#8211;\u00a0Lille JPG Stor JPG\u00a0&#8211;\u00a0Lille JPG Stor JPG\u00a0&#8211;\u00a0Lille JPG Stor PNG\u00a0&#8211;\u00a0Lille PNG [&hellip;]<\/p>\n","protected":false},"author":4,"featured_media":0,"parent":0,"menu_order":0,"comment_status":"closed","ping_status":"closed","template":"","meta":{"_acf_changed":false,"footnotes":""},"class_list":["post-759","page","type-page","status-publish","hentry"],"acf":[],"yoast_head":"<!-- This site is optimized with the Yoast SEO plugin v27.1.1 - https:\/\/yoast.com\/product\/yoast-seo-wordpress\/ -->\n<title>Kampagne logo -<\/title>\n<meta name=\"robots\" content=\"index, follow, max-snippet:-1, max-image-preview:large, max-video-preview:-1\" \/>\n<link rel=\"canonical\" href=\"https:\/\/www.dui.dk\/123\/kampagne-logo\/\" \/>\n<meta property=\"og:locale\" content=\"da_DK\" \/>\n<meta property=\"og:type\" content=\"article\" \/>\n<meta property=\"og:title\" content=\"Kampagne logo -\" \/>\n<meta property=\"og:description\" content=\"&nbsp; Her finder du vores kampagnelogo til kampagnen &#8220;Aktiviteter for hele familien&#8221;. Bare klik p\u00e5 linket og download. De store er i 300dpi og de sm\u00e5 er i 72dpi. P\u00e5 linket her til h\u00f8jre kan du hente dem alle ned p\u00e5 en gang. Stor JPG\u00a0&#8211;\u00a0Lille JPG Stor JPG\u00a0&#8211;\u00a0Lille JPG Stor JPG\u00a0&#8211;\u00a0Lille JPG Stor PNG\u00a0&#8211;\u00a0Lille PNG [&hellip;]\" \/>\n<meta property=\"og:url\" content=\"https:\/\/www.dui.dk\/123\/kampagne-logo\/\" \/>\n<meta property=\"article:modified_time\" content=\"2021-02-08T12:14:20+00:00\" \/>\n<meta property=\"og:image\" content=\"https:\/\/www.dui.dk\/123\/wp-content\/uploads\/sites\/75\/2020\/09\/Download-Kampagnelogos.png\" \/>\n<meta name=\"twitter:card\" content=\"summary_large_image\" \/>\n<script type=\"application\/ld+json\" class=\"yoast-schema-graph\">{\"@context\":\"https:\/\/schema.org\",\"@graph\":[{\"@type\":\"WebPage\",\"@id\":\"https:\/\/www.dui.dk\/123\/kampagne-logo\/\",\"url\":\"https:\/\/www.dui.dk\/123\/kampagne-logo\/\",\"name\":\"Kampagne logo -\",\"isPartOf\":{\"@id\":\"https:\/\/www.dui.dk\/123\/#website\"},\"primaryImageOfPage\":{\"@id\":\"https:\/\/www.dui.dk\/123\/kampagne-logo\/#primaryimage\"},\"image\":{\"@id\":\"https:\/\/www.dui.dk\/123\/kampagne-logo\/#primaryimage\"},\"thumbnailUrl\":\"https:\/\/www.dui.dk\/123\/wp-content\/uploads\/sites\/75\/2020\/09\/Download-Kampagnelogos.png\",\"datePublished\":\"2020-09-29T08:58:40+00:00\",\"dateModified\":\"2021-02-08T12:14:20+00:00\",\"breadcrumb\":{\"@id\":\"https:\/\/www.dui.dk\/123\/kampagne-logo\/#breadcrumb\"},\"inLanguage\":\"da-DK\",\"potentialAction\":[{\"@type\":\"ReadAction\",\"target\":[\"https:\/\/www.dui.dk\/123\/kampagne-logo\/\"]}]},{\"@type\":\"ImageObject\",\"inLanguage\":\"da-DK\",\"@id\":\"https:\/\/www.dui.dk\/123\/kampagne-logo\/#primaryimage\",\"url\":\"https:\/\/www.dui.dk\/123\/wp-content\/uploads\/sites\/75\/2020\/09\/Download-Kampagnelogos.png\",\"contentUrl\":\"https:\/\/www.dui.dk\/123\/wp-content\/uploads\/sites\/75\/2020\/09\/Download-Kampagnelogos.png\",\"width\":80,\"height\":100},{\"@type\":\"BreadcrumbList\",\"@id\":\"https:\/\/www.dui.dk\/123\/kampagne-logo\/#breadcrumb\",\"itemListElement\":[{\"@type\":\"ListItem\",\"position\":1,\"name\":\"Hjem\",\"item\":\"https:\/\/www.dui.dk\/123\/\"},{\"@type\":\"ListItem\",\"position\":2,\"name\":\"Kampagne logo\"}]},{\"@type\":\"WebSite\",\"@id\":\"https:\/\/www.dui.dk\/123\/#website\",\"url\":\"https:\/\/www.dui.dk\/123\/\",\"name\":\"\",\"description\":\"Endnu en DUI-LEG og VIRKE lokalafdelinger-side\",\"potentialAction\":[{\"@type\":\"SearchAction\",\"target\":{\"@type\":\"EntryPoint\",\"urlTemplate\":\"https:\/\/www.dui.dk\/123\/?s={search_term_string}\"},\"query-input\":{\"@type\":\"PropertyValueSpecification\",\"valueRequired\":true,\"valueName\":\"search_term_string\"}}],\"inLanguage\":\"da-DK\"}]}<\/script>\n<!-- \/ Yoast SEO plugin. -->","yoast_head_json":{"title":"Kampagne logo -","robots":{"index":"index","follow":"follow","max-snippet":"max-snippet:-1","max-image-preview":"max-image-preview:large","max-video-preview":"max-video-preview:-1"},"canonical":"https:\/\/www.dui.dk\/123\/kampagne-logo\/","og_locale":"da_DK","og_type":"article","og_title":"Kampagne logo -","og_description":"&nbsp; Her finder du vores kampagnelogo til kampagnen &#8220;Aktiviteter for hele familien&#8221;. Bare klik p\u00e5 linket og download. De store er i 300dpi og de sm\u00e5 er i 72dpi. P\u00e5 linket her til h\u00f8jre kan du hente dem alle ned p\u00e5 en gang. Stor JPG\u00a0&#8211;\u00a0Lille JPG Stor JPG\u00a0&#8211;\u00a0Lille JPG Stor JPG\u00a0&#8211;\u00a0Lille JPG Stor PNG\u00a0&#8211;\u00a0Lille PNG [&hellip;]","og_url":"https:\/\/www.dui.dk\/123\/kampagne-logo\/","article_modified_time":"2021-02-08T12:14:20+00:00","og_image":[{"url":"https:\/\/www.dui.dk\/123\/wp-content\/uploads\/sites\/75\/2020\/09\/Download-Kampagnelogos.png","type":"","width":"","height":""}],"twitter_card":"summary_large_image","schema":{"@context":"https:\/\/schema.org","@graph":[{"@type":"WebPage","@id":"https:\/\/www.dui.dk\/123\/kampagne-logo\/","url":"https:\/\/www.dui.dk\/123\/kampagne-logo\/","name":"Kampagne logo -","isPartOf":{"@id":"https:\/\/www.dui.dk\/123\/#website"},"primaryImageOfPage":{"@id":"https:\/\/www.dui.dk\/123\/kampagne-logo\/#primaryimage"},"image":{"@id":"https:\/\/www.dui.dk\/123\/kampagne-logo\/#primaryimage"},"thumbnailUrl":"https:\/\/www.dui.dk\/123\/wp-content\/uploads\/sites\/75\/2020\/09\/Download-Kampagnelogos.png","datePublished":"2020-09-29T08:58:40+00:00","dateModified":"2021-02-08T12:14:20+00:00","breadcrumb":{"@id":"https:\/\/www.dui.dk\/123\/kampagne-logo\/#breadcrumb"},"inLanguage":"da-DK","potentialAction":[{"@type":"ReadAction","target":["https:\/\/www.dui.dk\/123\/kampagne-logo\/"]}]},{"@type":"ImageObject","inLanguage":"da-DK","@id":"https:\/\/www.dui.dk\/123\/kampagne-logo\/#primaryimage","url":"https:\/\/www.dui.dk\/123\/wp-content\/uploads\/sites\/75\/2020\/09\/Download-Kampagnelogos.png","contentUrl":"https:\/\/www.dui.dk\/123\/wp-content\/uploads\/sites\/75\/2020\/09\/Download-Kampagnelogos.png","width":80,"height":100},{"@type":"BreadcrumbList","@id":"https:\/\/www.dui.dk\/123\/kampagne-logo\/#breadcrumb","itemListElement":[{"@type":"ListItem","position":1,"name":"Hjem","item":"https:\/\/www.dui.dk\/123\/"},{"@type":"ListItem","position":2,"name":"Kampagne logo"}]},{"@type":"WebSite","@id":"https:\/\/www.dui.dk\/123\/#website","url":"https:\/\/www.dui.dk\/123\/","name":"","description":"Endnu en DUI-LEG og VIRKE lokalafdelinger-side","potentialAction":[{"@type":"SearchAction","target":{"@type":"EntryPoint","urlTemplate":"https:\/\/www.dui.dk\/123\/?s={search_term_string}"},"query-input":{"@type":"PropertyValueSpecification","valueRequired":true,"valueName":"search_term_string"}}],"inLanguage":"da-DK"}]}},"_links":{"self":[{"href":"https:\/\/www.dui.dk\/123\/wp-json\/wp\/v2\/pages\/759","targetHints":{"allow":["GET"]}}],"collection":[{"href":"https:\/\/www.dui.dk\/123\/wp-json\/wp\/v2\/pages"}],"about":[{"href":"https:\/\/www.dui.dk\/123\/wp-json\/wp\/v2\/types\/page"}],"author":[{"embeddable":true,"href":"https:\/\/www.dui.dk\/123\/wp-json\/wp\/v2\/users\/4"}],"replies":[{"embeddable":true,"href":"https:\/\/www.dui.dk\/123\/wp-json\/wp\/v2\/comments?post=759"}],"version-history":[{"count":13,"href":"https:\/\/www.dui.dk\/123\/wp-json\/wp\/v2\/pages\/759\/revisions"}],"predecessor-version":[{"id":873,"href":"https:\/\/www.dui.dk\/123\/wp-json\/wp\/v2\/pages\/759\/revisions\/873"}],"wp:attachment":[{"href":"https:\/\/www.dui.dk\/123\/wp-json\/wp\/v2\/media?parent=759"}],"curies":[{"name":"wp","href":"https:\/\/api.w.org\/{rel}","templated":true}]}}