{"id":71,"date":"2018-08-09T11:32:57","date_gmt":"2018-08-09T11:32:57","guid":{"rendered":"http:\/\/www.dui.dk\/123\/?page_id=71"},"modified":"2024-12-17T14:07:34","modified_gmt":"2024-12-17T14:07:34","slug":"aktivitetsbeskrivelser","status":"publish","type":"page","link":"https:\/\/www.dui.dk\/123\/aktivitetsbeskrivelser\/","title":{"rendered":"Aktivitetsbeskrivelser"},"content":{"rendered":"<p><img loading=\"lazy\" decoding=\"async\" class=\"wp-image-1659  alignright\" src=\"https:\/\/www.dui.dk\/123\/wp-content\/uploads\/sites\/75\/2024\/12\/Samlet-programmer-240x300.png\" alt=\"\" width=\"187\" height=\"233\" srcset=\"https:\/\/www.dui.dk\/123\/wp-content\/uploads\/sites\/75\/2024\/12\/Samlet-programmer-240x300.png 240w, https:\/\/www.dui.dk\/123\/wp-content\/uploads\/sites\/75\/2024\/12\/Samlet-programmer-821x1024.png 821w, https:\/\/www.dui.dk\/123\/wp-content\/uploads\/sites\/75\/2024\/12\/Samlet-programmer-768x958.png 768w, https:\/\/www.dui.dk\/123\/wp-content\/uploads\/sites\/75\/2024\/12\/Samlet-programmer-600x749.png 600w, https:\/\/www.dui.dk\/123\/wp-content\/uploads\/sites\/75\/2024\/12\/Samlet-programmer-1231x1536.png 1231w, https:\/\/www.dui.dk\/123\/wp-content\/uploads\/sites\/75\/2024\/12\/Samlet-programmer-1642x2048.png 1642w\" sizes=\"auto, (max-width: 187px) 100vw, 187px\" \/>Aktivitetsbeskrivelserne er til for, at I, i afdelingerne, kan f\u00e5 inspiration til, hvilke aktiviteter, I kan lave og hvordan. Beskrivelserne er kun forslag og derfor noget, I kan tage udgangspunkt i, hvis I har brug for ideer og retningslinjer. Derfor kan I f.eks. ud fra punktet \u201cM\u00e5lgruppe\u201d se, at der bliver beskrevet dem som tilt\u00e6nkes, at aktiviteten hovedsageligt er til for. Dette er ikke ensbetydende med, at andre personer ikke ogs\u00e5 kan deltage. Det samme g\u00e6lder for; hvor, hvorn\u00e5r og hvor ofte &#8211; aktiviteten kan foreg\u00e5 meget forskelligt fra afdeling til afdeling, og derfor er dette blot et forslag, ud fra, hvad der er erfaret er en god m\u00e5de at udf\u00f8re aktiviteterne p\u00e5.<\/p>\n<p>&nbsp;<\/p>\n<p><strong>Hvor kan I finde hj\u00e6lp?<\/strong><br \/>\nI kan s\u00f8ge\/finde \u00f8konomisk st\u00f8tte til aktiviteterne via samarbejder, fundraising og i lokalomr\u00e5det. Dette kan Sekretariatet ogs\u00e5 vejlede jer i, samt besvare eventuelle tvivlssp\u00f8rgsm\u00e5l og undren vedr\u00f8rende aktiviteterne.<\/p>\n","protected":false},"excerpt":{"rendered":"<p>Aktivitetsbeskrivelserne er til for, at I, i afdelingerne, kan f\u00e5 inspiration til, hvilke aktiviteter, I kan lave og hvordan. Beskrivelserne er kun forslag og derfor noget, I kan tage udgangspunkt i, hvis I har brug for ideer og retningslinjer. Derfor kan I f.eks. ud fra punktet \u201cM\u00e5lgruppe\u201d se, at der bliver beskrevet dem som tilt\u00e6nkes, [&hellip;]<\/p>\n","protected":false},"author":4,"featured_media":0,"parent":0,"menu_order":0,"comment_status":"closed","ping_status":"closed","template":"","meta":{"_acf_changed":false,"footnotes":""},"class_list":["post-71","page","type-page","status-publish","hentry"],"acf":[],"yoast_head":"<!-- This site is optimized with the Yoast SEO plugin v27.1.1 - https:\/\/yoast.com\/product\/yoast-seo-wordpress\/ -->\n<title>Aktivitetsbeskrivelser -<\/title>\n<meta name=\"robots\" content=\"index, follow, max-snippet:-1, max-image-preview:large, max-video-preview:-1\" \/>\n<link rel=\"canonical\" href=\"https:\/\/www.dui.dk\/123\/aktivitetsbeskrivelser\/\" \/>\n<meta property=\"og:locale\" content=\"da_DK\" \/>\n<meta property=\"og:type\" content=\"article\" \/>\n<meta property=\"og:title\" content=\"Aktivitetsbeskrivelser -\" \/>\n<meta property=\"og:description\" content=\"Aktivitetsbeskrivelserne er til for, at I, i afdelingerne, kan f\u00e5 inspiration til, hvilke aktiviteter, I kan lave og hvordan. Beskrivelserne er kun forslag og derfor noget, I kan tage udgangspunkt i, hvis I har brug for ideer og retningslinjer. Derfor kan I f.eks. ud fra punktet \u201cM\u00e5lgruppe\u201d se, at der bliver beskrevet dem som tilt\u00e6nkes, [&hellip;]\" \/>\n<meta property=\"og:url\" content=\"https:\/\/www.dui.dk\/123\/aktivitetsbeskrivelser\/\" \/>\n<meta property=\"article:modified_time\" content=\"2024-12-17T14:07:34+00:00\" \/>\n<meta property=\"og:image\" content=\"https:\/\/www.dui.dk\/123\/wp-content\/uploads\/sites\/75\/2024\/12\/Samlet-programmer-240x300.png\" \/>\n<meta name=\"twitter:card\" content=\"summary_large_image\" \/>\n<meta name=\"twitter:label1\" content=\"Estimeret l\u00e6setid\" \/>\n\t<meta name=\"twitter:data1\" content=\"1 minut\" \/>\n<script type=\"application\/ld+json\" class=\"yoast-schema-graph\">{\"@context\":\"https:\/\/schema.org\",\"@graph\":[{\"@type\":\"WebPage\",\"@id\":\"https:\/\/www.dui.dk\/123\/aktivitetsbeskrivelser\/\",\"url\":\"https:\/\/www.dui.dk\/123\/aktivitetsbeskrivelser\/\",\"name\":\"Aktivitetsbeskrivelser -\",\"isPartOf\":{\"@id\":\"https:\/\/www.dui.dk\/123\/#website\"},\"primaryImageOfPage\":{\"@id\":\"https:\/\/www.dui.dk\/123\/aktivitetsbeskrivelser\/#primaryimage\"},\"image\":{\"@id\":\"https:\/\/www.dui.dk\/123\/aktivitetsbeskrivelser\/#primaryimage\"},\"thumbnailUrl\":\"https:\/\/www.dui.dk\/123\/wp-content\/uploads\/sites\/75\/2024\/12\/Samlet-programmer-240x300.png\",\"datePublished\":\"2018-08-09T11:32:57+00:00\",\"dateModified\":\"2024-12-17T14:07:34+00:00\",\"breadcrumb\":{\"@id\":\"https:\/\/www.dui.dk\/123\/aktivitetsbeskrivelser\/#breadcrumb\"},\"inLanguage\":\"da-DK\",\"potentialAction\":[{\"@type\":\"ReadAction\",\"target\":[\"https:\/\/www.dui.dk\/123\/aktivitetsbeskrivelser\/\"]}]},{\"@type\":\"ImageObject\",\"inLanguage\":\"da-DK\",\"@id\":\"https:\/\/www.dui.dk\/123\/aktivitetsbeskrivelser\/#primaryimage\",\"url\":\"https:\/\/www.dui.dk\/123\/wp-content\/uploads\/sites\/75\/2024\/12\/Samlet-programmer.png\",\"contentUrl\":\"https:\/\/www.dui.dk\/123\/wp-content\/uploads\/sites\/75\/2024\/12\/Samlet-programmer.png\",\"width\":2440,\"height\":3044},{\"@type\":\"BreadcrumbList\",\"@id\":\"https:\/\/www.dui.dk\/123\/aktivitetsbeskrivelser\/#breadcrumb\",\"itemListElement\":[{\"@type\":\"ListItem\",\"position\":1,\"name\":\"Hjem\",\"item\":\"https:\/\/www.dui.dk\/123\/\"},{\"@type\":\"ListItem\",\"position\":2,\"name\":\"Aktivitetsbeskrivelser\"}]},{\"@type\":\"WebSite\",\"@id\":\"https:\/\/www.dui.dk\/123\/#website\",\"url\":\"https:\/\/www.dui.dk\/123\/\",\"name\":\"\",\"description\":\"Endnu en DUI-LEG og VIRKE lokalafdelinger-side\",\"potentialAction\":[{\"@type\":\"SearchAction\",\"target\":{\"@type\":\"EntryPoint\",\"urlTemplate\":\"https:\/\/www.dui.dk\/123\/?s={search_term_string}\"},\"query-input\":{\"@type\":\"PropertyValueSpecification\",\"valueRequired\":true,\"valueName\":\"search_term_string\"}}],\"inLanguage\":\"da-DK\"}]}<\/script>\n<!-- \/ Yoast SEO plugin. -->","yoast_head_json":{"title":"Aktivitetsbeskrivelser -","robots":{"index":"index","follow":"follow","max-snippet":"max-snippet:-1","max-image-preview":"max-image-preview:large","max-video-preview":"max-video-preview:-1"},"canonical":"https:\/\/www.dui.dk\/123\/aktivitetsbeskrivelser\/","og_locale":"da_DK","og_type":"article","og_title":"Aktivitetsbeskrivelser -","og_description":"Aktivitetsbeskrivelserne er til for, at I, i afdelingerne, kan f\u00e5 inspiration til, hvilke aktiviteter, I kan lave og hvordan. Beskrivelserne er kun forslag og derfor noget, I kan tage udgangspunkt i, hvis I har brug for ideer og retningslinjer. Derfor kan I f.eks. ud fra punktet \u201cM\u00e5lgruppe\u201d se, at der bliver beskrevet dem som tilt\u00e6nkes, [&hellip;]","og_url":"https:\/\/www.dui.dk\/123\/aktivitetsbeskrivelser\/","article_modified_time":"2024-12-17T14:07:34+00:00","og_image":[{"url":"https:\/\/www.dui.dk\/123\/wp-content\/uploads\/sites\/75\/2024\/12\/Samlet-programmer-240x300.png","type":"","width":"","height":""}],"twitter_card":"summary_large_image","twitter_misc":{"Estimeret l\u00e6setid":"1 minut"},"schema":{"@context":"https:\/\/schema.org","@graph":[{"@type":"WebPage","@id":"https:\/\/www.dui.dk\/123\/aktivitetsbeskrivelser\/","url":"https:\/\/www.dui.dk\/123\/aktivitetsbeskrivelser\/","name":"Aktivitetsbeskrivelser -","isPartOf":{"@id":"https:\/\/www.dui.dk\/123\/#website"},"primaryImageOfPage":{"@id":"https:\/\/www.dui.dk\/123\/aktivitetsbeskrivelser\/#primaryimage"},"image":{"@id":"https:\/\/www.dui.dk\/123\/aktivitetsbeskrivelser\/#primaryimage"},"thumbnailUrl":"https:\/\/www.dui.dk\/123\/wp-content\/uploads\/sites\/75\/2024\/12\/Samlet-programmer-240x300.png","datePublished":"2018-08-09T11:32:57+00:00","dateModified":"2024-12-17T14:07:34+00:00","breadcrumb":{"@id":"https:\/\/www.dui.dk\/123\/aktivitetsbeskrivelser\/#breadcrumb"},"inLanguage":"da-DK","potentialAction":[{"@type":"ReadAction","target":["https:\/\/www.dui.dk\/123\/aktivitetsbeskrivelser\/"]}]},{"@type":"ImageObject","inLanguage":"da-DK","@id":"https:\/\/www.dui.dk\/123\/aktivitetsbeskrivelser\/#primaryimage","url":"https:\/\/www.dui.dk\/123\/wp-content\/uploads\/sites\/75\/2024\/12\/Samlet-programmer.png","contentUrl":"https:\/\/www.dui.dk\/123\/wp-content\/uploads\/sites\/75\/2024\/12\/Samlet-programmer.png","width":2440,"height":3044},{"@type":"BreadcrumbList","@id":"https:\/\/www.dui.dk\/123\/aktivitetsbeskrivelser\/#breadcrumb","itemListElement":[{"@type":"ListItem","position":1,"name":"Hjem","item":"https:\/\/www.dui.dk\/123\/"},{"@type":"ListItem","position":2,"name":"Aktivitetsbeskrivelser"}]},{"@type":"WebSite","@id":"https:\/\/www.dui.dk\/123\/#website","url":"https:\/\/www.dui.dk\/123\/","name":"","description":"Endnu en DUI-LEG og VIRKE lokalafdelinger-side","potentialAction":[{"@type":"SearchAction","target":{"@type":"EntryPoint","urlTemplate":"https:\/\/www.dui.dk\/123\/?s={search_term_string}"},"query-input":{"@type":"PropertyValueSpecification","valueRequired":true,"valueName":"search_term_string"}}],"inLanguage":"da-DK"}]}},"_links":{"self":[{"href":"https:\/\/www.dui.dk\/123\/wp-json\/wp\/v2\/pages\/71","targetHints":{"allow":["GET"]}}],"collection":[{"href":"https:\/\/www.dui.dk\/123\/wp-json\/wp\/v2\/pages"}],"about":[{"href":"https:\/\/www.dui.dk\/123\/wp-json\/wp\/v2\/types\/page"}],"author":[{"embeddable":true,"href":"https:\/\/www.dui.dk\/123\/wp-json\/wp\/v2\/users\/4"}],"replies":[{"embeddable":true,"href":"https:\/\/www.dui.dk\/123\/wp-json\/wp\/v2\/comments?post=71"}],"version-history":[{"count":5,"href":"https:\/\/www.dui.dk\/123\/wp-json\/wp\/v2\/pages\/71\/revisions"}],"predecessor-version":[{"id":1684,"href":"https:\/\/www.dui.dk\/123\/wp-json\/wp\/v2\/pages\/71\/revisions\/1684"}],"wp:attachment":[{"href":"https:\/\/www.dui.dk\/123\/wp-json\/wp\/v2\/media?parent=71"}],"curies":[{"name":"wp","href":"https:\/\/api.w.org\/{rel}","templated":true}]}}