{"id":60,"date":"2018-08-09T11:24:37","date_gmt":"2018-08-09T11:24:37","guid":{"rendered":"http:\/\/www.dui.dk\/123\/?page_id=60"},"modified":"2024-05-28T12:13:09","modified_gmt":"2024-05-28T12:13:09","slug":"nyttige-links","status":"publish","type":"page","link":"https:\/\/www.dui.dk\/123\/nyttige-links\/","title":{"rendered":"Nyttige links"},"content":{"rendered":"<h3>Find det rettet hj\u00e6lperedskab<\/h3>\n<p>\u200b<\/p>\n<table style=\"border-collapse: collapse; width: 611px; height: 530px;\" border=\"0\" width=\"128\" cellspacing=\"0\" cellpadding=\"0\">\n<colgroup>\n<col style=\"width: 48pt;\" span=\"2\" width=\"64\" \/> <\/colgroup>\n<tbody>\n<tr style=\"height: 15.0pt;\">\n<td style=\"height: 15.0pt; width: 48pt;\" width=\"64\" height=\"20\"><strong>Klik p\u00e5 linket<\/strong><\/td>\n<td style=\"width: 48pt;\" width=\"64\"><strong>Kort beskrivelse<\/strong><\/td>\n<\/tr>\n<tr style=\"height: 15.0pt;\">\n<td style=\"height: 15.0pt;\" height=\"20\"><a href=\"http:\/\/medlem.dui.dk\"><img loading=\"lazy\" decoding=\"async\" class=\"alignnone size-medium wp-image-730\" src=\"https:\/\/www.dui.dk\/123\/wp-content\/uploads\/sites\/75\/2020\/03\/efe-300x150.png\" alt=\"\" width=\"300\" height=\"150\" srcset=\"https:\/\/www.dui.dk\/123\/wp-content\/uploads\/sites\/75\/2020\/03\/efe-300x150.png 300w, https:\/\/www.dui.dk\/123\/wp-content\/uploads\/sites\/75\/2020\/03\/efe-600x300.png 600w, https:\/\/www.dui.dk\/123\/wp-content\/uploads\/sites\/75\/2020\/03\/efe.png 705w\" sizes=\"auto, (max-width: 300px) 100vw, 300px\" \/><\/a><\/td>\n<td>\n<h3><a href=\"http:\/\/medlem.dui.dk\">Medlemssystemet<\/a><\/h3>\n<p>P\u00e5 medlem.dui.dk finder du DUI-LEG og VIRKEs gamle medlemssystem.<\/td>\n<\/tr>\n<tr style=\"height: 15.0pt;\">\n<td style=\"height: 15.0pt;\" height=\"20\"><a href=\"https:\/\/vores.dui.dk\/login\"><img loading=\"lazy\" decoding=\"async\" class=\"alignnone wp-image-1396 size-full\" src=\"https:\/\/www.dui.dk\/123\/wp-content\/uploads\/sites\/75\/2024\/05\/VoresDUI-300x150-1.png\" alt=\"\" width=\"300\" height=\"150\" \/><\/a><\/td>\n<td>\n<h3><a href=\"https:\/\/vores.dui.dk\/login\">Vores DUI<\/a><\/h3>\n<p>P\u00e5 vores.dui.dk finder du DUI-LEG og VIRKEs nye medlemssystem. Her administreres medlemmer af b\u00e5de afdelingsbestyrelserne og Landsforbundet.<\/td>\n<\/tr>\n<tr style=\"height: 15.0pt;\">\n<td style=\"height: 15.0pt;\" height=\"20\"><a href=\"http:\/\/foreningsredskaber.dk\/\"><img loading=\"lazy\" decoding=\"async\" class=\"wp-image-133 size-full alignnone\" src=\"https:\/\/www.dui.dk\/123\/wp-content\/uploads\/sites\/75\/2018\/08\/SCREEN-LINK-Redskaber.png\" alt=\"\" width=\"150\" height=\"100\" \/><\/a><\/td>\n<td>\n<h3><a href=\"http:\/\/foreningsredskaber.dk\/\">Foreningsredskaber.dk<\/a><\/h3>\n<p>Denne hjemmeside er lavet af det landsd\u00e6kkende Samr\u00e5d som DUI-LEG og VIRKE ogs\u00e5 er en del af. Siden rummer mange gode\u00a0r\u00e5d\/redskaber til gavn i foreningsarbejdet.<\/td>\n<\/tr>\n<tr style=\"height: 15.0pt;\">\n<td style=\"height: 15.0pt;\" height=\"20\">\n<h3><a href=\"https:\/\/aktiviteter.dds.dk\/\"><img loading=\"lazy\" decoding=\"async\" class=\"wp-image-132 size-full alignnone\" src=\"https:\/\/www.dui.dk\/123\/wp-content\/uploads\/sites\/75\/2018\/08\/SCREEN-LINK-Aktivitetsdatabase.png\" alt=\"\" width=\"150\" height=\"100\" \/><\/a><\/h3>\n<\/td>\n<td>\n<h3><a href=\"https:\/\/aktiviteter.dds.dk\/\">Aktivitetsdatabasen.dk<\/a><\/h3>\n<p>Det Danske Spejderkorps har lavet denne aktivitetsdatabase, hvor man kan finde en masse gode lege, samarbejds\u00f8velser og sjove ide\u00e9r til aktiviteter. Det en nem at finde rundt i og helt klart et bes\u00f8g v\u00e6rd hvis man\u00a0mangler inspiration til nye aktiviteter.<\/td>\n<\/tr>\n<tr style=\"height: 15.0pt;\">\n<td style=\"height: 15.0pt;\" height=\"20\">\n<h3><a href=\"https:\/\/www.nemtilmeld.dk\/\"><img loading=\"lazy\" decoding=\"async\" class=\"alignnone wp-image-372 size-full\" src=\"https:\/\/www.dui.dk\/123\/wp-content\/uploads\/sites\/75\/2019\/01\/SCREEN-LINK-Nemtilmeld2.png\" alt=\"\" width=\"150\" height=\"100\" \/><\/a><\/h3>\n<\/td>\n<td>\n<h3><a href=\"https:\/\/www.nemtilmeld.dk\/\">Nemtilmeld.dk<\/a><\/h3>\n<p>Nemtilmeld er et meget brugervenligt tilmeldings system som ogs\u00e5 er gratis for foreninger. Husk derfor at s\u00f8ge Sponsorat n\u00e5r I opretter en bruger.\u00a0Findes ogs\u00e5 som app til telefonen.<\/td>\n<\/tr>\n<tr style=\"height: 15.0pt;\">\n<td style=\"height: 15.0pt;\" height=\"20\">\n<h3><a href=\"https:\/\/trello.com\/\"><img loading=\"lazy\" decoding=\"async\" class=\"alignnone wp-image-374 size-full\" src=\"https:\/\/www.dui.dk\/123\/wp-content\/uploads\/sites\/75\/2019\/01\/SCREEN-LINK-Trello2.png\" alt=\"\" width=\"150\" height=\"100\" \/><\/a><\/h3>\n<\/td>\n<td>\n<h3><a href=\"https:\/\/trello.com\/\">Trello.com<\/a><\/h3>\n<p>Trello er et nemt og meget brugervenlig\u00a0webservice, der er perfekt til at organisere f\u00e6lles arbejdsopgaver. Trello kan med fordel bruge for at f\u00e5 styr p\u00e5 opgaverne i en bestyrelse. Findes ogs\u00e5 som app til telefonen.<\/td>\n<\/tr>\n<tr style=\"height: 15.0pt;\">\n<td style=\"height: 15.0pt;\" height=\"20\"><a href=\"https:\/\/www.teamviewer.com\/en\/download\/windows\/\"><img loading=\"lazy\" decoding=\"async\" class=\"alignnone wp-image-373 size-full\" src=\"https:\/\/www.dui.dk\/123\/wp-content\/uploads\/sites\/75\/2019\/01\/SCREEN-LINK-Teamview.png\" alt=\"\" width=\"150\" height=\"100\" \/><\/a><\/td>\n<td>\n<h3><a href=\"https:\/\/www.teamviewer.com\/en\/download\/windows\/\">Teamviewer.com<\/a><\/h3>\n<p>Teamviewer er et lille hj\u00e6lpe program som g\u00f8r, at man kan se og fjernstyre en sk\u00e6rm. Hvis f.eks. man \u00f8nsker hj\u00e6lp til noget der er sv\u00e6rt at forklare, kan du give tilladelse til, at vi m\u00e5 overtage din sk\u00e6rm. Det er ofte lettere, at hj\u00e6lpe n\u00e5r man kan se hvad der sker.<\/td>\n<\/tr>\n<tr style=\"height: 15.0pt;\">\n<td style=\"height: 15.0pt;\" height=\"20\"><a href=\"https:\/\/duf.dk\/medlemstilbud\/vaerktoejer-og-guides\/\"><img loading=\"lazy\" decoding=\"async\" class=\"alignnone wp-image-424 size-full\" src=\"https:\/\/www.dui.dk\/123\/wp-content\/uploads\/sites\/75\/2019\/05\/SCREEN-LINK-DUF.png\" alt=\"\" width=\"150\" height=\"100\" \/><\/a><\/td>\n<td>\n<h3><a href=\"https:\/\/duf.dk\/medlemstilbud\/vaerktoejer-og-guides\/\">Duf.dk<\/a><\/h3>\n<p>Dansk Ungdoms F\u00e6llesr\u00e5d (DUF) har lavet denne\u00a0v\u00e6rkt\u00f8jskasse af viden, redskaber og guides til en r\u00e6kke centrale emner inden for foreningsliv og organisationsledelse.<\/td>\n<\/tr>\n<\/tbody>\n<\/table>\n","protected":false},"excerpt":{"rendered":"<p>Find det rettet hj\u00e6lperedskab \u200b Klik p\u00e5 linket Kort beskrivelse Medlemssystemet P\u00e5 medlem.dui.dk finder du DUI-LEG og VIRKEs gamle medlemssystem. Vores DUI P\u00e5 vores.dui.dk finder du DUI-LEG og VIRKEs nye medlemssystem. Her administreres medlemmer af b\u00e5de afdelingsbestyrelserne og Landsforbundet. Foreningsredskaber.dk Denne hjemmeside er lavet af det landsd\u00e6kkende Samr\u00e5d som DUI-LEG og VIRKE ogs\u00e5 er en [&hellip;]<\/p>\n","protected":false},"author":4,"featured_media":0,"parent":0,"menu_order":0,"comment_status":"closed","ping_status":"closed","template":"","meta":{"_acf_changed":false,"footnotes":""},"class_list":["post-60","page","type-page","status-publish","hentry"],"acf":[],"yoast_head":"<!-- This site is optimized with the Yoast SEO plugin v27.1.1 - https:\/\/yoast.com\/product\/yoast-seo-wordpress\/ -->\n<title>Nyttige links -<\/title>\n<meta name=\"robots\" content=\"index, follow, max-snippet:-1, max-image-preview:large, max-video-preview:-1\" \/>\n<link rel=\"canonical\" href=\"https:\/\/www.dui.dk\/123\/nyttige-links\/\" \/>\n<meta property=\"og:locale\" content=\"da_DK\" \/>\n<meta property=\"og:type\" content=\"article\" \/>\n<meta property=\"og:title\" content=\"Nyttige links -\" \/>\n<meta property=\"og:description\" content=\"Find det rettet hj\u00e6lperedskab \u200b Klik p\u00e5 linket Kort beskrivelse Medlemssystemet P\u00e5 medlem.dui.dk finder du DUI-LEG og VIRKEs gamle medlemssystem. Vores DUI P\u00e5 vores.dui.dk finder du DUI-LEG og VIRKEs nye medlemssystem. Her administreres medlemmer af b\u00e5de afdelingsbestyrelserne og Landsforbundet. Foreningsredskaber.dk Denne hjemmeside er lavet af det landsd\u00e6kkende Samr\u00e5d som DUI-LEG og VIRKE ogs\u00e5 er en [&hellip;]\" \/>\n<meta property=\"og:url\" content=\"https:\/\/www.dui.dk\/123\/nyttige-links\/\" \/>\n<meta property=\"article:modified_time\" content=\"2024-05-28T12:13:09+00:00\" \/>\n<meta property=\"og:image\" content=\"https:\/\/www.dui.dk\/123\/wp-content\/uploads\/sites\/75\/2020\/03\/efe-300x150.png\" \/>\n<meta name=\"twitter:card\" content=\"summary_large_image\" \/>\n<meta name=\"twitter:label1\" content=\"Estimeret l\u00e6setid\" \/>\n\t<meta name=\"twitter:data1\" content=\"3 minutter\" \/>\n<script type=\"application\/ld+json\" class=\"yoast-schema-graph\">{\"@context\":\"https:\/\/schema.org\",\"@graph\":[{\"@type\":\"WebPage\",\"@id\":\"https:\/\/www.dui.dk\/123\/nyttige-links\/\",\"url\":\"https:\/\/www.dui.dk\/123\/nyttige-links\/\",\"name\":\"Nyttige links -\",\"isPartOf\":{\"@id\":\"https:\/\/www.dui.dk\/123\/#website\"},\"primaryImageOfPage\":{\"@id\":\"https:\/\/www.dui.dk\/123\/nyttige-links\/#primaryimage\"},\"image\":{\"@id\":\"https:\/\/www.dui.dk\/123\/nyttige-links\/#primaryimage\"},\"thumbnailUrl\":\"https:\/\/www.dui.dk\/123\/wp-content\/uploads\/sites\/75\/2020\/03\/efe-300x150.png\",\"datePublished\":\"2018-08-09T11:24:37+00:00\",\"dateModified\":\"2024-05-28T12:13:09+00:00\",\"breadcrumb\":{\"@id\":\"https:\/\/www.dui.dk\/123\/nyttige-links\/#breadcrumb\"},\"inLanguage\":\"da-DK\",\"potentialAction\":[{\"@type\":\"ReadAction\",\"target\":[\"https:\/\/www.dui.dk\/123\/nyttige-links\/\"]}]},{\"@type\":\"ImageObject\",\"inLanguage\":\"da-DK\",\"@id\":\"https:\/\/www.dui.dk\/123\/nyttige-links\/#primaryimage\",\"url\":\"https:\/\/www.dui.dk\/123\/wp-content\/uploads\/sites\/75\/2020\/03\/efe.png\",\"contentUrl\":\"https:\/\/www.dui.dk\/123\/wp-content\/uploads\/sites\/75\/2020\/03\/efe.png\",\"width\":705,\"height\":353},{\"@type\":\"BreadcrumbList\",\"@id\":\"https:\/\/www.dui.dk\/123\/nyttige-links\/#breadcrumb\",\"itemListElement\":[{\"@type\":\"ListItem\",\"position\":1,\"name\":\"Hjem\",\"item\":\"https:\/\/www.dui.dk\/123\/\"},{\"@type\":\"ListItem\",\"position\":2,\"name\":\"Nyttige links\"}]},{\"@type\":\"WebSite\",\"@id\":\"https:\/\/www.dui.dk\/123\/#website\",\"url\":\"https:\/\/www.dui.dk\/123\/\",\"name\":\"\",\"description\":\"Endnu en DUI-LEG og VIRKE lokalafdelinger-side\",\"potentialAction\":[{\"@type\":\"SearchAction\",\"target\":{\"@type\":\"EntryPoint\",\"urlTemplate\":\"https:\/\/www.dui.dk\/123\/?s={search_term_string}\"},\"query-input\":{\"@type\":\"PropertyValueSpecification\",\"valueRequired\":true,\"valueName\":\"search_term_string\"}}],\"inLanguage\":\"da-DK\"}]}<\/script>\n<!-- \/ Yoast SEO plugin. -->","yoast_head_json":{"title":"Nyttige links -","robots":{"index":"index","follow":"follow","max-snippet":"max-snippet:-1","max-image-preview":"max-image-preview:large","max-video-preview":"max-video-preview:-1"},"canonical":"https:\/\/www.dui.dk\/123\/nyttige-links\/","og_locale":"da_DK","og_type":"article","og_title":"Nyttige links -","og_description":"Find det rettet hj\u00e6lperedskab \u200b Klik p\u00e5 linket Kort beskrivelse Medlemssystemet P\u00e5 medlem.dui.dk finder du DUI-LEG og VIRKEs gamle medlemssystem. Vores DUI P\u00e5 vores.dui.dk finder du DUI-LEG og VIRKEs nye medlemssystem. Her administreres medlemmer af b\u00e5de afdelingsbestyrelserne og Landsforbundet. Foreningsredskaber.dk Denne hjemmeside er lavet af det landsd\u00e6kkende Samr\u00e5d som DUI-LEG og VIRKE ogs\u00e5 er en [&hellip;]","og_url":"https:\/\/www.dui.dk\/123\/nyttige-links\/","article_modified_time":"2024-05-28T12:13:09+00:00","og_image":[{"url":"https:\/\/www.dui.dk\/123\/wp-content\/uploads\/sites\/75\/2020\/03\/efe-300x150.png","type":"","width":"","height":""}],"twitter_card":"summary_large_image","twitter_misc":{"Estimeret l\u00e6setid":"3 minutter"},"schema":{"@context":"https:\/\/schema.org","@graph":[{"@type":"WebPage","@id":"https:\/\/www.dui.dk\/123\/nyttige-links\/","url":"https:\/\/www.dui.dk\/123\/nyttige-links\/","name":"Nyttige links -","isPartOf":{"@id":"https:\/\/www.dui.dk\/123\/#website"},"primaryImageOfPage":{"@id":"https:\/\/www.dui.dk\/123\/nyttige-links\/#primaryimage"},"image":{"@id":"https:\/\/www.dui.dk\/123\/nyttige-links\/#primaryimage"},"thumbnailUrl":"https:\/\/www.dui.dk\/123\/wp-content\/uploads\/sites\/75\/2020\/03\/efe-300x150.png","datePublished":"2018-08-09T11:24:37+00:00","dateModified":"2024-05-28T12:13:09+00:00","breadcrumb":{"@id":"https:\/\/www.dui.dk\/123\/nyttige-links\/#breadcrumb"},"inLanguage":"da-DK","potentialAction":[{"@type":"ReadAction","target":["https:\/\/www.dui.dk\/123\/nyttige-links\/"]}]},{"@type":"ImageObject","inLanguage":"da-DK","@id":"https:\/\/www.dui.dk\/123\/nyttige-links\/#primaryimage","url":"https:\/\/www.dui.dk\/123\/wp-content\/uploads\/sites\/75\/2020\/03\/efe.png","contentUrl":"https:\/\/www.dui.dk\/123\/wp-content\/uploads\/sites\/75\/2020\/03\/efe.png","width":705,"height":353},{"@type":"BreadcrumbList","@id":"https:\/\/www.dui.dk\/123\/nyttige-links\/#breadcrumb","itemListElement":[{"@type":"ListItem","position":1,"name":"Hjem","item":"https:\/\/www.dui.dk\/123\/"},{"@type":"ListItem","position":2,"name":"Nyttige links"}]},{"@type":"WebSite","@id":"https:\/\/www.dui.dk\/123\/#website","url":"https:\/\/www.dui.dk\/123\/","name":"","description":"Endnu en DUI-LEG og VIRKE lokalafdelinger-side","potentialAction":[{"@type":"SearchAction","target":{"@type":"EntryPoint","urlTemplate":"https:\/\/www.dui.dk\/123\/?s={search_term_string}"},"query-input":{"@type":"PropertyValueSpecification","valueRequired":true,"valueName":"search_term_string"}}],"inLanguage":"da-DK"}]}},"_links":{"self":[{"href":"https:\/\/www.dui.dk\/123\/wp-json\/wp\/v2\/pages\/60","targetHints":{"allow":["GET"]}}],"collection":[{"href":"https:\/\/www.dui.dk\/123\/wp-json\/wp\/v2\/pages"}],"about":[{"href":"https:\/\/www.dui.dk\/123\/wp-json\/wp\/v2\/types\/page"}],"author":[{"embeddable":true,"href":"https:\/\/www.dui.dk\/123\/wp-json\/wp\/v2\/users\/4"}],"replies":[{"embeddable":true,"href":"https:\/\/www.dui.dk\/123\/wp-json\/wp\/v2\/comments?post=60"}],"version-history":[{"count":4,"href":"https:\/\/www.dui.dk\/123\/wp-json\/wp\/v2\/pages\/60\/revisions"}],"predecessor-version":[{"id":1397,"href":"https:\/\/www.dui.dk\/123\/wp-json\/wp\/v2\/pages\/60\/revisions\/1397"}],"wp:attachment":[{"href":"https:\/\/www.dui.dk\/123\/wp-json\/wp\/v2\/media?parent=60"}],"curies":[{"name":"wp","href":"https:\/\/api.w.org\/{rel}","templated":true}]}}