{"id":577,"date":"2019-05-28T11:24:21","date_gmt":"2019-05-28T11:24:21","guid":{"rendered":"http:\/\/www.dui.dk\/123\/?page_id=577"},"modified":"2019-05-28T11:54:02","modified_gmt":"2019-05-28T11:54:02","slug":"vigtige-overvejelser","status":"publish","type":"page","link":"https:\/\/www.dui.dk\/123\/vigtige-overvejelser\/","title":{"rendered":"Vigtige overvejelser"},"content":{"rendered":"<p>N\u00e5r man gerne vil have finansieret aktiviteter eller projekter, s\u00e5 er det vigtigt, at man selv har et overblik over, hvad der skal ske, hvorn\u00e5r og hvorfor. Derfor er det altid godt som udgangspunkt at udarbejde en projektbeskrivelse. Det fungerer dels som et dokument, man l\u00f8bende kan vende tilbage til undervejs i processen, og samtidig sikrer det, at alle parter er enige om, hvilke aftaler der er indg\u00e5et.<\/p>\n<table width=\"669\">\n<tbody>\n<tr>\n<td width=\"669\">\n<h3><strong>Titel <\/strong><\/h3>\n<p>Hvad er titlen p\u00e5 den indsats, som der s\u00f8ges st\u00f8tte til? Det kan sagtens v\u00e6re en arbejdstitel.<\/td>\n<\/tr>\n<tr>\n<td>\n<h3><strong>Problem<\/strong><\/h3>\n<p>Hvad er det for en problemstilling, indsatsen skal bidrage til at l\u00f8se? Hvordan relaterer problemstillingen sig til afdelingens og DUI-LEG og VIRKEs strategi?<\/td>\n<\/tr>\n<tr>\n<td>\n<h3><strong>Form\u00e5l<\/strong><\/h3>\n<p>Hvad er form\u00e5let med indsatsen? Hvordan kan indsatsen bidrage til, at flere b\u00f8rn og unge f\u00e5r nogle gode oplevelser, succeser eller mestringsoplevelser?<\/td>\n<\/tr>\n<tr>\n<td>\n<h3><strong>M\u00e5lgruppe<\/strong><\/h3>\n<p>Hvem er aktiviteterne i indsatsen prim\u00e6rt rettet imod (fx en s\u00e6rlig gruppe af b\u00f8rn og unge, fagpersoner eller beslutningstagere)?<\/td>\n<\/tr>\n<tr>\n<td>\n<h3><strong>Indsats og aktiviteter<\/strong><\/h3>\n<p>Kort beskrivelse af indsatsen og dens aktiviteter.<\/td>\n<\/tr>\n<tr>\n<td>\n<h3><strong>Tidsramme<\/strong><\/h3>\n<p>Hvad er den forventede tidsramme for den indsats, der s\u00f8ges st\u00f8tte til?<\/td>\n<\/tr>\n<tr>\n<td>\n<h3><strong>Forankring<\/strong><\/h3>\n<p>Hvordan skal indsatsen forankres og udbredes efter en eventuel bevillingsperiode?<\/td>\n<\/tr>\n<tr>\n<td>\n<h3><strong>\u00d8konomisk ramme<\/strong><\/h3>\n<p>Hvad er de nuv\u00e6rende forventninger til indsatstens samlede budget? Er der modtaget og\/eller ans\u00f8gt st\u00f8tte fra anden side?<\/td>\n<\/tr>\n<tr>\n<td>\n<h3><strong>Forventet ans\u00f8gt bel\u00f8b<\/strong><\/h3>\n<p>Hvor meget forventer I at ans\u00f8ge om? Har I udarbejdet et budget?<\/td>\n<\/tr>\n<tr>\n<td>\n<h3><strong>Ansvarlig for indsatsen<\/strong><\/h3>\n<p>Angiv, hvem der har det ledelsesm\u00e6ssige ansvar for indsatsen. Det er denne person, som officielt vil st\u00e5 som modtager af bevillingen. Det vil typisk v\u00e6re den \u00f8verste leder i den organisation, som st\u00e5r bag indsatsen.<\/td>\n<\/tr>\n<\/tbody>\n<\/table>\n<p>&nbsp;<\/p>\n","protected":false},"excerpt":{"rendered":"<p>N\u00e5r man gerne vil have finansieret aktiviteter eller projekter, s\u00e5 er det vigtigt, at man selv har et overblik over, hvad der skal ske, hvorn\u00e5r og hvorfor. Derfor er det altid godt som udgangspunkt at udarbejde en projektbeskrivelse. Det fungerer dels som et dokument, man l\u00f8bende kan vende tilbage til undervejs i processen, og samtidig [&hellip;]<\/p>\n","protected":false},"author":4,"featured_media":0,"parent":0,"menu_order":0,"comment_status":"closed","ping_status":"closed","template":"","meta":{"_acf_changed":false,"footnotes":""},"class_list":["post-577","page","type-page","status-publish","hentry"],"acf":[],"yoast_head":"<!-- This site is optimized with the Yoast SEO plugin v27.1.1 - https:\/\/yoast.com\/product\/yoast-seo-wordpress\/ -->\n<title>Vigtige overvejelser -<\/title>\n<meta name=\"robots\" content=\"index, follow, max-snippet:-1, max-image-preview:large, max-video-preview:-1\" \/>\n<link rel=\"canonical\" href=\"https:\/\/www.dui.dk\/123\/vigtige-overvejelser\/\" \/>\n<meta property=\"og:locale\" content=\"da_DK\" \/>\n<meta property=\"og:type\" content=\"article\" \/>\n<meta property=\"og:title\" content=\"Vigtige overvejelser -\" \/>\n<meta property=\"og:description\" content=\"N\u00e5r man gerne vil have finansieret aktiviteter eller projekter, s\u00e5 er det vigtigt, at man selv har et overblik over, hvad der skal ske, hvorn\u00e5r og hvorfor. Derfor er det altid godt som udgangspunkt at udarbejde en projektbeskrivelse. Det fungerer dels som et dokument, man l\u00f8bende kan vende tilbage til undervejs i processen, og samtidig [&hellip;]\" \/>\n<meta property=\"og:url\" content=\"https:\/\/www.dui.dk\/123\/vigtige-overvejelser\/\" \/>\n<meta property=\"article:modified_time\" content=\"2019-05-28T11:54:02+00:00\" \/>\n<meta name=\"twitter:card\" content=\"summary_large_image\" \/>\n<meta name=\"twitter:label1\" content=\"Estimeret l\u00e6setid\" \/>\n\t<meta name=\"twitter:data1\" content=\"1 minut\" \/>\n<script type=\"application\/ld+json\" class=\"yoast-schema-graph\">{\"@context\":\"https:\/\/schema.org\",\"@graph\":[{\"@type\":\"WebPage\",\"@id\":\"https:\/\/www.dui.dk\/123\/vigtige-overvejelser\/\",\"url\":\"https:\/\/www.dui.dk\/123\/vigtige-overvejelser\/\",\"name\":\"Vigtige overvejelser -\",\"isPartOf\":{\"@id\":\"https:\/\/www.dui.dk\/123\/#website\"},\"datePublished\":\"2019-05-28T11:24:21+00:00\",\"dateModified\":\"2019-05-28T11:54:02+00:00\",\"breadcrumb\":{\"@id\":\"https:\/\/www.dui.dk\/123\/vigtige-overvejelser\/#breadcrumb\"},\"inLanguage\":\"da-DK\",\"potentialAction\":[{\"@type\":\"ReadAction\",\"target\":[\"https:\/\/www.dui.dk\/123\/vigtige-overvejelser\/\"]}]},{\"@type\":\"BreadcrumbList\",\"@id\":\"https:\/\/www.dui.dk\/123\/vigtige-overvejelser\/#breadcrumb\",\"itemListElement\":[{\"@type\":\"ListItem\",\"position\":1,\"name\":\"Hjem\",\"item\":\"https:\/\/www.dui.dk\/123\/\"},{\"@type\":\"ListItem\",\"position\":2,\"name\":\"Vigtige overvejelser\"}]},{\"@type\":\"WebSite\",\"@id\":\"https:\/\/www.dui.dk\/123\/#website\",\"url\":\"https:\/\/www.dui.dk\/123\/\",\"name\":\"\",\"description\":\"Endnu en DUI-LEG og VIRKE lokalafdelinger-side\",\"potentialAction\":[{\"@type\":\"SearchAction\",\"target\":{\"@type\":\"EntryPoint\",\"urlTemplate\":\"https:\/\/www.dui.dk\/123\/?s={search_term_string}\"},\"query-input\":{\"@type\":\"PropertyValueSpecification\",\"valueRequired\":true,\"valueName\":\"search_term_string\"}}],\"inLanguage\":\"da-DK\"}]}<\/script>\n<!-- \/ Yoast SEO plugin. -->","yoast_head_json":{"title":"Vigtige overvejelser -","robots":{"index":"index","follow":"follow","max-snippet":"max-snippet:-1","max-image-preview":"max-image-preview:large","max-video-preview":"max-video-preview:-1"},"canonical":"https:\/\/www.dui.dk\/123\/vigtige-overvejelser\/","og_locale":"da_DK","og_type":"article","og_title":"Vigtige overvejelser -","og_description":"N\u00e5r man gerne vil have finansieret aktiviteter eller projekter, s\u00e5 er det vigtigt, at man selv har et overblik over, hvad der skal ske, hvorn\u00e5r og hvorfor. Derfor er det altid godt som udgangspunkt at udarbejde en projektbeskrivelse. Det fungerer dels som et dokument, man l\u00f8bende kan vende tilbage til undervejs i processen, og samtidig [&hellip;]","og_url":"https:\/\/www.dui.dk\/123\/vigtige-overvejelser\/","article_modified_time":"2019-05-28T11:54:02+00:00","twitter_card":"summary_large_image","twitter_misc":{"Estimeret l\u00e6setid":"1 minut"},"schema":{"@context":"https:\/\/schema.org","@graph":[{"@type":"WebPage","@id":"https:\/\/www.dui.dk\/123\/vigtige-overvejelser\/","url":"https:\/\/www.dui.dk\/123\/vigtige-overvejelser\/","name":"Vigtige overvejelser -","isPartOf":{"@id":"https:\/\/www.dui.dk\/123\/#website"},"datePublished":"2019-05-28T11:24:21+00:00","dateModified":"2019-05-28T11:54:02+00:00","breadcrumb":{"@id":"https:\/\/www.dui.dk\/123\/vigtige-overvejelser\/#breadcrumb"},"inLanguage":"da-DK","potentialAction":[{"@type":"ReadAction","target":["https:\/\/www.dui.dk\/123\/vigtige-overvejelser\/"]}]},{"@type":"BreadcrumbList","@id":"https:\/\/www.dui.dk\/123\/vigtige-overvejelser\/#breadcrumb","itemListElement":[{"@type":"ListItem","position":1,"name":"Hjem","item":"https:\/\/www.dui.dk\/123\/"},{"@type":"ListItem","position":2,"name":"Vigtige overvejelser"}]},{"@type":"WebSite","@id":"https:\/\/www.dui.dk\/123\/#website","url":"https:\/\/www.dui.dk\/123\/","name":"","description":"Endnu en DUI-LEG og VIRKE lokalafdelinger-side","potentialAction":[{"@type":"SearchAction","target":{"@type":"EntryPoint","urlTemplate":"https:\/\/www.dui.dk\/123\/?s={search_term_string}"},"query-input":{"@type":"PropertyValueSpecification","valueRequired":true,"valueName":"search_term_string"}}],"inLanguage":"da-DK"}]}},"_links":{"self":[{"href":"https:\/\/www.dui.dk\/123\/wp-json\/wp\/v2\/pages\/577","targetHints":{"allow":["GET"]}}],"collection":[{"href":"https:\/\/www.dui.dk\/123\/wp-json\/wp\/v2\/pages"}],"about":[{"href":"https:\/\/www.dui.dk\/123\/wp-json\/wp\/v2\/types\/page"}],"author":[{"embeddable":true,"href":"https:\/\/www.dui.dk\/123\/wp-json\/wp\/v2\/users\/4"}],"replies":[{"embeddable":true,"href":"https:\/\/www.dui.dk\/123\/wp-json\/wp\/v2\/comments?post=577"}],"version-history":[{"count":4,"href":"https:\/\/www.dui.dk\/123\/wp-json\/wp\/v2\/pages\/577\/revisions"}],"predecessor-version":[{"id":595,"href":"https:\/\/www.dui.dk\/123\/wp-json\/wp\/v2\/pages\/577\/revisions\/595"}],"wp:attachment":[{"href":"https:\/\/www.dui.dk\/123\/wp-json\/wp\/v2\/media?parent=577"}],"curies":[{"name":"wp","href":"https:\/\/api.w.org\/{rel}","templated":true}]}}