{"id":573,"date":"2019-05-28T11:22:00","date_gmt":"2019-05-28T11:22:00","guid":{"rendered":"http:\/\/www.dui.dk\/123\/?page_id=573"},"modified":"2019-05-28T11:48:40","modified_gmt":"2019-05-28T11:48:40","slug":"foer-i-soeger","status":"publish","type":"page","link":"https:\/\/www.dui.dk\/123\/foer-i-soeger\/","title":{"rendered":"F\u00f8r I s\u00f8ger"},"content":{"rendered":"<p><img loading=\"lazy\" decoding=\"async\" class=\"size-full wp-image-562 alignright\" src=\"https:\/\/www.dui.dk\/123\/wp-content\/uploads\/sites\/75\/2019\/05\/S-icon-tjekliste.png\" alt=\"\" width=\"300\" height=\"250\" \/>V\u00e6r opm\u00e6rksom\u00a0p\u00e5, at der ofte er flere m\u00e5neders behandlingstid\u00a0p\u00e5 en ans\u00f8gning. S\u00e5 planl\u00e6g det s\u00e5ledes, at der er tid til at skaffe de n\u00f8dvendige midler. Man kan ogs\u00e5 nogle gange\u00a0med fordel s\u00f8ge tilskud til samme projekt\u00a0flere steder p\u00e5 en gang. Men har man allerede modtaget tilskud, der d\u00e6kker hele projektet,\u00a0skal man straks give besked de andre\u00a0steder. Det er ikke lovligt at modtage\u00a0dobbelt tilskud.<\/p>\n<p>Husk altid at v\u00e6re \u00e6rlige om hvad I s\u00f8ger. V\u00e6r ogs\u00e5 opm\u00e6rksomme p\u00e5 at et godkendt regnskab og et s\u00e6t godkendte vedt\u00e6gter ofte skal medsendes,\u00a0hvis man s\u00f8ger \u00f8konomiske tilskud.<\/p>\n<p>Mange steder har man i dag et ans\u00f8gningsskema, der skal udfyldes, hvilket g\u00f8r det utrolig let, men det er forskelligt fra sted til sted.<\/p>\n","protected":false},"excerpt":{"rendered":"<p>V\u00e6r opm\u00e6rksom\u00a0p\u00e5, at der ofte er flere m\u00e5neders behandlingstid\u00a0p\u00e5 en ans\u00f8gning. S\u00e5 planl\u00e6g det s\u00e5ledes, at der er tid til at skaffe de n\u00f8dvendige midler. Man kan ogs\u00e5 nogle gange\u00a0med fordel s\u00f8ge tilskud til samme projekt\u00a0flere steder p\u00e5 en gang. Men har man allerede modtaget tilskud, der d\u00e6kker hele projektet,\u00a0skal man straks give besked de [&hellip;]<\/p>\n","protected":false},"author":4,"featured_media":0,"parent":0,"menu_order":0,"comment_status":"closed","ping_status":"closed","template":"","meta":{"_acf_changed":false,"footnotes":""},"class_list":["post-573","page","type-page","status-publish","hentry"],"acf":[],"yoast_head":"<!-- This site is optimized with the Yoast SEO plugin v27.1.1 - https:\/\/yoast.com\/product\/yoast-seo-wordpress\/ -->\n<title>F\u00f8r I s\u00f8ger -<\/title>\n<meta name=\"robots\" content=\"index, follow, max-snippet:-1, max-image-preview:large, max-video-preview:-1\" \/>\n<link rel=\"canonical\" href=\"https:\/\/www.dui.dk\/123\/foer-i-soeger\/\" \/>\n<meta property=\"og:locale\" content=\"da_DK\" \/>\n<meta property=\"og:type\" content=\"article\" \/>\n<meta property=\"og:title\" content=\"F\u00f8r I s\u00f8ger -\" \/>\n<meta property=\"og:description\" content=\"V\u00e6r opm\u00e6rksom\u00a0p\u00e5, at der ofte er flere m\u00e5neders behandlingstid\u00a0p\u00e5 en ans\u00f8gning. S\u00e5 planl\u00e6g det s\u00e5ledes, at der er tid til at skaffe de n\u00f8dvendige midler. Man kan ogs\u00e5 nogle gange\u00a0med fordel s\u00f8ge tilskud til samme projekt\u00a0flere steder p\u00e5 en gang. Men har man allerede modtaget tilskud, der d\u00e6kker hele projektet,\u00a0skal man straks give besked de [&hellip;]\" \/>\n<meta property=\"og:url\" content=\"https:\/\/www.dui.dk\/123\/foer-i-soeger\/\" \/>\n<meta property=\"article:modified_time\" content=\"2019-05-28T11:48:40+00:00\" \/>\n<meta property=\"og:image\" content=\"https:\/\/www.dui.dk\/123\/wp-content\/uploads\/sites\/75\/2019\/05\/S-icon-tjekliste.png\" \/>\n<meta name=\"twitter:card\" content=\"summary_large_image\" \/>\n<meta name=\"twitter:label1\" content=\"Estimeret l\u00e6setid\" \/>\n\t<meta name=\"twitter:data1\" content=\"1 minut\" \/>\n<script type=\"application\/ld+json\" class=\"yoast-schema-graph\">{\"@context\":\"https:\/\/schema.org\",\"@graph\":[{\"@type\":\"WebPage\",\"@id\":\"https:\/\/www.dui.dk\/123\/foer-i-soeger\/\",\"url\":\"https:\/\/www.dui.dk\/123\/foer-i-soeger\/\",\"name\":\"F\u00f8r I s\u00f8ger -\",\"isPartOf\":{\"@id\":\"https:\/\/www.dui.dk\/123\/#website\"},\"primaryImageOfPage\":{\"@id\":\"https:\/\/www.dui.dk\/123\/foer-i-soeger\/#primaryimage\"},\"image\":{\"@id\":\"https:\/\/www.dui.dk\/123\/foer-i-soeger\/#primaryimage\"},\"thumbnailUrl\":\"https:\/\/www.dui.dk\/123\/wp-content\/uploads\/sites\/75\/2019\/05\/S-icon-tjekliste.png\",\"datePublished\":\"2019-05-28T11:22:00+00:00\",\"dateModified\":\"2019-05-28T11:48:40+00:00\",\"breadcrumb\":{\"@id\":\"https:\/\/www.dui.dk\/123\/foer-i-soeger\/#breadcrumb\"},\"inLanguage\":\"da-DK\",\"potentialAction\":[{\"@type\":\"ReadAction\",\"target\":[\"https:\/\/www.dui.dk\/123\/foer-i-soeger\/\"]}]},{\"@type\":\"ImageObject\",\"inLanguage\":\"da-DK\",\"@id\":\"https:\/\/www.dui.dk\/123\/foer-i-soeger\/#primaryimage\",\"url\":\"https:\/\/www.dui.dk\/123\/wp-content\/uploads\/sites\/75\/2019\/05\/S-icon-tjekliste.png\",\"contentUrl\":\"https:\/\/www.dui.dk\/123\/wp-content\/uploads\/sites\/75\/2019\/05\/S-icon-tjekliste.png\",\"width\":300,\"height\":250},{\"@type\":\"BreadcrumbList\",\"@id\":\"https:\/\/www.dui.dk\/123\/foer-i-soeger\/#breadcrumb\",\"itemListElement\":[{\"@type\":\"ListItem\",\"position\":1,\"name\":\"Hjem\",\"item\":\"https:\/\/www.dui.dk\/123\/\"},{\"@type\":\"ListItem\",\"position\":2,\"name\":\"F\u00f8r I s\u00f8ger\"}]},{\"@type\":\"WebSite\",\"@id\":\"https:\/\/www.dui.dk\/123\/#website\",\"url\":\"https:\/\/www.dui.dk\/123\/\",\"name\":\"\",\"description\":\"Endnu en DUI-LEG og VIRKE lokalafdelinger-side\",\"potentialAction\":[{\"@type\":\"SearchAction\",\"target\":{\"@type\":\"EntryPoint\",\"urlTemplate\":\"https:\/\/www.dui.dk\/123\/?s={search_term_string}\"},\"query-input\":{\"@type\":\"PropertyValueSpecification\",\"valueRequired\":true,\"valueName\":\"search_term_string\"}}],\"inLanguage\":\"da-DK\"}]}<\/script>\n<!-- \/ Yoast SEO plugin. -->","yoast_head_json":{"title":"F\u00f8r I s\u00f8ger -","robots":{"index":"index","follow":"follow","max-snippet":"max-snippet:-1","max-image-preview":"max-image-preview:large","max-video-preview":"max-video-preview:-1"},"canonical":"https:\/\/www.dui.dk\/123\/foer-i-soeger\/","og_locale":"da_DK","og_type":"article","og_title":"F\u00f8r I s\u00f8ger -","og_description":"V\u00e6r opm\u00e6rksom\u00a0p\u00e5, at der ofte er flere m\u00e5neders behandlingstid\u00a0p\u00e5 en ans\u00f8gning. S\u00e5 planl\u00e6g det s\u00e5ledes, at der er tid til at skaffe de n\u00f8dvendige midler. Man kan ogs\u00e5 nogle gange\u00a0med fordel s\u00f8ge tilskud til samme projekt\u00a0flere steder p\u00e5 en gang. Men har man allerede modtaget tilskud, der d\u00e6kker hele projektet,\u00a0skal man straks give besked de [&hellip;]","og_url":"https:\/\/www.dui.dk\/123\/foer-i-soeger\/","article_modified_time":"2019-05-28T11:48:40+00:00","og_image":[{"url":"https:\/\/www.dui.dk\/123\/wp-content\/uploads\/sites\/75\/2019\/05\/S-icon-tjekliste.png","type":"","width":"","height":""}],"twitter_card":"summary_large_image","twitter_misc":{"Estimeret l\u00e6setid":"1 minut"},"schema":{"@context":"https:\/\/schema.org","@graph":[{"@type":"WebPage","@id":"https:\/\/www.dui.dk\/123\/foer-i-soeger\/","url":"https:\/\/www.dui.dk\/123\/foer-i-soeger\/","name":"F\u00f8r I s\u00f8ger -","isPartOf":{"@id":"https:\/\/www.dui.dk\/123\/#website"},"primaryImageOfPage":{"@id":"https:\/\/www.dui.dk\/123\/foer-i-soeger\/#primaryimage"},"image":{"@id":"https:\/\/www.dui.dk\/123\/foer-i-soeger\/#primaryimage"},"thumbnailUrl":"https:\/\/www.dui.dk\/123\/wp-content\/uploads\/sites\/75\/2019\/05\/S-icon-tjekliste.png","datePublished":"2019-05-28T11:22:00+00:00","dateModified":"2019-05-28T11:48:40+00:00","breadcrumb":{"@id":"https:\/\/www.dui.dk\/123\/foer-i-soeger\/#breadcrumb"},"inLanguage":"da-DK","potentialAction":[{"@type":"ReadAction","target":["https:\/\/www.dui.dk\/123\/foer-i-soeger\/"]}]},{"@type":"ImageObject","inLanguage":"da-DK","@id":"https:\/\/www.dui.dk\/123\/foer-i-soeger\/#primaryimage","url":"https:\/\/www.dui.dk\/123\/wp-content\/uploads\/sites\/75\/2019\/05\/S-icon-tjekliste.png","contentUrl":"https:\/\/www.dui.dk\/123\/wp-content\/uploads\/sites\/75\/2019\/05\/S-icon-tjekliste.png","width":300,"height":250},{"@type":"BreadcrumbList","@id":"https:\/\/www.dui.dk\/123\/foer-i-soeger\/#breadcrumb","itemListElement":[{"@type":"ListItem","position":1,"name":"Hjem","item":"https:\/\/www.dui.dk\/123\/"},{"@type":"ListItem","position":2,"name":"F\u00f8r I s\u00f8ger"}]},{"@type":"WebSite","@id":"https:\/\/www.dui.dk\/123\/#website","url":"https:\/\/www.dui.dk\/123\/","name":"","description":"Endnu en DUI-LEG og VIRKE lokalafdelinger-side","potentialAction":[{"@type":"SearchAction","target":{"@type":"EntryPoint","urlTemplate":"https:\/\/www.dui.dk\/123\/?s={search_term_string}"},"query-input":{"@type":"PropertyValueSpecification","valueRequired":true,"valueName":"search_term_string"}}],"inLanguage":"da-DK"}]}},"_links":{"self":[{"href":"https:\/\/www.dui.dk\/123\/wp-json\/wp\/v2\/pages\/573","targetHints":{"allow":["GET"]}}],"collection":[{"href":"https:\/\/www.dui.dk\/123\/wp-json\/wp\/v2\/pages"}],"about":[{"href":"https:\/\/www.dui.dk\/123\/wp-json\/wp\/v2\/types\/page"}],"author":[{"embeddable":true,"href":"https:\/\/www.dui.dk\/123\/wp-json\/wp\/v2\/users\/4"}],"replies":[{"embeddable":true,"href":"https:\/\/www.dui.dk\/123\/wp-json\/wp\/v2\/comments?post=573"}],"version-history":[{"count":2,"href":"https:\/\/www.dui.dk\/123\/wp-json\/wp\/v2\/pages\/573\/revisions"}],"predecessor-version":[{"id":590,"href":"https:\/\/www.dui.dk\/123\/wp-json\/wp\/v2\/pages\/573\/revisions\/590"}],"wp:attachment":[{"href":"https:\/\/www.dui.dk\/123\/wp-json\/wp\/v2\/media?parent=573"}],"curies":[{"name":"wp","href":"https:\/\/api.w.org\/{rel}","templated":true}]}}