{"id":552,"date":"2019-05-28T08:54:03","date_gmt":"2019-05-28T08:54:03","guid":{"rendered":"http:\/\/www.dui.dk\/123\/?page_id=552"},"modified":"2021-04-08T09:11:36","modified_gmt":"2021-04-08T09:11:36","slug":"links-fonde-puljer","status":"publish","type":"page","link":"https:\/\/www.dui.dk\/123\/links-fonde-puljer\/","title":{"rendered":"Links til fonde og puljer"},"content":{"rendered":"<h3>Inspiration til steder der kan s\u00f8ges<\/h3>\n<table style=\"height: 219px;\" width=\"640\">\n<tbody>\n<tr>\n<td width=\"75\"><strong>Klik p\u00e5 linket<\/strong><\/td>\n<td width=\"215\"><strong>Kort beskrivelse<\/strong><\/td>\n<td width=\"75\"><strong>Deadline<\/strong><\/td>\n<\/tr>\n<tr>\n<td><a href=\"https:\/\/www.tuborgfondet.dk\/\"><img loading=\"lazy\" decoding=\"async\" class=\"alignnone wp-image-96 size-full\" src=\"https:\/\/www.dui.dk\/123\/wp-content\/uploads\/sites\/75\/2018\/08\/FUND-LOGO-Tuborgfondet.png\" alt=\"\" width=\"150\" height=\"75\" \/><\/a><\/td>\n<td>Tuborgfondet st\u00f8tter unge mellem 16-30 \u00e5r og organisationer med unge som m\u00e5lgruppe. Fondet st\u00f8tter projekter, id\u00e9er og aktiviteter inden for fire indsatsomr\u00e5der: Arbejdsmarked \u2013 fra ungdomsliv til arbejdsliv<\/p>\n<p>Entrepren\u00f8rskab \u2013 rum for gr\u00f8nne id\u00e9er<\/p>\n<p>Demokrati \u2013 n\u00e6ste generations stemme og deltagelse<\/p>\n<p>Kreative Erhverv \u2013 v\u00e6kstlag i rytmisk musik<\/td>\n<td>\n<h5>Ingen\/behandles l\u00f8bende<\/h5>\n<\/td>\n<\/tr>\n<tr>\n<td><a href=\"https:\/\/nordeafonden.dk\/\"><img loading=\"lazy\" decoding=\"async\" class=\"alignnone wp-image-102 size-full\" src=\"https:\/\/www.dui.dk\/123\/wp-content\/uploads\/sites\/75\/2018\/08\/FUND-LOGO-Nordeafonden.png\" alt=\"\" width=\"150\" height=\"75\" \/><\/a><\/td>\n<td>Nordea-fonden st\u00f8tter projekter, der fremmer gode liv inden for fire omr\u00e5der: Sundhed, motion, natur og kultur.<\/td>\n<td>\n<h5>Ingen\/behandles l\u00f8bende<\/h5>\n<\/td>\n<\/tr>\n<tr>\n<td><a href=\"https:\/\/friluftsraadet.dk\/tilskud\"><img loading=\"lazy\" decoding=\"async\" class=\"alignnone wp-image-107 size-full\" src=\"https:\/\/www.dui.dk\/123\/wp-content\/uploads\/sites\/75\/2018\/08\/FUND-LOGO-Friluftsr\u00e5det.png\" alt=\"\" width=\"150\" height=\"75\" \/><\/a><\/td>\n<td>Udlodningsmidler til Friluftsliv skaber nye muligheder for at opleve naturen, st\u00f8tter det frivillige engagement og udvikler de lokale f\u00e6llesskaber med friluftslivet som omdrejningspunkt.<\/td>\n<td>\n<h5>Tre deadlines om \u00e5ret<\/h5>\n<\/td>\n<\/tr>\n<tr>\n<td><a href=\"https:\/\/www.loa-fonden.dk\"><img loading=\"lazy\" decoding=\"async\" class=\"alignnone wp-image-176 size-full\" src=\"https:\/\/www.dui.dk\/123\/wp-content\/uploads\/sites\/75\/2018\/08\/Lokale-og-anl\u00e6gsfonden.png\" alt=\"\" width=\"150\" height=\"75\" \/><\/a><\/td>\n<td>Lokale og anl\u00e6gsfonden st\u00f8tter alle former for foreninger, organisationer, institutioner, fonde og kommuner, der vil bygge og drive faciliteter uden privat\u00f8konomiske interesser.<\/td>\n<td>\n<h5>Ingen\/behandles l\u00f8bende<\/h5>\n<\/td>\n<\/tr>\n<tr>\n<td><a href=\"https:\/\/www.egmontfonden.dk\/\"><img loading=\"lazy\" decoding=\"async\" class=\"alignnone wp-image-182 size-full\" src=\"https:\/\/www.dui.dk\/123\/wp-content\/uploads\/sites\/75\/2018\/08\/Egtmont-fonden.png\" alt=\"\" width=\"150\" height=\"75\" \/><\/a><\/td>\n<td>Egmont Fonden st\u00f8tter\u00a0indsatser for udsatte b\u00f8rn og unge. De st\u00f8tter der, hvor der er behov. De st\u00f8tter metodeudvikling og nyt\u00e6nkning. Og de st\u00f8tter udbredelse af indsatser, der har vist, at de har en effekt.<\/td>\n<td>\n<h5>Ingen\/behandles l\u00f8bende<\/h5>\n<\/td>\n<\/tr>\n<tr>\n<td><a href=\"https:\/\/www.bikubenfonden.dk\/vi-nyskaber-muligheder\"><img loading=\"lazy\" decoding=\"async\" class=\"alignnone wp-image-184 size-full\" src=\"https:\/\/www.dui.dk\/123\/wp-content\/uploads\/sites\/75\/2018\/08\/FUND-LOGO-Bikubenfonden.png\" alt=\"\" width=\"631\" height=\"279\" srcset=\"https:\/\/www.dui.dk\/123\/wp-content\/uploads\/sites\/75\/2018\/08\/FUND-LOGO-Bikubenfonden.png 631w, https:\/\/www.dui.dk\/123\/wp-content\/uploads\/sites\/75\/2018\/08\/FUND-LOGO-Bikubenfonden-300x133.png 300w, https:\/\/www.dui.dk\/123\/wp-content\/uploads\/sites\/75\/2018\/08\/FUND-LOGO-Bikubenfonden-600x265.png 600w\" sizes=\"auto, (max-width: 631px) 100vw, 631px\" \/><\/a><\/td>\n<td>Bikubenfonden er en uafh\u00e6ngig, erhvervsdrivende fond, der arbejder for at nyskabe muligheder for unge p\u00e5 kanten af samfundet og for aktuel scene- og billedkunst.<\/td>\n<td>\n<h5>Ingen\/behandles l\u00f8bende<\/h5>\n<\/td>\n<\/tr>\n<tr>\n<td><a href=\"https:\/\/www.trygfonden.dk\/\"><img loading=\"lazy\" decoding=\"async\" class=\"alignnone wp-image-186 size-full\" src=\"https:\/\/www.dui.dk\/123\/wp-content\/uploads\/sites\/75\/2018\/08\/FUND-LOGO-Trygfonden.png\" alt=\"\" width=\"631\" height=\"279\" srcset=\"https:\/\/www.dui.dk\/123\/wp-content\/uploads\/sites\/75\/2018\/08\/FUND-LOGO-Trygfonden.png 631w, https:\/\/www.dui.dk\/123\/wp-content\/uploads\/sites\/75\/2018\/08\/FUND-LOGO-Trygfonden-300x133.png 300w, https:\/\/www.dui.dk\/123\/wp-content\/uploads\/sites\/75\/2018\/08\/FUND-LOGO-Trygfonden-600x265.png 600w\" sizes=\"auto, (max-width: 631px) 100vw, 631px\" \/><\/a><\/td>\n<td>Trygfonden st\u00f8tter forskellige typer af initiativer, som \u00f8ger trygheden inden for 11 fokusomr\u00e5der.\u00a0 Man b\u00f8r derfor f\u00f8rst orientere sig om det der s\u00f8ges til, ligger inden for et af de omr\u00e5der.<\/td>\n<td>\n<h5>1, marts<\/h5>\n<h5>1. september<\/h5>\n<h5>1. december<\/h5>\n<\/td>\n<\/tr>\n<\/tbody>\n<\/table>\n<h3>Forskellige fondindex:<\/h3>\n<p><a href=\"https:\/\/www.kk.dk\/indhold\/andre-puljer\">Andre puljer<\/a> &#8211; K\u00f8benhavns kommune<\/p>\n<p><a href=\"http:\/\/www.aktivfundraising.dk\/fonde\/\">Oversigt over danske fonde<\/a> &#8211; Aktiv fundraising<\/p>\n<p><a href=\"https:\/\/www.artisten.dk\/Brug-DAF\/S%C3%B8g-tilskud\/Andre-fonde-og-puljer-372647\">Andre fonde og puljer<\/a> &#8211; Artisten<\/p>\n","protected":false},"excerpt":{"rendered":"<p>Inspiration til steder der kan s\u00f8ges Klik p\u00e5 linket Kort beskrivelse Deadline Tuborgfondet st\u00f8tter unge mellem 16-30 \u00e5r og organisationer med unge som m\u00e5lgruppe. Fondet st\u00f8tter projekter, id\u00e9er og aktiviteter inden for fire indsatsomr\u00e5der: Arbejdsmarked \u2013 fra ungdomsliv til arbejdsliv Entrepren\u00f8rskab \u2013 rum for gr\u00f8nne id\u00e9er Demokrati \u2013 n\u00e6ste generations stemme og deltagelse Kreative Erhverv [&hellip;]<\/p>\n","protected":false},"author":4,"featured_media":0,"parent":0,"menu_order":0,"comment_status":"closed","ping_status":"closed","template":"","meta":{"_acf_changed":false,"footnotes":""},"class_list":["post-552","page","type-page","status-publish","hentry"],"acf":[],"yoast_head":"<!-- This site is optimized with the Yoast SEO plugin v27.1.1 - https:\/\/yoast.com\/product\/yoast-seo-wordpress\/ -->\n<title>Links til fonde og puljer -<\/title>\n<meta name=\"robots\" content=\"index, follow, max-snippet:-1, max-image-preview:large, max-video-preview:-1\" \/>\n<link rel=\"canonical\" href=\"https:\/\/www.dui.dk\/123\/links-fonde-puljer\/\" \/>\n<meta property=\"og:locale\" content=\"da_DK\" \/>\n<meta property=\"og:type\" content=\"article\" \/>\n<meta property=\"og:title\" content=\"Links til fonde og puljer -\" \/>\n<meta property=\"og:description\" content=\"Inspiration til steder der kan s\u00f8ges Klik p\u00e5 linket Kort beskrivelse Deadline Tuborgfondet st\u00f8tter unge mellem 16-30 \u00e5r og organisationer med unge som m\u00e5lgruppe. Fondet st\u00f8tter projekter, id\u00e9er og aktiviteter inden for fire indsatsomr\u00e5der: Arbejdsmarked \u2013 fra ungdomsliv til arbejdsliv Entrepren\u00f8rskab \u2013 rum for gr\u00f8nne id\u00e9er Demokrati \u2013 n\u00e6ste generations stemme og deltagelse Kreative Erhverv [&hellip;]\" \/>\n<meta property=\"og:url\" content=\"https:\/\/www.dui.dk\/123\/links-fonde-puljer\/\" \/>\n<meta property=\"article:modified_time\" content=\"2021-04-08T09:11:36+00:00\" \/>\n<meta property=\"og:image\" content=\"https:\/\/www.dui.dk\/123\/wp-content\/uploads\/sites\/75\/2018\/08\/FUND-LOGO-Tuborgfondet.png\" \/>\n<meta name=\"twitter:card\" content=\"summary_large_image\" \/>\n<meta name=\"twitter:label1\" content=\"Estimeret l\u00e6setid\" \/>\n\t<meta name=\"twitter:data1\" content=\"1 minut\" \/>\n<script type=\"application\/ld+json\" class=\"yoast-schema-graph\">{\"@context\":\"https:\/\/schema.org\",\"@graph\":[{\"@type\":\"WebPage\",\"@id\":\"https:\/\/www.dui.dk\/123\/links-fonde-puljer\/\",\"url\":\"https:\/\/www.dui.dk\/123\/links-fonde-puljer\/\",\"name\":\"Links til fonde og puljer -\",\"isPartOf\":{\"@id\":\"https:\/\/www.dui.dk\/123\/#website\"},\"primaryImageOfPage\":{\"@id\":\"https:\/\/www.dui.dk\/123\/links-fonde-puljer\/#primaryimage\"},\"image\":{\"@id\":\"https:\/\/www.dui.dk\/123\/links-fonde-puljer\/#primaryimage\"},\"thumbnailUrl\":\"https:\/\/www.dui.dk\/123\/wp-content\/uploads\/sites\/75\/2018\/08\/FUND-LOGO-Tuborgfondet.png\",\"datePublished\":\"2019-05-28T08:54:03+00:00\",\"dateModified\":\"2021-04-08T09:11:36+00:00\",\"breadcrumb\":{\"@id\":\"https:\/\/www.dui.dk\/123\/links-fonde-puljer\/#breadcrumb\"},\"inLanguage\":\"da-DK\",\"potentialAction\":[{\"@type\":\"ReadAction\",\"target\":[\"https:\/\/www.dui.dk\/123\/links-fonde-puljer\/\"]}]},{\"@type\":\"ImageObject\",\"inLanguage\":\"da-DK\",\"@id\":\"https:\/\/www.dui.dk\/123\/links-fonde-puljer\/#primaryimage\",\"url\":\"https:\/\/www.dui.dk\/123\/wp-content\/uploads\/sites\/75\/2018\/08\/FUND-LOGO-Tuborgfondet.png\",\"contentUrl\":\"https:\/\/www.dui.dk\/123\/wp-content\/uploads\/sites\/75\/2018\/08\/FUND-LOGO-Tuborgfondet.png\",\"width\":150,\"height\":75},{\"@type\":\"BreadcrumbList\",\"@id\":\"https:\/\/www.dui.dk\/123\/links-fonde-puljer\/#breadcrumb\",\"itemListElement\":[{\"@type\":\"ListItem\",\"position\":1,\"name\":\"Hjem\",\"item\":\"https:\/\/www.dui.dk\/123\/\"},{\"@type\":\"ListItem\",\"position\":2,\"name\":\"Links til fonde og puljer\"}]},{\"@type\":\"WebSite\",\"@id\":\"https:\/\/www.dui.dk\/123\/#website\",\"url\":\"https:\/\/www.dui.dk\/123\/\",\"name\":\"\",\"description\":\"Endnu en DUI-LEG og VIRKE lokalafdelinger-side\",\"potentialAction\":[{\"@type\":\"SearchAction\",\"target\":{\"@type\":\"EntryPoint\",\"urlTemplate\":\"https:\/\/www.dui.dk\/123\/?s={search_term_string}\"},\"query-input\":{\"@type\":\"PropertyValueSpecification\",\"valueRequired\":true,\"valueName\":\"search_term_string\"}}],\"inLanguage\":\"da-DK\"}]}<\/script>\n<!-- \/ Yoast SEO plugin. -->","yoast_head_json":{"title":"Links til fonde og puljer -","robots":{"index":"index","follow":"follow","max-snippet":"max-snippet:-1","max-image-preview":"max-image-preview:large","max-video-preview":"max-video-preview:-1"},"canonical":"https:\/\/www.dui.dk\/123\/links-fonde-puljer\/","og_locale":"da_DK","og_type":"article","og_title":"Links til fonde og puljer -","og_description":"Inspiration til steder der kan s\u00f8ges Klik p\u00e5 linket Kort beskrivelse Deadline Tuborgfondet st\u00f8tter unge mellem 16-30 \u00e5r og organisationer med unge som m\u00e5lgruppe. Fondet st\u00f8tter projekter, id\u00e9er og aktiviteter inden for fire indsatsomr\u00e5der: Arbejdsmarked \u2013 fra ungdomsliv til arbejdsliv Entrepren\u00f8rskab \u2013 rum for gr\u00f8nne id\u00e9er Demokrati \u2013 n\u00e6ste generations stemme og deltagelse Kreative Erhverv [&hellip;]","og_url":"https:\/\/www.dui.dk\/123\/links-fonde-puljer\/","article_modified_time":"2021-04-08T09:11:36+00:00","og_image":[{"url":"https:\/\/www.dui.dk\/123\/wp-content\/uploads\/sites\/75\/2018\/08\/FUND-LOGO-Tuborgfondet.png","type":"","width":"","height":""}],"twitter_card":"summary_large_image","twitter_misc":{"Estimeret l\u00e6setid":"1 minut"},"schema":{"@context":"https:\/\/schema.org","@graph":[{"@type":"WebPage","@id":"https:\/\/www.dui.dk\/123\/links-fonde-puljer\/","url":"https:\/\/www.dui.dk\/123\/links-fonde-puljer\/","name":"Links til fonde og puljer -","isPartOf":{"@id":"https:\/\/www.dui.dk\/123\/#website"},"primaryImageOfPage":{"@id":"https:\/\/www.dui.dk\/123\/links-fonde-puljer\/#primaryimage"},"image":{"@id":"https:\/\/www.dui.dk\/123\/links-fonde-puljer\/#primaryimage"},"thumbnailUrl":"https:\/\/www.dui.dk\/123\/wp-content\/uploads\/sites\/75\/2018\/08\/FUND-LOGO-Tuborgfondet.png","datePublished":"2019-05-28T08:54:03+00:00","dateModified":"2021-04-08T09:11:36+00:00","breadcrumb":{"@id":"https:\/\/www.dui.dk\/123\/links-fonde-puljer\/#breadcrumb"},"inLanguage":"da-DK","potentialAction":[{"@type":"ReadAction","target":["https:\/\/www.dui.dk\/123\/links-fonde-puljer\/"]}]},{"@type":"ImageObject","inLanguage":"da-DK","@id":"https:\/\/www.dui.dk\/123\/links-fonde-puljer\/#primaryimage","url":"https:\/\/www.dui.dk\/123\/wp-content\/uploads\/sites\/75\/2018\/08\/FUND-LOGO-Tuborgfondet.png","contentUrl":"https:\/\/www.dui.dk\/123\/wp-content\/uploads\/sites\/75\/2018\/08\/FUND-LOGO-Tuborgfondet.png","width":150,"height":75},{"@type":"BreadcrumbList","@id":"https:\/\/www.dui.dk\/123\/links-fonde-puljer\/#breadcrumb","itemListElement":[{"@type":"ListItem","position":1,"name":"Hjem","item":"https:\/\/www.dui.dk\/123\/"},{"@type":"ListItem","position":2,"name":"Links til fonde og puljer"}]},{"@type":"WebSite","@id":"https:\/\/www.dui.dk\/123\/#website","url":"https:\/\/www.dui.dk\/123\/","name":"","description":"Endnu en DUI-LEG og VIRKE lokalafdelinger-side","potentialAction":[{"@type":"SearchAction","target":{"@type":"EntryPoint","urlTemplate":"https:\/\/www.dui.dk\/123\/?s={search_term_string}"},"query-input":{"@type":"PropertyValueSpecification","valueRequired":true,"valueName":"search_term_string"}}],"inLanguage":"da-DK"}]}},"_links":{"self":[{"href":"https:\/\/www.dui.dk\/123\/wp-json\/wp\/v2\/pages\/552","targetHints":{"allow":["GET"]}}],"collection":[{"href":"https:\/\/www.dui.dk\/123\/wp-json\/wp\/v2\/pages"}],"about":[{"href":"https:\/\/www.dui.dk\/123\/wp-json\/wp\/v2\/types\/page"}],"author":[{"embeddable":true,"href":"https:\/\/www.dui.dk\/123\/wp-json\/wp\/v2\/users\/4"}],"replies":[{"embeddable":true,"href":"https:\/\/www.dui.dk\/123\/wp-json\/wp\/v2\/comments?post=552"}],"version-history":[{"count":4,"href":"https:\/\/www.dui.dk\/123\/wp-json\/wp\/v2\/pages\/552\/revisions"}],"predecessor-version":[{"id":876,"href":"https:\/\/www.dui.dk\/123\/wp-json\/wp\/v2\/pages\/552\/revisions\/876"}],"wp:attachment":[{"href":"https:\/\/www.dui.dk\/123\/wp-json\/wp\/v2\/media?parent=552"}],"curies":[{"name":"wp","href":"https:\/\/api.w.org\/{rel}","templated":true}]}}