{"id":48,"date":"2018-08-07T09:23:35","date_gmt":"2018-08-07T09:23:35","guid":{"rendered":"http:\/\/www.dui.dk\/123\/?page_id=48"},"modified":"2024-10-07T11:42:17","modified_gmt":"2024-10-07T11:42:17","slug":"bestyrelsen","status":"publish","type":"page","link":"https:\/\/www.dui.dk\/123\/bestyrelsen\/","title":{"rendered":"Bestyrelsen"},"content":{"rendered":"<p><img loading=\"lazy\" decoding=\"async\" class=\"size-full wp-image-558 alignright\" src=\"https:\/\/www.dui.dk\/123\/wp-content\/uploads\/sites\/75\/2019\/05\/S-icon-bestyrelsen.png\" alt=\"\" width=\"300\" height=\"250\" \/>Der er er rigtig mange administrative opgaver n\u00e5r man driver en DUI-afdeling. Udover de mere kendte opgaver som budget, regnskab, ans\u00f8gninger, \u00e5rsberetning og lignede.<\/p>\n<p>S\u00e5 kr\u00e6ver bestyrelsesarbejdet ofte, at man ogs\u00e5 skal arbejde med ansvarsfordeling, kommunikation og strategiplaner for at skabe en positiv udvikling.<\/p>\n<p>Vi h\u00e5ber, at denne side kan g\u00f8re bestyrelsesarbejdet lidt nemmere.<\/p>\n<p>Hvis der er noget du mangler og som du mener b\u00f8r ligge her, skal du endelig kontakte sekretariatet p\u00e5 tlf. 36 17 72 00 eller via mail dui@dui.dk &#8211; s\u00e5 vil vi se hvad vi kan g\u00f8re.<\/p>\n","protected":false},"excerpt":{"rendered":"<p>Der er er rigtig mange administrative opgaver n\u00e5r man driver en DUI-afdeling. Udover de mere kendte opgaver som budget, regnskab, ans\u00f8gninger, \u00e5rsberetning og lignede. S\u00e5 kr\u00e6ver bestyrelsesarbejdet ofte, at man ogs\u00e5 skal arbejde med ansvarsfordeling, kommunikation og strategiplaner for at skabe en positiv udvikling. Vi h\u00e5ber, at denne side kan g\u00f8re bestyrelsesarbejdet lidt nemmere. Hvis [&hellip;]<\/p>\n","protected":false},"author":4,"featured_media":0,"parent":0,"menu_order":0,"comment_status":"closed","ping_status":"closed","template":"","meta":{"_acf_changed":false,"footnotes":""},"class_list":["post-48","page","type-page","status-publish","hentry"],"acf":[],"yoast_head":"<!-- This site is optimized with the Yoast SEO plugin v27.1.1 - https:\/\/yoast.com\/product\/yoast-seo-wordpress\/ -->\n<title>Bestyrelsen -<\/title>\n<meta name=\"robots\" content=\"index, follow, max-snippet:-1, max-image-preview:large, max-video-preview:-1\" \/>\n<link rel=\"canonical\" href=\"https:\/\/www.dui.dk\/123\/bestyrelsen\/\" \/>\n<meta property=\"og:locale\" content=\"da_DK\" \/>\n<meta property=\"og:type\" content=\"article\" \/>\n<meta property=\"og:title\" content=\"Bestyrelsen -\" \/>\n<meta property=\"og:description\" content=\"Der er er rigtig mange administrative opgaver n\u00e5r man driver en DUI-afdeling. Udover de mere kendte opgaver som budget, regnskab, ans\u00f8gninger, \u00e5rsberetning og lignede. S\u00e5 kr\u00e6ver bestyrelsesarbejdet ofte, at man ogs\u00e5 skal arbejde med ansvarsfordeling, kommunikation og strategiplaner for at skabe en positiv udvikling. Vi h\u00e5ber, at denne side kan g\u00f8re bestyrelsesarbejdet lidt nemmere. Hvis [&hellip;]\" \/>\n<meta property=\"og:url\" content=\"https:\/\/www.dui.dk\/123\/bestyrelsen\/\" \/>\n<meta property=\"article:modified_time\" content=\"2024-10-07T11:42:17+00:00\" \/>\n<meta property=\"og:image\" content=\"https:\/\/www.dui.dk\/123\/wp-content\/uploads\/sites\/75\/2019\/05\/S-icon-bestyrelsen.png\" \/>\n<meta name=\"twitter:card\" content=\"summary_large_image\" \/>\n<meta name=\"twitter:label1\" content=\"Estimeret l\u00e6setid\" \/>\n\t<meta name=\"twitter:data1\" content=\"1 minut\" \/>\n<script type=\"application\/ld+json\" class=\"yoast-schema-graph\">{\"@context\":\"https:\/\/schema.org\",\"@graph\":[{\"@type\":\"WebPage\",\"@id\":\"https:\/\/www.dui.dk\/123\/bestyrelsen\/\",\"url\":\"https:\/\/www.dui.dk\/123\/bestyrelsen\/\",\"name\":\"Bestyrelsen -\",\"isPartOf\":{\"@id\":\"https:\/\/www.dui.dk\/123\/#website\"},\"primaryImageOfPage\":{\"@id\":\"https:\/\/www.dui.dk\/123\/bestyrelsen\/#primaryimage\"},\"image\":{\"@id\":\"https:\/\/www.dui.dk\/123\/bestyrelsen\/#primaryimage\"},\"thumbnailUrl\":\"https:\/\/www.dui.dk\/123\/wp-content\/uploads\/sites\/75\/2019\/05\/S-icon-bestyrelsen.png\",\"datePublished\":\"2018-08-07T09:23:35+00:00\",\"dateModified\":\"2024-10-07T11:42:17+00:00\",\"breadcrumb\":{\"@id\":\"https:\/\/www.dui.dk\/123\/bestyrelsen\/#breadcrumb\"},\"inLanguage\":\"da-DK\",\"potentialAction\":[{\"@type\":\"ReadAction\",\"target\":[\"https:\/\/www.dui.dk\/123\/bestyrelsen\/\"]}]},{\"@type\":\"ImageObject\",\"inLanguage\":\"da-DK\",\"@id\":\"https:\/\/www.dui.dk\/123\/bestyrelsen\/#primaryimage\",\"url\":\"https:\/\/www.dui.dk\/123\/wp-content\/uploads\/sites\/75\/2019\/05\/S-icon-bestyrelsen.png\",\"contentUrl\":\"https:\/\/www.dui.dk\/123\/wp-content\/uploads\/sites\/75\/2019\/05\/S-icon-bestyrelsen.png\",\"width\":300,\"height\":250},{\"@type\":\"BreadcrumbList\",\"@id\":\"https:\/\/www.dui.dk\/123\/bestyrelsen\/#breadcrumb\",\"itemListElement\":[{\"@type\":\"ListItem\",\"position\":1,\"name\":\"Hjem\",\"item\":\"https:\/\/www.dui.dk\/123\/\"},{\"@type\":\"ListItem\",\"position\":2,\"name\":\"Bestyrelsen\"}]},{\"@type\":\"WebSite\",\"@id\":\"https:\/\/www.dui.dk\/123\/#website\",\"url\":\"https:\/\/www.dui.dk\/123\/\",\"name\":\"\",\"description\":\"Endnu en DUI-LEG og VIRKE lokalafdelinger-side\",\"potentialAction\":[{\"@type\":\"SearchAction\",\"target\":{\"@type\":\"EntryPoint\",\"urlTemplate\":\"https:\/\/www.dui.dk\/123\/?s={search_term_string}\"},\"query-input\":{\"@type\":\"PropertyValueSpecification\",\"valueRequired\":true,\"valueName\":\"search_term_string\"}}],\"inLanguage\":\"da-DK\"}]}<\/script>\n<!-- \/ Yoast SEO plugin. -->","yoast_head_json":{"title":"Bestyrelsen -","robots":{"index":"index","follow":"follow","max-snippet":"max-snippet:-1","max-image-preview":"max-image-preview:large","max-video-preview":"max-video-preview:-1"},"canonical":"https:\/\/www.dui.dk\/123\/bestyrelsen\/","og_locale":"da_DK","og_type":"article","og_title":"Bestyrelsen -","og_description":"Der er er rigtig mange administrative opgaver n\u00e5r man driver en DUI-afdeling. Udover de mere kendte opgaver som budget, regnskab, ans\u00f8gninger, \u00e5rsberetning og lignede. S\u00e5 kr\u00e6ver bestyrelsesarbejdet ofte, at man ogs\u00e5 skal arbejde med ansvarsfordeling, kommunikation og strategiplaner for at skabe en positiv udvikling. Vi h\u00e5ber, at denne side kan g\u00f8re bestyrelsesarbejdet lidt nemmere. Hvis [&hellip;]","og_url":"https:\/\/www.dui.dk\/123\/bestyrelsen\/","article_modified_time":"2024-10-07T11:42:17+00:00","og_image":[{"url":"https:\/\/www.dui.dk\/123\/wp-content\/uploads\/sites\/75\/2019\/05\/S-icon-bestyrelsen.png","type":"","width":"","height":""}],"twitter_card":"summary_large_image","twitter_misc":{"Estimeret l\u00e6setid":"1 minut"},"schema":{"@context":"https:\/\/schema.org","@graph":[{"@type":"WebPage","@id":"https:\/\/www.dui.dk\/123\/bestyrelsen\/","url":"https:\/\/www.dui.dk\/123\/bestyrelsen\/","name":"Bestyrelsen -","isPartOf":{"@id":"https:\/\/www.dui.dk\/123\/#website"},"primaryImageOfPage":{"@id":"https:\/\/www.dui.dk\/123\/bestyrelsen\/#primaryimage"},"image":{"@id":"https:\/\/www.dui.dk\/123\/bestyrelsen\/#primaryimage"},"thumbnailUrl":"https:\/\/www.dui.dk\/123\/wp-content\/uploads\/sites\/75\/2019\/05\/S-icon-bestyrelsen.png","datePublished":"2018-08-07T09:23:35+00:00","dateModified":"2024-10-07T11:42:17+00:00","breadcrumb":{"@id":"https:\/\/www.dui.dk\/123\/bestyrelsen\/#breadcrumb"},"inLanguage":"da-DK","potentialAction":[{"@type":"ReadAction","target":["https:\/\/www.dui.dk\/123\/bestyrelsen\/"]}]},{"@type":"ImageObject","inLanguage":"da-DK","@id":"https:\/\/www.dui.dk\/123\/bestyrelsen\/#primaryimage","url":"https:\/\/www.dui.dk\/123\/wp-content\/uploads\/sites\/75\/2019\/05\/S-icon-bestyrelsen.png","contentUrl":"https:\/\/www.dui.dk\/123\/wp-content\/uploads\/sites\/75\/2019\/05\/S-icon-bestyrelsen.png","width":300,"height":250},{"@type":"BreadcrumbList","@id":"https:\/\/www.dui.dk\/123\/bestyrelsen\/#breadcrumb","itemListElement":[{"@type":"ListItem","position":1,"name":"Hjem","item":"https:\/\/www.dui.dk\/123\/"},{"@type":"ListItem","position":2,"name":"Bestyrelsen"}]},{"@type":"WebSite","@id":"https:\/\/www.dui.dk\/123\/#website","url":"https:\/\/www.dui.dk\/123\/","name":"","description":"Endnu en DUI-LEG og VIRKE lokalafdelinger-side","potentialAction":[{"@type":"SearchAction","target":{"@type":"EntryPoint","urlTemplate":"https:\/\/www.dui.dk\/123\/?s={search_term_string}"},"query-input":{"@type":"PropertyValueSpecification","valueRequired":true,"valueName":"search_term_string"}}],"inLanguage":"da-DK"}]}},"_links":{"self":[{"href":"https:\/\/www.dui.dk\/123\/wp-json\/wp\/v2\/pages\/48","targetHints":{"allow":["GET"]}}],"collection":[{"href":"https:\/\/www.dui.dk\/123\/wp-json\/wp\/v2\/pages"}],"about":[{"href":"https:\/\/www.dui.dk\/123\/wp-json\/wp\/v2\/types\/page"}],"author":[{"embeddable":true,"href":"https:\/\/www.dui.dk\/123\/wp-json\/wp\/v2\/users\/4"}],"replies":[{"embeddable":true,"href":"https:\/\/www.dui.dk\/123\/wp-json\/wp\/v2\/comments?post=48"}],"version-history":[{"count":5,"href":"https:\/\/www.dui.dk\/123\/wp-json\/wp\/v2\/pages\/48\/revisions"}],"predecessor-version":[{"id":1485,"href":"https:\/\/www.dui.dk\/123\/wp-json\/wp\/v2\/pages\/48\/revisions\/1485"}],"wp:attachment":[{"href":"https:\/\/www.dui.dk\/123\/wp-json\/wp\/v2\/media?parent=48"}],"curies":[{"name":"wp","href":"https:\/\/api.w.org\/{rel}","templated":true}]}}