{"id":370,"date":"2019-01-21T10:45:17","date_gmt":"2019-01-21T10:45:17","guid":{"rendered":"http:\/\/www.dui.dk\/123\/?page_id=370"},"modified":"2024-10-22T14:13:56","modified_gmt":"2024-10-22T14:13:56","slug":"kontaktikoner","status":"publish","type":"page","link":"https:\/\/www.dui.dk\/123\/kontaktikoner\/","title":{"rendered":"Kontaktikoner"},"content":{"rendered":"<p><a href=\"https:\/\/www.dui.dk\/123\/wp-content\/uploads\/sites\/75\/2019\/01\/DUI_Kontaktikoner.zip\"><img loading=\"lazy\" decoding=\"async\" class=\"alignright wp-image-367 size-full\" src=\"https:\/\/www.dui.dk\/123\/wp-content\/uploads\/sites\/75\/2019\/01\/Download-kontaktikoner.png\" alt=\"\" width=\"82\" height=\"100\" \/><\/a>Her ses de ikoner som indg\u00e5r i vores designguide. <span class=\"OYPEnA font-feature-liga-off font-feature-clig-off font-feature-calt-off text-decoration-none text-strikethrough-none\">Ikonerne m\u00e5 kun benyttes i udgaverne herunder. Der m\u00e5 alts\u00e5 ikke \u00e6ndres i farver, form, tilf\u00f8jes effekter, eller rotation. <\/span>\u00a0Hvis du henter dem ned p\u00e5 linket her til h\u00f8jre f\u00e5r du alle ikoner i b\u00e5de r\u00f8d og hvid.<\/p>\n<p class=\"cvGsUA direction-ltr align-start para-style-body\"><strong><span class=\"OYPEnA font-feature-liga-off font-feature-clig-off font-feature-calt-off text-decoration-none text-strikethrough-none\">S\u00e6rligt for SoMe ikoner: <\/span><\/strong><span class=\"OYPEnA font-feature-liga-off font-feature-clig-off font-feature-calt-off text-decoration-none text-strikethrough-none\">Ikonerne m\u00e5 efter Meta og LinkedIn&#8217;s egne regler kun benyttes i hvid eller sort farve, med transparente bogstaver\/tegning. Der m\u00e5 alts\u00e5 ikke \u00e6ndres i farverne &#8211;\u00a0 \u00a0<\/span><span class=\"OYPEnA font-feature-liga-off font-feature-clig-off font-feature-calt-off text-decoration-none text-strikethrough-none\">S\u00f8rg altid for god plads omkring logoet (FB = min. st\u00f8rrelse p\u00e5 sk\u00e6rm er 16 pixels i bredden. og 6 mm bred p\u00e5 tryk, IG = min. 29&#215;29 pixels, og in = min. 21 pixel p\u00e5 sk\u00e6rm, og 6.35 mm p\u00e5 print. Logoet skal altid bruges sammen med trademark symbolet \u00ae eller \u2122.)<\/span><\/p>\n<p>Hvis der er ikoner du savner, tager vi gerne i mod \u00f8nsker, s\u00e5 vil vi se hvad vi kan g\u00f8re.<\/p>\n<p><img loading=\"lazy\" decoding=\"async\" class=\"alignnone wp-image-1525 \" src=\"https:\/\/www.dui.dk\/123\/wp-content\/uploads\/sites\/75\/2024\/10\/Udklip1.jpg\" alt=\"\" width=\"696\" height=\"311\" srcset=\"https:\/\/www.dui.dk\/123\/wp-content\/uploads\/sites\/75\/2024\/10\/Udklip1.jpg 761w, https:\/\/www.dui.dk\/123\/wp-content\/uploads\/sites\/75\/2024\/10\/Udklip1-300x134.jpg 300w, https:\/\/www.dui.dk\/123\/wp-content\/uploads\/sites\/75\/2024\/10\/Udklip1-600x268.jpg 600w\" sizes=\"auto, (max-width: 696px) 100vw, 696px\" \/><\/p>\n<p><img loading=\"lazy\" decoding=\"async\" class=\"size-medium wp-image-1527 alignleft\" src=\"https:\/\/www.dui.dk\/123\/wp-content\/uploads\/sites\/75\/2024\/10\/Udklip2-300x123.jpg\" alt=\"\" width=\"300\" height=\"123\" srcset=\"https:\/\/www.dui.dk\/123\/wp-content\/uploads\/sites\/75\/2024\/10\/Udklip2-300x123.jpg 300w, https:\/\/www.dui.dk\/123\/wp-content\/uploads\/sites\/75\/2024\/10\/Udklip2.jpg 430w\" sizes=\"auto, (max-width: 300px) 100vw, 300px\" \/><\/p>\n<p>&nbsp;<\/p>\n","protected":false},"excerpt":{"rendered":"<p>Her ses de ikoner som indg\u00e5r i vores designguide. Ikonerne m\u00e5 kun benyttes i udgaverne herunder. Der m\u00e5 alts\u00e5 ikke \u00e6ndres i farver, form, tilf\u00f8jes effekter, eller rotation. \u00a0Hvis du henter dem ned p\u00e5 linket her til h\u00f8jre f\u00e5r du alle ikoner i b\u00e5de r\u00f8d og hvid. S\u00e6rligt for SoMe ikoner: Ikonerne m\u00e5 efter Meta [&hellip;]<\/p>\n","protected":false},"author":4,"featured_media":0,"parent":0,"menu_order":0,"comment_status":"closed","ping_status":"closed","template":"","meta":{"_acf_changed":false,"footnotes":""},"class_list":["post-370","page","type-page","status-publish","hentry"],"acf":[],"yoast_head":"<!-- This site is optimized with the Yoast SEO plugin v27.1.1 - https:\/\/yoast.com\/product\/yoast-seo-wordpress\/ -->\n<title>Kontaktikoner -<\/title>\n<meta name=\"robots\" content=\"index, follow, max-snippet:-1, max-image-preview:large, max-video-preview:-1\" \/>\n<link rel=\"canonical\" href=\"https:\/\/www.dui.dk\/123\/kontaktikoner\/\" \/>\n<meta property=\"og:locale\" content=\"da_DK\" \/>\n<meta property=\"og:type\" content=\"article\" \/>\n<meta property=\"og:title\" content=\"Kontaktikoner -\" \/>\n<meta property=\"og:description\" content=\"Her ses de ikoner som indg\u00e5r i vores designguide. Ikonerne m\u00e5 kun benyttes i udgaverne herunder. Der m\u00e5 alts\u00e5 ikke \u00e6ndres i farver, form, tilf\u00f8jes effekter, eller rotation. \u00a0Hvis du henter dem ned p\u00e5 linket her til h\u00f8jre f\u00e5r du alle ikoner i b\u00e5de r\u00f8d og hvid. S\u00e6rligt for SoMe ikoner: Ikonerne m\u00e5 efter Meta [&hellip;]\" \/>\n<meta property=\"og:url\" content=\"https:\/\/www.dui.dk\/123\/kontaktikoner\/\" \/>\n<meta property=\"article:modified_time\" content=\"2024-10-22T14:13:56+00:00\" \/>\n<meta property=\"og:image\" content=\"https:\/\/www.dui.dk\/123\/wp-content\/uploads\/sites\/75\/2019\/01\/Download-kontaktikoner.png\" \/>\n<meta name=\"twitter:card\" content=\"summary_large_image\" \/>\n<meta name=\"twitter:label1\" content=\"Estimeret l\u00e6setid\" \/>\n\t<meta name=\"twitter:data1\" content=\"2 minutter\" \/>\n<script type=\"application\/ld+json\" class=\"yoast-schema-graph\">{\"@context\":\"https:\/\/schema.org\",\"@graph\":[{\"@type\":\"WebPage\",\"@id\":\"https:\/\/www.dui.dk\/123\/kontaktikoner\/\",\"url\":\"https:\/\/www.dui.dk\/123\/kontaktikoner\/\",\"name\":\"Kontaktikoner -\",\"isPartOf\":{\"@id\":\"https:\/\/www.dui.dk\/123\/#website\"},\"primaryImageOfPage\":{\"@id\":\"https:\/\/www.dui.dk\/123\/kontaktikoner\/#primaryimage\"},\"image\":{\"@id\":\"https:\/\/www.dui.dk\/123\/kontaktikoner\/#primaryimage\"},\"thumbnailUrl\":\"https:\/\/www.dui.dk\/123\/wp-content\/uploads\/sites\/75\/2019\/01\/Download-kontaktikoner.png\",\"datePublished\":\"2019-01-21T10:45:17+00:00\",\"dateModified\":\"2024-10-22T14:13:56+00:00\",\"breadcrumb\":{\"@id\":\"https:\/\/www.dui.dk\/123\/kontaktikoner\/#breadcrumb\"},\"inLanguage\":\"da-DK\",\"potentialAction\":[{\"@type\":\"ReadAction\",\"target\":[\"https:\/\/www.dui.dk\/123\/kontaktikoner\/\"]}]},{\"@type\":\"ImageObject\",\"inLanguage\":\"da-DK\",\"@id\":\"https:\/\/www.dui.dk\/123\/kontaktikoner\/#primaryimage\",\"url\":\"https:\/\/www.dui.dk\/123\/wp-content\/uploads\/sites\/75\/2019\/01\/Download-kontaktikoner.png\",\"contentUrl\":\"https:\/\/www.dui.dk\/123\/wp-content\/uploads\/sites\/75\/2019\/01\/Download-kontaktikoner.png\",\"width\":82,\"height\":100},{\"@type\":\"BreadcrumbList\",\"@id\":\"https:\/\/www.dui.dk\/123\/kontaktikoner\/#breadcrumb\",\"itemListElement\":[{\"@type\":\"ListItem\",\"position\":1,\"name\":\"Hjem\",\"item\":\"https:\/\/www.dui.dk\/123\/\"},{\"@type\":\"ListItem\",\"position\":2,\"name\":\"Kontaktikoner\"}]},{\"@type\":\"WebSite\",\"@id\":\"https:\/\/www.dui.dk\/123\/#website\",\"url\":\"https:\/\/www.dui.dk\/123\/\",\"name\":\"\",\"description\":\"Endnu en DUI-LEG og VIRKE lokalafdelinger-side\",\"potentialAction\":[{\"@type\":\"SearchAction\",\"target\":{\"@type\":\"EntryPoint\",\"urlTemplate\":\"https:\/\/www.dui.dk\/123\/?s={search_term_string}\"},\"query-input\":{\"@type\":\"PropertyValueSpecification\",\"valueRequired\":true,\"valueName\":\"search_term_string\"}}],\"inLanguage\":\"da-DK\"}]}<\/script>\n<!-- \/ Yoast SEO plugin. -->","yoast_head_json":{"title":"Kontaktikoner -","robots":{"index":"index","follow":"follow","max-snippet":"max-snippet:-1","max-image-preview":"max-image-preview:large","max-video-preview":"max-video-preview:-1"},"canonical":"https:\/\/www.dui.dk\/123\/kontaktikoner\/","og_locale":"da_DK","og_type":"article","og_title":"Kontaktikoner -","og_description":"Her ses de ikoner som indg\u00e5r i vores designguide. Ikonerne m\u00e5 kun benyttes i udgaverne herunder. Der m\u00e5 alts\u00e5 ikke \u00e6ndres i farver, form, tilf\u00f8jes effekter, eller rotation. \u00a0Hvis du henter dem ned p\u00e5 linket her til h\u00f8jre f\u00e5r du alle ikoner i b\u00e5de r\u00f8d og hvid. S\u00e6rligt for SoMe ikoner: Ikonerne m\u00e5 efter Meta [&hellip;]","og_url":"https:\/\/www.dui.dk\/123\/kontaktikoner\/","article_modified_time":"2024-10-22T14:13:56+00:00","og_image":[{"url":"https:\/\/www.dui.dk\/123\/wp-content\/uploads\/sites\/75\/2019\/01\/Download-kontaktikoner.png","type":"","width":"","height":""}],"twitter_card":"summary_large_image","twitter_misc":{"Estimeret l\u00e6setid":"2 minutter"},"schema":{"@context":"https:\/\/schema.org","@graph":[{"@type":"WebPage","@id":"https:\/\/www.dui.dk\/123\/kontaktikoner\/","url":"https:\/\/www.dui.dk\/123\/kontaktikoner\/","name":"Kontaktikoner -","isPartOf":{"@id":"https:\/\/www.dui.dk\/123\/#website"},"primaryImageOfPage":{"@id":"https:\/\/www.dui.dk\/123\/kontaktikoner\/#primaryimage"},"image":{"@id":"https:\/\/www.dui.dk\/123\/kontaktikoner\/#primaryimage"},"thumbnailUrl":"https:\/\/www.dui.dk\/123\/wp-content\/uploads\/sites\/75\/2019\/01\/Download-kontaktikoner.png","datePublished":"2019-01-21T10:45:17+00:00","dateModified":"2024-10-22T14:13:56+00:00","breadcrumb":{"@id":"https:\/\/www.dui.dk\/123\/kontaktikoner\/#breadcrumb"},"inLanguage":"da-DK","potentialAction":[{"@type":"ReadAction","target":["https:\/\/www.dui.dk\/123\/kontaktikoner\/"]}]},{"@type":"ImageObject","inLanguage":"da-DK","@id":"https:\/\/www.dui.dk\/123\/kontaktikoner\/#primaryimage","url":"https:\/\/www.dui.dk\/123\/wp-content\/uploads\/sites\/75\/2019\/01\/Download-kontaktikoner.png","contentUrl":"https:\/\/www.dui.dk\/123\/wp-content\/uploads\/sites\/75\/2019\/01\/Download-kontaktikoner.png","width":82,"height":100},{"@type":"BreadcrumbList","@id":"https:\/\/www.dui.dk\/123\/kontaktikoner\/#breadcrumb","itemListElement":[{"@type":"ListItem","position":1,"name":"Hjem","item":"https:\/\/www.dui.dk\/123\/"},{"@type":"ListItem","position":2,"name":"Kontaktikoner"}]},{"@type":"WebSite","@id":"https:\/\/www.dui.dk\/123\/#website","url":"https:\/\/www.dui.dk\/123\/","name":"","description":"Endnu en DUI-LEG og VIRKE lokalafdelinger-side","potentialAction":[{"@type":"SearchAction","target":{"@type":"EntryPoint","urlTemplate":"https:\/\/www.dui.dk\/123\/?s={search_term_string}"},"query-input":{"@type":"PropertyValueSpecification","valueRequired":true,"valueName":"search_term_string"}}],"inLanguage":"da-DK"}]}},"_links":{"self":[{"href":"https:\/\/www.dui.dk\/123\/wp-json\/wp\/v2\/pages\/370","targetHints":{"allow":["GET"]}}],"collection":[{"href":"https:\/\/www.dui.dk\/123\/wp-json\/wp\/v2\/pages"}],"about":[{"href":"https:\/\/www.dui.dk\/123\/wp-json\/wp\/v2\/types\/page"}],"author":[{"embeddable":true,"href":"https:\/\/www.dui.dk\/123\/wp-json\/wp\/v2\/users\/4"}],"replies":[{"embeddable":true,"href":"https:\/\/www.dui.dk\/123\/wp-json\/wp\/v2\/comments?post=370"}],"version-history":[{"count":3,"href":"https:\/\/www.dui.dk\/123\/wp-json\/wp\/v2\/pages\/370\/revisions"}],"predecessor-version":[{"id":1528,"href":"https:\/\/www.dui.dk\/123\/wp-json\/wp\/v2\/pages\/370\/revisions\/1528"}],"wp:attachment":[{"href":"https:\/\/www.dui.dk\/123\/wp-json\/wp\/v2\/media?parent=370"}],"curies":[{"name":"wp","href":"https:\/\/api.w.org\/{rel}","templated":true}]}}