{"id":364,"date":"2019-01-17T00:46:38","date_gmt":"2019-01-17T00:46:38","guid":{"rendered":"http:\/\/www.dui.dk\/123\/?page_id=364"},"modified":"2019-01-17T00:46:57","modified_gmt":"2019-01-17T00:46:57","slug":"aktivitetskoncepter","status":"publish","type":"page","link":"https:\/\/www.dui.dk\/123\/aktivitetskoncepter\/","title":{"rendered":"Aktivitetskoncepter"},"content":{"rendered":"<h3>F\u00e5 inspiration til nye aktiviteter<\/h3>\n<table style=\"border-collapse: collapse; width: 611px; height: 530px;\" border=\"0\" width=\"128\" cellspacing=\"0\" cellpadding=\"0\">\n<colgroup>\n<col style=\"width: 48pt;\" span=\"2\" width=\"64\" \/> <\/colgroup>\n<tbody>\n<tr style=\"height: 15.0pt;\">\n<td style=\"height: 15.0pt; width: 48pt;\" width=\"64\" height=\"20\"><strong>Klik p\u00e5 linket<\/strong><\/td>\n<td style=\"width: 48pt;\" width=\"64\"><strong>Kort beskrivelse<\/strong><\/td>\n<\/tr>\n<tr style=\"height: 15.0pt;\">\n<td style=\"height: 15.0pt;\" height=\"20\"><a href=\"https:\/\/www.dui.dk\/123\/wp-content\/uploads\/sites\/75\/2018\/08\/KonceptkunstogkreativitetNY.pdf\"><img loading=\"lazy\" decoding=\"async\" class=\"alignnone wp-image-157 size-full\" src=\"https:\/\/www.dui.dk\/123\/wp-content\/uploads\/sites\/75\/2018\/08\/TRYKSAG-KNAP-kunst-og-kreativ.png\" alt=\"\" width=\"150\" height=\"200\" \/><\/a><\/td>\n<td>\n<p class=\"alignnone\"><strong>Aktivitetskoncept<\/strong><\/p>\n<h3><a href=\"https:\/\/www.dui.dk\/123\/wp-content\/uploads\/sites\/75\/2018\/08\/KonceptkunstogkreativitetNY.pdf\">Kunst og kreativitet<\/a><\/h3>\n<p>Et af flere aktivitetskoncepter der er beskrevet, s\u00e5 man nemt og enkelt kan starte aktiviteten op.<\/td>\n<\/tr>\n<tr style=\"height: 15.0pt;\">\n<td style=\"height: 15.0pt;\" height=\"20\"><a href=\"https:\/\/www.dui.dk\/123\/wp-content\/uploads\/sites\/75\/2018\/08\/Koncept-F\u00e6llesspisningNY.pdf\"><img loading=\"lazy\" decoding=\"async\" class=\"alignnone wp-image-156 size-full\" src=\"https:\/\/www.dui.dk\/123\/wp-content\/uploads\/sites\/75\/2018\/08\/TRYKSAG-KNAP-f\u00e6llesspisning.png\" alt=\"\" width=\"150\" height=\"200\" \/><\/a><\/td>\n<td>\n<p class=\"alignnone\"><strong>Aktivitetskoncept<\/strong><\/p>\n<h3><a href=\"https:\/\/www.dui.dk\/123\/wp-content\/uploads\/sites\/75\/2018\/08\/Koncept-F\u00e6llesspisningNY.pdf\">F\u00e6llesspisning<\/a><\/h3>\n<p>Et af flere aktivitetskoncepter der er beskrevet, s\u00e5 man nemt og enkelt kan starte aktiviteten op.<\/td>\n<\/tr>\n<tr style=\"height: 15.0pt;\">\n<td style=\"height: 15.0pt;\" height=\"20\">\u00a0<a href=\"https:\/\/www.dui.dk\/123\/wp-content\/uploads\/sites\/75\/2018\/08\/Koncept-ComputercafeNY.pdf\"><img loading=\"lazy\" decoding=\"async\" class=\"alignnone wp-image-153 size-full\" src=\"https:\/\/www.dui.dk\/123\/wp-content\/uploads\/sites\/75\/2018\/08\/TRYKSAG-KNAP-computer.png\" alt=\"\" width=\"150\" height=\"200\" \/><\/a><\/td>\n<td>\n<p class=\"alignnone\"><strong>Aktivitetskoncept<\/strong><\/p>\n<h3><a href=\"https:\/\/www.dui.dk\/123\/wp-content\/uploads\/sites\/75\/2018\/08\/Koncept-ComputercafeNY.pdf\">Multimediev\u00e6rksted<\/a><\/h3>\n<p>Et af flere aktivitetskoncepter der er beskrevet, s\u00e5 man nemt og enkelt kan starte aktiviteten op.<\/td>\n<\/tr>\n<tr style=\"height: 15.0pt;\">\n<td style=\"height: 15.0pt;\" height=\"20\">\u00a0<a href=\"https:\/\/www.dui.dk\/123\/wp-content\/uploads\/sites\/75\/2018\/08\/Koncept-b\u00f8rn-i-bev\u00e6gelseNY.pdf\"><img loading=\"lazy\" decoding=\"async\" class=\"alignnone wp-image-152 size-full\" src=\"https:\/\/www.dui.dk\/123\/wp-content\/uploads\/sites\/75\/2018\/08\/TRYKSAG-KNAP-BiB.png\" alt=\"\" width=\"150\" height=\"200\" \/><\/a><\/td>\n<td>\n<p class=\"alignnone\"><strong>Aktivitetskoncept<\/strong><\/p>\n<h3><a href=\"https:\/\/www.dui.dk\/123\/wp-content\/uploads\/sites\/75\/2018\/08\/Koncept-b\u00f8rn-i-bev\u00e6gelseNY.pdf\">B\u00f8rn i bev\u00e6gelse<\/a><\/h3>\n<p>Et af flere aktivitetskoncepter der er beskrevet, s\u00e5 man nemt og enkelt kan starte aktiviteten op.<\/td>\n<\/tr>\n<tr style=\"height: 15.0pt;\">\n<td style=\"height: 15.0pt;\" height=\"20\"><\/td>\n<td><\/td>\n<\/tr>\n<tr style=\"height: 15.0pt;\">\n<td style=\"height: 15.0pt;\" height=\"20\"><\/td>\n<td><\/td>\n<\/tr>\n<tr style=\"height: 15.0pt;\">\n<td style=\"height: 15.0pt;\" height=\"20\"><\/td>\n<td><\/td>\n<\/tr>\n<tr style=\"height: 15.0pt;\">\n<td style=\"height: 15.0pt;\" height=\"20\"><\/td>\n<td><\/td>\n<\/tr>\n<tr style=\"height: 15.0pt;\">\n<td style=\"height: 15.0pt;\" height=\"20\"><\/td>\n<td><\/td>\n<\/tr>\n<tr style=\"height: 15.0pt;\">\n<td style=\"height: 15.0pt;\" height=\"20\"><\/td>\n<td><\/td>\n<\/tr>\n<\/tbody>\n<\/table>\n","protected":false},"excerpt":{"rendered":"<p>F\u00e5 inspiration til nye aktiviteter Klik p\u00e5 linket Kort beskrivelse Aktivitetskoncept Kunst og kreativitet Et af flere aktivitetskoncepter der er beskrevet, s\u00e5 man nemt og enkelt kan starte aktiviteten op. Aktivitetskoncept F\u00e6llesspisning Et af flere aktivitetskoncepter der er beskrevet, s\u00e5 man nemt og enkelt kan starte aktiviteten op. \u00a0 Aktivitetskoncept Multimediev\u00e6rksted Et af flere aktivitetskoncepter [&hellip;]<\/p>\n","protected":false},"author":4,"featured_media":0,"parent":0,"menu_order":0,"comment_status":"closed","ping_status":"closed","template":"","meta":{"_acf_changed":false,"footnotes":""},"class_list":["post-364","page","type-page","status-publish","hentry"],"acf":[],"yoast_head":"<!-- This site is optimized with the Yoast SEO plugin v27.1.1 - https:\/\/yoast.com\/product\/yoast-seo-wordpress\/ -->\n<title>Aktivitetskoncepter -<\/title>\n<meta name=\"robots\" content=\"index, follow, max-snippet:-1, max-image-preview:large, max-video-preview:-1\" \/>\n<link rel=\"canonical\" href=\"https:\/\/www.dui.dk\/123\/aktivitetskoncepter\/\" \/>\n<meta property=\"og:locale\" content=\"da_DK\" \/>\n<meta property=\"og:type\" content=\"article\" \/>\n<meta property=\"og:title\" content=\"Aktivitetskoncepter -\" \/>\n<meta property=\"og:description\" content=\"F\u00e5 inspiration til nye aktiviteter Klik p\u00e5 linket Kort beskrivelse Aktivitetskoncept Kunst og kreativitet Et af flere aktivitetskoncepter der er beskrevet, s\u00e5 man nemt og enkelt kan starte aktiviteten op. Aktivitetskoncept F\u00e6llesspisning Et af flere aktivitetskoncepter der er beskrevet, s\u00e5 man nemt og enkelt kan starte aktiviteten op. \u00a0 Aktivitetskoncept Multimediev\u00e6rksted Et af flere aktivitetskoncepter [&hellip;]\" \/>\n<meta property=\"og:url\" content=\"https:\/\/www.dui.dk\/123\/aktivitetskoncepter\/\" \/>\n<meta property=\"article:modified_time\" content=\"2019-01-17T00:46:57+00:00\" \/>\n<meta property=\"og:image\" content=\"https:\/\/www.dui.dk\/123\/wp-content\/uploads\/sites\/75\/2018\/08\/TRYKSAG-KNAP-kunst-og-kreativ.png\" \/>\n<meta name=\"twitter:card\" content=\"summary_large_image\" \/>\n<script type=\"application\/ld+json\" class=\"yoast-schema-graph\">{\"@context\":\"https:\/\/schema.org\",\"@graph\":[{\"@type\":\"WebPage\",\"@id\":\"https:\/\/www.dui.dk\/123\/aktivitetskoncepter\/\",\"url\":\"https:\/\/www.dui.dk\/123\/aktivitetskoncepter\/\",\"name\":\"Aktivitetskoncepter -\",\"isPartOf\":{\"@id\":\"https:\/\/www.dui.dk\/123\/#website\"},\"primaryImageOfPage\":{\"@id\":\"https:\/\/www.dui.dk\/123\/aktivitetskoncepter\/#primaryimage\"},\"image\":{\"@id\":\"https:\/\/www.dui.dk\/123\/aktivitetskoncepter\/#primaryimage\"},\"thumbnailUrl\":\"https:\/\/www.dui.dk\/123\/wp-content\/uploads\/sites\/75\/2018\/08\/TRYKSAG-KNAP-kunst-og-kreativ.png\",\"datePublished\":\"2019-01-17T00:46:38+00:00\",\"dateModified\":\"2019-01-17T00:46:57+00:00\",\"breadcrumb\":{\"@id\":\"https:\/\/www.dui.dk\/123\/aktivitetskoncepter\/#breadcrumb\"},\"inLanguage\":\"da-DK\",\"potentialAction\":[{\"@type\":\"ReadAction\",\"target\":[\"https:\/\/www.dui.dk\/123\/aktivitetskoncepter\/\"]}]},{\"@type\":\"ImageObject\",\"inLanguage\":\"da-DK\",\"@id\":\"https:\/\/www.dui.dk\/123\/aktivitetskoncepter\/#primaryimage\",\"url\":\"https:\/\/www.dui.dk\/123\/wp-content\/uploads\/sites\/75\/2018\/08\/TRYKSAG-KNAP-kunst-og-kreativ.png\",\"contentUrl\":\"https:\/\/www.dui.dk\/123\/wp-content\/uploads\/sites\/75\/2018\/08\/TRYKSAG-KNAP-kunst-og-kreativ.png\",\"width\":150,\"height\":200},{\"@type\":\"BreadcrumbList\",\"@id\":\"https:\/\/www.dui.dk\/123\/aktivitetskoncepter\/#breadcrumb\",\"itemListElement\":[{\"@type\":\"ListItem\",\"position\":1,\"name\":\"Hjem\",\"item\":\"https:\/\/www.dui.dk\/123\/\"},{\"@type\":\"ListItem\",\"position\":2,\"name\":\"Aktivitetskoncepter\"}]},{\"@type\":\"WebSite\",\"@id\":\"https:\/\/www.dui.dk\/123\/#website\",\"url\":\"https:\/\/www.dui.dk\/123\/\",\"name\":\"\",\"description\":\"Endnu en DUI-LEG og VIRKE lokalafdelinger-side\",\"potentialAction\":[{\"@type\":\"SearchAction\",\"target\":{\"@type\":\"EntryPoint\",\"urlTemplate\":\"https:\/\/www.dui.dk\/123\/?s={search_term_string}\"},\"query-input\":{\"@type\":\"PropertyValueSpecification\",\"valueRequired\":true,\"valueName\":\"search_term_string\"}}],\"inLanguage\":\"da-DK\"}]}<\/script>\n<!-- \/ Yoast SEO plugin. -->","yoast_head_json":{"title":"Aktivitetskoncepter -","robots":{"index":"index","follow":"follow","max-snippet":"max-snippet:-1","max-image-preview":"max-image-preview:large","max-video-preview":"max-video-preview:-1"},"canonical":"https:\/\/www.dui.dk\/123\/aktivitetskoncepter\/","og_locale":"da_DK","og_type":"article","og_title":"Aktivitetskoncepter -","og_description":"F\u00e5 inspiration til nye aktiviteter Klik p\u00e5 linket Kort beskrivelse Aktivitetskoncept Kunst og kreativitet Et af flere aktivitetskoncepter der er beskrevet, s\u00e5 man nemt og enkelt kan starte aktiviteten op. Aktivitetskoncept F\u00e6llesspisning Et af flere aktivitetskoncepter der er beskrevet, s\u00e5 man nemt og enkelt kan starte aktiviteten op. \u00a0 Aktivitetskoncept Multimediev\u00e6rksted Et af flere aktivitetskoncepter [&hellip;]","og_url":"https:\/\/www.dui.dk\/123\/aktivitetskoncepter\/","article_modified_time":"2019-01-17T00:46:57+00:00","og_image":[{"url":"https:\/\/www.dui.dk\/123\/wp-content\/uploads\/sites\/75\/2018\/08\/TRYKSAG-KNAP-kunst-og-kreativ.png","type":"","width":"","height":""}],"twitter_card":"summary_large_image","schema":{"@context":"https:\/\/schema.org","@graph":[{"@type":"WebPage","@id":"https:\/\/www.dui.dk\/123\/aktivitetskoncepter\/","url":"https:\/\/www.dui.dk\/123\/aktivitetskoncepter\/","name":"Aktivitetskoncepter -","isPartOf":{"@id":"https:\/\/www.dui.dk\/123\/#website"},"primaryImageOfPage":{"@id":"https:\/\/www.dui.dk\/123\/aktivitetskoncepter\/#primaryimage"},"image":{"@id":"https:\/\/www.dui.dk\/123\/aktivitetskoncepter\/#primaryimage"},"thumbnailUrl":"https:\/\/www.dui.dk\/123\/wp-content\/uploads\/sites\/75\/2018\/08\/TRYKSAG-KNAP-kunst-og-kreativ.png","datePublished":"2019-01-17T00:46:38+00:00","dateModified":"2019-01-17T00:46:57+00:00","breadcrumb":{"@id":"https:\/\/www.dui.dk\/123\/aktivitetskoncepter\/#breadcrumb"},"inLanguage":"da-DK","potentialAction":[{"@type":"ReadAction","target":["https:\/\/www.dui.dk\/123\/aktivitetskoncepter\/"]}]},{"@type":"ImageObject","inLanguage":"da-DK","@id":"https:\/\/www.dui.dk\/123\/aktivitetskoncepter\/#primaryimage","url":"https:\/\/www.dui.dk\/123\/wp-content\/uploads\/sites\/75\/2018\/08\/TRYKSAG-KNAP-kunst-og-kreativ.png","contentUrl":"https:\/\/www.dui.dk\/123\/wp-content\/uploads\/sites\/75\/2018\/08\/TRYKSAG-KNAP-kunst-og-kreativ.png","width":150,"height":200},{"@type":"BreadcrumbList","@id":"https:\/\/www.dui.dk\/123\/aktivitetskoncepter\/#breadcrumb","itemListElement":[{"@type":"ListItem","position":1,"name":"Hjem","item":"https:\/\/www.dui.dk\/123\/"},{"@type":"ListItem","position":2,"name":"Aktivitetskoncepter"}]},{"@type":"WebSite","@id":"https:\/\/www.dui.dk\/123\/#website","url":"https:\/\/www.dui.dk\/123\/","name":"","description":"Endnu en DUI-LEG og VIRKE lokalafdelinger-side","potentialAction":[{"@type":"SearchAction","target":{"@type":"EntryPoint","urlTemplate":"https:\/\/www.dui.dk\/123\/?s={search_term_string}"},"query-input":{"@type":"PropertyValueSpecification","valueRequired":true,"valueName":"search_term_string"}}],"inLanguage":"da-DK"}]}},"_links":{"self":[{"href":"https:\/\/www.dui.dk\/123\/wp-json\/wp\/v2\/pages\/364","targetHints":{"allow":["GET"]}}],"collection":[{"href":"https:\/\/www.dui.dk\/123\/wp-json\/wp\/v2\/pages"}],"about":[{"href":"https:\/\/www.dui.dk\/123\/wp-json\/wp\/v2\/types\/page"}],"author":[{"embeddable":true,"href":"https:\/\/www.dui.dk\/123\/wp-json\/wp\/v2\/users\/4"}],"replies":[{"embeddable":true,"href":"https:\/\/www.dui.dk\/123\/wp-json\/wp\/v2\/comments?post=364"}],"version-history":[{"count":2,"href":"https:\/\/www.dui.dk\/123\/wp-json\/wp\/v2\/pages\/364\/revisions"}],"predecessor-version":[{"id":366,"href":"https:\/\/www.dui.dk\/123\/wp-json\/wp\/v2\/pages\/364\/revisions\/366"}],"wp:attachment":[{"href":"https:\/\/www.dui.dk\/123\/wp-json\/wp\/v2\/media?parent=364"}],"curies":[{"name":"wp","href":"https:\/\/api.w.org\/{rel}","templated":true}]}}