{"id":274,"date":"2019-01-16T14:42:57","date_gmt":"2019-01-16T14:42:57","guid":{"rendered":"http:\/\/www.dui.dk\/123\/?page_id=274"},"modified":"2021-04-19T08:30:39","modified_gmt":"2021-04-19T08:30:39","slug":"typografi","status":"publish","type":"page","link":"https:\/\/www.dui.dk\/123\/typografi\/","title":{"rendered":"Typografi"},"content":{"rendered":"<p><a href=\"https:\/\/www.dui.dk\/123\/wp-content\/uploads\/sites\/75\/2021\/04\/DUI-Skrifttyper-alle-7.zip\"><img loading=\"lazy\" decoding=\"async\" class=\"alignright wp-image-271 size-full\" src=\"https:\/\/www.dui.dk\/123\/wp-content\/uploads\/sites\/75\/2019\/01\/Download-Skrifttype.png\" alt=\"\" width=\"80\" height=\"100\" \/><\/a>For at holde det ens udtryk i vores materialer, bruger vi disse AMSI skrifttyper. Her kan du se hvad de hvordan de ser ud og hvordan de skal bruges korrekt. Klik p\u00e5 ikonet her til h\u00f8jre. Hent skrifttyperne ned p\u00e5 din computer og l\u00e6g dem der hvor du normalt har dine fonte.<\/p>\n<p>Bem\u00e6rk at overskrifter spacieres med +20 og underoverskrifter med hele +200 for\u00a0at for\u00a0lette l\u00e6sevenligheden og for at skabe en flot visuel typografisk effekt.<\/p>\n<p>&nbsp;<\/p>\n<p><img loading=\"lazy\" decoding=\"async\" class=\"alignnone size-full wp-image-272\" src=\"https:\/\/www.dui.dk\/123\/wp-content\/uploads\/sites\/75\/2019\/01\/Typografi.png\" alt=\"\" width=\"700\" height=\"417\" srcset=\"https:\/\/www.dui.dk\/123\/wp-content\/uploads\/sites\/75\/2019\/01\/Typografi.png 700w, https:\/\/www.dui.dk\/123\/wp-content\/uploads\/sites\/75\/2019\/01\/Typografi-300x179.png 300w, https:\/\/www.dui.dk\/123\/wp-content\/uploads\/sites\/75\/2019\/01\/Typografi-600x357.png 600w\" sizes=\"auto, (max-width: 700px) 100vw, 700px\" \/><\/p>\n","protected":false},"excerpt":{"rendered":"<p>For at holde det ens udtryk i vores materialer, bruger vi disse AMSI skrifttyper. Her kan du se hvad de hvordan de ser ud og hvordan de skal bruges korrekt. Klik p\u00e5 ikonet her til h\u00f8jre. Hent skrifttyperne ned p\u00e5 din computer og l\u00e6g dem der hvor du normalt har dine fonte. Bem\u00e6rk at overskrifter [&hellip;]<\/p>\n","protected":false},"author":4,"featured_media":0,"parent":0,"menu_order":0,"comment_status":"closed","ping_status":"closed","template":"","meta":{"_acf_changed":false,"footnotes":""},"class_list":["post-274","page","type-page","status-publish","hentry"],"acf":[],"yoast_head":"<!-- This site is optimized with the Yoast SEO plugin v27.1.1 - https:\/\/yoast.com\/product\/yoast-seo-wordpress\/ -->\n<title>Typografi -<\/title>\n<meta name=\"robots\" content=\"index, follow, max-snippet:-1, max-image-preview:large, max-video-preview:-1\" \/>\n<link rel=\"canonical\" href=\"https:\/\/www.dui.dk\/123\/typografi\/\" \/>\n<meta property=\"og:locale\" content=\"da_DK\" \/>\n<meta property=\"og:type\" content=\"article\" \/>\n<meta property=\"og:title\" content=\"Typografi -\" \/>\n<meta property=\"og:description\" content=\"For at holde det ens udtryk i vores materialer, bruger vi disse AMSI skrifttyper. Her kan du se hvad de hvordan de ser ud og hvordan de skal bruges korrekt. Klik p\u00e5 ikonet her til h\u00f8jre. Hent skrifttyperne ned p\u00e5 din computer og l\u00e6g dem der hvor du normalt har dine fonte. Bem\u00e6rk at overskrifter [&hellip;]\" \/>\n<meta property=\"og:url\" content=\"https:\/\/www.dui.dk\/123\/typografi\/\" \/>\n<meta property=\"article:modified_time\" content=\"2021-04-19T08:30:39+00:00\" \/>\n<meta property=\"og:image\" content=\"https:\/\/www.dui.dk\/123\/wp-content\/uploads\/sites\/75\/2019\/01\/Download-Skrifttype.png\" \/>\n<meta name=\"twitter:card\" content=\"summary_large_image\" \/>\n<script type=\"application\/ld+json\" class=\"yoast-schema-graph\">{\"@context\":\"https:\/\/schema.org\",\"@graph\":[{\"@type\":\"WebPage\",\"@id\":\"https:\/\/www.dui.dk\/123\/typografi\/\",\"url\":\"https:\/\/www.dui.dk\/123\/typografi\/\",\"name\":\"Typografi -\",\"isPartOf\":{\"@id\":\"https:\/\/www.dui.dk\/123\/#website\"},\"primaryImageOfPage\":{\"@id\":\"https:\/\/www.dui.dk\/123\/typografi\/#primaryimage\"},\"image\":{\"@id\":\"https:\/\/www.dui.dk\/123\/typografi\/#primaryimage\"},\"thumbnailUrl\":\"https:\/\/www.dui.dk\/123\/wp-content\/uploads\/sites\/75\/2019\/01\/Download-Skrifttype.png\",\"datePublished\":\"2019-01-16T14:42:57+00:00\",\"dateModified\":\"2021-04-19T08:30:39+00:00\",\"breadcrumb\":{\"@id\":\"https:\/\/www.dui.dk\/123\/typografi\/#breadcrumb\"},\"inLanguage\":\"da-DK\",\"potentialAction\":[{\"@type\":\"ReadAction\",\"target\":[\"https:\/\/www.dui.dk\/123\/typografi\/\"]}]},{\"@type\":\"ImageObject\",\"inLanguage\":\"da-DK\",\"@id\":\"https:\/\/www.dui.dk\/123\/typografi\/#primaryimage\",\"url\":\"https:\/\/www.dui.dk\/123\/wp-content\/uploads\/sites\/75\/2019\/01\/Download-Skrifttype.png\",\"contentUrl\":\"https:\/\/www.dui.dk\/123\/wp-content\/uploads\/sites\/75\/2019\/01\/Download-Skrifttype.png\",\"width\":80,\"height\":100},{\"@type\":\"BreadcrumbList\",\"@id\":\"https:\/\/www.dui.dk\/123\/typografi\/#breadcrumb\",\"itemListElement\":[{\"@type\":\"ListItem\",\"position\":1,\"name\":\"Hjem\",\"item\":\"https:\/\/www.dui.dk\/123\/\"},{\"@type\":\"ListItem\",\"position\":2,\"name\":\"Typografi\"}]},{\"@type\":\"WebSite\",\"@id\":\"https:\/\/www.dui.dk\/123\/#website\",\"url\":\"https:\/\/www.dui.dk\/123\/\",\"name\":\"\",\"description\":\"Endnu en DUI-LEG og VIRKE lokalafdelinger-side\",\"potentialAction\":[{\"@type\":\"SearchAction\",\"target\":{\"@type\":\"EntryPoint\",\"urlTemplate\":\"https:\/\/www.dui.dk\/123\/?s={search_term_string}\"},\"query-input\":{\"@type\":\"PropertyValueSpecification\",\"valueRequired\":true,\"valueName\":\"search_term_string\"}}],\"inLanguage\":\"da-DK\"}]}<\/script>\n<!-- \/ Yoast SEO plugin. -->","yoast_head_json":{"title":"Typografi -","robots":{"index":"index","follow":"follow","max-snippet":"max-snippet:-1","max-image-preview":"max-image-preview:large","max-video-preview":"max-video-preview:-1"},"canonical":"https:\/\/www.dui.dk\/123\/typografi\/","og_locale":"da_DK","og_type":"article","og_title":"Typografi -","og_description":"For at holde det ens udtryk i vores materialer, bruger vi disse AMSI skrifttyper. Her kan du se hvad de hvordan de ser ud og hvordan de skal bruges korrekt. Klik p\u00e5 ikonet her til h\u00f8jre. Hent skrifttyperne ned p\u00e5 din computer og l\u00e6g dem der hvor du normalt har dine fonte. Bem\u00e6rk at overskrifter [&hellip;]","og_url":"https:\/\/www.dui.dk\/123\/typografi\/","article_modified_time":"2021-04-19T08:30:39+00:00","og_image":[{"url":"https:\/\/www.dui.dk\/123\/wp-content\/uploads\/sites\/75\/2019\/01\/Download-Skrifttype.png","type":"","width":"","height":""}],"twitter_card":"summary_large_image","schema":{"@context":"https:\/\/schema.org","@graph":[{"@type":"WebPage","@id":"https:\/\/www.dui.dk\/123\/typografi\/","url":"https:\/\/www.dui.dk\/123\/typografi\/","name":"Typografi -","isPartOf":{"@id":"https:\/\/www.dui.dk\/123\/#website"},"primaryImageOfPage":{"@id":"https:\/\/www.dui.dk\/123\/typografi\/#primaryimage"},"image":{"@id":"https:\/\/www.dui.dk\/123\/typografi\/#primaryimage"},"thumbnailUrl":"https:\/\/www.dui.dk\/123\/wp-content\/uploads\/sites\/75\/2019\/01\/Download-Skrifttype.png","datePublished":"2019-01-16T14:42:57+00:00","dateModified":"2021-04-19T08:30:39+00:00","breadcrumb":{"@id":"https:\/\/www.dui.dk\/123\/typografi\/#breadcrumb"},"inLanguage":"da-DK","potentialAction":[{"@type":"ReadAction","target":["https:\/\/www.dui.dk\/123\/typografi\/"]}]},{"@type":"ImageObject","inLanguage":"da-DK","@id":"https:\/\/www.dui.dk\/123\/typografi\/#primaryimage","url":"https:\/\/www.dui.dk\/123\/wp-content\/uploads\/sites\/75\/2019\/01\/Download-Skrifttype.png","contentUrl":"https:\/\/www.dui.dk\/123\/wp-content\/uploads\/sites\/75\/2019\/01\/Download-Skrifttype.png","width":80,"height":100},{"@type":"BreadcrumbList","@id":"https:\/\/www.dui.dk\/123\/typografi\/#breadcrumb","itemListElement":[{"@type":"ListItem","position":1,"name":"Hjem","item":"https:\/\/www.dui.dk\/123\/"},{"@type":"ListItem","position":2,"name":"Typografi"}]},{"@type":"WebSite","@id":"https:\/\/www.dui.dk\/123\/#website","url":"https:\/\/www.dui.dk\/123\/","name":"","description":"Endnu en DUI-LEG og VIRKE lokalafdelinger-side","potentialAction":[{"@type":"SearchAction","target":{"@type":"EntryPoint","urlTemplate":"https:\/\/www.dui.dk\/123\/?s={search_term_string}"},"query-input":{"@type":"PropertyValueSpecification","valueRequired":true,"valueName":"search_term_string"}}],"inLanguage":"da-DK"}]}},"_links":{"self":[{"href":"https:\/\/www.dui.dk\/123\/wp-json\/wp\/v2\/pages\/274","targetHints":{"allow":["GET"]}}],"collection":[{"href":"https:\/\/www.dui.dk\/123\/wp-json\/wp\/v2\/pages"}],"about":[{"href":"https:\/\/www.dui.dk\/123\/wp-json\/wp\/v2\/types\/page"}],"author":[{"embeddable":true,"href":"https:\/\/www.dui.dk\/123\/wp-json\/wp\/v2\/users\/4"}],"replies":[{"embeddable":true,"href":"https:\/\/www.dui.dk\/123\/wp-json\/wp\/v2\/comments?post=274"}],"version-history":[{"count":4,"href":"https:\/\/www.dui.dk\/123\/wp-json\/wp\/v2\/pages\/274\/revisions"}],"predecessor-version":[{"id":884,"href":"https:\/\/www.dui.dk\/123\/wp-json\/wp\/v2\/pages\/274\/revisions\/884"}],"wp:attachment":[{"href":"https:\/\/www.dui.dk\/123\/wp-json\/wp\/v2\/media?parent=274"}],"curies":[{"name":"wp","href":"https:\/\/api.w.org\/{rel}","templated":true}]}}