{"id":255,"date":"2019-01-15T11:14:13","date_gmt":"2019-01-15T11:14:13","guid":{"rendered":"http:\/\/www.dui.dk\/123\/?page_id=255"},"modified":"2026-02-04T09:41:13","modified_gmt":"2026-02-04T09:41:13","slug":"quickguides","status":"publish","type":"page","link":"https:\/\/www.dui.dk\/123\/quickguides\/","title":{"rendered":"Quickguides og vejledninger"},"content":{"rendered":"<h3>F\u00e5 en hurtig vejledning med Quickguides eller fordyb dig i de lidt l\u00e6ngere vejledninger.<\/h3>\n<p>&nbsp;<\/p>\n<table style=\"border-collapse: collapse; width: 611px; height: 530px;\" border=\"0\" width=\"128\" cellspacing=\"0\" cellpadding=\"0\">\n<colgroup>\n<col style=\"width: 48pt;\" span=\"2\" width=\"64\" \/> <\/colgroup>\n<tbody>\n<tr style=\"height: 15.0pt;\">\n<td style=\"height: 15.0pt; width: 48pt;\" width=\"64\" height=\"20\"><strong>Klik p\u00e5 linket<\/strong><\/td>\n<td style=\"width: 48pt;\" width=\"64\"><strong>Kort beskrivelse<\/strong><\/td>\n<\/tr>\n<tr style=\"height: 15.0pt;\">\n<td style=\"height: 15.0pt;\" height=\"20\"><a href=\"https:\/\/www.dui.dk\/123\/wp-content\/uploads\/sites\/75\/2026\/02\/Frivillighaandbog.pdf\"><img loading=\"lazy\" decoding=\"async\" class=\"alignnone wp-image-1738 size-full\" src=\"https:\/\/www.dui.dk\/123\/wp-content\/uploads\/sites\/75\/2026\/02\/KNAP-frivillighaandbog.png\" alt=\"\" width=\"150\" height=\"200\" \/><\/a><\/td>\n<td>\n<p class=\"alignnone\"><strong>Guide<\/strong><\/p>\n<h3><a href=\"https:\/\/www.dui.dk\/123\/wp-content\/uploads\/sites\/75\/2026\/02\/Frivillighaandbog.pdf\">Frivilligh\u00e5ndbog<\/a><\/h3>\n<p>En h\u00e5ndbog til alle frivillige, hvor man kan finde lidt at hvert i. Bl.a. lidt om DUIs historie og organisatoriskeopbygning.<\/td>\n<\/tr>\n<tr style=\"height: 15.0pt;\">\n<td style=\"height: 15.0pt;\" height=\"20\"><\/td>\n<td>&nbsp;<\/td>\n<\/tr>\n<tr style=\"height: 15.0pt;\">\n<td style=\"height: 15.0pt;\" height=\"20\"><a href=\"https:\/\/www.dui.dk\/123\/wp-content\/uploads\/sites\/75\/2019\/01\/Quickguide-afdeligsarkivet2019.pdf\"><img loading=\"lazy\" decoding=\"async\" class=\"alignnone wp-image-268 size-full\" src=\"https:\/\/www.dui.dk\/123\/wp-content\/uploads\/sites\/75\/2019\/01\/Quickguide-KNAP.png\" alt=\"\" width=\"150\" height=\"200\" \/><\/a><\/td>\n<td>\n<p class=\"alignnone\"><strong>Quickguide<\/strong><\/p>\n<h3><a href=\"https:\/\/www.dui.dk\/123\/wp-content\/uploads\/sites\/75\/2019\/01\/Quickguide-afdeligsarkivet2019.pdf\">Krav til afdelingsarkivet<\/a><\/h3>\n<p>Hvilke krav er der til det materialet, som alle afdelinger skal indsende efter sit \u00e5rsm\u00f8de: \u00c5rsregnskab, \u00c5rsm\u00f8dereferat og \u00c5rsberetning.<\/td>\n<\/tr>\n<tr style=\"height: 15.0pt;\">\n<td style=\"height: 15.0pt;\" height=\"20\"><a href=\"https:\/\/www.dui.dk\/123\/wp-content\/uploads\/sites\/75\/2020\/10\/Quickguide-regnskabssystemer.pdf\"><img loading=\"lazy\" decoding=\"async\" class=\"alignnone wp-image-834 size-full\" src=\"https:\/\/www.dui.dk\/123\/wp-content\/uploads\/sites\/75\/2020\/10\/TRYKSAG-KNAP-Regnskab.png\" alt=\"\" width=\"150\" height=\"200\" \/><\/a><\/td>\n<td>\n<p class=\"alignnone\"><strong>Quickguide<\/strong><\/p>\n<h3><a href=\"https:\/\/www.dui.dk\/123\/wp-content\/uploads\/sites\/75\/2020\/10\/Quickguide-regnskabssystemer.pdf\">Regnskabssystemer<\/a><\/h3>\n<p>Er du kasserer og har brug for et nyt regnskabsprogram til afdelinge? S\u00e5 har vi her samlet en lille oversigt over nogle at de muligheder der er p\u00e5 markedet.<\/td>\n<\/tr>\n<tr style=\"height: 15.0pt;\">\n<td style=\"height: 15.0pt;\" height=\"20\"><a href=\"https:\/\/www.dui.dk\/123\/wp-content\/uploads\/sites\/75\/2020\/05\/Quickguide-Forbundskontingent.pdf\"><img loading=\"lazy\" decoding=\"async\" class=\"alignnone wp-image-739 size-full\" src=\"https:\/\/www.dui.dk\/123\/wp-content\/uploads\/sites\/75\/2020\/05\/Quickguide-KNAPforbundskontingent.png\" alt=\"\" width=\"150\" height=\"200\" \/><\/a><\/td>\n<td>\n<p class=\"alignnone\"><strong>Quickguide<\/strong><\/p>\n<h3><a href=\"https:\/\/www.dui.dk\/123\/wp-content\/uploads\/sites\/75\/2020\/05\/Quickguide-Forbundskontingent.pdf\">Omkring forbundskontingentet<\/a><\/h3>\n<p>Lidt om forbundskontingentet og hvilken tidsplan forbundet arbejder udfra.<\/td>\n<\/tr>\n<tr style=\"height: 15.0pt;\">\n<td style=\"height: 15.0pt;\" height=\"20\"><a href=\"https:\/\/www.dui.dk\/123\/wp-content\/uploads\/sites\/75\/2020\/05\/Quickguide-kontingentopkr\u00e6vning.pdf\"><img loading=\"lazy\" decoding=\"async\" class=\"alignnone wp-image-740 size-full\" src=\"https:\/\/www.dui.dk\/123\/wp-content\/uploads\/sites\/75\/2020\/05\/Quickguide-KNAPkontingentopkr\u00e6vning.png\" alt=\"\" width=\"150\" height=\"200\" \/><\/a><\/td>\n<td>\n<p class=\"alignnone\"><strong>Quickguide<\/strong><\/p>\n<h3><a href=\"https:\/\/www.dui.dk\/123\/wp-content\/uploads\/sites\/75\/2020\/05\/Quickguide-kontingentopkr\u00e6vning.pdf\">Kontingent &#8211; hvem g\u00f8r hvad?<\/a><\/h3>\n<p>Et hurtigt overblik over hvem der g\u00f8r hvad n\u00e5r der skal opkr\u00e6ves kontingent i afdelingen. Samt hvilken deadlines der skal overholdes.<\/td>\n<\/tr>\n<tr style=\"height: 15.0pt;\">\n<td style=\"height: 15.0pt;\" height=\"20\"><a href=\"https:\/\/www.dui.dk\/123\/wp-content\/uploads\/sites\/75\/2020\/08\/Quickguide-oprettelse-1.pdf\"><img loading=\"lazy\" decoding=\"async\" class=\"alignnone wp-image-633 size-full\" src=\"https:\/\/www.dui.dk\/123\/wp-content\/uploads\/sites\/75\/2019\/06\/Quickguide-KNAP-oprettelse.png\" alt=\"\" width=\"150\" height=\"200\" \/><\/a><\/td>\n<td>\n<p class=\"alignnone\"><strong>Quickguide<\/strong><\/p>\n<h3><a href=\"https:\/\/www.dui.dk\/123\/wp-content\/uploads\/sites\/75\/2020\/08\/Quickguide-oprettelse.pdf\">Oprettelse af ny DUI-afdeling<\/a><\/h3>\n<p>F\u00e5 et hurtigt overblik over hvad der skal til for at oprettet en afdeling og hvad man som ny afdeling kan f\u00e5 i starthj\u00e6lp.<\/td>\n<\/tr>\n<tr style=\"height: 15.0pt;\">\n<td style=\"height: 15.0pt;\" height=\"20\"><a href=\"https:\/\/www.dui.dk\/123\/wp-content\/uploads\/sites\/75\/2019\/06\/ESA-MAPPE.pdf\"><img loading=\"lazy\" decoding=\"async\" class=\"alignnone wp-image-635 size-full\" src=\"https:\/\/www.dui.dk\/123\/wp-content\/uploads\/sites\/75\/2019\/06\/TRYKSAG-KNAP-en-st\u00e6rk-afdeling.png\" alt=\"\" width=\"150\" height=\"200\" \/><\/a><\/td>\n<td>\n<p class=\"alignnone\"><strong>Vejledning<\/strong><\/p>\n<h3><a href=\"https:\/\/www.dui.dk\/123\/wp-content\/uploads\/sites\/75\/2019\/06\/ESA-MAPPE.pdf\">En st\u00e6rk afdeling<\/a><\/h3>\n<p>Med udgangspunkt i tankerne fra &#8220;Den gode afdeling&#8221; har vi lavet denne hj\u00e6lp til drift af en lokale afdeling. Hvis man er helt ny i det organisatoriske arbejde kan man med fordel hente inspiration til det lokale arbejde her.<\/td>\n<\/tr>\n<tr style=\"height: 15.0pt;\">\n<td style=\"height: 15.0pt;\" height=\"20\"><a href=\"https:\/\/www.dui.dk\/123\/wp-content\/uploads\/sites\/75\/2019\/06\/Den-gode-Afdeling-pdf.pdf\"><img loading=\"lazy\" decoding=\"async\" class=\"alignnone wp-image-634 size-full\" src=\"https:\/\/www.dui.dk\/123\/wp-content\/uploads\/sites\/75\/2019\/06\/TRYKSAG-KNAP-Den-gode-afdeling.png\" alt=\"\" width=\"150\" height=\"200\" \/><\/a><\/td>\n<td>\n<p class=\"alignnone\"><strong>Vejledning<\/strong><\/p>\n<h3><a href=\"https:\/\/www.dui.dk\/123\/wp-content\/uploads\/sites\/75\/2019\/06\/Den-gode-Afdeling-pdf.pdf\">Den gode afdeling<\/a><\/h3>\n<p>Selvom &#8220;Den gode afdeling&#8221; er et resultat af en DUF-rapport om DUI helt tilbage fra 2008, s\u00e5 kan konklusionerne sagten bruges i dag. Det er nemlig de samme udfordringer vi stadig st\u00e5r med. L\u00e6s eventuelt ogs\u00e5 &#8220;En st\u00e6rk afdeling&#8221; da den tager udgangspunkt i konklusionerne fra denne rapport.<\/td>\n<\/tr>\n<\/tbody>\n<\/table>\n<p>&nbsp;<\/p>\n","protected":false},"excerpt":{"rendered":"<p>F\u00e5 en hurtig vejledning med Quickguides eller fordyb dig i de lidt l\u00e6ngere vejledninger. &nbsp; Klik p\u00e5 linket Kort beskrivelse Guide Frivilligh\u00e5ndbog En h\u00e5ndbog til alle frivillige, hvor man kan finde lidt at hvert i. Bl.a. lidt om DUIs historie og organisatoriskeopbygning. &nbsp; Quickguide Krav til afdelingsarkivet Hvilke krav er der til det materialet, som [&hellip;]<\/p>\n","protected":false},"author":4,"featured_media":0,"parent":0,"menu_order":0,"comment_status":"closed","ping_status":"closed","template":"","meta":{"_acf_changed":false,"footnotes":""},"class_list":["post-255","page","type-page","status-publish","hentry"],"acf":[],"yoast_head":"<!-- This site is optimized with the Yoast SEO plugin v27.1.1 - https:\/\/yoast.com\/product\/yoast-seo-wordpress\/ -->\n<title>Quickguides og vejledninger -<\/title>\n<meta name=\"robots\" content=\"index, follow, max-snippet:-1, max-image-preview:large, max-video-preview:-1\" \/>\n<link rel=\"canonical\" href=\"https:\/\/www.dui.dk\/123\/quickguides\/\" \/>\n<meta property=\"og:locale\" content=\"da_DK\" \/>\n<meta property=\"og:type\" content=\"article\" \/>\n<meta property=\"og:title\" content=\"Quickguides og vejledninger -\" \/>\n<meta property=\"og:description\" content=\"F\u00e5 en hurtig vejledning med Quickguides eller fordyb dig i de lidt l\u00e6ngere vejledninger. &nbsp; Klik p\u00e5 linket Kort beskrivelse Guide Frivilligh\u00e5ndbog En h\u00e5ndbog til alle frivillige, hvor man kan finde lidt at hvert i. Bl.a. lidt om DUIs historie og organisatoriskeopbygning. &nbsp; Quickguide Krav til afdelingsarkivet Hvilke krav er der til det materialet, som [&hellip;]\" \/>\n<meta property=\"og:url\" content=\"https:\/\/www.dui.dk\/123\/quickguides\/\" \/>\n<meta property=\"article:modified_time\" content=\"2026-02-04T09:41:13+00:00\" \/>\n<meta property=\"og:image\" content=\"https:\/\/www.dui.dk\/123\/wp-content\/uploads\/sites\/75\/2026\/02\/KNAP-frivillighaandbog.png\" \/>\n\t<meta property=\"og:image:width\" content=\"150\" \/>\n\t<meta property=\"og:image:height\" content=\"200\" \/>\n\t<meta property=\"og:image:type\" content=\"image\/png\" \/>\n<meta name=\"twitter:card\" content=\"summary_large_image\" \/>\n<meta name=\"twitter:label1\" content=\"Estimeret l\u00e6setid\" \/>\n\t<meta name=\"twitter:data1\" content=\"4 minutter\" \/>\n<script type=\"application\/ld+json\" class=\"yoast-schema-graph\">{\"@context\":\"https:\/\/schema.org\",\"@graph\":[{\"@type\":\"WebPage\",\"@id\":\"https:\/\/www.dui.dk\/123\/quickguides\/\",\"url\":\"https:\/\/www.dui.dk\/123\/quickguides\/\",\"name\":\"Quickguides og vejledninger -\",\"isPartOf\":{\"@id\":\"https:\/\/www.dui.dk\/123\/#website\"},\"primaryImageOfPage\":{\"@id\":\"https:\/\/www.dui.dk\/123\/quickguides\/#primaryimage\"},\"image\":{\"@id\":\"https:\/\/www.dui.dk\/123\/quickguides\/#primaryimage\"},\"thumbnailUrl\":\"https:\/\/www.dui.dk\/123\/wp-content\/uploads\/sites\/75\/2026\/02\/KNAP-frivillighaandbog.png\",\"datePublished\":\"2019-01-15T11:14:13+00:00\",\"dateModified\":\"2026-02-04T09:41:13+00:00\",\"breadcrumb\":{\"@id\":\"https:\/\/www.dui.dk\/123\/quickguides\/#breadcrumb\"},\"inLanguage\":\"da-DK\",\"potentialAction\":[{\"@type\":\"ReadAction\",\"target\":[\"https:\/\/www.dui.dk\/123\/quickguides\/\"]}]},{\"@type\":\"ImageObject\",\"inLanguage\":\"da-DK\",\"@id\":\"https:\/\/www.dui.dk\/123\/quickguides\/#primaryimage\",\"url\":\"https:\/\/www.dui.dk\/123\/wp-content\/uploads\/sites\/75\/2026\/02\/KNAP-frivillighaandbog.png\",\"contentUrl\":\"https:\/\/www.dui.dk\/123\/wp-content\/uploads\/sites\/75\/2026\/02\/KNAP-frivillighaandbog.png\",\"width\":150,\"height\":200},{\"@type\":\"BreadcrumbList\",\"@id\":\"https:\/\/www.dui.dk\/123\/quickguides\/#breadcrumb\",\"itemListElement\":[{\"@type\":\"ListItem\",\"position\":1,\"name\":\"Hjem\",\"item\":\"https:\/\/www.dui.dk\/123\/\"},{\"@type\":\"ListItem\",\"position\":2,\"name\":\"Quickguides og vejledninger\"}]},{\"@type\":\"WebSite\",\"@id\":\"https:\/\/www.dui.dk\/123\/#website\",\"url\":\"https:\/\/www.dui.dk\/123\/\",\"name\":\"\",\"description\":\"Endnu en DUI-LEG og VIRKE lokalafdelinger-side\",\"potentialAction\":[{\"@type\":\"SearchAction\",\"target\":{\"@type\":\"EntryPoint\",\"urlTemplate\":\"https:\/\/www.dui.dk\/123\/?s={search_term_string}\"},\"query-input\":{\"@type\":\"PropertyValueSpecification\",\"valueRequired\":true,\"valueName\":\"search_term_string\"}}],\"inLanguage\":\"da-DK\"}]}<\/script>\n<!-- \/ Yoast SEO plugin. -->","yoast_head_json":{"title":"Quickguides og vejledninger -","robots":{"index":"index","follow":"follow","max-snippet":"max-snippet:-1","max-image-preview":"max-image-preview:large","max-video-preview":"max-video-preview:-1"},"canonical":"https:\/\/www.dui.dk\/123\/quickguides\/","og_locale":"da_DK","og_type":"article","og_title":"Quickguides og vejledninger -","og_description":"F\u00e5 en hurtig vejledning med Quickguides eller fordyb dig i de lidt l\u00e6ngere vejledninger. &nbsp; Klik p\u00e5 linket Kort beskrivelse Guide Frivilligh\u00e5ndbog En h\u00e5ndbog til alle frivillige, hvor man kan finde lidt at hvert i. Bl.a. lidt om DUIs historie og organisatoriskeopbygning. &nbsp; Quickguide Krav til afdelingsarkivet Hvilke krav er der til det materialet, som [&hellip;]","og_url":"https:\/\/www.dui.dk\/123\/quickguides\/","article_modified_time":"2026-02-04T09:41:13+00:00","og_image":[{"width":150,"height":200,"url":"https:\/\/www.dui.dk\/123\/wp-content\/uploads\/sites\/75\/2026\/02\/KNAP-frivillighaandbog.png","type":"image\/png"}],"twitter_card":"summary_large_image","twitter_misc":{"Estimeret l\u00e6setid":"4 minutter"},"schema":{"@context":"https:\/\/schema.org","@graph":[{"@type":"WebPage","@id":"https:\/\/www.dui.dk\/123\/quickguides\/","url":"https:\/\/www.dui.dk\/123\/quickguides\/","name":"Quickguides og vejledninger -","isPartOf":{"@id":"https:\/\/www.dui.dk\/123\/#website"},"primaryImageOfPage":{"@id":"https:\/\/www.dui.dk\/123\/quickguides\/#primaryimage"},"image":{"@id":"https:\/\/www.dui.dk\/123\/quickguides\/#primaryimage"},"thumbnailUrl":"https:\/\/www.dui.dk\/123\/wp-content\/uploads\/sites\/75\/2026\/02\/KNAP-frivillighaandbog.png","datePublished":"2019-01-15T11:14:13+00:00","dateModified":"2026-02-04T09:41:13+00:00","breadcrumb":{"@id":"https:\/\/www.dui.dk\/123\/quickguides\/#breadcrumb"},"inLanguage":"da-DK","potentialAction":[{"@type":"ReadAction","target":["https:\/\/www.dui.dk\/123\/quickguides\/"]}]},{"@type":"ImageObject","inLanguage":"da-DK","@id":"https:\/\/www.dui.dk\/123\/quickguides\/#primaryimage","url":"https:\/\/www.dui.dk\/123\/wp-content\/uploads\/sites\/75\/2026\/02\/KNAP-frivillighaandbog.png","contentUrl":"https:\/\/www.dui.dk\/123\/wp-content\/uploads\/sites\/75\/2026\/02\/KNAP-frivillighaandbog.png","width":150,"height":200},{"@type":"BreadcrumbList","@id":"https:\/\/www.dui.dk\/123\/quickguides\/#breadcrumb","itemListElement":[{"@type":"ListItem","position":1,"name":"Hjem","item":"https:\/\/www.dui.dk\/123\/"},{"@type":"ListItem","position":2,"name":"Quickguides og vejledninger"}]},{"@type":"WebSite","@id":"https:\/\/www.dui.dk\/123\/#website","url":"https:\/\/www.dui.dk\/123\/","name":"","description":"Endnu en DUI-LEG og VIRKE lokalafdelinger-side","potentialAction":[{"@type":"SearchAction","target":{"@type":"EntryPoint","urlTemplate":"https:\/\/www.dui.dk\/123\/?s={search_term_string}"},"query-input":{"@type":"PropertyValueSpecification","valueRequired":true,"valueName":"search_term_string"}}],"inLanguage":"da-DK"}]}},"_links":{"self":[{"href":"https:\/\/www.dui.dk\/123\/wp-json\/wp\/v2\/pages\/255","targetHints":{"allow":["GET"]}}],"collection":[{"href":"https:\/\/www.dui.dk\/123\/wp-json\/wp\/v2\/pages"}],"about":[{"href":"https:\/\/www.dui.dk\/123\/wp-json\/wp\/v2\/types\/page"}],"author":[{"embeddable":true,"href":"https:\/\/www.dui.dk\/123\/wp-json\/wp\/v2\/users\/4"}],"replies":[{"embeddable":true,"href":"https:\/\/www.dui.dk\/123\/wp-json\/wp\/v2\/comments?post=255"}],"version-history":[{"count":4,"href":"https:\/\/www.dui.dk\/123\/wp-json\/wp\/v2\/pages\/255\/revisions"}],"predecessor-version":[{"id":1740,"href":"https:\/\/www.dui.dk\/123\/wp-json\/wp\/v2\/pages\/255\/revisions\/1740"}],"wp:attachment":[{"href":"https:\/\/www.dui.dk\/123\/wp-json\/wp\/v2\/media?parent=255"}],"curies":[{"name":"wp","href":"https:\/\/api.w.org\/{rel}","templated":true}]}}