{"id":203,"date":"2018-09-10T12:42:25","date_gmt":"2018-09-10T12:42:25","guid":{"rendered":"http:\/\/www.dui.dk\/123\/?page_id=203"},"modified":"2019-01-16T14:21:18","modified_gmt":"2019-01-16T14:21:18","slug":"designguide","status":"publish","type":"page","link":"https:\/\/www.dui.dk\/123\/designguide\/","title":{"rendered":"Designguide"},"content":{"rendered":"<p><a href=\"https:\/\/www.dui.dk\/123\/wp-content\/uploads\/sites\/75\/2019\/01\/DUI_designguide_2018_v3.pdf\"><img loading=\"lazy\" decoding=\"async\" class=\"alignright wp-image-234 size-full\" src=\"https:\/\/www.dui.dk\/123\/wp-content\/uploads\/sites\/75\/2018\/09\/Download-Guide.png\" alt=\"\" width=\"80\" height=\"100\" \/><\/a>For at skabe et ensartet udtryk er der blevet udviklet en designguide for DUI. I den kan man finde alt hvad man har brug for til det nye udtryk. Hvilken typografi, farver, logo placering, brugen af ikoner og hvordan det bruges i layoutet. Det er ikke alt som guiden tager h\u00f8jde for. Derfor skal guiden ogs\u00e5 ses som en hj\u00e6lpe, s\u00e5 man har noget at tage udgangspunkt i s\u00e5 vores udtryk bliver s\u00e5 ens som muligt.<\/p>\n<p>Her til h\u00f8jre kan du finde alt hvad du skal bruge. Mangler du noget, s\u00e5 sig endelig til.<\/p>\n<p>&nbsp;<\/p>\n<p><a href=\"https:\/\/www.dui.dk\/123\/wp-content\/uploads\/sites\/75\/2019\/01\/DUI_designguide_2018_v3.pdf\"><img loading=\"lazy\" decoding=\"async\" class=\"alignnone wp-image-221 size-full\" src=\"https:\/\/www.dui.dk\/123\/wp-content\/uploads\/sites\/75\/2018\/09\/Designguide-knap2-1.png\" alt=\"\" width=\"700\" height=\"348\" srcset=\"https:\/\/www.dui.dk\/123\/wp-content\/uploads\/sites\/75\/2018\/09\/Designguide-knap2-1.png 700w, https:\/\/www.dui.dk\/123\/wp-content\/uploads\/sites\/75\/2018\/09\/Designguide-knap2-1-300x149.png 300w, https:\/\/www.dui.dk\/123\/wp-content\/uploads\/sites\/75\/2018\/09\/Designguide-knap2-1-600x298.png 600w\" sizes=\"auto, (max-width: 700px) 100vw, 700px\" \/><\/a><\/p>\n","protected":false},"excerpt":{"rendered":"<p>For at skabe et ensartet udtryk er der blevet udviklet en designguide for DUI. I den kan man finde alt hvad man har brug for til det nye udtryk. Hvilken typografi, farver, logo placering, brugen af ikoner og hvordan det bruges i layoutet. Det er ikke alt som guiden tager h\u00f8jde for. Derfor skal guiden [&hellip;]<\/p>\n","protected":false},"author":4,"featured_media":0,"parent":0,"menu_order":0,"comment_status":"closed","ping_status":"closed","template":"","meta":{"_acf_changed":false,"footnotes":""},"class_list":["post-203","page","type-page","status-publish","hentry"],"acf":[],"yoast_head":"<!-- This site is optimized with the Yoast SEO plugin v27.1.1 - https:\/\/yoast.com\/product\/yoast-seo-wordpress\/ -->\n<title>Designguide -<\/title>\n<meta name=\"robots\" content=\"index, follow, max-snippet:-1, max-image-preview:large, max-video-preview:-1\" \/>\n<link rel=\"canonical\" href=\"https:\/\/www.dui.dk\/123\/designguide\/\" \/>\n<meta property=\"og:locale\" content=\"da_DK\" \/>\n<meta property=\"og:type\" content=\"article\" \/>\n<meta property=\"og:title\" content=\"Designguide -\" \/>\n<meta property=\"og:description\" content=\"For at skabe et ensartet udtryk er der blevet udviklet en designguide for DUI. I den kan man finde alt hvad man har brug for til det nye udtryk. Hvilken typografi, farver, logo placering, brugen af ikoner og hvordan det bruges i layoutet. Det er ikke alt som guiden tager h\u00f8jde for. Derfor skal guiden [&hellip;]\" \/>\n<meta property=\"og:url\" content=\"https:\/\/www.dui.dk\/123\/designguide\/\" \/>\n<meta property=\"article:modified_time\" content=\"2019-01-16T14:21:18+00:00\" \/>\n<meta property=\"og:image\" content=\"https:\/\/www.dui.dk\/123\/wp-content\/uploads\/sites\/75\/2018\/09\/Download-Guide.png\" \/>\n<meta name=\"twitter:card\" content=\"summary_large_image\" \/>\n<script type=\"application\/ld+json\" class=\"yoast-schema-graph\">{\"@context\":\"https:\/\/schema.org\",\"@graph\":[{\"@type\":\"WebPage\",\"@id\":\"https:\/\/www.dui.dk\/123\/designguide\/\",\"url\":\"https:\/\/www.dui.dk\/123\/designguide\/\",\"name\":\"Designguide -\",\"isPartOf\":{\"@id\":\"https:\/\/www.dui.dk\/123\/#website\"},\"primaryImageOfPage\":{\"@id\":\"https:\/\/www.dui.dk\/123\/designguide\/#primaryimage\"},\"image\":{\"@id\":\"https:\/\/www.dui.dk\/123\/designguide\/#primaryimage\"},\"thumbnailUrl\":\"https:\/\/www.dui.dk\/123\/wp-content\/uploads\/sites\/75\/2018\/09\/Download-Guide.png\",\"datePublished\":\"2018-09-10T12:42:25+00:00\",\"dateModified\":\"2019-01-16T14:21:18+00:00\",\"breadcrumb\":{\"@id\":\"https:\/\/www.dui.dk\/123\/designguide\/#breadcrumb\"},\"inLanguage\":\"da-DK\",\"potentialAction\":[{\"@type\":\"ReadAction\",\"target\":[\"https:\/\/www.dui.dk\/123\/designguide\/\"]}]},{\"@type\":\"ImageObject\",\"inLanguage\":\"da-DK\",\"@id\":\"https:\/\/www.dui.dk\/123\/designguide\/#primaryimage\",\"url\":\"https:\/\/www.dui.dk\/123\/wp-content\/uploads\/sites\/75\/2018\/09\/Download-Guide.png\",\"contentUrl\":\"https:\/\/www.dui.dk\/123\/wp-content\/uploads\/sites\/75\/2018\/09\/Download-Guide.png\",\"width\":80,\"height\":100},{\"@type\":\"BreadcrumbList\",\"@id\":\"https:\/\/www.dui.dk\/123\/designguide\/#breadcrumb\",\"itemListElement\":[{\"@type\":\"ListItem\",\"position\":1,\"name\":\"Hjem\",\"item\":\"https:\/\/www.dui.dk\/123\/\"},{\"@type\":\"ListItem\",\"position\":2,\"name\":\"Designguide\"}]},{\"@type\":\"WebSite\",\"@id\":\"https:\/\/www.dui.dk\/123\/#website\",\"url\":\"https:\/\/www.dui.dk\/123\/\",\"name\":\"\",\"description\":\"Endnu en DUI-LEG og VIRKE lokalafdelinger-side\",\"potentialAction\":[{\"@type\":\"SearchAction\",\"target\":{\"@type\":\"EntryPoint\",\"urlTemplate\":\"https:\/\/www.dui.dk\/123\/?s={search_term_string}\"},\"query-input\":{\"@type\":\"PropertyValueSpecification\",\"valueRequired\":true,\"valueName\":\"search_term_string\"}}],\"inLanguage\":\"da-DK\"}]}<\/script>\n<!-- \/ Yoast SEO plugin. -->","yoast_head_json":{"title":"Designguide -","robots":{"index":"index","follow":"follow","max-snippet":"max-snippet:-1","max-image-preview":"max-image-preview:large","max-video-preview":"max-video-preview:-1"},"canonical":"https:\/\/www.dui.dk\/123\/designguide\/","og_locale":"da_DK","og_type":"article","og_title":"Designguide -","og_description":"For at skabe et ensartet udtryk er der blevet udviklet en designguide for DUI. I den kan man finde alt hvad man har brug for til det nye udtryk. Hvilken typografi, farver, logo placering, brugen af ikoner og hvordan det bruges i layoutet. Det er ikke alt som guiden tager h\u00f8jde for. Derfor skal guiden [&hellip;]","og_url":"https:\/\/www.dui.dk\/123\/designguide\/","article_modified_time":"2019-01-16T14:21:18+00:00","og_image":[{"url":"https:\/\/www.dui.dk\/123\/wp-content\/uploads\/sites\/75\/2018\/09\/Download-Guide.png","type":"","width":"","height":""}],"twitter_card":"summary_large_image","schema":{"@context":"https:\/\/schema.org","@graph":[{"@type":"WebPage","@id":"https:\/\/www.dui.dk\/123\/designguide\/","url":"https:\/\/www.dui.dk\/123\/designguide\/","name":"Designguide -","isPartOf":{"@id":"https:\/\/www.dui.dk\/123\/#website"},"primaryImageOfPage":{"@id":"https:\/\/www.dui.dk\/123\/designguide\/#primaryimage"},"image":{"@id":"https:\/\/www.dui.dk\/123\/designguide\/#primaryimage"},"thumbnailUrl":"https:\/\/www.dui.dk\/123\/wp-content\/uploads\/sites\/75\/2018\/09\/Download-Guide.png","datePublished":"2018-09-10T12:42:25+00:00","dateModified":"2019-01-16T14:21:18+00:00","breadcrumb":{"@id":"https:\/\/www.dui.dk\/123\/designguide\/#breadcrumb"},"inLanguage":"da-DK","potentialAction":[{"@type":"ReadAction","target":["https:\/\/www.dui.dk\/123\/designguide\/"]}]},{"@type":"ImageObject","inLanguage":"da-DK","@id":"https:\/\/www.dui.dk\/123\/designguide\/#primaryimage","url":"https:\/\/www.dui.dk\/123\/wp-content\/uploads\/sites\/75\/2018\/09\/Download-Guide.png","contentUrl":"https:\/\/www.dui.dk\/123\/wp-content\/uploads\/sites\/75\/2018\/09\/Download-Guide.png","width":80,"height":100},{"@type":"BreadcrumbList","@id":"https:\/\/www.dui.dk\/123\/designguide\/#breadcrumb","itemListElement":[{"@type":"ListItem","position":1,"name":"Hjem","item":"https:\/\/www.dui.dk\/123\/"},{"@type":"ListItem","position":2,"name":"Designguide"}]},{"@type":"WebSite","@id":"https:\/\/www.dui.dk\/123\/#website","url":"https:\/\/www.dui.dk\/123\/","name":"","description":"Endnu en DUI-LEG og VIRKE lokalafdelinger-side","potentialAction":[{"@type":"SearchAction","target":{"@type":"EntryPoint","urlTemplate":"https:\/\/www.dui.dk\/123\/?s={search_term_string}"},"query-input":{"@type":"PropertyValueSpecification","valueRequired":true,"valueName":"search_term_string"}}],"inLanguage":"da-DK"}]}},"_links":{"self":[{"href":"https:\/\/www.dui.dk\/123\/wp-json\/wp\/v2\/pages\/203","targetHints":{"allow":["GET"]}}],"collection":[{"href":"https:\/\/www.dui.dk\/123\/wp-json\/wp\/v2\/pages"}],"about":[{"href":"https:\/\/www.dui.dk\/123\/wp-json\/wp\/v2\/types\/page"}],"author":[{"embeddable":true,"href":"https:\/\/www.dui.dk\/123\/wp-json\/wp\/v2\/users\/4"}],"replies":[{"embeddable":true,"href":"https:\/\/www.dui.dk\/123\/wp-json\/wp\/v2\/comments?post=203"}],"version-history":[{"count":14,"href":"https:\/\/www.dui.dk\/123\/wp-json\/wp\/v2\/pages\/203\/revisions"}],"predecessor-version":[{"id":266,"href":"https:\/\/www.dui.dk\/123\/wp-json\/wp\/v2\/pages\/203\/revisions\/266"}],"wp:attachment":[{"href":"https:\/\/www.dui.dk\/123\/wp-json\/wp\/v2\/media?parent=203"}],"curies":[{"name":"wp","href":"https:\/\/api.w.org\/{rel}","templated":true}]}}