{"id":1697,"date":"2025-05-12T12:57:08","date_gmt":"2025-05-12T12:57:08","guid":{"rendered":"https:\/\/www.dui.dk\/123\/?page_id=1697"},"modified":"2026-03-02T11:20:50","modified_gmt":"2026-03-02T11:20:50","slug":"bestyrelsesnetvaerket","status":"publish","type":"page","link":"https:\/\/www.dui.dk\/123\/bestyrelsesnetvaerket\/","title":{"rendered":"Bestyrelsesnetv\u00e6rket"},"content":{"rendered":"<p><img loading=\"lazy\" decoding=\"async\" class=\"alignright wp-image-1744 size-medium\" src=\"https:\/\/www.dui.dk\/123\/wp-content\/uploads\/sites\/75\/2026\/03\/Maalgruppe-samarbejdspartnere-300x198.png\" alt=\"\" width=\"300\" height=\"198\" srcset=\"https:\/\/www.dui.dk\/123\/wp-content\/uploads\/sites\/75\/2026\/03\/Maalgruppe-samarbejdspartnere-300x198.png 300w, https:\/\/www.dui.dk\/123\/wp-content\/uploads\/sites\/75\/2026\/03\/Maalgruppe-samarbejdspartnere-1024x675.png 1024w, https:\/\/www.dui.dk\/123\/wp-content\/uploads\/sites\/75\/2026\/03\/Maalgruppe-samarbejdspartnere-768x506.png 768w, https:\/\/www.dui.dk\/123\/wp-content\/uploads\/sites\/75\/2026\/03\/Maalgruppe-samarbejdspartnere-600x396.png 600w, https:\/\/www.dui.dk\/123\/wp-content\/uploads\/sites\/75\/2026\/03\/Maalgruppe-samarbejdspartnere-1536x1013.png 1536w, https:\/\/www.dui.dk\/123\/wp-content\/uploads\/sites\/75\/2026\/03\/Maalgruppe-samarbejdspartnere-2048x1351.png 2048w\" sizes=\"auto, (max-width: 300px) 100vw, 300px\" \/>Bestyrelsesnetv\u00e6rket er et forum for alle afdelingers bestyrelsesmedlemmer.<\/p>\n<p>Her vil vi runder relevante emner som f.eks. Vores DUI, der l\u00f8bende udvikler sig, arbejdsfordeling og ansvar i bestyrelsen, fundraising, afdelingsudvikling, synlighed, kommunalt tilskud, regler, samarbejde, kommunikation, strategiplaner, uddannelse og afdelingsarkiv.<\/p>\n<p>P\u00e5 hvert m\u00f8de vil der naturligvis ogs\u00e5 v\u00e6re mulighed for, at stille sp\u00f8rgsm\u00e5l.<\/p>\n<p>Der bliver afholdt 4 m\u00f8der om \u00e5ret. Det er den sidste torsdag, i den anden m\u00e5ned i hvert kvartal kl. 18.30-20.00. Se de aktuelle datoer og find link til m\u00f8derne nederst p\u00e5 siden.<\/p>\n<p>&nbsp;<\/p>\n<h2>Fast dagsorden<\/h2>\n<p>Vi har valgt at holde samme struktur som i vores nyhedsbrev. Derfor har vi en fast dagorden p\u00e5 m\u00f8derne:<\/p>\n<ol>\n<li><strong>Generel info<\/strong><\/li>\n<li><strong>Vores DUI og afdelingsinfo<\/strong><\/li>\n<li><strong>Kommunikation og Marketing<\/strong><\/li>\n<li><strong>Event og aktiviteter<\/strong><\/li>\n<li><strong>Projekter og Fondsans\u00f8gninger <\/strong><\/li>\n<li><strong>Nyt fra HB<\/strong><\/li>\n<li><strong>Nyt fra afdelingerne <\/strong>(Her er afdelingerne meget velkommen til at fort\u00e6lle om nye aktiviteter, indbyde til samarbejde eller andet de \u00f8nsker at dele.)<\/li>\n<\/ol>\n<p>&nbsp;<\/p>\n<h2><strong>N\u00e6ste to m\u00f8dedatoer<\/strong><\/h2>\n<h3>Torsdag den 28. maj 2026 kl. 18.30-20.00<\/h3>\n<p><a href=\"https:\/\/teams.microsoft.com\/l\/meetup-join\/19%3ameeting_NmY4NTE0MjItYzg4YS00OTExLThlNmEtYWUzZDI4YTI2MDlm%40thread.v2\/0?context=%7b%22Tid%22%3a%22c0a58cf9-7762-43a4-af00-2cd6519d5162%22%2c%22Oid%22%3a%224a9e2acb-b6c5-4c49-8f1e-8c794a79d965%22%7d\"><strong>Deltag i m\u00f8det nu<\/strong><\/a><\/p>\n<p>M\u00f8de-id: 365 708 975 278 9 &#8211;\u00a0Adgangskode: pw97QY95<\/p>\n<p>&nbsp;<\/p>\n<h3>Torsdag den 27. august 2026 kl. 18.30-20.00<\/h3>\n<p><a href=\"https:\/\/teams.microsoft.com\/meet\/37143252923021?p=JuyjDZzpDNwHAyzvAq\"><strong>Deltag i m\u00f8det nu<\/strong><\/a><\/p>\n<p>M\u00f8de-id: 371 432 529 230 21 &#8211;\u00a0Adgangskode: vZ6dS9Cw<\/p>\n<p>&nbsp;<\/p>\n<h2><strong>Se tidligere m\u00f8der<\/strong><\/h2>\n<h3>Klik <a href=\"http:\/\/gofile.me\/48luZ\/cEu4MEMxt\">HER<\/a> og se m\u00f8det fra den 26. februar 2026<\/h3>\n<h3>Klik <a href=\"http:\/\/gofile.me\/48luZ\/Mh9Lvffhm\">HER<\/a> og se m\u00f8det fra den 27. november 2025<\/h3>\n<h3>Klik <a href=\"http:\/\/gofile.me\/48luZ\/laXYAuP0V\">HER<\/a> og se m\u00f8det fra den 28. august 2025<\/h3>\n<p>&nbsp;<\/p>\n","protected":false},"excerpt":{"rendered":"<p>Bestyrelsesnetv\u00e6rket er et forum for alle afdelingers bestyrelsesmedlemmer. Her vil vi runder relevante emner som f.eks. Vores DUI, der l\u00f8bende udvikler sig, arbejdsfordeling og ansvar i bestyrelsen, fundraising, afdelingsudvikling, synlighed, kommunalt tilskud, regler, samarbejde, kommunikation, strategiplaner, uddannelse og afdelingsarkiv. P\u00e5 hvert m\u00f8de vil der naturligvis ogs\u00e5 v\u00e6re mulighed for, at stille sp\u00f8rgsm\u00e5l. Der bliver afholdt [&hellip;]<\/p>\n","protected":false},"author":4,"featured_media":0,"parent":0,"menu_order":0,"comment_status":"closed","ping_status":"closed","template":"","meta":{"_acf_changed":false,"footnotes":""},"class_list":["post-1697","page","type-page","status-publish","hentry"],"acf":[],"yoast_head":"<!-- This site is optimized with the Yoast SEO plugin v27.1.1 - https:\/\/yoast.com\/product\/yoast-seo-wordpress\/ -->\n<title>Bestyrelsesnetv\u00e6rket -<\/title>\n<meta name=\"robots\" content=\"index, follow, max-snippet:-1, max-image-preview:large, max-video-preview:-1\" \/>\n<link rel=\"canonical\" href=\"https:\/\/www.dui.dk\/123\/bestyrelsesnetvaerket\/\" \/>\n<meta property=\"og:locale\" content=\"da_DK\" \/>\n<meta property=\"og:type\" content=\"article\" \/>\n<meta property=\"og:title\" content=\"Bestyrelsesnetv\u00e6rket -\" \/>\n<meta property=\"og:description\" content=\"Bestyrelsesnetv\u00e6rket er et forum for alle afdelingers bestyrelsesmedlemmer. Her vil vi runder relevante emner som f.eks. Vores DUI, der l\u00f8bende udvikler sig, arbejdsfordeling og ansvar i bestyrelsen, fundraising, afdelingsudvikling, synlighed, kommunalt tilskud, regler, samarbejde, kommunikation, strategiplaner, uddannelse og afdelingsarkiv. P\u00e5 hvert m\u00f8de vil der naturligvis ogs\u00e5 v\u00e6re mulighed for, at stille sp\u00f8rgsm\u00e5l. Der bliver afholdt [&hellip;]\" \/>\n<meta property=\"og:url\" content=\"https:\/\/www.dui.dk\/123\/bestyrelsesnetvaerket\/\" \/>\n<meta property=\"article:modified_time\" content=\"2026-03-02T11:20:50+00:00\" \/>\n<meta property=\"og:image\" content=\"https:\/\/www.dui.dk\/123\/wp-content\/uploads\/sites\/75\/2026\/03\/Maalgruppe-samarbejdspartnere-scaled.png\" \/>\n\t<meta property=\"og:image:width\" content=\"2560\" \/>\n\t<meta property=\"og:image:height\" content=\"1688\" \/>\n\t<meta property=\"og:image:type\" content=\"image\/png\" \/>\n<meta name=\"twitter:card\" content=\"summary_large_image\" \/>\n<meta name=\"twitter:label1\" content=\"Estimeret l\u00e6setid\" \/>\n\t<meta name=\"twitter:data1\" content=\"2 minutter\" \/>\n<script type=\"application\/ld+json\" class=\"yoast-schema-graph\">{\"@context\":\"https:\/\/schema.org\",\"@graph\":[{\"@type\":\"WebPage\",\"@id\":\"https:\/\/www.dui.dk\/123\/bestyrelsesnetvaerket\/\",\"url\":\"https:\/\/www.dui.dk\/123\/bestyrelsesnetvaerket\/\",\"name\":\"Bestyrelsesnetv\u00e6rket -\",\"isPartOf\":{\"@id\":\"https:\/\/www.dui.dk\/123\/#website\"},\"primaryImageOfPage\":{\"@id\":\"https:\/\/www.dui.dk\/123\/bestyrelsesnetvaerket\/#primaryimage\"},\"image\":{\"@id\":\"https:\/\/www.dui.dk\/123\/bestyrelsesnetvaerket\/#primaryimage\"},\"thumbnailUrl\":\"https:\/\/www.dui.dk\/123\/wp-content\/uploads\/sites\/75\/2026\/03\/Maalgruppe-samarbejdspartnere-300x198.png\",\"datePublished\":\"2025-05-12T12:57:08+00:00\",\"dateModified\":\"2026-03-02T11:20:50+00:00\",\"breadcrumb\":{\"@id\":\"https:\/\/www.dui.dk\/123\/bestyrelsesnetvaerket\/#breadcrumb\"},\"inLanguage\":\"da-DK\",\"potentialAction\":[{\"@type\":\"ReadAction\",\"target\":[\"https:\/\/www.dui.dk\/123\/bestyrelsesnetvaerket\/\"]}]},{\"@type\":\"ImageObject\",\"inLanguage\":\"da-DK\",\"@id\":\"https:\/\/www.dui.dk\/123\/bestyrelsesnetvaerket\/#primaryimage\",\"url\":\"https:\/\/www.dui.dk\/123\/wp-content\/uploads\/sites\/75\/2026\/03\/Maalgruppe-samarbejdspartnere-scaled.png\",\"contentUrl\":\"https:\/\/www.dui.dk\/123\/wp-content\/uploads\/sites\/75\/2026\/03\/Maalgruppe-samarbejdspartnere-scaled.png\",\"width\":2560,\"height\":1688},{\"@type\":\"BreadcrumbList\",\"@id\":\"https:\/\/www.dui.dk\/123\/bestyrelsesnetvaerket\/#breadcrumb\",\"itemListElement\":[{\"@type\":\"ListItem\",\"position\":1,\"name\":\"Hjem\",\"item\":\"https:\/\/www.dui.dk\/123\/\"},{\"@type\":\"ListItem\",\"position\":2,\"name\":\"Bestyrelsesnetv\u00e6rket\"}]},{\"@type\":\"WebSite\",\"@id\":\"https:\/\/www.dui.dk\/123\/#website\",\"url\":\"https:\/\/www.dui.dk\/123\/\",\"name\":\"\",\"description\":\"Endnu en DUI-LEG og VIRKE lokalafdelinger-side\",\"potentialAction\":[{\"@type\":\"SearchAction\",\"target\":{\"@type\":\"EntryPoint\",\"urlTemplate\":\"https:\/\/www.dui.dk\/123\/?s={search_term_string}\"},\"query-input\":{\"@type\":\"PropertyValueSpecification\",\"valueRequired\":true,\"valueName\":\"search_term_string\"}}],\"inLanguage\":\"da-DK\"}]}<\/script>\n<!-- \/ Yoast SEO plugin. -->","yoast_head_json":{"title":"Bestyrelsesnetv\u00e6rket -","robots":{"index":"index","follow":"follow","max-snippet":"max-snippet:-1","max-image-preview":"max-image-preview:large","max-video-preview":"max-video-preview:-1"},"canonical":"https:\/\/www.dui.dk\/123\/bestyrelsesnetvaerket\/","og_locale":"da_DK","og_type":"article","og_title":"Bestyrelsesnetv\u00e6rket -","og_description":"Bestyrelsesnetv\u00e6rket er et forum for alle afdelingers bestyrelsesmedlemmer. Her vil vi runder relevante emner som f.eks. Vores DUI, der l\u00f8bende udvikler sig, arbejdsfordeling og ansvar i bestyrelsen, fundraising, afdelingsudvikling, synlighed, kommunalt tilskud, regler, samarbejde, kommunikation, strategiplaner, uddannelse og afdelingsarkiv. P\u00e5 hvert m\u00f8de vil der naturligvis ogs\u00e5 v\u00e6re mulighed for, at stille sp\u00f8rgsm\u00e5l. Der bliver afholdt [&hellip;]","og_url":"https:\/\/www.dui.dk\/123\/bestyrelsesnetvaerket\/","article_modified_time":"2026-03-02T11:20:50+00:00","og_image":[{"width":2560,"height":1688,"url":"https:\/\/www.dui.dk\/123\/wp-content\/uploads\/sites\/75\/2026\/03\/Maalgruppe-samarbejdspartnere-scaled.png","type":"image\/png"}],"twitter_card":"summary_large_image","twitter_misc":{"Estimeret l\u00e6setid":"2 minutter"},"schema":{"@context":"https:\/\/schema.org","@graph":[{"@type":"WebPage","@id":"https:\/\/www.dui.dk\/123\/bestyrelsesnetvaerket\/","url":"https:\/\/www.dui.dk\/123\/bestyrelsesnetvaerket\/","name":"Bestyrelsesnetv\u00e6rket -","isPartOf":{"@id":"https:\/\/www.dui.dk\/123\/#website"},"primaryImageOfPage":{"@id":"https:\/\/www.dui.dk\/123\/bestyrelsesnetvaerket\/#primaryimage"},"image":{"@id":"https:\/\/www.dui.dk\/123\/bestyrelsesnetvaerket\/#primaryimage"},"thumbnailUrl":"https:\/\/www.dui.dk\/123\/wp-content\/uploads\/sites\/75\/2026\/03\/Maalgruppe-samarbejdspartnere-300x198.png","datePublished":"2025-05-12T12:57:08+00:00","dateModified":"2026-03-02T11:20:50+00:00","breadcrumb":{"@id":"https:\/\/www.dui.dk\/123\/bestyrelsesnetvaerket\/#breadcrumb"},"inLanguage":"da-DK","potentialAction":[{"@type":"ReadAction","target":["https:\/\/www.dui.dk\/123\/bestyrelsesnetvaerket\/"]}]},{"@type":"ImageObject","inLanguage":"da-DK","@id":"https:\/\/www.dui.dk\/123\/bestyrelsesnetvaerket\/#primaryimage","url":"https:\/\/www.dui.dk\/123\/wp-content\/uploads\/sites\/75\/2026\/03\/Maalgruppe-samarbejdspartnere-scaled.png","contentUrl":"https:\/\/www.dui.dk\/123\/wp-content\/uploads\/sites\/75\/2026\/03\/Maalgruppe-samarbejdspartnere-scaled.png","width":2560,"height":1688},{"@type":"BreadcrumbList","@id":"https:\/\/www.dui.dk\/123\/bestyrelsesnetvaerket\/#breadcrumb","itemListElement":[{"@type":"ListItem","position":1,"name":"Hjem","item":"https:\/\/www.dui.dk\/123\/"},{"@type":"ListItem","position":2,"name":"Bestyrelsesnetv\u00e6rket"}]},{"@type":"WebSite","@id":"https:\/\/www.dui.dk\/123\/#website","url":"https:\/\/www.dui.dk\/123\/","name":"","description":"Endnu en DUI-LEG og VIRKE lokalafdelinger-side","potentialAction":[{"@type":"SearchAction","target":{"@type":"EntryPoint","urlTemplate":"https:\/\/www.dui.dk\/123\/?s={search_term_string}"},"query-input":{"@type":"PropertyValueSpecification","valueRequired":true,"valueName":"search_term_string"}}],"inLanguage":"da-DK"}]}},"_links":{"self":[{"href":"https:\/\/www.dui.dk\/123\/wp-json\/wp\/v2\/pages\/1697","targetHints":{"allow":["GET"]}}],"collection":[{"href":"https:\/\/www.dui.dk\/123\/wp-json\/wp\/v2\/pages"}],"about":[{"href":"https:\/\/www.dui.dk\/123\/wp-json\/wp\/v2\/types\/page"}],"author":[{"embeddable":true,"href":"https:\/\/www.dui.dk\/123\/wp-json\/wp\/v2\/users\/4"}],"replies":[{"embeddable":true,"href":"https:\/\/www.dui.dk\/123\/wp-json\/wp\/v2\/comments?post=1697"}],"version-history":[{"count":4,"href":"https:\/\/www.dui.dk\/123\/wp-json\/wp\/v2\/pages\/1697\/revisions"}],"predecessor-version":[{"id":1746,"href":"https:\/\/www.dui.dk\/123\/wp-json\/wp\/v2\/pages\/1697\/revisions\/1746"}],"wp:attachment":[{"href":"https:\/\/www.dui.dk\/123\/wp-json\/wp\/v2\/media?parent=1697"}],"curies":[{"name":"wp","href":"https:\/\/api.w.org\/{rel}","templated":true}]}}