{"id":1687,"date":"2024-12-20T12:20:54","date_gmt":"2024-12-20T12:20:54","guid":{"rendered":"https:\/\/www.dui.dk\/123\/?page_id=1687"},"modified":"2024-12-20T12:20:54","modified_gmt":"2024-12-20T12:20:54","slug":"opdateringer","status":"publish","type":"page","link":"https:\/\/www.dui.dk\/123\/nyt-medlemssystem\/opdateringer\/","title":{"rendered":"Opdateringer"},"content":{"rendered":"<p>P\u00e5 denne side kan I se de nyeste opdatering til medlems systemet, som fremover opdateres en gang om m\u00e5neden med nye funktioner og forbedringer. Opdateringerne kommer typisk i slutningen af m\u00e5neden, s\u00e5 hold \u00f8je med kommende nyheder p\u00e5 siden her.<strong>\u00a0<\/strong><\/p>\n<p><strong>December 2024 opdatering:<\/strong><br \/>\nDet er nu muligt at lave eksport (lister) med f\u00f8lgende:<\/p>\n<ul>\n<li>Udmeldte medlemmer<\/li>\n<li>Relationer<\/li>\n<li>Alder<\/li>\n<\/ul>\n<p>Under menuen <strong>&#8220;Betalinger&#8221;<\/strong> kan I ogs\u00e5 eksportere en betalingsstr\u00f8m for en given periode. P\u00e5 mandag udvider vi denne funktion, s\u00e5 den medtager flere betalingsstatusser udover &#8220;Betalt&#8221; og &#8220;Godkendt af administrator&#8221;. Denne funktion skal bruges af afdelingerne til at tr\u00e6kke de lister, der er n\u00f8dvendige for at udarbejde medlemsopg\u00f8relserne til kommunerne i forbindelse med tilskud.<\/p>\n<p>&nbsp;<\/p>\n<p><strong>Januar 2025 opdatering:<\/strong><\/p>\n<ul>\n<li>Nye aktivitetstyper (app-opdatering i starten af januar)<\/li>\n<li>Kommentarspor under beskeder (app-opdatering i starten af januar)<\/li>\n<li>F\u00e6lleskalender med tilmeldingslink<\/li>\n<li>Integration til regnskabsprogram<\/li>\n<\/ul>\n<p>&nbsp;<\/p>\n<p><strong>Fremtidige opdateringer:<\/strong><br \/>\nVi forventer, at f\u00f8lgende funktioner er klar i de kommende m\u00e5neder:<\/p>\n<ul>\n<li><strong>Februar 2025:<\/strong> DUF-modulet<\/li>\n<li><strong>Marts 2025:<\/strong> Bestyrelsesmodul, udvidede roller og rettigheder, samt l\u00f8sninger til b\u00f8rneattester og landsforbundet<\/li>\n<li><strong>April 2025:<\/strong> Dashboard med realtidsdata (DUF-modul til afdelinger)<\/li>\n<\/ul>\n<p>Bem\u00e6rk, at dette er planen, men der kan ske \u00e6ndringer undervejs. Vi holder jer opdateret, hvis der sker forskydninger eller justeringer i tidsplanen.<\/p>\n<p>Har I sp\u00f8rgsm\u00e5l eller opdager fejl, s\u00e5 h\u00f8rer vi gerne fra jer. Mellem jul og nyt\u00e5r kan vi ogs\u00e5 lave rettelser til de eksisterende lister.\u201d<\/p>\n","protected":false},"excerpt":{"rendered":"<p>P\u00e5 denne side kan I se de nyeste opdatering til medlems systemet, som fremover opdateres en gang om m\u00e5neden med nye funktioner og forbedringer. Opdateringerne kommer typisk i slutningen af m\u00e5neden, s\u00e5 hold \u00f8je med kommende nyheder p\u00e5 siden her.\u00a0 December 2024 opdatering: Det er nu muligt at lave eksport (lister) med f\u00f8lgende: Udmeldte medlemmer [&hellip;]<\/p>\n","protected":false},"author":119,"featured_media":0,"parent":1140,"menu_order":0,"comment_status":"closed","ping_status":"closed","template":"","meta":{"_acf_changed":false,"footnotes":""},"class_list":["post-1687","page","type-page","status-publish","hentry"],"acf":[],"yoast_head":"<!-- This site is optimized with the Yoast SEO plugin v27.1.1 - https:\/\/yoast.com\/product\/yoast-seo-wordpress\/ -->\n<title>Opdateringer -<\/title>\n<meta name=\"robots\" content=\"index, follow, max-snippet:-1, max-image-preview:large, max-video-preview:-1\" \/>\n<link rel=\"canonical\" href=\"https:\/\/www.dui.dk\/123\/nyt-medlemssystem\/opdateringer\/\" \/>\n<meta property=\"og:locale\" content=\"da_DK\" \/>\n<meta property=\"og:type\" content=\"article\" \/>\n<meta property=\"og:title\" content=\"Opdateringer -\" \/>\n<meta property=\"og:description\" content=\"P\u00e5 denne side kan I se de nyeste opdatering til medlems systemet, som fremover opdateres en gang om m\u00e5neden med nye funktioner og forbedringer. Opdateringerne kommer typisk i slutningen af m\u00e5neden, s\u00e5 hold \u00f8je med kommende nyheder p\u00e5 siden her.\u00a0 December 2024 opdatering: Det er nu muligt at lave eksport (lister) med f\u00f8lgende: Udmeldte medlemmer [&hellip;]\" \/>\n<meta property=\"og:url\" content=\"https:\/\/www.dui.dk\/123\/nyt-medlemssystem\/opdateringer\/\" \/>\n<meta name=\"twitter:card\" content=\"summary_large_image\" \/>\n<meta name=\"twitter:label1\" content=\"Estimeret l\u00e6setid\" \/>\n\t<meta name=\"twitter:data1\" content=\"2 minutter\" \/>\n<script type=\"application\/ld+json\" class=\"yoast-schema-graph\">{\"@context\":\"https:\/\/schema.org\",\"@graph\":[{\"@type\":\"WebPage\",\"@id\":\"https:\/\/www.dui.dk\/123\/nyt-medlemssystem\/opdateringer\/\",\"url\":\"https:\/\/www.dui.dk\/123\/nyt-medlemssystem\/opdateringer\/\",\"name\":\"Opdateringer -\",\"isPartOf\":{\"@id\":\"https:\/\/www.dui.dk\/123\/#website\"},\"datePublished\":\"2024-12-20T12:20:54+00:00\",\"breadcrumb\":{\"@id\":\"https:\/\/www.dui.dk\/123\/nyt-medlemssystem\/opdateringer\/#breadcrumb\"},\"inLanguage\":\"da-DK\",\"potentialAction\":[{\"@type\":\"ReadAction\",\"target\":[\"https:\/\/www.dui.dk\/123\/nyt-medlemssystem\/opdateringer\/\"]}]},{\"@type\":\"BreadcrumbList\",\"@id\":\"https:\/\/www.dui.dk\/123\/nyt-medlemssystem\/opdateringer\/#breadcrumb\",\"itemListElement\":[{\"@type\":\"ListItem\",\"position\":1,\"name\":\"Hjem\",\"item\":\"https:\/\/www.dui.dk\/123\/\"},{\"@type\":\"ListItem\",\"position\":2,\"name\":\"Vores DUI\",\"item\":\"https:\/\/www.dui.dk\/123\/nyt-medlemssystem\/\"},{\"@type\":\"ListItem\",\"position\":3,\"name\":\"Opdateringer\"}]},{\"@type\":\"WebSite\",\"@id\":\"https:\/\/www.dui.dk\/123\/#website\",\"url\":\"https:\/\/www.dui.dk\/123\/\",\"name\":\"\",\"description\":\"Endnu en DUI-LEG og VIRKE lokalafdelinger-side\",\"potentialAction\":[{\"@type\":\"SearchAction\",\"target\":{\"@type\":\"EntryPoint\",\"urlTemplate\":\"https:\/\/www.dui.dk\/123\/?s={search_term_string}\"},\"query-input\":{\"@type\":\"PropertyValueSpecification\",\"valueRequired\":true,\"valueName\":\"search_term_string\"}}],\"inLanguage\":\"da-DK\"}]}<\/script>\n<!-- \/ Yoast SEO plugin. -->","yoast_head_json":{"title":"Opdateringer -","robots":{"index":"index","follow":"follow","max-snippet":"max-snippet:-1","max-image-preview":"max-image-preview:large","max-video-preview":"max-video-preview:-1"},"canonical":"https:\/\/www.dui.dk\/123\/nyt-medlemssystem\/opdateringer\/","og_locale":"da_DK","og_type":"article","og_title":"Opdateringer -","og_description":"P\u00e5 denne side kan I se de nyeste opdatering til medlems systemet, som fremover opdateres en gang om m\u00e5neden med nye funktioner og forbedringer. Opdateringerne kommer typisk i slutningen af m\u00e5neden, s\u00e5 hold \u00f8je med kommende nyheder p\u00e5 siden her.\u00a0 December 2024 opdatering: Det er nu muligt at lave eksport (lister) med f\u00f8lgende: Udmeldte medlemmer [&hellip;]","og_url":"https:\/\/www.dui.dk\/123\/nyt-medlemssystem\/opdateringer\/","twitter_card":"summary_large_image","twitter_misc":{"Estimeret l\u00e6setid":"2 minutter"},"schema":{"@context":"https:\/\/schema.org","@graph":[{"@type":"WebPage","@id":"https:\/\/www.dui.dk\/123\/nyt-medlemssystem\/opdateringer\/","url":"https:\/\/www.dui.dk\/123\/nyt-medlemssystem\/opdateringer\/","name":"Opdateringer -","isPartOf":{"@id":"https:\/\/www.dui.dk\/123\/#website"},"datePublished":"2024-12-20T12:20:54+00:00","breadcrumb":{"@id":"https:\/\/www.dui.dk\/123\/nyt-medlemssystem\/opdateringer\/#breadcrumb"},"inLanguage":"da-DK","potentialAction":[{"@type":"ReadAction","target":["https:\/\/www.dui.dk\/123\/nyt-medlemssystem\/opdateringer\/"]}]},{"@type":"BreadcrumbList","@id":"https:\/\/www.dui.dk\/123\/nyt-medlemssystem\/opdateringer\/#breadcrumb","itemListElement":[{"@type":"ListItem","position":1,"name":"Hjem","item":"https:\/\/www.dui.dk\/123\/"},{"@type":"ListItem","position":2,"name":"Vores DUI","item":"https:\/\/www.dui.dk\/123\/nyt-medlemssystem\/"},{"@type":"ListItem","position":3,"name":"Opdateringer"}]},{"@type":"WebSite","@id":"https:\/\/www.dui.dk\/123\/#website","url":"https:\/\/www.dui.dk\/123\/","name":"","description":"Endnu en DUI-LEG og VIRKE lokalafdelinger-side","potentialAction":[{"@type":"SearchAction","target":{"@type":"EntryPoint","urlTemplate":"https:\/\/www.dui.dk\/123\/?s={search_term_string}"},"query-input":{"@type":"PropertyValueSpecification","valueRequired":true,"valueName":"search_term_string"}}],"inLanguage":"da-DK"}]}},"_links":{"self":[{"href":"https:\/\/www.dui.dk\/123\/wp-json\/wp\/v2\/pages\/1687","targetHints":{"allow":["GET"]}}],"collection":[{"href":"https:\/\/www.dui.dk\/123\/wp-json\/wp\/v2\/pages"}],"about":[{"href":"https:\/\/www.dui.dk\/123\/wp-json\/wp\/v2\/types\/page"}],"author":[{"embeddable":true,"href":"https:\/\/www.dui.dk\/123\/wp-json\/wp\/v2\/users\/119"}],"replies":[{"embeddable":true,"href":"https:\/\/www.dui.dk\/123\/wp-json\/wp\/v2\/comments?post=1687"}],"version-history":[{"count":1,"href":"https:\/\/www.dui.dk\/123\/wp-json\/wp\/v2\/pages\/1687\/revisions"}],"predecessor-version":[{"id":1688,"href":"https:\/\/www.dui.dk\/123\/wp-json\/wp\/v2\/pages\/1687\/revisions\/1688"}],"up":[{"embeddable":true,"href":"https:\/\/www.dui.dk\/123\/wp-json\/wp\/v2\/pages\/1140"}],"wp:attachment":[{"href":"https:\/\/www.dui.dk\/123\/wp-json\/wp\/v2\/media?parent=1687"}],"curies":[{"name":"wp","href":"https:\/\/api.w.org\/{rel}","templated":true}]}}