{"id":1677,"date":"2024-12-17T13:42:25","date_gmt":"2024-12-17T13:42:25","guid":{"rendered":"https:\/\/www.dui.dk\/123\/?page_id=1677"},"modified":"2024-12-17T13:42:25","modified_gmt":"2024-12-17T13:42:25","slug":"oplev-og-fortael","status":"publish","type":"page","link":"https:\/\/www.dui.dk\/123\/aktivitetsbeskrivelser\/oplev-og-fortael\/","title":{"rendered":"Oplev og Fort\u00e6l"},"content":{"rendered":"<p><img loading=\"lazy\" decoding=\"async\" class=\"wp-image-1650 alignright\" src=\"https:\/\/www.dui.dk\/123\/wp-content\/uploads\/sites\/75\/2024\/12\/Brik-Oplev-og-fortael.svg\" alt=\"\" width=\"188\" height=\"162\" \/>Under DUI programmet \u201cOplev og Fort\u00e6l\u201d, l\u00e6gges der i aktiviteterne v\u00e6gt p\u00e5 kreativ formidling fra barn til barn. Dette kan inkludere aktiviteter som sang, dans, optr\u00e6dener osv. hvor b\u00f8rn optr\u00e6der for andre b\u00f8rn og inviterer til, at de ogs\u00e5 deltager.<\/p>\n<p>Se aktivitetsbeskrivelser herunder:<\/p>\n<ul>\n<li><a href=\"https:\/\/www.dui.dk\/123\/wp-content\/uploads\/sites\/75\/2024\/12\/Aktivitetsbeskrivelse-DUI-Nisser.pdf\">DUI-Nisser<\/a><\/li>\n<\/ul>\n","protected":false},"excerpt":{"rendered":"<p>Under DUI programmet \u201cOplev og Fort\u00e6l\u201d, l\u00e6gges der i aktiviteterne v\u00e6gt p\u00e5 kreativ formidling fra barn til barn. Dette kan inkludere aktiviteter som sang, dans, optr\u00e6dener osv. hvor b\u00f8rn optr\u00e6der for andre b\u00f8rn og inviterer til, at de ogs\u00e5 deltager. Se aktivitetsbeskrivelser herunder: DUI-Nisser<\/p>\n","protected":false},"author":119,"featured_media":0,"parent":71,"menu_order":0,"comment_status":"closed","ping_status":"closed","template":"","meta":{"_acf_changed":false,"footnotes":""},"class_list":["post-1677","page","type-page","status-publish","hentry"],"acf":[],"yoast_head":"<!-- This site is optimized with the Yoast SEO plugin v27.1.1 - https:\/\/yoast.com\/product\/yoast-seo-wordpress\/ -->\n<title>Oplev og Fort\u00e6l -<\/title>\n<meta name=\"robots\" content=\"index, follow, max-snippet:-1, max-image-preview:large, max-video-preview:-1\" \/>\n<link rel=\"canonical\" href=\"https:\/\/www.dui.dk\/123\/aktivitetsbeskrivelser\/oplev-og-fortael\/\" \/>\n<meta property=\"og:locale\" content=\"da_DK\" \/>\n<meta property=\"og:type\" content=\"article\" \/>\n<meta property=\"og:title\" content=\"Oplev og Fort\u00e6l -\" \/>\n<meta property=\"og:description\" content=\"Under DUI programmet \u201cOplev og Fort\u00e6l\u201d, l\u00e6gges der i aktiviteterne v\u00e6gt p\u00e5 kreativ formidling fra barn til barn. Dette kan inkludere aktiviteter som sang, dans, optr\u00e6dener osv. hvor b\u00f8rn optr\u00e6der for andre b\u00f8rn og inviterer til, at de ogs\u00e5 deltager. Se aktivitetsbeskrivelser herunder: DUI-Nisser\" \/>\n<meta property=\"og:url\" content=\"https:\/\/www.dui.dk\/123\/aktivitetsbeskrivelser\/oplev-og-fortael\/\" \/>\n<meta property=\"og:image\" content=\"https:\/\/www.dui.dk\/123\/wp-content\/uploads\/sites\/75\/2024\/12\/Brik-Oplev-og-fortael.svg\" \/>\n<meta name=\"twitter:card\" content=\"summary_large_image\" \/>\n<meta name=\"twitter:label1\" content=\"Estimeret l\u00e6setid\" \/>\n\t<meta name=\"twitter:data1\" content=\"1 minut\" \/>\n<script type=\"application\/ld+json\" class=\"yoast-schema-graph\">{\"@context\":\"https:\/\/schema.org\",\"@graph\":[{\"@type\":\"WebPage\",\"@id\":\"https:\/\/www.dui.dk\/123\/aktivitetsbeskrivelser\/oplev-og-fortael\/\",\"url\":\"https:\/\/www.dui.dk\/123\/aktivitetsbeskrivelser\/oplev-og-fortael\/\",\"name\":\"Oplev og Fort\u00e6l -\",\"isPartOf\":{\"@id\":\"https:\/\/www.dui.dk\/123\/#website\"},\"primaryImageOfPage\":{\"@id\":\"https:\/\/www.dui.dk\/123\/aktivitetsbeskrivelser\/oplev-og-fortael\/#primaryimage\"},\"image\":{\"@id\":\"https:\/\/www.dui.dk\/123\/aktivitetsbeskrivelser\/oplev-og-fortael\/#primaryimage\"},\"thumbnailUrl\":\"https:\/\/www.dui.dk\/123\/wp-content\/uploads\/sites\/75\/2024\/12\/Brik-Oplev-og-fortael.svg\",\"datePublished\":\"2024-12-17T13:42:25+00:00\",\"breadcrumb\":{\"@id\":\"https:\/\/www.dui.dk\/123\/aktivitetsbeskrivelser\/oplev-og-fortael\/#breadcrumb\"},\"inLanguage\":\"da-DK\",\"potentialAction\":[{\"@type\":\"ReadAction\",\"target\":[\"https:\/\/www.dui.dk\/123\/aktivitetsbeskrivelser\/oplev-og-fortael\/\"]}]},{\"@type\":\"ImageObject\",\"inLanguage\":\"da-DK\",\"@id\":\"https:\/\/www.dui.dk\/123\/aktivitetsbeskrivelser\/oplev-og-fortael\/#primaryimage\",\"url\":\"https:\/\/www.dui.dk\/123\/wp-content\/uploads\/sites\/75\/2024\/12\/Brik-Oplev-og-fortael.svg\",\"contentUrl\":\"https:\/\/www.dui.dk\/123\/wp-content\/uploads\/sites\/75\/2024\/12\/Brik-Oplev-og-fortael.svg\"},{\"@type\":\"BreadcrumbList\",\"@id\":\"https:\/\/www.dui.dk\/123\/aktivitetsbeskrivelser\/oplev-og-fortael\/#breadcrumb\",\"itemListElement\":[{\"@type\":\"ListItem\",\"position\":1,\"name\":\"Hjem\",\"item\":\"https:\/\/www.dui.dk\/123\/\"},{\"@type\":\"ListItem\",\"position\":2,\"name\":\"Aktivitetsbeskrivelser\",\"item\":\"https:\/\/www.dui.dk\/123\/aktivitetsbeskrivelser\/\"},{\"@type\":\"ListItem\",\"position\":3,\"name\":\"Oplev og Fort\u00e6l\"}]},{\"@type\":\"WebSite\",\"@id\":\"https:\/\/www.dui.dk\/123\/#website\",\"url\":\"https:\/\/www.dui.dk\/123\/\",\"name\":\"\",\"description\":\"Endnu en DUI-LEG og VIRKE lokalafdelinger-side\",\"potentialAction\":[{\"@type\":\"SearchAction\",\"target\":{\"@type\":\"EntryPoint\",\"urlTemplate\":\"https:\/\/www.dui.dk\/123\/?s={search_term_string}\"},\"query-input\":{\"@type\":\"PropertyValueSpecification\",\"valueRequired\":true,\"valueName\":\"search_term_string\"}}],\"inLanguage\":\"da-DK\"}]}<\/script>\n<!-- \/ Yoast SEO plugin. -->","yoast_head_json":{"title":"Oplev og Fort\u00e6l -","robots":{"index":"index","follow":"follow","max-snippet":"max-snippet:-1","max-image-preview":"max-image-preview:large","max-video-preview":"max-video-preview:-1"},"canonical":"https:\/\/www.dui.dk\/123\/aktivitetsbeskrivelser\/oplev-og-fortael\/","og_locale":"da_DK","og_type":"article","og_title":"Oplev og Fort\u00e6l -","og_description":"Under DUI programmet \u201cOplev og Fort\u00e6l\u201d, l\u00e6gges der i aktiviteterne v\u00e6gt p\u00e5 kreativ formidling fra barn til barn. Dette kan inkludere aktiviteter som sang, dans, optr\u00e6dener osv. hvor b\u00f8rn optr\u00e6der for andre b\u00f8rn og inviterer til, at de ogs\u00e5 deltager. Se aktivitetsbeskrivelser herunder: DUI-Nisser","og_url":"https:\/\/www.dui.dk\/123\/aktivitetsbeskrivelser\/oplev-og-fortael\/","og_image":[{"url":"https:\/\/www.dui.dk\/123\/wp-content\/uploads\/sites\/75\/2024\/12\/Brik-Oplev-og-fortael.svg","type":"","width":"","height":""}],"twitter_card":"summary_large_image","twitter_misc":{"Estimeret l\u00e6setid":"1 minut"},"schema":{"@context":"https:\/\/schema.org","@graph":[{"@type":"WebPage","@id":"https:\/\/www.dui.dk\/123\/aktivitetsbeskrivelser\/oplev-og-fortael\/","url":"https:\/\/www.dui.dk\/123\/aktivitetsbeskrivelser\/oplev-og-fortael\/","name":"Oplev og Fort\u00e6l -","isPartOf":{"@id":"https:\/\/www.dui.dk\/123\/#website"},"primaryImageOfPage":{"@id":"https:\/\/www.dui.dk\/123\/aktivitetsbeskrivelser\/oplev-og-fortael\/#primaryimage"},"image":{"@id":"https:\/\/www.dui.dk\/123\/aktivitetsbeskrivelser\/oplev-og-fortael\/#primaryimage"},"thumbnailUrl":"https:\/\/www.dui.dk\/123\/wp-content\/uploads\/sites\/75\/2024\/12\/Brik-Oplev-og-fortael.svg","datePublished":"2024-12-17T13:42:25+00:00","breadcrumb":{"@id":"https:\/\/www.dui.dk\/123\/aktivitetsbeskrivelser\/oplev-og-fortael\/#breadcrumb"},"inLanguage":"da-DK","potentialAction":[{"@type":"ReadAction","target":["https:\/\/www.dui.dk\/123\/aktivitetsbeskrivelser\/oplev-og-fortael\/"]}]},{"@type":"ImageObject","inLanguage":"da-DK","@id":"https:\/\/www.dui.dk\/123\/aktivitetsbeskrivelser\/oplev-og-fortael\/#primaryimage","url":"https:\/\/www.dui.dk\/123\/wp-content\/uploads\/sites\/75\/2024\/12\/Brik-Oplev-og-fortael.svg","contentUrl":"https:\/\/www.dui.dk\/123\/wp-content\/uploads\/sites\/75\/2024\/12\/Brik-Oplev-og-fortael.svg"},{"@type":"BreadcrumbList","@id":"https:\/\/www.dui.dk\/123\/aktivitetsbeskrivelser\/oplev-og-fortael\/#breadcrumb","itemListElement":[{"@type":"ListItem","position":1,"name":"Hjem","item":"https:\/\/www.dui.dk\/123\/"},{"@type":"ListItem","position":2,"name":"Aktivitetsbeskrivelser","item":"https:\/\/www.dui.dk\/123\/aktivitetsbeskrivelser\/"},{"@type":"ListItem","position":3,"name":"Oplev og Fort\u00e6l"}]},{"@type":"WebSite","@id":"https:\/\/www.dui.dk\/123\/#website","url":"https:\/\/www.dui.dk\/123\/","name":"","description":"Endnu en DUI-LEG og VIRKE lokalafdelinger-side","potentialAction":[{"@type":"SearchAction","target":{"@type":"EntryPoint","urlTemplate":"https:\/\/www.dui.dk\/123\/?s={search_term_string}"},"query-input":{"@type":"PropertyValueSpecification","valueRequired":true,"valueName":"search_term_string"}}],"inLanguage":"da-DK"}]}},"_links":{"self":[{"href":"https:\/\/www.dui.dk\/123\/wp-json\/wp\/v2\/pages\/1677","targetHints":{"allow":["GET"]}}],"collection":[{"href":"https:\/\/www.dui.dk\/123\/wp-json\/wp\/v2\/pages"}],"about":[{"href":"https:\/\/www.dui.dk\/123\/wp-json\/wp\/v2\/types\/page"}],"author":[{"embeddable":true,"href":"https:\/\/www.dui.dk\/123\/wp-json\/wp\/v2\/users\/119"}],"replies":[{"embeddable":true,"href":"https:\/\/www.dui.dk\/123\/wp-json\/wp\/v2\/comments?post=1677"}],"version-history":[{"count":1,"href":"https:\/\/www.dui.dk\/123\/wp-json\/wp\/v2\/pages\/1677\/revisions"}],"predecessor-version":[{"id":1678,"href":"https:\/\/www.dui.dk\/123\/wp-json\/wp\/v2\/pages\/1677\/revisions\/1678"}],"up":[{"embeddable":true,"href":"https:\/\/www.dui.dk\/123\/wp-json\/wp\/v2\/pages\/71"}],"wp:attachment":[{"href":"https:\/\/www.dui.dk\/123\/wp-json\/wp\/v2\/media?parent=1677"}],"curies":[{"name":"wp","href":"https:\/\/api.w.org\/{rel}","templated":true}]}}