{"id":1673,"date":"2024-12-17T13:36:22","date_gmt":"2024-12-17T13:36:22","guid":{"rendered":"https:\/\/www.dui.dk\/123\/?page_id=1673"},"modified":"2024-12-17T13:36:54","modified_gmt":"2024-12-17T13:36:54","slug":"se-proev-laer","status":"publish","type":"page","link":"https:\/\/www.dui.dk\/123\/aktivitetsbeskrivelser\/se-proev-laer\/","title":{"rendered":"Se, Pr\u00f8v, L\u00e6r"},"content":{"rendered":"<p><img loading=\"lazy\" decoding=\"async\" class=\"wp-image-1651 alignright\" src=\"https:\/\/www.dui.dk\/123\/wp-content\/uploads\/sites\/75\/2024\/12\/Brik-Se-Proev-Laer.svg\" alt=\"\" width=\"131\" height=\"169\" \/>Under DUI programmet \u201cSe, Pr\u00f8v, L\u00e6r\u201d, l\u00e6gges der i aktiviteterne v\u00e6gt p\u00e5 at introducerer de unge til basalepraktiske f\u00e6rdigheder, som man gennem livet f\u00e5r brug for adskillige gange. De f\u00e5r tid og hj\u00e6lp til at fors\u00f8ge sig med mange forskellige ting.<\/p>\n<p>Se aktivitetsbeskrivelser herunder:<\/p>\n<ul>\n<li><a href=\"https:\/\/www.dui.dk\/123\/wp-content\/uploads\/sites\/75\/2024\/12\/Aktivitetsbeskrivelse-How-to-Voksen.pdf\">How to Voksen<\/a><\/li>\n<\/ul>\n","protected":false},"excerpt":{"rendered":"<p>Under DUI programmet \u201cSe, Pr\u00f8v, L\u00e6r\u201d, l\u00e6gges der i aktiviteterne v\u00e6gt p\u00e5 at introducerer de unge til basalepraktiske f\u00e6rdigheder, som man gennem livet f\u00e5r brug for adskillige gange. De f\u00e5r tid og hj\u00e6lp til at fors\u00f8ge sig med mange forskellige ting. Se aktivitetsbeskrivelser herunder: How to Voksen<\/p>\n","protected":false},"author":119,"featured_media":0,"parent":71,"menu_order":0,"comment_status":"closed","ping_status":"closed","template":"","meta":{"_acf_changed":false,"footnotes":""},"class_list":["post-1673","page","type-page","status-publish","hentry"],"acf":[],"yoast_head":"<!-- This site is optimized with the Yoast SEO plugin v27.1.1 - https:\/\/yoast.com\/product\/yoast-seo-wordpress\/ -->\n<title>Se, Pr\u00f8v, L\u00e6r -<\/title>\n<meta name=\"robots\" content=\"index, follow, max-snippet:-1, max-image-preview:large, max-video-preview:-1\" \/>\n<link rel=\"canonical\" href=\"https:\/\/www.dui.dk\/123\/aktivitetsbeskrivelser\/se-proev-laer\/\" \/>\n<meta property=\"og:locale\" content=\"da_DK\" \/>\n<meta property=\"og:type\" content=\"article\" \/>\n<meta property=\"og:title\" content=\"Se, Pr\u00f8v, L\u00e6r -\" \/>\n<meta property=\"og:description\" content=\"Under DUI programmet \u201cSe, Pr\u00f8v, L\u00e6r\u201d, l\u00e6gges der i aktiviteterne v\u00e6gt p\u00e5 at introducerer de unge til basalepraktiske f\u00e6rdigheder, som man gennem livet f\u00e5r brug for adskillige gange. De f\u00e5r tid og hj\u00e6lp til at fors\u00f8ge sig med mange forskellige ting. Se aktivitetsbeskrivelser herunder: How to Voksen\" \/>\n<meta property=\"og:url\" content=\"https:\/\/www.dui.dk\/123\/aktivitetsbeskrivelser\/se-proev-laer\/\" \/>\n<meta property=\"article:modified_time\" content=\"2024-12-17T13:36:54+00:00\" \/>\n<meta property=\"og:image\" content=\"https:\/\/www.dui.dk\/123\/wp-content\/uploads\/sites\/75\/2024\/12\/Brik-Se-Proev-Laer.svg\" \/>\n<meta name=\"twitter:card\" content=\"summary_large_image\" \/>\n<meta name=\"twitter:label1\" content=\"Estimeret l\u00e6setid\" \/>\n\t<meta name=\"twitter:data1\" content=\"1 minut\" \/>\n<script type=\"application\/ld+json\" class=\"yoast-schema-graph\">{\"@context\":\"https:\/\/schema.org\",\"@graph\":[{\"@type\":\"WebPage\",\"@id\":\"https:\/\/www.dui.dk\/123\/aktivitetsbeskrivelser\/se-proev-laer\/\",\"url\":\"https:\/\/www.dui.dk\/123\/aktivitetsbeskrivelser\/se-proev-laer\/\",\"name\":\"Se, Pr\u00f8v, L\u00e6r -\",\"isPartOf\":{\"@id\":\"https:\/\/www.dui.dk\/123\/#website\"},\"primaryImageOfPage\":{\"@id\":\"https:\/\/www.dui.dk\/123\/aktivitetsbeskrivelser\/se-proev-laer\/#primaryimage\"},\"image\":{\"@id\":\"https:\/\/www.dui.dk\/123\/aktivitetsbeskrivelser\/se-proev-laer\/#primaryimage\"},\"thumbnailUrl\":\"https:\/\/www.dui.dk\/123\/wp-content\/uploads\/sites\/75\/2024\/12\/Brik-Se-Proev-Laer.svg\",\"datePublished\":\"2024-12-17T13:36:22+00:00\",\"dateModified\":\"2024-12-17T13:36:54+00:00\",\"breadcrumb\":{\"@id\":\"https:\/\/www.dui.dk\/123\/aktivitetsbeskrivelser\/se-proev-laer\/#breadcrumb\"},\"inLanguage\":\"da-DK\",\"potentialAction\":[{\"@type\":\"ReadAction\",\"target\":[\"https:\/\/www.dui.dk\/123\/aktivitetsbeskrivelser\/se-proev-laer\/\"]}]},{\"@type\":\"ImageObject\",\"inLanguage\":\"da-DK\",\"@id\":\"https:\/\/www.dui.dk\/123\/aktivitetsbeskrivelser\/se-proev-laer\/#primaryimage\",\"url\":\"https:\/\/www.dui.dk\/123\/wp-content\/uploads\/sites\/75\/2024\/12\/Brik-Se-Proev-Laer.svg\",\"contentUrl\":\"https:\/\/www.dui.dk\/123\/wp-content\/uploads\/sites\/75\/2024\/12\/Brik-Se-Proev-Laer.svg\"},{\"@type\":\"BreadcrumbList\",\"@id\":\"https:\/\/www.dui.dk\/123\/aktivitetsbeskrivelser\/se-proev-laer\/#breadcrumb\",\"itemListElement\":[{\"@type\":\"ListItem\",\"position\":1,\"name\":\"Hjem\",\"item\":\"https:\/\/www.dui.dk\/123\/\"},{\"@type\":\"ListItem\",\"position\":2,\"name\":\"Aktivitetsbeskrivelser\",\"item\":\"https:\/\/www.dui.dk\/123\/aktivitetsbeskrivelser\/\"},{\"@type\":\"ListItem\",\"position\":3,\"name\":\"Se, Pr\u00f8v, L\u00e6r\"}]},{\"@type\":\"WebSite\",\"@id\":\"https:\/\/www.dui.dk\/123\/#website\",\"url\":\"https:\/\/www.dui.dk\/123\/\",\"name\":\"\",\"description\":\"Endnu en DUI-LEG og VIRKE lokalafdelinger-side\",\"potentialAction\":[{\"@type\":\"SearchAction\",\"target\":{\"@type\":\"EntryPoint\",\"urlTemplate\":\"https:\/\/www.dui.dk\/123\/?s={search_term_string}\"},\"query-input\":{\"@type\":\"PropertyValueSpecification\",\"valueRequired\":true,\"valueName\":\"search_term_string\"}}],\"inLanguage\":\"da-DK\"}]}<\/script>\n<!-- \/ Yoast SEO plugin. -->","yoast_head_json":{"title":"Se, Pr\u00f8v, L\u00e6r -","robots":{"index":"index","follow":"follow","max-snippet":"max-snippet:-1","max-image-preview":"max-image-preview:large","max-video-preview":"max-video-preview:-1"},"canonical":"https:\/\/www.dui.dk\/123\/aktivitetsbeskrivelser\/se-proev-laer\/","og_locale":"da_DK","og_type":"article","og_title":"Se, Pr\u00f8v, L\u00e6r -","og_description":"Under DUI programmet \u201cSe, Pr\u00f8v, L\u00e6r\u201d, l\u00e6gges der i aktiviteterne v\u00e6gt p\u00e5 at introducerer de unge til basalepraktiske f\u00e6rdigheder, som man gennem livet f\u00e5r brug for adskillige gange. De f\u00e5r tid og hj\u00e6lp til at fors\u00f8ge sig med mange forskellige ting. Se aktivitetsbeskrivelser herunder: How to Voksen","og_url":"https:\/\/www.dui.dk\/123\/aktivitetsbeskrivelser\/se-proev-laer\/","article_modified_time":"2024-12-17T13:36:54+00:00","og_image":[{"url":"https:\/\/www.dui.dk\/123\/wp-content\/uploads\/sites\/75\/2024\/12\/Brik-Se-Proev-Laer.svg","type":"","width":"","height":""}],"twitter_card":"summary_large_image","twitter_misc":{"Estimeret l\u00e6setid":"1 minut"},"schema":{"@context":"https:\/\/schema.org","@graph":[{"@type":"WebPage","@id":"https:\/\/www.dui.dk\/123\/aktivitetsbeskrivelser\/se-proev-laer\/","url":"https:\/\/www.dui.dk\/123\/aktivitetsbeskrivelser\/se-proev-laer\/","name":"Se, Pr\u00f8v, L\u00e6r -","isPartOf":{"@id":"https:\/\/www.dui.dk\/123\/#website"},"primaryImageOfPage":{"@id":"https:\/\/www.dui.dk\/123\/aktivitetsbeskrivelser\/se-proev-laer\/#primaryimage"},"image":{"@id":"https:\/\/www.dui.dk\/123\/aktivitetsbeskrivelser\/se-proev-laer\/#primaryimage"},"thumbnailUrl":"https:\/\/www.dui.dk\/123\/wp-content\/uploads\/sites\/75\/2024\/12\/Brik-Se-Proev-Laer.svg","datePublished":"2024-12-17T13:36:22+00:00","dateModified":"2024-12-17T13:36:54+00:00","breadcrumb":{"@id":"https:\/\/www.dui.dk\/123\/aktivitetsbeskrivelser\/se-proev-laer\/#breadcrumb"},"inLanguage":"da-DK","potentialAction":[{"@type":"ReadAction","target":["https:\/\/www.dui.dk\/123\/aktivitetsbeskrivelser\/se-proev-laer\/"]}]},{"@type":"ImageObject","inLanguage":"da-DK","@id":"https:\/\/www.dui.dk\/123\/aktivitetsbeskrivelser\/se-proev-laer\/#primaryimage","url":"https:\/\/www.dui.dk\/123\/wp-content\/uploads\/sites\/75\/2024\/12\/Brik-Se-Proev-Laer.svg","contentUrl":"https:\/\/www.dui.dk\/123\/wp-content\/uploads\/sites\/75\/2024\/12\/Brik-Se-Proev-Laer.svg"},{"@type":"BreadcrumbList","@id":"https:\/\/www.dui.dk\/123\/aktivitetsbeskrivelser\/se-proev-laer\/#breadcrumb","itemListElement":[{"@type":"ListItem","position":1,"name":"Hjem","item":"https:\/\/www.dui.dk\/123\/"},{"@type":"ListItem","position":2,"name":"Aktivitetsbeskrivelser","item":"https:\/\/www.dui.dk\/123\/aktivitetsbeskrivelser\/"},{"@type":"ListItem","position":3,"name":"Se, Pr\u00f8v, L\u00e6r"}]},{"@type":"WebSite","@id":"https:\/\/www.dui.dk\/123\/#website","url":"https:\/\/www.dui.dk\/123\/","name":"","description":"Endnu en DUI-LEG og VIRKE lokalafdelinger-side","potentialAction":[{"@type":"SearchAction","target":{"@type":"EntryPoint","urlTemplate":"https:\/\/www.dui.dk\/123\/?s={search_term_string}"},"query-input":{"@type":"PropertyValueSpecification","valueRequired":true,"valueName":"search_term_string"}}],"inLanguage":"da-DK"}]}},"_links":{"self":[{"href":"https:\/\/www.dui.dk\/123\/wp-json\/wp\/v2\/pages\/1673","targetHints":{"allow":["GET"]}}],"collection":[{"href":"https:\/\/www.dui.dk\/123\/wp-json\/wp\/v2\/pages"}],"about":[{"href":"https:\/\/www.dui.dk\/123\/wp-json\/wp\/v2\/types\/page"}],"author":[{"embeddable":true,"href":"https:\/\/www.dui.dk\/123\/wp-json\/wp\/v2\/users\/119"}],"replies":[{"embeddable":true,"href":"https:\/\/www.dui.dk\/123\/wp-json\/wp\/v2\/comments?post=1673"}],"version-history":[{"count":2,"href":"https:\/\/www.dui.dk\/123\/wp-json\/wp\/v2\/pages\/1673\/revisions"}],"predecessor-version":[{"id":1675,"href":"https:\/\/www.dui.dk\/123\/wp-json\/wp\/v2\/pages\/1673\/revisions\/1675"}],"up":[{"embeddable":true,"href":"https:\/\/www.dui.dk\/123\/wp-json\/wp\/v2\/pages\/71"}],"wp:attachment":[{"href":"https:\/\/www.dui.dk\/123\/wp-json\/wp\/v2\/media?parent=1673"}],"curies":[{"name":"wp","href":"https:\/\/api.w.org\/{rel}","templated":true}]}}